{"id":116,"date":"2012-08-13T15:13:56","date_gmt":"2012-08-13T13:13:56","guid":{"rendered":"http:\/\/localhost\/wp\/?page_id=116"},"modified":"2025-10-09T17:32:56","modified_gmt":"2025-10-09T15:32:56","slug":"gemeinde-uckeritz","status":"publish","type":"page","link":"https:\/\/www.amtusedom.de\/?page_id=116","title":{"rendered":"Gemeinde \u00dcckeritz"},"content":{"rendered":"<p><a href=\"wp-content\/uploads\/2012\/08\/wappen-ueckeritz.png\"><img loading=\"lazy\" decoding=\"async\" class=\"alignright size-full wp-image-136\" title=\"Wappen \u00dcckeritz\" src=\"wp-content\/uploads\/2012\/08\/wappen-ueckeritz.png\" alt=\"Wappen-\u00dcckeritz\" width=\"130\" height=\"140\" \/><\/a>Die Gemeinde \u00dcckeritz, 1270 erstmals urkundlich erw\u00e4hnt, liegt inmitten der Insel Usedom, eingeschlossen zwischen Achterwasser und Ostsee. Seit dem Jahr 2006 pr\u00e4sentiert sich \u00dcckeritz zusammen mit seinen Nachbargemeinden Koserow, Loddin und Zempin unter dem Titel \u201eUsedomer Bernsteinb\u00e4der\u201c.\u00a0 Die Fl\u00e4che der Gemeinde \u00dcckeritz betr\u00e4gt 13,85 km\u00b2.<\/p>\n<p>Internet: \u00a0\u00a0 <a href=\"http:\/\/www.ueckeritz.de\" target=\"_blank\" rel=\"noopener noreferrer\">www.ueckeritz.de<\/a><\/p>\n<p>Einwohnerzahl (Stand 07\/2024):<br \/>\nGemeinde \u00dcckeritz insgesamt \u00a0 1062<\/p>\n<p>B\u00fcrgermeister der Gemeinde \u00dcckeritz ist Herr Marco Biedenweg.<br \/>\nSprechstunde: nach telefonischer Vereinbarung mit dem B\u00fcrgermeister, Tel. 0160\/95422190, Haus des Gastes, B\u00e4derstr. 5 in \u00dcckeritz<\/p>\n<p style=\"background: white; vertical-align: baseline; margin: 9.0pt 0cm 9.0pt 0cm;\"><span style=\"font-size: 11.5pt; font-family: 'Lato',sans-serif; color: #111111;\"><br \/>\n<a href=\"https:\/\/www.e-rechnung-bund.de\/faq\/leitweg-id\/\" target=\"_blank\" rel=\"noopener\">Leitweg-ID<\/a>: 13 0 75 135-K000-76<\/span><\/p>\n\n<table id=\"tablepress-153\" class=\"tablepress tablepress-id-153\">\n<thead>\n<tr class=\"row-1\">\n\t<th class=\"column-1\">Name<\/th><th class=\"column-2\">Position<\/th>\n<\/tr>\n<\/thead>\n<tbody class=\"row-striping row-hover\">\n<tr class=\"row-2\">\n\t<td class=\"column-1\">Herr Marco Biedenweg<\/td><td class=\"column-2\">B\u00fcrgermeister<\/td>\n<\/tr>\n<tr class=\"row-3\">\n\t<td class=\"column-1\">Frau Astrid Pantermehl<\/td><td class=\"column-2\">1. Stellvertreterin<\/td>\n<\/tr>\n<tr class=\"row-4\">\n\t<td class=\"column-1\">Herr Thomas Krause<\/td><td class=\"column-2\">2. Stellvertreter<\/td>\n<\/tr>\n<tr class=\"row-5\">\n\t<td class=\"column-1\">Herr Hartmut Wolf<\/td><td class=\"column-2\">Gemeindevertreter<\/td>\n<\/tr>\n<tr class=\"row-6\">\n\t<td class=\"column-1\">Herr Franz W\u00f6llner<\/td><td class=\"column-2\">Gemeindevertreter<\/td>\n<\/tr>\n<tr class=\"row-7\">\n\t<td class=\"column-1\">Herr Hans-Erwin Glanz<\/td><td class=\"column-2\">Gemeindevertreter<\/td>\n<\/tr>\n<tr class=\"row-8\">\n\t<td class=\"column-1\">Frau Anette Ehrhardt<\/td><td class=\"column-2\">Gemeindevertreterin<\/td>\n<\/tr>\n<tr class=\"row-9\">\n\t<td class=\"column-1\">Frau D\u00f6rte Hilsch<\/td><td class=\"column-2\">Gemeindevertreterin<\/td>\n<\/tr>\n<tr class=\"row-10\">\n\t<td class=\"column-1\">Herr Sebastian Brose<\/td><td class=\"column-2\"><\/td>\n<\/tr>\n<\/tbody>\n<\/table>\n<!-- #tablepress-153 from cache -->\n<p style=\"text-align: center;\"><strong>Gemeindevertretung \u00dcckeritz<\/strong><\/p>\n<div id=\"attachment_9311\" style=\"width: 2570px\" class=\"wp-caption aligncenter\"><a href=\"https:\/\/www.amtusedom.de\/wp-content\/uploads\/2024\/07\/Ueckeritz2024-scaled.jpg\" target=\"_blank\" rel=\"noopener\"><img loading=\"lazy\" decoding=\"async\" aria-describedby=\"caption-attachment-9311\" class=\"wp-image-9311 size-full\" src=\"https:\/\/www.amtusedom.de\/wp-content\/uploads\/2024\/07\/Ueckeritz2024-scaled.jpg\" alt=\"\" width=\"2560\" height=\"1920\" srcset=\"https:\/\/www.amtusedom.de\/wp-content\/uploads\/2024\/07\/Ueckeritz2024-scaled.jpg 2560w, https:\/\/www.amtusedom.de\/wp-content\/uploads\/2024\/07\/Ueckeritz2024-300x225.jpg 300w, https:\/\/www.amtusedom.de\/wp-content\/uploads\/2024\/07\/Ueckeritz2024-1024x768.jpg 1024w, https:\/\/www.amtusedom.de\/wp-content\/uploads\/2024\/07\/Ueckeritz2024-768x576.jpg 768w, https:\/\/www.amtusedom.de\/wp-content\/uploads\/2024\/07\/Ueckeritz2024-1536x1152.jpg 1536w, https:\/\/www.amtusedom.de\/wp-content\/uploads\/2024\/07\/Ueckeritz2024-2048x1536.jpg 2048w\" sizes=\"auto, (max-width: 2560px) 100vw, 2560px\" \/><\/a><p id=\"caption-attachment-9311\" class=\"wp-caption-text\">Bild v. l.n.r.: Hartmut Wolf, Thomas Krause, Marco Biedenweg, Sebastian Brose, D\u00f6rte Hilsch, Manuela R\u00e4sch, Anette Ehrhardt, J\u00f6rg Lewerenz, Astrid Pantermehl, Franz W\u00f6llner, Hans-Erwin Glanz<\/p><\/div>\n<p>&nbsp;<\/p>\n<p><strong>Zu den Sehensw\u00fcrdigkeiten:<\/strong><\/p>\n<p>Im Seebad \u00dcckeritz gibt es eine Rehaklinik sowie einen Campingplatz in unmittelbarer Strandn\u00e4he. Der Strandvorplatz mit Kurpavillon und Imbisseinrichtungen wurde in den letzten Jahren komplett neu gestaltet und l\u00e4dt zum Verweilen ein. Sehenswert sind u.a. die zahlreichen Reeth\u00e4user im alten Dorf in Richtung Achterwasser sowie die 2 Sportbooth\u00e4fen. Eingeschlossen zwischen Ostsee und Achterwasser, liegt das Seebad \u00dcckeritz, einer der kleineren Badeorte auf Usedom.<\/p>\n<p>Gerade der Dorfbereich in Richtung Achterwasser weist \u00dcckeritz mit seinen niedrigen, oft reetgedeckten H\u00e4usern noch heute auf den Charakter des einstigen Fischer- und Bauerndorfes hin. Mit Beginn des 19. Jahrhunderts und der Entwicklung des Badetourismus entstanden einige gr\u00f6\u00dfere G\u00e4steh\u00e4user im Villenstil. Das Seebad \u00dcckeritz verf\u00fcgt \u00fcber einen 7 km langen, wunderbaren, feinsandigen Ostseestrand mal mit Steil- und mal mit Flachk\u00fcste. Direkt an der Steilk\u00fcste befindet sich die Reha-Klinik &#8222;Ostseeblick&#8220; und bietet nicht nur wegen der naturnahen Lage beste M\u00f6glichkeiten Rehabilitationsma\u00dfnahmen. Hervorgehoben wird \u00dcckeritz auch wegen der zwei Campingpl\u00e4tze, einer an der Ostsee und einer am Achterwasser. Diese machen \u00dcckeritz zu einem Paradies f\u00fcr alle Campingfreunde. Urlaubsg\u00e4ste sind im Seebad \u00dcckeritz zu jeder Jahreszeit willkommen.<\/p>\n<div id=\"attachment_1104\" style=\"width: 260px\" class=\"wp-caption alignleft\"><img loading=\"lazy\" decoding=\"async\" aria-describedby=\"caption-attachment-1104\" class=\"size-full wp-image-1104\" title=\"Neu Pudagla - Gesteinsgarten\" src=\"wp-content\/uploads\/2012\/09\/ueckeritz03.jpg\" alt=\"Neu Pudagla - Gesteinsgarten\" width=\"250\" height=\"167\" \/><p id=\"caption-attachment-1104\" class=\"wp-caption-text\">Neu Pudagla &#8211; Gesteinsgarten<\/p><\/div>\n<div id=\"attachment_1103\" style=\"width: 260px\" class=\"wp-caption alignleft\"><img loading=\"lazy\" decoding=\"async\" aria-describedby=\"caption-attachment-1103\" class=\"size-full wp-image-1103\" title=\"\u00dcckeritz Ostseestrand\" src=\"wp-content\/uploads\/2012\/09\/ueckeritz02.jpg\" alt=\"\" width=\"250\" height=\"167\" \/><p id=\"caption-attachment-1103\" class=\"wp-caption-text\">\u00dcckeritz Ostseestrand<\/p><\/div>\n<div id=\"attachment_1102\" style=\"width: 260px\" class=\"wp-caption alignleft\"><img loading=\"lazy\" decoding=\"async\" aria-describedby=\"caption-attachment-1102\" class=\"size-full wp-image-1102\" title=\"\u00dcckeritz Sportbootshafen\" src=\"wp-content\/uploads\/2012\/09\/ueckeritz01.jpg\" alt=\"\u00dcckeritz Sportbootshafen\" width=\"250\" height=\"167\" \/><p id=\"caption-attachment-1102\" class=\"wp-caption-text\">\u00dcckeritz Sportbootshafen<\/p><\/div>","protected":false},"excerpt":{"rendered":"<p>Die Gemeinde \u00dcckeritz, 1270 erstmals urkundlich erw\u00e4hnt, liegt inmitten der Insel Usedom, eingeschlossen zwischen Achterwasser und Ostsee. Seit dem Jahr 2006 pr\u00e4sentiert sich \u00dcckeritz zusammen mit seinen Nachbargemeinden Koserow, Loddin und Zempin unter dem Titel \u201eUsedomer Bernsteinb\u00e4der\u201c.\u00a0 Die Fl\u00e4che der Gemeinde \u00dcckeritz betr\u00e4gt 13,85 km\u00b2. Internet: \u00a0\u00a0 www.ueckeritz.de Einwohnerzahl (Stand 07\/2024): Gemeinde \u00dcckeritz insgesamt \u00a0 1062 B\u00fcrgermeister der Gemeinde \u00dcckeritz<\/p>\n","protected":false},"author":2,"featured_media":0,"parent":10,"menu_order":1,"comment_status":"closed","ping_status":"closed","template":"","meta":{"footnotes":""},"class_list":["post-116","page","type-page","status-publish","hentry"],"_links":{"self":[{"href":"https:\/\/www.amtusedom.de\/index.php?rest_route=\/wp\/v2\/pages\/116","targetHints":{"allow":["GET"]}}],"collection":[{"href":"https:\/\/www.amtusedom.de\/index.php?rest_route=\/wp\/v2\/pages"}],"about":[{"href":"https:\/\/www.amtusedom.de\/index.php?rest_route=\/wp\/v2\/types\/page"}],"author":[{"embeddable":true,"href":"https:\/\/www.amtusedom.de\/index.php?rest_route=\/wp\/v2\/users\/2"}],"replies":[{"embeddable":true,"href":"https:\/\/www.amtusedom.de\/index.php?rest_route=%2Fwp%2Fv2%2Fcomments&post=116"}],"version-history":[{"count":36,"href":"https:\/\/www.amtusedom.de\/index.php?rest_route=\/wp\/v2\/pages\/116\/revisions"}],"predecessor-version":[{"id":10890,"href":"https:\/\/www.amtusedom.de\/index.php?rest_route=\/wp\/v2\/pages\/116\/revisions\/10890"}],"up":[{"embeddable":true,"href":"https:\/\/www.amtusedom.de\/index.php?rest_route=\/wp\/v2\/pages\/10"}],"wp:attachment":[{"href":"https:\/\/www.amtusedom.de\/index.php?rest_route=%2Fwp%2Fv2%2Fmedia&parent=116"}],"curies":[{"name":"wp","href":"https:\/\/api.w.org\/{rel}","templated":true}]}}