{"id":120,"date":"2012-08-13T15:15:30","date_gmt":"2012-08-13T13:15:30","guid":{"rendered":"http:\/\/localhost\/wp\/?page_id=120"},"modified":"2025-07-31T16:49:31","modified_gmt":"2025-07-31T14:49:31","slug":"gemeinde-zirchow","status":"publish","type":"page","link":"https:\/\/www.amtusedom.de\/?page_id=120","title":{"rendered":"Gemeinde Zirchow"},"content":{"rendered":"<p>Die Gemeinde Zirchow mit seinem Ortsteil Kutzow wurde 1239 erstmals urkundlich erw\u00e4hnt und liegt mittig im Achterland der Kaiserb\u00e4der der Insel Usedom, etwa 10 km entfernt von dem Seeheilbad Ahlbeck. Der Ortsname stammt von Circhowe und bedeutet so viel wie Kirchdorf. Die Fl\u00e4che der Gemeinde Zirchow betr\u00e4gt 9,42 km\u00b2.<\/p>\n<p>Einwohnerzahl (Stand 07\/2024):<br \/>\nGemeinde Zirchow insgesamt 663<\/p>\n<p>B\u00fcrgermeister der Gemeinde Zirchow ist Herr Gerd Wendlandt.<br \/>\nTelefon: 038376\/20219<br \/>\nSprechzeiten: Dienstag, 17.00 bis 18.00 Uhr in der Kulturhalle Zirchow, Schulstra\u00dfe 2<br \/>\n<a href=\"https:\/\/www.e-rechnung-bund.de\/faq\/leitweg-id\/\" target=\"_blank\" rel=\"noopener\">Leitweg-ID<\/a>: 13 0 75 152-K000-45<\/p>\n<p style=\"margin: 0cm; background: white; vertical-align: baseline;\"><h2 id=\"tablepress-156-name\" class=\"tablepress-table-name tablepress-table-name-id-156\">Die Mitglieder der Gemeindevertretung Zirchow haben sich am 03.07.2024 konstituiert<\/h2>\n\n<table id=\"tablepress-156\" class=\"tablepress tablepress-id-156\" aria-labelledby=\"tablepress-156-name\">\n<thead>\n<tr class=\"row-1\">\n\t<th class=\"column-1\">Name<\/th><th class=\"column-2\">Position<\/th>\n<\/tr>\n<\/thead>\n<tbody class=\"row-striping row-hover\">\n<tr class=\"row-2\">\n\t<td class=\"column-1\">Herr Gerd Wendlandt<\/td><td class=\"column-2\">B\u00fcrgermeister<\/td>\n<\/tr>\n<tr class=\"row-3\">\n\t<td class=\"column-1\">Herr Jens-Uwe Beitz<\/td><td class=\"column-2\">1. Stellvertreter<\/td>\n<\/tr>\n<tr class=\"row-4\">\n\t<td class=\"column-1\">Herr Sven Franke<\/td><td class=\"column-2\">2. Stellvertreter<\/td>\n<\/tr>\n<tr class=\"row-5\">\n\t<td class=\"column-1\">Herr Uwe Kr\u00fcger<\/td><td class=\"column-2\">Gemeindevertreter<\/td>\n<\/tr>\n<tr class=\"row-6\">\n\t<td class=\"column-1\">Frau Diana Genz<\/td><td class=\"column-2\">Gemeindevertreterin<\/td>\n<\/tr>\n<tr class=\"row-7\">\n\t<td class=\"column-1\">Herr Guido Wendlandt<\/td><td class=\"column-2\">Gemeindevertreter<\/td>\n<\/tr>\n<tr class=\"row-8\">\n\t<td class=\"column-1\">Herr Benno Kr\u00fcger<\/td><td class=\"column-2\">Gemeindevertreter<\/td>\n<\/tr>\n<tr class=\"row-9\">\n\t<td class=\"column-1\">Herr Christian Flindt<\/td><td class=\"column-2\">Gemeindevertreter<\/td>\n<\/tr>\n<tr class=\"row-10\">\n\t<td class=\"column-1\">Herr Jan Holtzermann<\/td><td class=\"column-2\">Gemeindevertreter<\/td>\n<\/tr>\n<\/tbody>\n<\/table>\n<!-- #tablepress-156 from cache --><\/p>\n<p style=\"text-align: center;\"><strong>Gemeindevertretung Zirchow<\/strong><\/p>\n<div id=\"attachment_9309\" style=\"width: 2570px\" class=\"wp-caption aligncenter\"><a href=\"https:\/\/www.amtusedom.de\/wp-content\/uploads\/2024\/07\/Zirchow2024-scaled.jpg\" target=\"_blank\" rel=\"noopener\"><img loading=\"lazy\" decoding=\"async\" aria-describedby=\"caption-attachment-9309\" class=\"wp-image-9309 size-full\" src=\"https:\/\/www.amtusedom.de\/wp-content\/uploads\/2024\/07\/Zirchow2024-scaled.jpg\" alt=\"\" width=\"2560\" height=\"1920\" srcset=\"https:\/\/www.amtusedom.de\/wp-content\/uploads\/2024\/07\/Zirchow2024-scaled.jpg 2560w, https:\/\/www.amtusedom.de\/wp-content\/uploads\/2024\/07\/Zirchow2024-300x225.jpg 300w, https:\/\/www.amtusedom.de\/wp-content\/uploads\/2024\/07\/Zirchow2024-1024x768.jpg 1024w, https:\/\/www.amtusedom.de\/wp-content\/uploads\/2024\/07\/Zirchow2024-768x576.jpg 768w, https:\/\/www.amtusedom.de\/wp-content\/uploads\/2024\/07\/Zirchow2024-1536x1152.jpg 1536w, https:\/\/www.amtusedom.de\/wp-content\/uploads\/2024\/07\/Zirchow2024-2048x1536.jpg 2048w\" sizes=\"auto, (max-width: 2560px) 100vw, 2560px\" \/><\/a><p id=\"caption-attachment-9309\" class=\"wp-caption-text\">Bild v.l.n.r. Diana Genz, Gerd Wendlandt, Christian Flindt, Guido Wendlandt, Jens-Uwe Beitz, Jan Holtzermann, Benno Kr\u00fcger, Uwe Kr\u00fcger (es fehlt Sven Franke)<\/p><\/div>\n<p>&nbsp;<\/p>\n<p>&nbsp;<\/p>\n<p>&nbsp;<\/p>\n<p><strong>Zu den Sehensw\u00fcrdigkeiten:<\/strong><\/p>\n<p>Die Gemeinde Zirchow liegt direkt am Nordufer des Stettiner Haffes mitten im Naturpark Insel Usedom. Das Thurbruch, eines der gr\u00f6\u00dften Niedermoorgebiete Norddeutschlands, teilweise Naturschutzgebiet, befindet sich westlich der Gemeinde. Auf dem Territorium der Gemeinden Zirchow und Garz liegt der Regionalflughafen Heringsdorf. Das Flugangebot w\u00e4hrend der Monate Mai bis Oktober umfasst zahlreiche innerdeutsche Linienfl\u00fcge, Charterfl\u00fcge sowie Inselrundfl\u00fcge.<\/p>\n<p>Im Flughafengeb\u00e4ude lohnt sich ein Besuch der Ausstellung \u201eAirport Miniaturwelt\u201c.\u00a0 Auf \u00fcber 200 qm k\u00f6nnen Miniaturmodelle rund um die Faszination Airport bestaunt werden. Sehenswert ist in der Gemeinde Zirchow die St. Jacobuskirche, eine sp\u00e4tgotische Back- und Feldsteinkirche aus dem 13. Jahrhundert. Es ist der \u00e4lteste erhaltene Kirchenbau auf der Insel Usedom. Im Altarbereich sind mittelalterliche Wandmalereien teilweise wieder freigelegt.<\/p>\n<div id=\"attachment_1114\" style=\"width: 260px\" class=\"wp-caption alignleft\"><img loading=\"lazy\" decoding=\"async\" aria-describedby=\"caption-attachment-1114\" class=\"size-full wp-image-1114\" title=\"Blick auf Zirchow\" src=\"wp-content\/uploads\/2012\/09\/zirchow01.jpg\" alt=\"Blick auf Zirchow\" width=\"250\" height=\"167\" \/><p id=\"caption-attachment-1114\" class=\"wp-caption-text\">Blick auf Zirchow<\/p><\/div>","protected":false},"excerpt":{"rendered":"<p>Die Gemeinde Zirchow mit seinem Ortsteil Kutzow wurde 1239 erstmals urkundlich erw\u00e4hnt und liegt mittig im Achterland der Kaiserb\u00e4der der Insel Usedom, etwa 10 km entfernt von dem Seeheilbad Ahlbeck. Der Ortsname stammt von Circhowe und bedeutet so viel wie Kirchdorf. Die Fl\u00e4che der Gemeinde Zirchow betr\u00e4gt 9,42 km\u00b2. Einwohnerzahl (Stand 07\/2024): Gemeinde Zirchow insgesamt 663 B\u00fcrgermeister der Gemeinde Zirchow<\/p>\n","protected":false},"author":2,"featured_media":0,"parent":10,"menu_order":1,"comment_status":"closed","ping_status":"closed","template":"","meta":{"footnotes":""},"class_list":["post-120","page","type-page","status-publish","hentry"],"_links":{"self":[{"href":"https:\/\/www.amtusedom.de\/index.php?rest_route=\/wp\/v2\/pages\/120","targetHints":{"allow":["GET"]}}],"collection":[{"href":"https:\/\/www.amtusedom.de\/index.php?rest_route=\/wp\/v2\/pages"}],"about":[{"href":"https:\/\/www.amtusedom.de\/index.php?rest_route=\/wp\/v2\/types\/page"}],"author":[{"embeddable":true,"href":"https:\/\/www.amtusedom.de\/index.php?rest_route=\/wp\/v2\/users\/2"}],"replies":[{"embeddable":true,"href":"https:\/\/www.amtusedom.de\/index.php?rest_route=%2Fwp%2Fv2%2Fcomments&post=120"}],"version-history":[{"count":24,"href":"https:\/\/www.amtusedom.de\/index.php?rest_route=\/wp\/v2\/pages\/120\/revisions"}],"predecessor-version":[{"id":10730,"href":"https:\/\/www.amtusedom.de\/index.php?rest_route=\/wp\/v2\/pages\/120\/revisions\/10730"}],"up":[{"embeddable":true,"href":"https:\/\/www.amtusedom.de\/index.php?rest_route=\/wp\/v2\/pages\/10"}],"wp:attachment":[{"href":"https:\/\/www.amtusedom.de\/index.php?rest_route=%2Fwp%2Fv2%2Fmedia&parent=120"}],"curies":[{"name":"wp","href":"https:\/\/api.w.org\/{rel}","templated":true}]}}