{"id":13,"date":"2012-06-28T10:14:18","date_gmt":"2012-06-28T08:14:18","guid":{"rendered":"http:\/\/localhost\/wp\/?page_id=13"},"modified":"2025-07-31T16:07:41","modified_gmt":"2025-07-31T14:07:41","slug":"stadt-usedom","status":"publish","type":"page","link":"https:\/\/www.amtusedom.de\/?page_id=13","title":{"rendered":"Stadt Usedom"},"content":{"rendered":"<p><a href=\"wp-content\/uploads\/2012\/08\/wappen-usedom.png\"><img loading=\"lazy\" decoding=\"async\" class=\"alignright size-full wp-image-154\" title=\"Wappen Usedom\" src=\"wp-content\/uploads\/2012\/08\/wappen-usedom.png\" alt=\"Wappen Usedom\" width=\"100\" height=\"130\" \/><\/a>Die Stadt Usedom liegt im s\u00fcdwestlichen Teil der gleichnamigen Insel Usedom. Die Gemarkungsgrenze der Stadt Usedom umfasst die Stadt selbst sowie 14 Ortsteile. Die Fl\u00e4che betr\u00e4gt 38,57 km\u00b2.<\/p>\n<p>Internet:\u00a0 <a href=\"http:\/\/www.stadtinfo-usedom.de\" target=\"_blank\" rel=\"noopener noreferrer\">www.stadtinfo-usedom.de<\/a><\/p>\n<p>Einwohnerzahl (Stand 07\/2024):<br \/>\nStadt Usedom insgesamt 1757<\/p>\n<p style=\"background: white; vertical-align: baseline; margin: 9.0pt 0cm 9.0pt 0cm;\"><span style=\"font-size: 11.5pt; font-family: 'Lato',sans-serif; color: #111111;\">B\u00fcrgermeister der Stadt Usedom ist Herr Olaf Hagemann.<br \/>\nTelefon: 038372\/750-0<br \/>\n<a href=\"https:\/\/www.e-rechnung-bund.de\/faq\/leitweg-id\/\" target=\"_blank\" rel=\"noopener\">Leitweg-ID<\/a>: 13 0 75 137-K000-21<\/span><\/p>\n<p style=\"background: white; vertical-align: baseline; font-variant-ligatures: normal; font-variant-caps: normal; font-variant-numeric: inherit; font-variant-east-asian: inherit; font-variant-alternates: inherit; font-variant-position: inherit; font-stretch: inherit; line-height: inherit; font-optical-sizing: inherit; font-kerning: inherit; font-feature-settings: inherit; font-variation-settings: inherit; orphans: 2; text-align: start; widows: 2; -webkit-text-stroke-width: 0px; text-decoration-thickness: initial; text-decoration-style: initial; text-decoration-color: initial; word-spacing: 0px; margin: 9.0pt 0cm 12.0pt 0cm;\"><span style=\"font-size: 11.5pt; font-family: 'Lato',sans-serif; color: #111111;\">Die B\u00fcrgermeistersprechstunde findet ab sofort nur noch nach <strong>vorheriger Terminvereinbarung<\/strong> statt. Bitte vereinbaren Sie vor Ihrem Besuch einen Termin telefonisch unter 038372\/778630 oder per E-Mail unter info@amtusedom.de.<\/span><\/p>\n<h2 id=\"tablepress-142-name\" class=\"tablepress-table-name tablepress-table-name-id-142\">Die Stadtvertretung Usedom hat sich am 10.07.2024 konstituiert<\/h2>\n\n<table id=\"tablepress-142\" class=\"tablepress tablepress-id-142\" aria-labelledby=\"tablepress-142-name\">\n<thead>\n<tr class=\"row-1\">\n\t<th class=\"column-1\">Name<\/th><th class=\"column-2\">Position<\/th>\n<\/tr>\n<\/thead>\n<tbody class=\"row-striping row-hover\">\n<tr class=\"row-2\">\n\t<td class=\"column-1\">Herr Olaf Hagemann<\/td><td class=\"column-2\">B\u00fcrgermeister<\/td>\n<\/tr>\n<tr class=\"row-3\">\n\t<td class=\"column-1\">Frau Grit Kaspereit<\/td><td class=\"column-2\">1. stellvertretende B\u00fcrgermeisterin<\/td>\n<\/tr>\n<tr class=\"row-4\">\n\t<td class=\"column-1\">Frau Yvonne Leppin<\/td><td class=\"column-2\">2. stellvertretende B\u00fcrgermeisterin<\/td>\n<\/tr>\n<tr class=\"row-5\">\n\t<td class=\"column-1\">Herr Jonas Hannemann<\/td><td class=\"column-2\">Mitglied<\/td>\n<\/tr>\n<tr class=\"row-6\">\n\t<td class=\"column-1\">Herr Dr. G\u00fcnther Jikeli<\/td><td class=\"column-2\">Mitglied<\/td>\n<\/tr>\n<tr class=\"row-7\">\n\t<td class=\"column-1\">Herr Stephan Grundmann<\/td><td class=\"column-2\">Mitglied<\/td>\n<\/tr>\n<tr class=\"row-8\">\n\t<td class=\"column-1\">Herr Kai Erdmann<\/td><td class=\"column-2\">Mitglied<\/td>\n<\/tr>\n<tr class=\"row-9\">\n\t<td class=\"column-1\">Herr Martin L\u00fcdtke<\/td><td class=\"column-2\">Mitglied<\/td>\n<\/tr>\n<tr class=\"row-10\">\n\t<td class=\"column-1\">Herr Pit Beyer<\/td><td class=\"column-2\">Mitglied<\/td>\n<\/tr>\n<tr class=\"row-11\">\n\t<td class=\"column-1\">Herr J\u00f6rg Espig<\/td><td class=\"column-2\">Mitglied<\/td>\n<\/tr>\n<tr class=\"row-12\">\n\t<td class=\"column-1\">Herr Philipp Hannemann<\/td><td class=\"column-2\">Mitglied<\/td>\n<\/tr>\n<tr class=\"row-13\">\n\t<td class=\"column-1\">Herr Christian Witt<\/td><td class=\"column-2\">Mitglied<\/td>\n<\/tr>\n<\/tbody>\n<\/table>\n<!-- #tablepress-142 from cache -->\n<p style=\"text-align: center;\"><strong>Stadtvertretung Usedom <\/strong><\/p>\n<div class=\"mceTemp\"><\/div>\n<div id=\"attachment_9351\" style=\"width: 588px\" class=\"wp-caption aligncenter\"><a href=\"https:\/\/www.amtusedom.de\/wp-content\/uploads\/2024\/07\/Usedom2024-1-scaled.jpg\" target=\"_blank\" rel=\"noopener\"><img loading=\"lazy\" decoding=\"async\" aria-describedby=\"caption-attachment-9351\" class=\"wp-image-9351 \" src=\"https:\/\/www.amtusedom.de\/wp-content\/uploads\/2024\/07\/Usedom2024-1-scaled.jpg\" alt=\"\" width=\"578\" height=\"580\" srcset=\"https:\/\/www.amtusedom.de\/wp-content\/uploads\/2024\/07\/Usedom2024-1-scaled.jpg 2552w, https:\/\/www.amtusedom.de\/wp-content\/uploads\/2024\/07\/Usedom2024-1-300x300.jpg 300w, https:\/\/www.amtusedom.de\/wp-content\/uploads\/2024\/07\/Usedom2024-1-1021x1024.jpg 1021w, https:\/\/www.amtusedom.de\/wp-content\/uploads\/2024\/07\/Usedom2024-1-150x150.jpg 150w, https:\/\/www.amtusedom.de\/wp-content\/uploads\/2024\/07\/Usedom2024-1-768x771.jpg 768w, https:\/\/www.amtusedom.de\/wp-content\/uploads\/2024\/07\/Usedom2024-1-1531x1536.jpg 1531w, https:\/\/www.amtusedom.de\/wp-content\/uploads\/2024\/07\/Usedom2024-1-2041x2048.jpg 2041w, https:\/\/www.amtusedom.de\/wp-content\/uploads\/2024\/07\/Usedom2024-1-80x80.jpg 80w\" sizes=\"auto, (max-width: 578px) 100vw, 578px\" \/><\/a><p id=\"caption-attachment-9351\" class=\"wp-caption-text\">Bild v.o.l.n.r.: Kai Erdmann, Stephan Grundmann, J\u00f6rg Espig, Martin L\u00fcdtke, Pit Beyer, Philipp Hannemann, Christian Witt, Jonas Hannemann, Yvonne Leppin, Olaf Hagemann, Grit Kaspereit, Dr. G\u00fcnther Jikeli<\/p><\/div>\n<div class=\"mceTemp\"><\/div>\n<p>&nbsp;<\/p>\n<p>&nbsp;<\/p>\n<p><strong>Zu den Sehensw\u00fcrdigkeiten:<\/strong><\/p>\n<p>Das Anklamer Tor mit seiner Ausstellung und der M\u00f6glichkeit im obersten Raum die Ehe zu schlie\u00dfen. Au\u00dferdem die sehr imposante Marienkirche inmitten der Stadt. Nicht weit davon entfernt der Schlossberg mit seinem Denkmal, welches an die durch Otto von Bamberg durchgef\u00fchrte Reformation 1128 erinnert. Sehenswert sind au\u00dferdem die Reste der einstigen Hubbr\u00fccke in Karnin und nat\u00fcrlich der restaurierte alte Bahnhof in der Stadt direkt an der heutigen Bundesstra\u00dfe 110. Im Klaus-Bahlsen-Haus, dem restaurierten Bahnhofsgeb\u00e4ude der Stadt Usedom, befindet sich das Informationszentrum des 1999 gegr\u00fcndeten Naturparks und die Stadtinformation Usedom. F\u00fcr Besucher besonders interessant ist die informative Ausstellung zur Natur unserer Insel. Dar\u00fcber hinaus kann der interessierte Gast weitergehende Informationen zu Natur und Kultur erhalten und sich \u00fcber die zahlreichen M\u00f6glichkeiten informieren, den Naturpark individuell entdecken.<\/p>\n<div id=\"attachment_1031\" style=\"width: 260px\" class=\"wp-caption alignleft\"><img loading=\"lazy\" decoding=\"async\" aria-describedby=\"caption-attachment-1031\" class=\"size-full wp-image-1031\" title=\"Usedom Stadttor\" src=\"wp-content\/uploads\/2012\/09\/usedom01.jpg\" alt=\"Usedom Stadttor\" width=\"250\" height=\"167\" \/><p id=\"caption-attachment-1031\" class=\"wp-caption-text\">Usedom Stadttor<\/p><\/div>\n<div id=\"attachment_1033\" style=\"width: 260px\" class=\"wp-caption alignleft\"><img loading=\"lazy\" decoding=\"async\" aria-describedby=\"caption-attachment-1033\" class=\"size-full wp-image-1033\" title=\"Karnin Hubbr\u00fccke\" src=\"wp-content\/uploads\/2012\/09\/usedom03.jpg\" alt=\"Karnin Hubbr\u00fccke\" width=\"250\" height=\"167\" \/><p id=\"caption-attachment-1033\" class=\"wp-caption-text\">Karnin Hubbr\u00fccke<\/p><\/div>\n<div id=\"attachment_1032\" style=\"width: 260px\" class=\"wp-caption alignleft\"><img loading=\"lazy\" decoding=\"async\" aria-describedby=\"caption-attachment-1032\" class=\"size-full wp-image-1032\" title=\"Usedomer Hafen\" src=\"wp-content\/uploads\/2012\/09\/usedom02.jpg\" alt=\"Usedomer Hafen\" width=\"250\" height=\"167\" \/><p id=\"caption-attachment-1032\" class=\"wp-caption-text\">Usedomer Hafen<\/p><\/div>","protected":false},"excerpt":{"rendered":"<p>Die Stadt Usedom liegt im s\u00fcdwestlichen Teil der gleichnamigen Insel Usedom. Die Gemarkungsgrenze der Stadt Usedom umfasst die Stadt selbst sowie 14 Ortsteile. Die Fl\u00e4che betr\u00e4gt 38,57 km\u00b2. Internet:\u00a0 www.stadtinfo-usedom.de Einwohnerzahl (Stand 07\/2024): Stadt Usedom insgesamt 1757 B\u00fcrgermeister der Stadt Usedom ist Herr Olaf Hagemann. Telefon: 038372\/750-0 Leitweg-ID: 13 0 75 137-K000-21 Die B\u00fcrgermeistersprechstunde findet ab sofort nur noch nach<\/p>\n","protected":false},"author":2,"featured_media":0,"parent":10,"menu_order":1,"comment_status":"closed","ping_status":"closed","template":"","meta":{"footnotes":""},"class_list":["post-13","page","type-page","status-publish","hentry"],"_links":{"self":[{"href":"https:\/\/www.amtusedom.de\/index.php?rest_route=\/wp\/v2\/pages\/13","targetHints":{"allow":["GET"]}}],"collection":[{"href":"https:\/\/www.amtusedom.de\/index.php?rest_route=\/wp\/v2\/pages"}],"about":[{"href":"https:\/\/www.amtusedom.de\/index.php?rest_route=\/wp\/v2\/types\/page"}],"author":[{"embeddable":true,"href":"https:\/\/www.amtusedom.de\/index.php?rest_route=\/wp\/v2\/users\/2"}],"replies":[{"embeddable":true,"href":"https:\/\/www.amtusedom.de\/index.php?rest_route=%2Fwp%2Fv2%2Fcomments&post=13"}],"version-history":[{"count":45,"href":"https:\/\/www.amtusedom.de\/index.php?rest_route=\/wp\/v2\/pages\/13\/revisions"}],"predecessor-version":[{"id":9349,"href":"https:\/\/www.amtusedom.de\/index.php?rest_route=\/wp\/v2\/pages\/13\/revisions\/9349"}],"up":[{"embeddable":true,"href":"https:\/\/www.amtusedom.de\/index.php?rest_route=\/wp\/v2\/pages\/10"}],"wp:attachment":[{"href":"https:\/\/www.amtusedom.de\/index.php?rest_route=%2Fwp%2Fv2%2Fmedia&parent=13"}],"curies":[{"name":"wp","href":"https:\/\/api.w.org\/{rel}","templated":true}]}}