{"id":1333,"date":"2013-01-16T10:19:54","date_gmt":"2013-01-16T08:19:54","guid":{"rendered":"http:\/\/www.amtusedom.de\/?page_id=1333"},"modified":"2026-03-06T11:38:39","modified_gmt":"2026-03-06T09:38:39","slug":"stellenangebote","status":"publish","type":"page","link":"https:\/\/www.amtusedom.de\/?page_id=1333","title":{"rendered":"Stellenausschreibungen"},"content":{"rendered":"<p>Hier finden Sie aktuelle Ausschreibungen f\u00fcr Stellen im Verwaltungsbereich sowie in verbundenen Institutionen des Amtes Usedom-S\u00fcd. Die Angebote richten sich an Fachkr\u00e4fte unterschiedlicher Qualifikationen, die sich f\u00fcr eine T\u00e4tigkeit in kommunalen Aufgabenfeldern interessieren.<\/p>\n<ul>\n<li><a href=\"https:\/\/www.amtusedom.de\/wp-content\/uploads\/2026\/03\/umsatzsteuer_260305.pdf\" target=\"_blank\" rel=\"noopener\">Stellenausschreibung <strong>Sachbearbeiter \/-in (m\/w\/d) im Fachdienst Finanzen (Umsatzsteuer 2b \/ Kasse)<\/strong><\/a><\/li>\n<li><a href=\"https:\/\/www.amtusedom.de\/wp-content\/uploads\/2026\/03\/Aussendienst_260305.pdf\" target=\"_blank\" rel=\"noopener\">Stellenausschreibung <strong>Mitarbeiter \/-in Au\u00dfendienst (m\/w\/d)<\/strong><\/a><\/li>\n<\/ul>\n<p>&nbsp;<\/p>\n<p>&nbsp;<\/p>","protected":false},"excerpt":{"rendered":"<p>Hier finden Sie aktuelle Ausschreibungen f\u00fcr Stellen im Verwaltungsbereich sowie in verbundenen Institutionen des Amtes Usedom-S\u00fcd. Die Angebote richten sich an Fachkr\u00e4fte unterschiedlicher Qualifikationen, die sich f\u00fcr eine T\u00e4tigkeit in kommunalen Aufgabenfeldern interessieren. Stellenausschreibung Sachbearbeiter \/-in (m\/w\/d) im Fachdienst Finanzen (Umsatzsteuer 2b \/ Kasse) Stellenausschreibung Mitarbeiter \/-in Au\u00dfendienst (m\/w\/d) &nbsp; &nbsp;<\/p>\n","protected":false},"author":2,"featured_media":0,"parent":2,"menu_order":6,"comment_status":"closed","ping_status":"closed","template":"","meta":{"footnotes":""},"class_list":["post-1333","page","type-page","status-publish","hentry"],"_links":{"self":[{"href":"https:\/\/www.amtusedom.de\/index.php?rest_route=\/wp\/v2\/pages\/1333","targetHints":{"allow":["GET"]}}],"collection":[{"href":"https:\/\/www.amtusedom.de\/index.php?rest_route=\/wp\/v2\/pages"}],"about":[{"href":"https:\/\/www.amtusedom.de\/index.php?rest_route=\/wp\/v2\/types\/page"}],"author":[{"embeddable":true,"href":"https:\/\/www.amtusedom.de\/index.php?rest_route=\/wp\/v2\/users\/2"}],"replies":[{"embeddable":true,"href":"https:\/\/www.amtusedom.de\/index.php?rest_route=%2Fwp%2Fv2%2Fcomments&post=1333"}],"version-history":[{"count":258,"href":"https:\/\/www.amtusedom.de\/index.php?rest_route=\/wp\/v2\/pages\/1333\/revisions"}],"predecessor-version":[{"id":11237,"href":"https:\/\/www.amtusedom.de\/index.php?rest_route=\/wp\/v2\/pages\/1333\/revisions\/11237"}],"up":[{"embeddable":true,"href":"https:\/\/www.amtusedom.de\/index.php?rest_route=\/wp\/v2\/pages\/2"}],"wp:attachment":[{"href":"https:\/\/www.amtusedom.de\/index.php?rest_route=%2Fwp%2Fv2%2Fmedia&parent=1333"}],"curies":[{"name":"wp","href":"https:\/\/api.w.org\/{rel}","templated":true}]}}