{"id":162,"date":"2012-08-15T14:13:08","date_gmt":"2012-08-15T12:13:08","guid":{"rendered":"http:\/\/localhost\/wp\/?page_id=162"},"modified":"2025-09-12T11:38:56","modified_gmt":"2025-09-12T09:38:56","slug":"gemeinde-dargen","status":"publish","type":"page","link":"https:\/\/www.amtusedom.de\/?page_id=162","title":{"rendered":"Gemeinde Dargen"},"content":{"rendered":"<p>Die Gemeinde Dargen, 1386 erstmals urkundlich erw\u00e4hnt, liegt in Mitten des Achterlandes der Insel Usedom, direkt am kleinen Haff. Die Fl\u00e4che der Gemeinde Dargen einschl. der Ortsteile betr\u00e4gt 28,22 km\u00b2.<\/p>\n<p>Einwohnerzahl (Stand 07\/2024):<br \/>\nGemeinde Dargen insgesamt\u00a0 592<\/p>\n<p>B\u00fcrgermeisterin der Gemeinde Dargen ist Frau Kerstin Werner.<br \/>\nSprechzeiten: nach Vereinbarung mit der B\u00fcrgermeisterin.<br \/>\nTermine mit der B\u00fcrgermeisterin k\u00f6nnen \u00fcber das Amt Usedom-S\u00fcd abgestimmt werden.<br \/>\nE-Mail:\u00a0<a href=\"mailto:info@amtusedom-sued.de\">info@amtusedom-sued.de<\/a><br \/>\nTelefon: 038372 7500<\/p>\n<p>Leitweg-ID: 13 0 75 026-K000-18<br \/>\nAmtlicher Regionalschl\u00fcssel: 130755562026<br \/>\nAmtlicher Gemeindeschl\u00fcssel: 13075026<br \/>\n<h2 id=\"tablepress-143-name\" class=\"tablepress-table-name tablepress-table-name-id-143\">Die Mitglieder der Gemeindevertretung Dargen haben sich am 11.07.2024 konstituiert<\/h2>\n\n<table id=\"tablepress-143\" class=\"tablepress tablepress-id-143\" aria-labelledby=\"tablepress-143-name\">\n<thead>\n<tr class=\"row-1\">\n\t<th class=\"column-1\">Name<\/th><th class=\"column-2\">Position<\/th>\n<\/tr>\n<\/thead>\n<tbody class=\"row-striping row-hover\">\n<tr class=\"row-2\">\n\t<td class=\"column-1\">Frau Kerstin Werner<\/td><td class=\"column-2\">B\u00fcrgermeisterin<\/td>\n<\/tr>\n<tr class=\"row-3\">\n\t<td class=\"column-1\">Herr Reinhard Friede<\/td><td class=\"column-2\">1. stellvertretender B\u00fcrgermeister<\/td>\n<\/tr>\n<tr class=\"row-4\">\n\t<td class=\"column-1\">Herr Martin Netzer<\/td><td class=\"column-2\">2. stellvertretender B\u00fcrgermeister<\/td>\n<\/tr>\n<tr class=\"row-5\">\n\t<td class=\"column-1\">Herr Andreas Pussehl<\/td><td class=\"column-2\">Gemeindevertreter<\/td>\n<\/tr>\n<tr class=\"row-6\">\n\t<td class=\"column-1\">Herr Holger Kn\u00fcppel<\/td><td class=\"column-2\">Gemeindevertreter<\/td>\n<\/tr>\n<tr class=\"row-7\">\n\t<td class=\"column-1\">Frau Sandra Labahn<\/td><td class=\"column-2\">Gemeindevertreterin<\/td>\n<\/tr>\n<tr class=\"row-8\">\n\t<td class=\"column-1\">Herr Kevin Genz<\/td><td class=\"column-2\">Gemeindevertreter<\/td>\n<\/tr>\n<tr class=\"row-9\">\n\t<td class=\"column-1\">Herr Can \u00d6zdemir<\/td><td class=\"column-2\">Gemeindevertreter<\/td>\n<\/tr>\n<tr class=\"row-10\">\n\t<td class=\"column-1\">Herr J\u00f6rg Samrey<\/td><td class=\"column-2\">Gemeindevertreter<\/td>\n<\/tr>\n<\/tbody>\n<\/table>\n<!-- #tablepress-143 from cache --><\/p>\n<p><strong>Gemeindevertretung Dargen<\/strong><\/p>\n<div id=\"attachment_9360\" style=\"width: 2152px\" class=\"wp-caption aligncenter\"><a href=\"https:\/\/www.amtusedom.de\/wp-content\/uploads\/2024\/07\/Dargen2024-scaled.jpg\" target=\"_blank\" rel=\"noopener\"><img loading=\"lazy\" decoding=\"async\" aria-describedby=\"caption-attachment-9360\" class=\"wp-image-9360 size-full\" src=\"https:\/\/www.amtusedom.de\/wp-content\/uploads\/2024\/07\/Dargen2024-scaled.jpg\" alt=\"\" width=\"2142\" height=\"2560\" srcset=\"https:\/\/www.amtusedom.de\/wp-content\/uploads\/2024\/07\/Dargen2024-scaled.jpg 2142w, https:\/\/www.amtusedom.de\/wp-content\/uploads\/2024\/07\/Dargen2024-251x300.jpg 251w, https:\/\/www.amtusedom.de\/wp-content\/uploads\/2024\/07\/Dargen2024-857x1024.jpg 857w, https:\/\/www.amtusedom.de\/wp-content\/uploads\/2024\/07\/Dargen2024-768x918.jpg 768w, https:\/\/www.amtusedom.de\/wp-content\/uploads\/2024\/07\/Dargen2024-1285x1536.jpg 1285w, https:\/\/www.amtusedom.de\/wp-content\/uploads\/2024\/07\/Dargen2024-1714x2048.jpg 1714w\" sizes=\"auto, (max-width: 2142px) 100vw, 2142px\" \/><\/a><p id=\"caption-attachment-9360\" class=\"wp-caption-text\">Bild v.l.n.r. Can \u00d6zdemir, Martin Netzer, Reinhard friede, Holger Kn\u00fcppel, Kerstin Werner, Andreas Pussehl, Sandra Labahn, Kevin Genz, J\u00f6rg Samrey<\/p><\/div>\n<p>&nbsp;<\/p>\n<p>&nbsp;<\/p>\n<p><strong>Zu den Sehensw\u00fcrdigkeiten:<\/strong><\/p>\n<p>Das Technik- und Zweiradmuseum in Dargen wurde 1997 von DDR-Motorrad begeisterten Enthusiasten gegr\u00fcndet. Die Ausstellung bietet dem Besucher eine Vielzahl an alten Motorr\u00e4dern, Pkws, Krankenwagen, Traktoren, NVA- und Feuerwehrtechnik. Des Weiteren wird dem Besucher mit der Ausstellung von Konsumg\u00fctern und Haushaltgegenst\u00e4nden ein Einblick in das Leben der Menschen der ehemaligen DDR gew\u00e4hrt. F\u00fcr Kunstliebhaber ist ein Besuch auf dem Kunsthof Usedom unbedingt ein Muss. Der bekannte K\u00fcnstler, Maler und Bildhauer, Roland Oesker (\u201eEisvogel\u201c) hat sich dieses kulturelle Kleinod in Katschow einem Ortsteil der Gemeinde Dargen geschaffen.<\/p>\n<p>Sehenswert ist auch das Wisentgehege im Dargener Ortsteil Pr\u00e4tenow. Im Sommer 2004 wurde das Zucht- und Schaugehege vom Naturschutzbund Deutschland e.V. er\u00f6ffnet. Die ersten Zuchttiere, die unter anderem aus dem Nationalpark der Nachbarinsel Wollin stammten, wurden vom Umweltministerium der Republik Polen zur Verf\u00fcgung gestellt.<\/p>\n<p>Windkraft-Sch\u00f6pfwerk Kachlin<br \/>\nDas Sch\u00f6pfwerk in der N\u00e4he des Kachliner Sees diente fr\u00fcher zur Entw\u00e4sserung des Thurbruch. Das Windrad hat einen Durchmesser \u00fcber 8 Metern. 1920 wurde das Windrad durch den Gutsbesitzer Rudolf Heydemann aus Kutzow bei Zirchow gebaut und 1926 an den heutigen Standort bei Kachlin umgesetzt. Je nach Windgeschwindigkeit konnte man mit der Windanlage 500 bis 1500 qm Wasser pro Stunde bewegen.<\/p>\n<div id=\"attachment_1045\" style=\"width: 210px\" class=\"wp-caption alignleft\"><img loading=\"lazy\" decoding=\"async\" aria-describedby=\"caption-attachment-1045\" class=\"size-full wp-image-1045\" title=\"Windkraft-Sch\u00f6pfwerk Kachlin\" src=\"wp-content\/uploads\/2012\/09\/dargen03.jpg\" alt=\"Windkraft-Sch\u00f6pfwerk Kachlin\" width=\"200\" height=\"301\" srcset=\"https:\/\/www.amtusedom.de\/wp-content\/uploads\/2012\/09\/dargen03.jpg 200w, https:\/\/www.amtusedom.de\/wp-content\/uploads\/2012\/09\/dargen03-199x300.jpg 199w\" sizes=\"auto, (max-width: 200px) 100vw, 200px\" \/><p id=\"caption-attachment-1045\" class=\"wp-caption-text\">Windkraft-Sch\u00f6pfwerk Kachlin<\/p><\/div>\n<div id=\"attachment_1044\" style=\"width: 260px\" class=\"wp-caption alignleft\"><img loading=\"lazy\" decoding=\"async\" aria-describedby=\"caption-attachment-1044\" class=\"size-full wp-image-1044\" title=\"Technik- und Zweiradmuseum Dargen\" src=\"wp-content\/uploads\/2012\/09\/dargen02.jpg\" alt=\"Technik- und Zweiradmuseum Dargen\" width=\"250\" height=\"167\" \/><p id=\"caption-attachment-1044\" class=\"wp-caption-text\">Technik- und Zweiradmuseum Dargen<\/p><\/div>\n<div id=\"attachment_1043\" style=\"width: 260px\" class=\"wp-caption alignleft\"><img loading=\"lazy\" decoding=\"async\" aria-describedby=\"caption-attachment-1043\" class=\"size-full wp-image-1043\" title=\"Wiesentgehege Pr\u00e4tenow\" src=\"wp-content\/uploads\/2012\/09\/dargen01.jpg\" alt=\"Wiesentgehege Pr\u00e4tenow\" width=\"250\" height=\"167\" \/><p id=\"caption-attachment-1043\" class=\"wp-caption-text\">Wiesentgehege Pr\u00e4tenow<\/p><\/div>","protected":false},"excerpt":{"rendered":"<p>Die Gemeinde Dargen, 1386 erstmals urkundlich erw\u00e4hnt, liegt in Mitten des Achterlandes der Insel Usedom, direkt am kleinen Haff. Die Fl\u00e4che der Gemeinde Dargen einschl. der Ortsteile betr\u00e4gt 28,22 km\u00b2. Einwohnerzahl (Stand 07\/2024): Gemeinde Dargen insgesamt\u00a0 592 B\u00fcrgermeisterin der Gemeinde Dargen ist Frau Kerstin Werner. Sprechzeiten: nach Vereinbarung mit der B\u00fcrgermeisterin. Termine mit der B\u00fcrgermeisterin k\u00f6nnen \u00fcber das Amt Usedom-S\u00fcd<\/p>\n","protected":false},"author":2,"featured_media":0,"parent":10,"menu_order":1,"comment_status":"closed","ping_status":"closed","template":"","meta":{"footnotes":""},"class_list":["post-162","page","type-page","status-publish","hentry"],"_links":{"self":[{"href":"https:\/\/www.amtusedom.de\/index.php?rest_route=\/wp\/v2\/pages\/162","targetHints":{"allow":["GET"]}}],"collection":[{"href":"https:\/\/www.amtusedom.de\/index.php?rest_route=\/wp\/v2\/pages"}],"about":[{"href":"https:\/\/www.amtusedom.de\/index.php?rest_route=\/wp\/v2\/types\/page"}],"author":[{"embeddable":true,"href":"https:\/\/www.amtusedom.de\/index.php?rest_route=\/wp\/v2\/users\/2"}],"replies":[{"embeddable":true,"href":"https:\/\/www.amtusedom.de\/index.php?rest_route=%2Fwp%2Fv2%2Fcomments&post=162"}],"version-history":[{"count":34,"href":"https:\/\/www.amtusedom.de\/index.php?rest_route=\/wp\/v2\/pages\/162\/revisions"}],"predecessor-version":[{"id":9359,"href":"https:\/\/www.amtusedom.de\/index.php?rest_route=\/wp\/v2\/pages\/162\/revisions\/9359"}],"up":[{"embeddable":true,"href":"https:\/\/www.amtusedom.de\/index.php?rest_route=\/wp\/v2\/pages\/10"}],"wp:attachment":[{"href":"https:\/\/www.amtusedom.de\/index.php?rest_route=%2Fwp%2Fv2%2Fmedia&parent=162"}],"curies":[{"name":"wp","href":"https:\/\/api.w.org\/{rel}","templated":true}]}}