{"id":1967,"date":"2014-04-11T08:00:20","date_gmt":"2014-04-11T06:00:20","guid":{"rendered":"http:\/\/www.amtusedom.de\/?page_id=1967"},"modified":"2020-08-28T10:45:28","modified_gmt":"2020-08-28T08:45:28","slug":"bekanntmachungen-zu-den-kommunalwahlen-am-25-05-2014","status":"publish","type":"page","link":"https:\/\/www.amtusedom.de\/?page_id=1967","title":{"rendered":"Bekanntmachungen zu den Kommunalwahlen am 25.05.2014"},"content":{"rendered":"<p><a href=\"aktuelles\/Wahlbekanntmachung-Wahlausschuss.pdf\">Bekanntmachung \u00fcber die Zusammensetzung des Gemeindewahlausschusses Amt Usedom-S\u00fcd<\/a><\/p>\n<p><b>Stadt Usedom<\/b><\/p>\n<p><a href=\"aktuelles\/wahlen2014\/usedom-gv.pdf\">Bekanntmachung des endg\u00fcltigen Wahlergebnisses und der Namen der gew\u00e4hlten Bewerber der Kommunalwahlen in der Stadtvertretung<\/a><br \/>\n<a href=\"aktuelles\/wahlen2014\/usedom-bm.pdf\">Bekanntmachung des endg\u00fcltigen Wahlergebnisses und des Namens der gew\u00e4hlten Bewerberin oder des gew\u00e4hlten Bewerbers &#8211; B\u00fcrgermeisterwahl<\/a><br \/>\n<a href=\"aktuelles\/wahlen2014\/nr-usedom.pdf\">Bekanntmachung Nachr\u00fccker Stadtvertretung Usedom<\/a><\/p>\n<p><b>Gemeinde Benz<\/b><\/p>\n<p><a href=\"aktuelles\/wahlen2014\/benz-gv.pdf\">Bekanntmachung des endg\u00fcltigen Wahlergebnisses und der Namen der gew\u00e4hlten Bewerber der Kommunalwahlen in der Gemeindevertretung<\/a><br \/>\n<a href=\"aktuelles\/wahlen2014\/benz-bm.pdf\">Bekanntmachung des endg\u00fcltigen Wahlergebnisses und des Namens der gew\u00e4hlten Bewerberin oder des gew\u00e4hlten Bewerbers &#8211; B\u00fcrgermeisterwahl<\/a><br \/>\n<a href=\"aktuelles\/wahlen2014\/nr-benz.pdf\">Bekanntmachung Nachr\u00fccker Gemeindevertretung Gemeinde Benz<\/a><\/p>\n<p><b>Gemeinde Dargen<\/b><\/p>\n<p><a href=\"aktuelles\/wahlen2014\/dargen-gv.pdf\">Bekanntmachung des endg\u00fcltigen Wahlergebnisses und der Namen der gew\u00e4hlten Bewerber der Kommunalwahlen in der Gemeindevertretung<\/a><br \/>\n<a href=\"aktuelles\/wahlen2014\/dargen-bm.pdf\">Bekanntmachung des endg\u00fcltigen Wahlergebnisses und des Namens der gew\u00e4hlten Bewerberin oder des gew\u00e4hlten Bewerbers &#8211; B\u00fcrgermeisterwahl<\/a><\/p>\n<p><b>Gemeinde Garz<\/b><\/p>\n<p><a href=\"aktuelles\/wahlen2014\/garz-gv.pdf\">Bekanntmachung des endg\u00fcltigen Wahlergebnisses und der Namen der gew\u00e4hlten Bewerber der Kommunalwahlen in der Gemeindevertretung<\/a><br \/>\n<a href=\"aktuelles\/wahlen2014\/garz-bm.pdf\">Bekanntmachung des endg\u00fcltigen Wahlergebnisses und des Namens der gew\u00e4hlten Bewerberin oder des gew\u00e4hlten Bewerbers &#8211; B\u00fcrgermeisterwahl<\/a><br \/>\n<a href=\"aktuelles\/wahlen2014\/nr-garz.pdf\">Bekanntmachung Nachr\u00fccker Gemeindevertretung Gemeinde Garz<\/a><\/p>\n<p><b>Gemeinde Kamminke<\/b><\/p>\n<p><a href=\"aktuelles\/wahlen2014\/kamminke-gv.pdf\">Bekanntmachung des endg\u00fcltigen Wahlergebnisses und der Namen der gew\u00e4hlten Bewerber der Kommunalwahlen in der &#8211; Gemeindevertretung<\/a><br \/>\n<a href=\"aktuelles\/wahlen2014\/kamminke-bm.pdf\">Bekanntmachung des endg\u00fcltigen Wahlergebnisses und des Namens der gew\u00e4hlten Bewerberin oder des gew\u00e4hlten Bewerbers &#8211; B\u00fcrgermeisterwahl<\/a><br \/>\n<a href=\"aktuelles\/wahlen2014\/nr-kamminke.pdf\">Bekanntmachung Nachr\u00fccker Gemeindevertretung Gemeinde Kamminke<\/a><\/p>\n<p><b>Gemeinde Korswandt<\/b><\/p>\n<p><a href=\"aktuelles\/wahlen2014\/korswandt-gv.pdf\">Bekanntmachung des endg\u00fcltigen Wahlergebnisses und der Namen der gew\u00e4hlten Bewerber der Kommunalwahlen in der Gemeindevertretung<\/a><br \/>\n<a href=\"aktuelles\/wahlen2014\/korswandt-bm.pdf\">Bekanntmachung des endg\u00fcltigen Wahlergebnisses und des Namens der gew\u00e4hlten Bewerberin oder des gew\u00e4hlten Bewerbers &#8211; B\u00fcrgermeisterwahl<\/a><br \/>\n<a href=\"aktuelles\/wahlen2014\/nr-korswandt.pdf\">Bekanntmachung Nachr\u00fccker Gemeindevertretung Gemeinde Korswandt<\/a><\/p>\n<p><b>Gemeinde Koserow<\/b><\/p>\n<p><a href=\"aktuelles\/wahlen2014\/koserow-gv.pdf\">Bekanntmachung des endg\u00fcltigen Wahlergebnisses und der Namen der gew\u00e4hlten Bewerber der Kommunalwahlen in der Gemeindevertretung<\/a><br \/>\n<a href=\"aktuelles\/wahlen2014\/koserow-bm.pdf\">Bekanntmachung des endg\u00fcltigen Wahlergebnisses und des Namens der gew\u00e4hlten Bewerberin oder des gew\u00e4hlten Bewerbers &#8211; B\u00fcrgermeisterwahl<\/a><br \/>\n<a href=\"aktuelles\/wahlen2014\/nr-koserow.pdf\">Bekanntmachung Nachr\u00fccker Gemeindevertretung Gemeinde Koserow<\/a><\/p>\n<p><b>Gemeinde Loddin<\/b><\/p>\n<p><a href=\"aktuelles\/wahlen2014\/loddin-gv.pdf\">Bekanntmachung des endg\u00fcltigen Wahlergebnisses und der Namen der gew\u00e4hlten Bewerber der Kommunalwahlen in der Gemeindevertretung<\/a><br \/>\n<a href=\"aktuelles\/wahlen2014\/loddin-bm.pdf\">Bekanntmachung des endg\u00fcltigen Wahlergebnisses und des Namens der gew\u00e4hlten Bewerberin oder des gew\u00e4hlten Bewerbers &#8211; B\u00fcrgermeisterwahl<\/a><br \/>\n<a href=\"aktuelles\/wahlen2014\/mandantsniederlegung-loddin.pdf\">Bekanntmachung Mandatsniederlegung Gemeindevertretung Loddin<\/a><\/p>\n<p><b>Gemeinde Mellenthin<\/b><\/p>\n<p><a href=\"aktuelles\/wahlen2014\/mellenthin-gv.pdf\">Bekanntmachung des endg\u00fcltigen Wahlergebnisses und der Namen der gew\u00e4hlten Bewerber der Kommunalwahlen in der Gemeindevertretung<\/a><br \/>\n<a href=\"aktuelles\/wahlen2014\/mellenthin-bm.pdf\">Bekanntmachung des endg\u00fcltigen Wahlergebnisses und des Namens der gew\u00e4hlten Bewerberin oder des gew\u00e4hlten Bewerbers &#8211; B\u00fcrgermeisterwahl<\/a><\/p>\n<p><b>Gemeinde Pudagla<\/b><\/p>\n<p><a href=\"aktuelles\/wahlen2014\/pudagla-gv.pdf\">Bekanntmachung des endg\u00fcltigen Wahlergebnisses und der Namen der gew\u00e4hlten Bewerber der Kommunalwahlen in der Gemeindevertretung<\/a><br \/>\n<a href=\"aktuelles\/wahlen2014\/pudagla-bm.pdf\">Bekanntmachung des endg\u00fcltigen Wahlergebnisses und des Namens der gew\u00e4hlten Bewerberin oder des gew\u00e4hlten Bewerbers &#8211; B\u00fcrgermeisterwahl<\/a><br \/>\n<a href=\"aktuelles\/wahlen2014\/nr-pudagla.pdf\">Bekanntmachung Nachr\u00fccker Gemeindevertretung Gemeinde Pudagla<\/a><\/p>\n<p><b>Gemeinde Rankwitz<\/b><\/p>\n<p><a href=\"aktuelles\/wahlen2014\/rankwitz-gv.pdf\">Bekanntmachung des endg\u00fcltigen Wahlergebnisses und der Namen der gew\u00e4hlten Bewerber der Kommunalwahlen in der Gemeindevertretung<\/a><br \/>\n<a href=\"aktuelles\/wahlen2014\/rankwitz-bm.pdf\">Bekanntmachung des endg\u00fcltigen Wahlergebnisses und des Namens der gew\u00e4hlten Bewerberin oder des gew\u00e4hlten Bewerbers &#8211; B\u00fcrgermeisterwahl<\/a><br \/>\n<a href=\"https:\/\/www.amtusedom.de\/ortsrecht\/bm_rankwitz\/bekanntmachung-20151102-rankwitz.pdf\">\u00d6ffentliche Bekanntmachung des Gemeindewahlleiters f\u00fcr die Kommunalwahl am 25. Mai 2014<\/a><br \/>\n<a href=\"https:\/\/www.amtusedom.de\/ortsrecht\/bm_rankwitz\/bekanntmachung-20160331-rankwitz.pdf\">\u00d6ffentliche Bekanntmachung des Gemeindewahlleiters f\u00fcr die Kommunalwahl am 25. Mai 2014<\/a><\/p>\n<p><b>Gemeinde Stolpe auf Usedom<\/b><\/p>\n<p><a href=\"aktuelles\/wahlen2014\/stolpe-gv.pdf\">Bekanntmachung des endg\u00fcltigen Wahlergebnisses und der Namen der gew\u00e4hlten Bewerber der Kommunalwahlen in der Gemeindevertretung<\/a><br \/>\n<a href=\"aktuelles\/wahlen2014\/stolpe-bm.pdf\">Bekanntmachung des endg\u00fcltigen Wahlergebnisses und des Namens der gew\u00e4hlten Bewerberin oder des gew\u00e4hlten Bewerbers &#8211; B\u00fcrgermeisterwahl<\/a><br \/>\n<a target=\"_blank\" href=\"https:\/\/www.amtusedom.de\/ortsrecht\/bm_stolpe\/bekanntmachung-20151013-stolpe.pdf\" rel=\"noopener noreferrer\">\u00d6ffentliche Bekanntmachung des Gemeindewahlleiters f\u00fcr die Kommunalwahl am 25. Mai 2014<\/a><\/p>\n<p><b>Gemeinde \u00dcckeritz<\/b><\/p>\n<p><a href=\"aktuelles\/wahlen2014\/ueckeritz-gv.pdf\">Bekanntmachung des endg\u00fcltigen Wahlergebnisses und der Namen der gew\u00e4hlten Bewerber der Kommunalwahlen in der Gemeindevertretung<\/a><br \/>\n<a href=\"aktuelles\/wahlen2014\/ueckeritz-bm.pdf\">Bekanntmachung des endg\u00fcltigen Wahlergebnisses und des Namens der gew\u00e4hlten Bewerberin oder des gew\u00e4hlten Bewerbers &#8211; B\u00fcrgermeisterwahl<\/a><br \/>\n<a href=\"aktuelles\/wahlen2014\/nr-ueckeritz.pdf\">Bekanntmachung Nachr\u00fccker Gemeindevertretung Gemeinde \u00dcckeritz<\/a><br \/>\n<a href=\"aktuelles\/wahlen2014\/bekanntmachung-20150820-ueckeritz.pdf\">\u00d6ffentliche Bekanntmachung des Gemeindewahlleiters f\u00fcr die Kommunalwahl am 25. Mai 2014<\/a><br \/>\n<a target=\"_blank\" href=\"https:\/\/www.amtusedom.de\/ortsrecht\/bm_ueckeritz\/bekanntmachung-20170410-2-ueckeritz.pdf\" rel=\"noopener noreferrer\">\u00d6ffentliche Bekanntmachung des Gemeindewahlleiters f\u00fcr die Kommunalwahl am 25. Mai 2014<\/a><\/p>\n<p><b>Gemeinde Zempin<\/b><\/p>\n<p><a href=\"aktuelles\/wahlen2014\/zempin-gv.pdf\">Bekanntmachung des endg\u00fcltigen Wahlergebnisses und der Namen der gew\u00e4hlten Bewerber der Kommunalwahlen in der Gemeindevertretung<\/a><br \/>\n<a href=\"aktuelles\/wahlen2014\/zempin-bm.pdf\">Bekanntmachung des endg\u00fcltigen Wahlergebnisses und des Namens der gew\u00e4hlten Bewerberin oder des gew\u00e4hlten Bewerbers &#8211; B\u00fcrgermeisterwahl<\/a><br \/>\n<a href=\"aktuelles\/wahlen2014\/nr-zempin.pdf\">Bekanntmachung Nachr\u00fccker Gemeindevertretung Gemeinde Zempin<\/a><\/p>\n<p><b>Gemeinde Zirchow<\/b><\/p>\n<p><a href=\"aktuelles\/wahlen2014\/zirchow-gv.pdf\">Bekanntmachung des endg\u00fcltigen Wahlergebnisses und der Namen der gew\u00e4hlten Bewerber der Kommunalwahlen in der Gemeindevertretung<\/a><br \/>\n<a href=\"aktuelles\/wahlen2014\/zirchow-bm.pdf\">Bekanntmachung des endg\u00fcltigen Wahlergebnisses und des Namens der gew\u00e4hlten Bewerberin oder des gew\u00e4hlten Bewerbers &#8211; B\u00fcrgermeisterwahl<\/a><br \/>\n<a href=\"aktuelles\/wahlen2014\/nr-zirchow.pdf\">Bekanntmachung Nachr\u00fccker Gemeindevertretung Gemeinde Zirchow<\/a><\/p>","protected":false},"excerpt":{"rendered":"<p>Bekanntmachung \u00fcber die Zusammensetzung des Gemeindewahlausschusses Amt Usedom-S\u00fcd Stadt Usedom Bekanntmachung des endg\u00fcltigen Wahlergebnisses und der Namen der gew\u00e4hlten Bewerber der Kommunalwahlen in der Stadtvertretung Bekanntmachung des endg\u00fcltigen Wahlergebnisses und des Namens der gew\u00e4hlten Bewerberin oder des gew\u00e4hlten Bewerbers &#8211; B\u00fcrgermeisterwahl Bekanntmachung Nachr\u00fccker Stadtvertretung Usedom Gemeinde Benz Bekanntmachung des endg\u00fcltigen Wahlergebnisses und der Namen der gew\u00e4hlten Bewerber der Kommunalwahlen in<\/p>\n","protected":false},"author":2,"featured_media":0,"parent":0,"menu_order":0,"comment_status":"closed","ping_status":"closed","template":"","meta":{"footnotes":""},"class_list":["post-1967","page","type-page","status-publish","hentry"],"_links":{"self":[{"href":"https:\/\/www.amtusedom.de\/index.php?rest_route=\/wp\/v2\/pages\/1967","targetHints":{"allow":["GET"]}}],"collection":[{"href":"https:\/\/www.amtusedom.de\/index.php?rest_route=\/wp\/v2\/pages"}],"about":[{"href":"https:\/\/www.amtusedom.de\/index.php?rest_route=\/wp\/v2\/types\/page"}],"author":[{"embeddable":true,"href":"https:\/\/www.amtusedom.de\/index.php?rest_route=\/wp\/v2\/users\/2"}],"replies":[{"embeddable":true,"href":"https:\/\/www.amtusedom.de\/index.php?rest_route=%2Fwp%2Fv2%2Fcomments&post=1967"}],"version-history":[{"count":46,"href":"https:\/\/www.amtusedom.de\/index.php?rest_route=\/wp\/v2\/pages\/1967\/revisions"}],"predecessor-version":[{"id":5848,"href":"https:\/\/www.amtusedom.de\/index.php?rest_route=\/wp\/v2\/pages\/1967\/revisions\/5848"}],"wp:attachment":[{"href":"https:\/\/www.amtusedom.de\/index.php?rest_route=%2Fwp%2Fv2%2Fmedia&parent=1967"}],"curies":[{"name":"wp","href":"https:\/\/api.w.org\/{rel}","templated":true}]}}