{"id":197,"date":"2012-08-16T09:45:49","date_gmt":"2012-08-16T07:45:49","guid":{"rendered":"http:\/\/localhost\/wp\/?page_id=197"},"modified":"2024-09-20T08:42:46","modified_gmt":"2024-09-20T06:42:46","slug":"amtsausschuss","status":"publish","type":"page","link":"https:\/\/www.amtusedom.de\/?page_id=197","title":{"rendered":"Amtsausschuss"},"content":{"rendered":"<p>Der Amtsausschuss des Amtes Usedom-S\u00fcd besteht aus 19 Mitgliedern. Dies sind die B\u00fcrgermeisterinnen und B\u00fcrgermeister der einzelnen Gemeinden und die weiteren Mitglieder entsprechend der jeweiligen Einwohnerzahl der Gemeinden.<\/p>\n<div>\n<table id=\"tablepress-130\" class=\"tablepress tablepress-id-130\">\n<thead>\n<tr class=\"row-1\">\n\t<th colspan=\"2\" class=\"column-1\"><strong>Mitglieder im Amtsausschuss (Stand 09\/2024)<\/strong><\/th>\n<\/tr>\n<\/thead>\n<tbody class=\"row-striping row-hover\">\n<tr class=\"row-2\">\n\t<td class=\"column-1\">Ren\u00e9 K\u00f6nig<\/td><td class=\"column-2\">B\u00fcrgermeister Koserow (Amtsvorsteher)<\/td>\n<\/tr>\n<tr class=\"row-3\">\n\t<td class=\"column-1\">Olaf Hagemann<\/td><td class=\"column-2\">B\u00fcrgermeister Stadt Usedom (1. Stellvertreter)<\/td>\n<\/tr>\n<tr class=\"row-4\">\n\t<td class=\"column-1\">Marco Biedenweg<\/td><td class=\"column-2\">B\u00fcrgermeister \u00dcckeritz (2. Stellvertreter)<\/td>\n<\/tr>\n<tr class=\"row-5\">\n\t<td class=\"column-1\">Enrico Tesch<\/td><td class=\"column-2\">Gemeindevertreter Benz<\/td>\n<\/tr>\n<tr class=\"row-6\">\n\t<td class=\"column-1\">Karl-Heinz Schr\u00f6der<\/td><td class=\"column-2\">B\u00fcrgermeister Benz<\/td>\n<\/tr>\n<tr class=\"row-7\">\n\t<td class=\"column-1\">Fred Fischer<\/td><td class=\"column-2\">B\u00fcrgermeister Pudagla<\/td>\n<\/tr>\n<tr class=\"row-8\">\n\t<td class=\"column-1\">Werner Sch\u00f6n<\/td><td class=\"column-2\">B\u00fcrgermeister Zempin<\/td>\n<\/tr>\n<tr class=\"row-9\">\n\t<td class=\"column-1\">Dr. G\u00fcnther Jikeli<\/td><td class=\"column-2\">Stadtvertreter<\/td>\n<\/tr>\n<tr class=\"row-10\">\n\t<td class=\"column-1\">Uwe Hartmann<\/td><td class=\"column-2\">B\u00fcrgermeister Kamminke<\/td>\n<\/tr>\n<tr class=\"row-11\">\n\t<td class=\"column-1\">Thomas Krause<\/td><td class=\"column-2\">Gemeindevertreter \u00dcckeritz<\/td>\n<\/tr>\n<tr class=\"row-12\">\n\t<td class=\"column-1\">G\u00fcnter Krohn<\/td><td class=\"column-2\">B\u00fcrgermeister Garz<\/td>\n<\/tr>\n<tr class=\"row-13\">\n\t<td class=\"column-1\">Thomas Wellnitz<\/td><td class=\"column-2\">Gemeindevertreter Koserow<\/td>\n<\/tr>\n<tr class=\"row-14\">\n\t<td class=\"column-1\">Rita Schr\u00f6der<\/td><td class=\"column-2\">B\u00fcrgermeisterin Mellenthin<\/td>\n<\/tr>\n<tr class=\"row-15\">\n\t<td class=\"column-1\">Falko Beitz<\/td><td class=\"column-2\">B\u00fcrgermeister Stolpe auf Usedom<\/td>\n<\/tr>\n<tr class=\"row-16\">\n\t<td class=\"column-1\">Thomas Hannak<\/td><td class=\"column-2\">B\u00fcrgermeister Rankwitz<\/td>\n<\/tr>\n<tr class=\"row-17\">\n\t<td class=\"column-1\">Gerd Wendlandt<\/td><td class=\"column-2\">B\u00fcrgermeister Zirchow<\/td>\n<\/tr>\n<tr class=\"row-18\">\n\t<td class=\"column-1\">Kerstin Werner<\/td><td class=\"column-2\">B\u00fcrgermeisterin Dargen<\/td>\n<\/tr>\n<tr class=\"row-19\">\n\t<td class=\"column-1\">Kai Handke<\/td><td class=\"column-2\">B\u00fcrgermeister Korswandt<\/td>\n<\/tr>\n<tr class=\"row-20\">\n\t<td class=\"column-1\">Sven Werner<\/td><td class=\"column-2\">B\u00fcrgermeister Loddin<\/td>\n<\/tr>\n<\/tbody>\n<\/table>\n<!-- #tablepress-130 from cache --><\/div>\n<div><\/div>\n<div>\n<div id=\"attachment_9485\" style=\"width: 2570px\" class=\"wp-caption aligncenter\"><a href=\"https:\/\/www.amtusedom.de\/wp-content\/uploads\/2024\/09\/Amt-scaled.jpg\" target=\"_blank\" rel=\"noopener\"><img loading=\"lazy\" decoding=\"async\" aria-describedby=\"caption-attachment-9485\" class=\"wp-image-9485 size-full\" src=\"https:\/\/www.amtusedom.de\/wp-content\/uploads\/2024\/09\/Amt-scaled.jpg\" alt=\"\" width=\"2560\" height=\"1405\" srcset=\"https:\/\/www.amtusedom.de\/wp-content\/uploads\/2024\/09\/Amt-scaled.jpg 2560w, https:\/\/www.amtusedom.de\/wp-content\/uploads\/2024\/09\/Amt-300x165.jpg 300w, https:\/\/www.amtusedom.de\/wp-content\/uploads\/2024\/09\/Amt-1024x562.jpg 1024w, https:\/\/www.amtusedom.de\/wp-content\/uploads\/2024\/09\/Amt-768x422.jpg 768w, https:\/\/www.amtusedom.de\/wp-content\/uploads\/2024\/09\/Amt-1536x843.jpg 1536w, https:\/\/www.amtusedom.de\/wp-content\/uploads\/2024\/09\/Amt-2048x1124.jpg 2048w\" sizes=\"auto, (max-width: 2560px) 100vw, 2560px\" \/><\/a><p id=\"caption-attachment-9485\" class=\"wp-caption-text\">Bild v.l.n.r. Falko Beitz, G\u00fcnter Krohn, Sven Werner, Marco Biedenweg, Thomas Krause, Enrico Tesch, Dr. G\u00fcnther Jikeli, Ren\u00e9 K\u00f6nig, Rita Schr\u00f6der, Werner Sch\u00f6n, Kerstin Werner, Thomas Wellnitz, Kai Handke, Thomas Hannak, Fred Fischer, Karl-Heinz Schr\u00f6der, Olaf Hagemann, Uwe Hartmann, Gerd Wendlandt<\/p><\/div>\n<\/div>","protected":false},"excerpt":{"rendered":"<p>Der Amtsausschuss des Amtes Usedom-S\u00fcd besteht aus 19 Mitgliedern. Dies sind die B\u00fcrgermeisterinnen und B\u00fcrgermeister der einzelnen Gemeinden und die weiteren Mitglieder entsprechend der jeweiligen Einwohnerzahl der Gemeinden.<\/p>\n","protected":false},"author":2,"featured_media":0,"parent":2,"menu_order":7,"comment_status":"closed","ping_status":"closed","template":"","meta":{"footnotes":""},"class_list":["post-197","page","type-page","status-publish","hentry"],"_links":{"self":[{"href":"https:\/\/www.amtusedom.de\/index.php?rest_route=\/wp\/v2\/pages\/197","targetHints":{"allow":["GET"]}}],"collection":[{"href":"https:\/\/www.amtusedom.de\/index.php?rest_route=\/wp\/v2\/pages"}],"about":[{"href":"https:\/\/www.amtusedom.de\/index.php?rest_route=\/wp\/v2\/types\/page"}],"author":[{"embeddable":true,"href":"https:\/\/www.amtusedom.de\/index.php?rest_route=\/wp\/v2\/users\/2"}],"replies":[{"embeddable":true,"href":"https:\/\/www.amtusedom.de\/index.php?rest_route=%2Fwp%2Fv2%2Fcomments&post=197"}],"version-history":[{"count":27,"href":"https:\/\/www.amtusedom.de\/index.php?rest_route=\/wp\/v2\/pages\/197\/revisions"}],"predecessor-version":[{"id":9504,"href":"https:\/\/www.amtusedom.de\/index.php?rest_route=\/wp\/v2\/pages\/197\/revisions\/9504"}],"up":[{"embeddable":true,"href":"https:\/\/www.amtusedom.de\/index.php?rest_route=\/wp\/v2\/pages\/2"}],"wp:attachment":[{"href":"https:\/\/www.amtusedom.de\/index.php?rest_route=%2Fwp%2Fv2%2Fmedia&parent=197"}],"curies":[{"name":"wp","href":"https:\/\/api.w.org\/{rel}","templated":true}]}}