{"id":211,"date":"2012-08-16T13:11:37","date_gmt":"2012-08-16T11:11:37","guid":{"rendered":"http:\/\/localhost\/wp\/?page_id=211"},"modified":"2024-10-28T11:06:35","modified_gmt":"2024-10-28T09:06:35","slug":"kontakt","status":"publish","type":"page","link":"https:\/\/www.amtusedom.de\/?page_id=211","title":{"rendered":"Kontakt"},"content":{"rendered":"<p><strong>Erreichbarkeit und Sprechzeiten des Amtes Usedom-S\u00fcd und des B\u00fcrgeramtes Koserow<\/strong><\/p>\n<p>Amt Usedom-S\u00fcd, Markt 7 in 17406 Usedom<br \/>\nTelefon: 038372 \u2013 7500<br \/>\nFax: 038372 \u2013 75075<\/p>\n<p><strong>Sie erreichen uns per E-Mail:<\/strong><\/p>\n<p>Zentrale: info(at)amtusedom.de<br \/>\nHauptamt: hauptamt(at)amtusedom.de<br \/>\nOrdnungsamt: ordnungsamt(at)amtusedom.de<br \/>\nBauamt: bauamt(at)amtusedom.de<\/p>\n<p>B\u00fcrgeramt Koserow, Maria-Seidel-Str. 3 in 17459 Koserow<br \/>\nTelefon: 038375 \u2013 2640<br \/>\nFax: 038375 \u2013 26444<\/p>\n<p>\u00c4mter: Ordnungsamt, Einwohnermeldeamt, Wohngeldstelle und Standesamt, Fundb\u00fcro<\/p>\n<p><strong>Sprechzeiten:<\/strong><\/p>\n<table>\n<tbody>\n<tr>\n<td>Montag<\/td>\n<td><\/td>\n<td>09.00 \u2013 12.00 Uhr<\/td>\n<\/tr>\n<tr>\n<td>Dienstag<\/td>\n<td><\/td>\n<td>09.00 \u2013 12.00 Uhr<\/td>\n<\/tr>\n<tr>\n<td>Mittwoch<\/td>\n<td><\/td>\n<td>geschlossen<\/td>\n<\/tr>\n<tr>\n<td>Donnerstag<\/td>\n<td><\/td>\n<td>09.00 \u2013 12.00 Uhr<\/td>\n<\/tr>\n<tr>\n<td><\/td>\n<td><\/td>\n<td>14.00 \u2013 18.00 Uhr<\/td>\n<\/tr>\n<tr>\n<td>Freitag<\/td>\n<td><\/td>\n<td>09.00 \u2013 12.00 Uhr<\/td>\n<\/tr>\n<\/tbody>\n<\/table>\n<p><strong>Bankverbindung:<\/strong><\/p>\n<p>DKB<br \/>\nIBAN: DE38 1203 0000 0000 1022 69<br \/>\nBIC: BYLADEM1001<br \/>\n<a href=\"https:\/\/www.e-rechnung-bund.de\/faq\/leitweg-id\/\" target=\"_blank\" rel=\"noopener\">Leitweg-ID<\/a>: 13 0 75 962-K000-80<\/p>\n<p>&nbsp;<\/p>","protected":false},"excerpt":{"rendered":"<p>Erreichbarkeit und Sprechzeiten des Amtes Usedom-S\u00fcd und des B\u00fcrgeramtes Koserow Amt Usedom-S\u00fcd, Markt 7 in 17406 Usedom Telefon: 038372 \u2013 7500 Fax: 038372 \u2013 75075 Sie erreichen uns per E-Mail: Zentrale: info(at)amtusedom.de Hauptamt: hauptamt(at)amtusedom.de Ordnungsamt: ordnungsamt(at)amtusedom.de Bauamt: bauamt(at)amtusedom.de B\u00fcrgeramt Koserow, Maria-Seidel-Str. 3 in 17459 Koserow Telefon: 038375 \u2013 2640 Fax: 038375 \u2013 26444 \u00c4mter: Ordnungsamt, Einwohnermeldeamt, Wohngeldstelle und Standesamt, Fundb\u00fcro<\/p>\n","protected":false},"author":2,"featured_media":0,"parent":2,"menu_order":8,"comment_status":"closed","ping_status":"closed","template":"","meta":{"footnotes":""},"class_list":["post-211","page","type-page","status-publish","hentry"],"_links":{"self":[{"href":"https:\/\/www.amtusedom.de\/index.php?rest_route=\/wp\/v2\/pages\/211","targetHints":{"allow":["GET"]}}],"collection":[{"href":"https:\/\/www.amtusedom.de\/index.php?rest_route=\/wp\/v2\/pages"}],"about":[{"href":"https:\/\/www.amtusedom.de\/index.php?rest_route=\/wp\/v2\/types\/page"}],"author":[{"embeddable":true,"href":"https:\/\/www.amtusedom.de\/index.php?rest_route=\/wp\/v2\/users\/2"}],"replies":[{"embeddable":true,"href":"https:\/\/www.amtusedom.de\/index.php?rest_route=%2Fwp%2Fv2%2Fcomments&post=211"}],"version-history":[{"count":14,"href":"https:\/\/www.amtusedom.de\/index.php?rest_route=\/wp\/v2\/pages\/211\/revisions"}],"predecessor-version":[{"id":9619,"href":"https:\/\/www.amtusedom.de\/index.php?rest_route=\/wp\/v2\/pages\/211\/revisions\/9619"}],"up":[{"embeddable":true,"href":"https:\/\/www.amtusedom.de\/index.php?rest_route=\/wp\/v2\/pages\/2"}],"wp:attachment":[{"href":"https:\/\/www.amtusedom.de\/index.php?rest_route=%2Fwp%2Fv2%2Fmedia&parent=211"}],"curies":[{"name":"wp","href":"https:\/\/api.w.org\/{rel}","templated":true}]}}