{"id":216,"date":"2012-08-16T13:21:18","date_gmt":"2012-08-16T11:21:18","guid":{"rendered":"http:\/\/localhost\/wp\/?page_id=216"},"modified":"2024-10-14T13:49:05","modified_gmt":"2024-10-14T11:49:05","slug":"impressum","status":"publish","type":"page","link":"https:\/\/www.amtusedom.de\/?page_id=216","title":{"rendered":"Impressum"},"content":{"rendered":"<p><strong>Dienstanbieter:<\/strong><\/p>\n<p>Amt Usedom-S\u00fcd<br \/>\nMarkt 7<br \/>\n17406 Usedom<br \/>\nTelefon: 038372 \u2013 7500<br \/>\nFax: 038372 \u2013 75075<br \/>\nE-Mail: info(at)amtusedom.de<\/p>\n<p><strong>Vertretungsberechtigter:<\/strong><\/p>\n<p>Das Amt Usedom-S\u00fcd ist eine K\u00f6rperschaft des \u00f6ffentlichen Rechts. Es wird vertreten durch den Amtsvorsteher Herrn Rene K\u00f6nig.<\/p>\n<p>Verantwortlicher Onlineredakteur<br \/>\nHerr Reetz<br \/>\nMarkt 7<br \/>\n17406 Usedom<br \/>\nTelefon: 038372 &#8211; 75034<\/p>\n<p>Datenschutzbeauftragter:<\/p>\n<p>Herr Andr\u00e9 Weinert<br \/>\nWirtschaftskontor Weinert GbR<br \/>\nBeim Wendentor 1<br \/>\n18055 Rostock<\/p>\n<p><strong>Haftungsausschlu\u00df<\/strong><\/p>\n<p>Das Amt Usedom-S\u00fcd ist als Inhalteanbieter nach \u00a7 5 Mediendienstestaatsvertrag (MDStV) f\u00fcr die eigenen Inhalte, die sie zur Nutzung bereit h\u00e4lt, verantwortlich. Von diesen eigenen Inhalten sind Querverweise (Links) auf die von anderen Anbietern bereit gehaltenen Inhalte zu unterscheiden. Durch Querverweise h\u00e4lt das Amt Usedom-S\u00fcd fremde Inhalte bereit, die als Link gekennzeichnet sind. Bei den Links handelt es sich allerdings um Angebote fremder Anbieter, auf deren Inhalte das Amt Usedom-S\u00fcd keinen Einfluss hat. F\u00fcr den Inhalt der Seiten, auf die verlinkt wurde, sind ausschlie\u00dflich diese anbietenden Personen, Organisationen oder Firmen selbst verantwortlich.<\/p>\n<p>Das Amt Usedom-S\u00fcd ist alleiniger Inhaber des Domainnamens www.amtusedom-sued.de. Die inhaltliche Zust\u00e4ndigkeit bezieht sich ausschlie\u00dflich auf die Seiten, die im Bereich der Amtsverwaltung angesiedelt sind. Alle Rechte an den Seiten liegen bei dem Amt Usedom S\u00fcd. Eine Nachnutzung, gleich welcher Art, auch auszugsweise bedarf der Genehmigung des Inhabers. Eine Verlinkung auf www.amtusedom-sued.de bedarf ebenfalls der Genehmigung des Inhabers.<\/p>\n<p>Die Pflege und Aktualisierung der Seiten obliegt dem Amt Usedom-S\u00fcd. Das Layout der Seiten, die verwendeten Grafiken und Bilder sowie die inhaltlichen Beitr\u00e4ge sind urheberrechtlich gesch\u00fctzt. Sie d\u00fcrfen nur zum privaten Gebrauch vervielf\u00e4ltigt werden. Es d\u00fcrfen keine \u00c4nderungen vorgenommen werden und Vervielf\u00e4ltigungen weder verbreitet noch zu \u00f6ffentlichen Wiedergaben benutzt werden.<br \/>\nDie Informationen auf diesen Seiten erfolgen ohne Gew\u00e4hr f\u00fcr ihre Richtigkeit. F\u00fcr eventuelle direkte oder indirekte Sch\u00e4den, die sich aus der Verwendung der abgerufenen Inhalte ergeben, wird in keinem Fall Haftung \u00fcbernommen.<\/p>","protected":false},"excerpt":{"rendered":"<p>Dienstanbieter: Amt Usedom-S\u00fcd Markt 7 17406 Usedom Telefon: 038372 \u2013 7500 Fax: 038372 \u2013 75075 E-Mail: info(at)amtusedom.de Vertretungsberechtigter: Das Amt Usedom-S\u00fcd ist eine K\u00f6rperschaft des \u00f6ffentlichen Rechts. Es wird vertreten durch den Amtsvorsteher Herrn Rene K\u00f6nig. Verantwortlicher Onlineredakteur Herr Reetz Markt 7 17406 Usedom Telefon: 038372 &#8211; 75034 Datenschutzbeauftragter: Herr Andr\u00e9 Weinert Wirtschaftskontor Weinert GbR Beim Wendentor 1 18055 Rostock<\/p>\n","protected":false},"author":2,"featured_media":0,"parent":2,"menu_order":20,"comment_status":"closed","ping_status":"closed","template":"","meta":{"footnotes":""},"class_list":["post-216","page","type-page","status-publish","hentry"],"_links":{"self":[{"href":"https:\/\/www.amtusedom.de\/index.php?rest_route=\/wp\/v2\/pages\/216","targetHints":{"allow":["GET"]}}],"collection":[{"href":"https:\/\/www.amtusedom.de\/index.php?rest_route=\/wp\/v2\/pages"}],"about":[{"href":"https:\/\/www.amtusedom.de\/index.php?rest_route=\/wp\/v2\/types\/page"}],"author":[{"embeddable":true,"href":"https:\/\/www.amtusedom.de\/index.php?rest_route=\/wp\/v2\/users\/2"}],"replies":[{"embeddable":true,"href":"https:\/\/www.amtusedom.de\/index.php?rest_route=%2Fwp%2Fv2%2Fcomments&post=216"}],"version-history":[{"count":11,"href":"https:\/\/www.amtusedom.de\/index.php?rest_route=\/wp\/v2\/pages\/216\/revisions"}],"predecessor-version":[{"id":9547,"href":"https:\/\/www.amtusedom.de\/index.php?rest_route=\/wp\/v2\/pages\/216\/revisions\/9547"}],"up":[{"embeddable":true,"href":"https:\/\/www.amtusedom.de\/index.php?rest_route=\/wp\/v2\/pages\/2"}],"wp:attachment":[{"href":"https:\/\/www.amtusedom.de\/index.php?rest_route=%2Fwp%2Fv2%2Fmedia&parent=216"}],"curies":[{"name":"wp","href":"https:\/\/api.w.org\/{rel}","templated":true}]}}