{"id":23,"date":"2012-08-02T16:54:50","date_gmt":"2012-08-02T14:54:50","guid":{"rendered":"http:\/\/localhost\/wp\/?page_id=23"},"modified":"2025-12-03T11:08:15","modified_gmt":"2025-12-03T09:08:15","slug":"gemeinde-benz","status":"publish","type":"page","link":"https:\/\/www.amtusedom.de\/?page_id=23","title":{"rendered":"Gemeinde Benz"},"content":{"rendered":"<p><a href=\"wp-content\/uploads\/2012\/08\/wappen-benz.png\"><img loading=\"lazy\" decoding=\"async\" class=\"alignright size-full wp-image-151\" title=\"Wappen Benz\" src=\"wp-content\/uploads\/2012\/08\/wappen-benz.png\" alt=\"Wappen Benz\" width=\"96\" height=\"109\" \/><\/a>Die Gemeinde Benz wurde im Jahre 1229 erstmals urkundlich erw\u00e4hnt. 2004 fusionierte die vormals selbst\u00e4ndige Gemeinde Benz mit den Ortsteilen Benz, Lab\u00f6mitz, Stoben und Reetzow mit der Gemeinde Neppermin mit dem Ortsteil Balm. Die Fl\u00e4che der Gemeinde Benz betr\u00e4gt seitdem 24,39 km\u00b2.<\/p>\n<p>Internet: \u00a0\u00a0 \u00a0<a href=\"http:\/\/www.gemeinde-benz.de\" target=\"_blank\" rel=\"noopener noreferrer\">www.gemeinde-benz.de<\/a><\/p>\n<p>Einwohnerzahl (Stand 07\/2024):<br \/>\nGemeinde Benz insgesamt 1124<\/p>\n<p>B\u00fcrgermeister der Gemeinde Benz ist Herr Karl-Heinz Schr\u00f6der.<br \/>\nTermine mit dem B\u00fcrgermeister k\u00f6nnen \u00fcber das Amt Usedom-S\u00fcd abgestimmt werden.<br \/>\nE-Mail: info@amtusedom-sued.de oder Telefon: 038372 7500<br \/>\n<a href=\"https:\/\/www.e-rechnung-bund.de\/faq\/leitweg-id\/\" target=\"_blank\" rel=\"noopener\">Leitweg-ID<\/a>: 13 0 75 010-K000-70<\/p>\n<p><a href=\"https:\/\/www.amtusedom.de\/wp-content\/uploads\/2025\/12\/Bek.-Benz-Sprechstunde_web.pdf\" target=\"_blank\" rel=\"noopener\">Sprechzeiten des B\u00fcrgermeisters 2026<\/a><\/p>\n<p>&nbsp;<\/p>\n<h2 id=\"tablepress-141-name\" class=\"tablepress-table-name tablepress-table-name-id-141\">Die Mitglieder der Gemeindevertretung haben sich am 09.07.2024 konstituiert<\/h2>\n\n<table id=\"tablepress-141\" class=\"tablepress tablepress-id-141\" aria-labelledby=\"tablepress-141-name\">\n<thead>\n<tr class=\"row-1\">\n\t<th class=\"column-1\">Name<\/th><th class=\"column-2\">Position<\/th>\n<\/tr>\n<\/thead>\n<tbody class=\"row-striping row-hover\">\n<tr class=\"row-2\">\n\t<td class=\"column-1\">Herr Karl-Heinz Schr\u00f6der<\/td><td class=\"column-2\">B\u00fcrgermeister<\/td>\n<\/tr>\n<tr class=\"row-3\">\n\t<td class=\"column-1\">Herr Marco Sauck<\/td><td class=\"column-2\">1. stellv. B\u00fcrgermeister<\/td>\n<\/tr>\n<tr class=\"row-4\">\n\t<td class=\"column-1\">Herr Holger Gassmann<\/td><td class=\"column-2\">2. stellv. B\u00fcrgermeister<\/td>\n<\/tr>\n<tr class=\"row-5\">\n\t<td class=\"column-1\">Herr Enrico Tesch<\/td><td class=\"column-2\">Gemeindevertreter<\/td>\n<\/tr>\n<tr class=\"row-6\">\n\t<td class=\"column-1\">Frau Birke Warnke<\/td><td class=\"column-2\">Gemeindevertreterin<\/td>\n<\/tr>\n<tr class=\"row-7\">\n\t<td class=\"column-1\">Herr Maik Reimer<\/td><td class=\"column-2\">Gemeindevertreter<\/td>\n<\/tr>\n<tr class=\"row-8\">\n\t<td class=\"column-1\">Frau Ulrike Adam<\/td><td class=\"column-2\">Gemeindevertreterin<\/td>\n<\/tr>\n<tr class=\"row-9\">\n\t<td class=\"column-1\">Herr Frank Grewe<\/td><td class=\"column-2\">Gemeindevertreter<\/td>\n<\/tr>\n<tr class=\"row-10\">\n\t<td class=\"column-1\">Herr Christian K\u00fchn<\/td><td class=\"column-2\">Gemeindevertreter<\/td>\n<\/tr>\n<tr class=\"row-11\">\n\t<td class=\"column-1\">Herr Christian Sauck<\/td><td class=\"column-2\">Gemeindevertreter<\/td>\n<\/tr>\n<tr class=\"row-12\">\n\t<td class=\"column-1\">Herr Andreas Schr\u00f6der<\/td><td class=\"column-2\">Gemeindevertreter<\/td>\n<\/tr>\n<\/tbody>\n<\/table>\n<!-- #tablepress-141 from cache -->\n<p style=\"text-align: center;\"><strong>Gemeindevertretung Benz<\/strong><\/p>\n<div id=\"attachment_9322\" style=\"width: 870px\" class=\"wp-caption aligncenter\"><a href=\"https:\/\/www.amtusedom.de\/wp-content\/uploads\/2024\/07\/Benz2024-scaled.jpg\" target=\"_blank\" rel=\"noopener\"><img loading=\"lazy\" decoding=\"async\" aria-describedby=\"caption-attachment-9322\" class=\"wp-image-9322 size-large\" src=\"https:\/\/www.amtusedom.de\/wp-content\/uploads\/2024\/07\/Benz2024-1024x768.jpg\" alt=\"\" width=\"860\" height=\"645\" srcset=\"https:\/\/www.amtusedom.de\/wp-content\/uploads\/2024\/07\/Benz2024-1024x768.jpg 1024w, https:\/\/www.amtusedom.de\/wp-content\/uploads\/2024\/07\/Benz2024-300x225.jpg 300w, https:\/\/www.amtusedom.de\/wp-content\/uploads\/2024\/07\/Benz2024-768x576.jpg 768w, https:\/\/www.amtusedom.de\/wp-content\/uploads\/2024\/07\/Benz2024-1536x1152.jpg 1536w, https:\/\/www.amtusedom.de\/wp-content\/uploads\/2024\/07\/Benz2024-2048x1536.jpg 2048w\" sizes=\"auto, (max-width: 860px) 100vw, 860px\" \/><\/a><p id=\"caption-attachment-9322\" class=\"wp-caption-text\">Bild (von links nach rechts) Karl-Heinz Schr\u00f6der, Frank Grewe, Andreas Schr\u00f6der, Maik Reimer, Marco Sauck, Birka Warnke, Ulrike Adam, Holger Gassmann, Christian K\u00fchn, Christian Sauck, Enrico Tesch<\/p><\/div>\n<p>&nbsp;<\/p>\n<p>&nbsp;<\/p>\n<p>&nbsp;<\/p>\n<p><strong>Zu den Sehensw\u00fcrdigkeiten:<\/strong><\/p>\n<p>In den einzelnen Ortsteilen der Gemeinde Benz gibt es zahlreiche Beherbergungs- und Gastronomiebetriebe, aber auch produzierendes Gewerbe. Im Ortsteil Balm befindet sich ein professioneller, turniererprobter Golfplatz. Nicht unerw\u00e4hnt bleiben d\u00fcrfen auch der Reit- und Fahrsportverein Benz e.V., der Sch\u00fctzenverein Neppermin Am Achterwasser e.V. und der Verein Kulturm\u00fchle Benz e.V.! F\u00fcr die Betreuung und Schulbildung der Kinder steht in Benz sowohl ein evangelischer Kindergarten als auch eine evangelische Grundschule zur Verf\u00fcgung. Malerische D\u00f6rfer und unber\u00fchrte Natur machen das Achterland der Insel Usedom aus.<\/p>\n<p>Anfang des 17. Jahrhunderts wurde die mittelalterliche St. Petri Kirche in Benz erbaut. Der barocke Turm stammt aus dem Jahr 1740. Sehenswert ist der Altar und die Deckenmalerei. Auf dem Friedhof befinden sich die Gr\u00e4ber vom Maler Otto Niemeyer Holstein und des Schauspielers Rolf Ludwig. Otto Niemeyer-Holstein hatte 1974 die Benzer M\u00fchle erworben und sich in den letzten 10 Jahren seines Lebens sehr eng mit dieser, dem Dorf Benz und der Kirche verbunden. Ein interessantes Ausflugsziel ist das Kunst-Kabinett Usedom mitten in Benz neben der historischen Kirche. Das Kunst-Kabinett ist als einzige klassische Galerie der Insel Usedom bei Urlaubern bekannt und gern besucht. Ebenso lohnt ein Besuch der Galerie Wittig-Wei\u00dfensee. Die K\u00fcnstlerin und Galeristin pr\u00e4sentiert in ihrer barrierefreien Galerie eigene Werke und Bilder der Klassischen Moderne Vorpommerns in wechselnden Ausstellungen. Weitere Infos auch unter www.kunstkabinett.de bzw. www.utewittig.de.<\/p>\n<p>Immer einen Besuch wert ist die Holl\u00e4nderwindm\u00fchle in Benz. Aufwendig restauriert und betreut wird die M\u00fchle seit 1992 durch den Verein Kulturm\u00fchle Benz e.V., www.muehle-benz.de F\u00fcr den Maler Lyonel Feininger waren die M\u00fchlen auf Usedom gern verwendete Motive. In den Jahren 1908 bis 1912 verbrachte Feininger Sommeraufenthalte auf Usedom. Vor allem in Benz und Neppermin fand er zahlreiche Motive f\u00fcr seine Werke. Dies waren u.a. die Kirche und die Holl\u00e4nderwindm\u00fchle in Benz, alte Bockwindm\u00fchlen in Neppermin und vor allem Wege und Landschaften in der Region.<\/p>\n<div id=\"attachment_1037\" style=\"width: 260px\" class=\"wp-caption alignleft\"><img loading=\"lazy\" decoding=\"async\" aria-describedby=\"caption-attachment-1037\" class=\"size-full wp-image-1037\" title=\"Holl\u00e4nderwindm\u00fchle in Benz\" src=\"wp-content\/uploads\/2012\/09\/benz01.jpg\" alt=\"Holl\u00e4nderwindm\u00fchle in Benz\" width=\"250\" height=\"167\" \/><p id=\"caption-attachment-1037\" class=\"wp-caption-text\">Holl\u00e4nderwindm\u00fchle in Benz<\/p><\/div>\n<div id=\"attachment_1112\" style=\"width: 260px\" class=\"wp-caption alignleft\"><img loading=\"lazy\" decoding=\"async\" aria-describedby=\"caption-attachment-1112\" class=\"size-full wp-image-1112\" title=\"Nepperminer See\" src=\"wp-content\/uploads\/2012\/09\/benz04.jpg\" alt=\"Nepperminer See\" width=\"250\" height=\"167\" \/><p id=\"caption-attachment-1112\" class=\"wp-caption-text\">Nepperminer See<\/p><\/div>\n<div id=\"attachment_1039\" style=\"width: 260px\" class=\"wp-caption alignleft\"><img loading=\"lazy\" decoding=\"async\" aria-describedby=\"caption-attachment-1039\" class=\"size-full wp-image-1039\" title=\"Nepperminer See\" src=\"wp-content\/uploads\/2012\/09\/benz03.jpg\" alt=\"Nepperminer See\" width=\"250\" height=\"167\" \/><p id=\"caption-attachment-1039\" class=\"wp-caption-text\">Nepperminer See<\/p><\/div>","protected":false},"excerpt":{"rendered":"<p>Die Gemeinde Benz wurde im Jahre 1229 erstmals urkundlich erw\u00e4hnt. 2004 fusionierte die vormals selbst\u00e4ndige Gemeinde Benz mit den Ortsteilen Benz, Lab\u00f6mitz, Stoben und Reetzow mit der Gemeinde Neppermin mit dem Ortsteil Balm. Die Fl\u00e4che der Gemeinde Benz betr\u00e4gt seitdem 24,39 km\u00b2. Internet: \u00a0\u00a0 \u00a0www.gemeinde-benz.de Einwohnerzahl (Stand 07\/2024): Gemeinde Benz insgesamt 1124 B\u00fcrgermeister der Gemeinde Benz ist Herr Karl-Heinz Schr\u00f6der.<\/p>\n","protected":false},"author":2,"featured_media":0,"parent":10,"menu_order":1,"comment_status":"closed","ping_status":"closed","template":"","meta":{"footnotes":""},"class_list":["post-23","page","type-page","status-publish","hentry"],"_links":{"self":[{"href":"https:\/\/www.amtusedom.de\/index.php?rest_route=\/wp\/v2\/pages\/23","targetHints":{"allow":["GET"]}}],"collection":[{"href":"https:\/\/www.amtusedom.de\/index.php?rest_route=\/wp\/v2\/pages"}],"about":[{"href":"https:\/\/www.amtusedom.de\/index.php?rest_route=\/wp\/v2\/types\/page"}],"author":[{"embeddable":true,"href":"https:\/\/www.amtusedom.de\/index.php?rest_route=\/wp\/v2\/users\/2"}],"replies":[{"embeddable":true,"href":"https:\/\/www.amtusedom.de\/index.php?rest_route=%2Fwp%2Fv2%2Fcomments&post=23"}],"version-history":[{"count":56,"href":"https:\/\/www.amtusedom.de\/index.php?rest_route=\/wp\/v2\/pages\/23\/revisions"}],"predecessor-version":[{"id":10986,"href":"https:\/\/www.amtusedom.de\/index.php?rest_route=\/wp\/v2\/pages\/23\/revisions\/10986"}],"up":[{"embeddable":true,"href":"https:\/\/www.amtusedom.de\/index.php?rest_route=\/wp\/v2\/pages\/10"}],"wp:attachment":[{"href":"https:\/\/www.amtusedom.de\/index.php?rest_route=%2Fwp%2Fv2%2Fmedia&parent=23"}],"curies":[{"name":"wp","href":"https:\/\/api.w.org\/{rel}","templated":true}]}}