{"id":2598,"date":"2015-04-21T10:57:21","date_gmt":"2015-04-21T08:57:21","guid":{"rendered":"http:\/\/www.amtusedom.de\/?page_id=2598"},"modified":"2020-08-28T11:00:34","modified_gmt":"2020-08-28T09:00:34","slug":"oeffentliche-bekanntmachungen-gemeinde-dargen-archiv","status":"publish","type":"page","link":"https:\/\/www.amtusedom.de\/?page_id=2598","title":{"rendered":"\u00d6ffentliche Bekanntmachungen &#8211; Gemeinde Dargen &#8211; Archiv"},"content":{"rendered":"\n<table id=\"tablepress-27\" class=\"tablepress tablepress-id-27\">\n<tbody class=\"row-striping\">\n<tr class=\"row-1\">\n\t<td class=\"column-1\">03.09.2010<\/td><td class=\"column-2\"><a target=\"_blank\" href=\"ortsrecht\/bm_dargen\/bekanntmachung-20100903-dargen.pdf\" rel=\"noopener noreferrer\">Bekanntmachung Jahresrechnung der Gemeinde Dargen f\u00fcr das Haushaltsjahr 2009<\/a><\/td>\n<\/tr>\n<tr class=\"row-2\">\n\t<td class=\"column-1\">17.02.2011<\/td><td class=\"column-2\"><a target=\"_blank\" href=\"ortsrecht\/bm_dargen\/HHPL%202011%20Dargen%20Bekanntmachung%2017.2.2011.pdf\" rel=\"noopener noreferrer\">Bekanntmachung Haushaltssatzung der Gemeinde Dargen f\u00fcr das Haushaltsjahr 2011<\/a><\/td>\n<\/tr>\n<tr class=\"row-3\">\n\t<td class=\"column-1\">11.03.2011<\/td><td class=\"column-2\"><a target=\"_blank\" href=\"ortsrecht\/bm_dargen\/bekanntmachung-20110311-dargen.pdf\" rel=\"noopener noreferrer\">Bekanntmachung des Amtes Usedom S\u00fcd \u00fcber die Au\u00dfenbereichssatzung f\u00fcr den Bereich Katschow - Feldstra\u00dfe im Ortsteil \tKatschow der Gemeinde Dargen<\/a><\/td>\n<\/tr>\n<tr class=\"row-4\">\n\t<td class=\"column-1\">28.03.2011<\/td><td class=\"column-2\"><a target=\"_blank\" href=\"ortsrecht\/bm_dargen\/bekanntmachung-20110328-dargen-zirchow.pdf\" rel=\"noopener noreferrer\">Bekanntmachung nach \u00a7 3a Satz 2, 2. Halbsatz des Gesetzes \u00fcber die Umweltvertr\u00e4glichkeitspr\u00fcfung<\/a><\/td>\n<\/tr>\n<tr class=\"row-5\">\n\t<td class=\"column-1\">12.01.2012<\/td><td class=\"column-2\"><a target=\"_blank\" href=\"ortsrecht\/bm_dargen\/bekanntmachung-20120112-dargen.pdf\" rel=\"noopener noreferrer\">\u00d6ffentliche Bekanntmachung der Offenlegung<\/a><\/td>\n<\/tr>\n<tr class=\"row-6\">\n\t<td class=\"column-1\">19.01.2012<\/td><td class=\"column-2\"><a target=\"_blank\" href=\"ortsrecht\/bm_dargen\/bekanntmachung-20120119-dargen.pdf\" rel=\"noopener noreferrer\">Bekanntmachung des Amtes Usedom S\u00fcd zum Beschluss Nr. 0001\/12 vom 18.01.2012 \u00fcber die Aufstellung der 2. Erg\u00e4nzung der Klarstellungssatzung mit Erg\u00e4nzungen f\u00fcr die im Zusammenhang bebauten Ortsteile Dargen, Dargen Hof, Katschow, G\u00f6rke, Bossin, Neverow, Pr\u00e4tenow und Kachlin zur Errichtung einer Reithalle im Ortsteil Kachlin der Gemeinde Dargen<\/a><\/td>\n<\/tr>\n<tr class=\"row-7\">\n\t<td class=\"column-1\">23.02.2012<\/td><td class=\"column-2\"><a target=\"_blank\" href=\"ortsrecht\/bm_dargen\/bekanntmachung-20120223-dargen.pdf\" rel=\"noopener noreferrer\">Bekanntmachung des Amtes Usedom S\u00fcd \u00fcber den Beschluss Nr. 0008\/12 vom 22.02.2012 \u00fcber den Entwurf und die Auslegung der 2. Erg\u00e4nzung der Klarstellungssatzung mit Erg\u00e4nzungen f\u00fcr die im Zusammenhang bebauten Ortsteile Dargen, Dargen Hof, Katschow, G\u00f6rke, Bossin, Neverow, Pr\u00e4tenow und Kachlin zur Errichtung einer Reithalle im Ortsteil Kachlin der Gemeinde Dargen<\/a><\/td>\n<\/tr>\n<tr class=\"row-8\">\n\t<td class=\"column-1\">13.04.2012<\/td><td class=\"column-2\"><a target=\"_blank\" href=\"ortsrecht\/bm_dargen\/bekanntmachung-20120413-dargen.pdf\" rel=\"noopener noreferrer\">Amtliche Bekanntmachung zum \u00dcbergang eines Sitzes in der Gemeindevertretung Dargen<\/a><\/td>\n<\/tr>\n<tr class=\"row-9\">\n\t<td class=\"column-1\">21.05.2012<\/td><td class=\"column-2\"><a target=\"_blank\" href=\"ortsrecht\/bm_dargen\/bekanntmachung-20120521-dargen.pdf\" rel=\"noopener noreferrer\">Bekanntmachung des Amtes Usedom S\u00fcd \u00fcber die 2. Erg\u00e4nzung der Klarstellungssatzung mit Erg\u00e4nzungen f\u00fcr die im Zusammenhang bebauten Ortsteile Dargen, Dargen Hof, Katschow, G\u00f6rke, Bossin, Neverow, Pr\u00e4tenow und Kachlin zur Errichtung einer Reithalle im Ortsteil Kachlin der Gemeinde Dargen<\/a><\/td>\n<\/tr>\n<tr class=\"row-10\">\n\t<td class=\"column-1\">04.07.2012<\/td><td class=\"column-2\"><a target=\"_blank\" href=\"ortsrecht\/bm_dargen\/bekanntmachung-20120704-dargen.pdf\" rel=\"noopener noreferrer\">Bekanntmachung Haushaltssatzung der Gemeinde Dargen f\u00fcr das Haushaltsjahr 2012<\/a><\/td>\n<\/tr>\n<tr class=\"row-11\">\n\t<td class=\"column-1\">18.02.2013<\/td><td class=\"column-2\"><a target=\"_blank\" href=\"ortsrecht\/bm_dargen\/bekanntmachung-20130218-dargen.pdf\" rel=\"noopener noreferrer\">Bekanntmachung Satzung \u00fcber die Festsetzung der Hebs\u00e4tze f\u00fcr die Grundsteuer und Gewerbesteuer in der Gemeinde Dargen (Hebesatzsatzung 2013)<\/a><\/td>\n<\/tr>\n<tr class=\"row-12\">\n\t<td class=\"column-1\">15.05.2013<\/td><td class=\"column-2\"><a target=\"_blank\" href=\"ortsrecht\/bm_dargen\/bekanntmachung-20130514-dargen.pdf\" rel=\"noopener noreferrer\">Bekanntmachung Haushaltssatzung der Gemeinde Dargen f\u00fcr das Haushaltsjahr 2013<\/a><\/td>\n<\/tr>\n<tr class=\"row-13\">\n\t<td class=\"column-1\">25.07.2013<\/td><td class=\"column-2\"><a target=\"_blank\" href=\"ortsrecht\/bm_dargen\/bekanntmachung-20130725-dargen.pdf\" rel=\"noopener noreferrer\">Bekanntmachung Jahresrechnung der Gemeinde Dargen f\u00fcr das Haushaltsjahr 2010<\/a><\/td>\n<\/tr>\n<tr class=\"row-14\">\n\t<td class=\"column-1\">04.12.2013<\/td><td class=\"column-2\"><a target=\"_blank\" href=\"ortsrecht\/bm_dargen\/bekanntmachung-20131204-dargen.pdf\" rel=\"noopener noreferrer\">Bekanntmachung des Amtes Usedom S\u00fcd zum Beschluss Nr. 0018\/13 vom 27.11.2013 \u00fcber die Aufstellung der 3. Erg\u00e4nzung der Klarstellungssatzung mit Erg\u00e4nzungen f\u00fcr die im Zusammenhang bebauten Ortsteile Dargen, Dargen Hof, Katschow, G\u00f6rke, Bossin, Neverow, Pr\u00e4tenow und Kachlin f\u00fcr Grundst\u00fccke in den Ortsteilen Katschow und Dargen Hof der Gemeinde Dargen<\/a><\/td>\n<\/tr>\n<tr class=\"row-15\">\n\t<td class=\"column-1\">04.12.2013<\/td><td class=\"column-2\"><a target=\"_blank\" href=\"ortsrecht\/bm_dargen\/bekanntmachung-20131204-2-dargen.pdf\" rel=\"noopener noreferrer\">Bekanntmachung Satzung \u00fcber die Festsetzung der Hebes\u00e4tze f\u00fcr die Grundsteuer und Gewerbesteuer in der Gemeinde Dargen (Hebesatzsatzung 2014)<\/a><\/td>\n<\/tr>\n<tr class=\"row-16\">\n\t<td class=\"column-1\">22.04.2014<\/td><td class=\"column-2\"><a target=\"_blank\" href=\"ortsrecht\/bm_dargen\/bekanntmachung-20140422-dargen.pdf\" rel=\"noopener noreferrer\">Bekanntmachung des Amtes Usedom S\u00fcd \u00fcber die Satzung zur 3. Erg\u00e4nzung der Klarstellungssatzung mit Erg\u00e4nzungen f\u00fcr die im Zusammenhang bebauten Ortsteile Dargen, Dargen Hof, Katschow, G\u00f6rke, Bossin, Neverow, Pr\u00e4tenow und Kachlin f\u00fcr Grundst\u00fccke in den Ortsteilen Katschow und Darqen Hof der Gemeinde Dargen<\/a><\/td>\n<\/tr>\n<tr class=\"row-17\">\n\t<td class=\"column-1\">02.06.2014<\/td><td class=\"column-2\"><a target=\"_blank\" href=\"ortsrecht\/bm_dargen\/bekanntmachung-20140602-dargen.pdf\" rel=\"noopener noreferrer\">Bekanntmachung der Haushaltssatzung der Gemeinde Dargen f\u00fcr das Haushaltsjahr 2014<br \/>\n<\/a><\/td>\n<\/tr>\n<tr class=\"row-18\">\n\t<td class=\"column-1\">30.06.2014<\/td><td class=\"column-2\"><a target=\"_blank\" href=\"ortsrecht\/bm_pudagla\/bekanntmachung-20140630-pudagla.pdf\" rel=\"noopener noreferrer\">Bekanntmachung: Anordnungsbeschluss \u00fcber die Einleitung eines freiwilligen Landtauschverfahrens<\/a><\/td>\n<\/tr>\n<tr class=\"row-19\">\n\t<td class=\"column-1\">09.09.2014<\/td><td class=\"column-2\"><a target=\"_blank\" href=\"ortsrecht\/bm_dargen\/bekanntmachung-20140909-dargen.pdf\" rel=\"noopener noreferrer\">Bekanntmachung Jahresrechnung der Gemeinde Dargen f\u00fcr das Haushaltsjahr 2011<\/a><\/td>\n<\/tr>\n<tr class=\"row-20\">\n\t<td class=\"column-1\">09.09.2014<\/td><td class=\"column-2\"><a target=\"_blank\" href=\"ortsrecht\/bm_dargen\/bekanntmachung-20140909-1-dargen.pdf\" rel=\"noopener noreferrer\">Bekanntmachung des Amtes Usedom-S\u00fcd \u00fcber die Er\u00f6ffnungsbilanz der Gemeinde Dargen zum 01.01.2012<\/a><\/td>\n<\/tr>\n<tr class=\"row-21\">\n\t<td class=\"column-1\">04.06.2015<\/td><td class=\"column-2\"><a target=\"_blank\" href=\"ortsrecht\/bm_dargen\/bekanntmachung-20150604-dargen.pdf\" rel=\"noopener noreferrer\">Bekanntmachung der Haushaltssatzung der Gemeinde Dargen f\u00fcr das Haushaltsjahr 2015<\/a><\/td>\n<\/tr>\n<tr class=\"row-22\">\n\t<td class=\"column-1\">02.12.2015<\/td><td class=\"column-2\"><a target=\"_blank\" href=\"ortsrecht\/bm_dargen\/bekanntmachung-20151202-dargen.pdf\" rel=\"noopener noreferrer\">Orts\u00fcbliche Bekanntmachung der Offenlegung der Niederschrift \u00fcber den Grenztermin<\/a><\/td>\n<\/tr>\n<tr class=\"row-23\">\n\t<td class=\"column-1\">01.04.2016<\/td><td class=\"column-2\"><a target=\"_blank\" href=\"ortsrecht\/bm_dargen\/bekanntmachung-20160104-dargen.pdf\" rel=\"noopener noreferrer\">Bekanntmachung der Satzung \u00fcber die Festsetzung der Hebes\u00e4tze f\u00fcr die Grundsteuer und Gewerbesteuer in der Gemeinde Dargen<\/a><\/td>\n<\/tr>\n<tr class=\"row-24\">\n\t<td class=\"column-1\">14.03.2016<\/td><td class=\"column-2\"><a target=\"_blank\" href=\"ortsrecht\/bm_dargen\/Bek.JR2012-Dargen.pdf\" rel=\"noopener noreferrer\">Bekanntmachung Jahresrechnung der Gemeinde Dargen f\u00fcr das Haushaltsjahr 2012 und Entlastung der B\u00fcrgermeisterin<\/a><\/td>\n<\/tr>\n<tr class=\"row-25\">\n\t<td class=\"column-1\">05.04.2016<\/td><td class=\"column-2\"><a target=\"_blank\" href=\"ortsrecht\/bm_dargen\/bekanntmachung-20160405-1-dargen.pdf\" rel=\"noopener noreferrer\">Orts\u00fcbliche Bekanntmachung der Offenlegung der Niederschrift \u00fcber einen Grenztermin<\/a><\/td>\n<\/tr>\n<tr class=\"row-26\">\n\t<td class=\"column-1\">05.04.2016<\/td><td class=\"column-2\"><a target=\"_blank\" href=\"ortsrecht\/bm_dargen\/bekanntmachung-20160405-2-dargen.pdf\" rel=\"noopener noreferrer\">Mitteilung eines Grenztermins (Orts\u00fcbliche Bekanntmachung)<\/a><\/td>\n<\/tr>\n<tr class=\"row-27\">\n\t<td class=\"column-1\">15.04.2016<\/td><td class=\"column-2\"><a target=\"_blank\" href=\"ortsrecht\/bm_dargen\/bekanntmachung-20160415-dargen.pdf\" rel=\"noopener noreferrer\">Bekanntmachung der Haushaltssatzung der Gemeinde Dargen f\u00fcr das Haushaltsjahr 2016<\/a><\/td>\n<\/tr>\n<tr class=\"row-28\">\n\t<td class=\"column-1\">24.05.2016<\/td><td class=\"column-2\"><a target=\"_blank\" href=\"ortsrecht\/bm_dargen\/bekanntmachung-20160524-dargen.pdf\" rel=\"noopener noreferrer\">Orts\u00fcbliche Bekanntmachung der Offenlegung der Niederschrift \u00fcber den Grenztermin<\/a><\/td>\n<\/tr>\n<tr class=\"row-29\">\n\t<td class=\"column-1\">15.12.2016<\/td><td class=\"column-2\"><a href=\"ortsrecht\/or_dargen\/dargen-hebesatzung.pdf\" target=\"_blank\" rel=\"noopener noreferrer\">Satzung \u00fcber die Festsetzung der Hebes\u00e4tze f\u00fcr die Grundsteuer und Gewerbesteuer in der Gemeinde Dargen (Hebesatzsatzung 2017)<\/a><\/td>\n<\/tr>\n<tr class=\"row-30\">\n\t<td class=\"column-1\">29.12.2016<\/td><td class=\"column-2\"><a target=\"_blank\" href=\"ortsrecht\/bm_dargen\/bekanntmachung-20161229-dargen.pdf\" rel=\"noopener noreferrer\">Orts\u00fcbliche Bekanntmachung der Offenlegung der Niederschrift \u00fcber den Grenztermin<\/a><\/td>\n<\/tr>\n<tr class=\"row-31\">\n\t<td class=\"column-1\">07.04.2017<\/td><td class=\"column-2\"><a target=\"_blank\" href=\"ortsrecht\/bm_dargen\/bekanntmachung-20170407-dargen.pdf\" rel=\"noopener noreferrer\">Bekanntmachung der Feststellung der Jahresrechnung 2013 und der Entlastung der B\u00fcrgermeisterin<\/a><\/td>\n<\/tr>\n<tr class=\"row-32\">\n\t<td class=\"column-1\">18.05.2017<\/td><td class=\"column-2\"><a target=\"_blank\" href=\"ortsrecht\/bm_dargen\/bekanntmachung-20170518-dargen.pdf\" rel=\"noopener noreferrer\">Bekanntmachung der Haushaltssatzung der Gemeinde Dargen f\u00fcr das Haushaltsjahr 2017<\/a><\/td>\n<\/tr>\n<tr class=\"row-33\">\n\t<td class=\"column-1\">23.05.2017<\/td><td class=\"column-2\"><a target=\"_blank\" href=\"ortsrecht\/bm_dargen\/bekanntmachung-20170523-dargen.pdf\" rel=\"noopener noreferrer\">Bekanntmachung: \u00d6ffentliche Auslegung gem\u00e4\u00df \u00a7 9 Abs. 3 und 4 des Stra\u00dfen- und Wegegesetz Mecklenburg-Vorpommern<\/a><\/td>\n<\/tr>\n<tr class=\"row-34\">\n\t<td class=\"column-1\">10.08.2017<\/td><td class=\"column-2\"><a target=\"_blank\" href=\"ortsrecht\/bm_dargen\/bekanntmachung-20170810-dargen.pdf\" rel=\"noopener noreferrer\">Orts\u00fcbliche Bekanntmachung der Offenlegung der Niederschrift \u00fcber den Grenztermin<\/a><\/td>\n<\/tr>\n<tr class=\"row-35\">\n\t<td class=\"column-1\">04.12.2017<\/td><td class=\"column-2\"><a target=\"_blank\" href=\"ortsrecht\/bm_dargen\/bekanntmachung-20171204-1-dargen.pdf\" rel=\"noopener noreferrer\">Bekanntmachung der Feststellung der Jahresrechnung 2014 und der Entlastung des B\u00fcrgermeisters<\/a><\/td>\n<\/tr>\n<tr class=\"row-36\">\n\t<td class=\"column-1\">04.12.2017<\/td><td class=\"column-2\"><a target=\"_blank\" href=\"ortsrecht\/bm_dargen\/bekanntmachung-20171204-2-dargen.pdf\" rel=\"noopener noreferrer\">Bekanntmachung der Feststellung der Jahresrechnung 2015 und der Entlastung des B\u00fcrgermeisters<\/a><\/td>\n<\/tr>\n<tr class=\"row-37\">\n\t<td class=\"column-1\">06.06.2018<\/td><td class=\"column-2\"><a target=\"_blank\" href=\"ortsrecht\/bm_dargen\/bekanntmachung-20180606-dargen.pdf\" rel=\"noopener noreferrer\">Bekanntmachung der Haushaltssatzung der Gemeinde Dargen f\u00fcr das Haushaltsjahr 2018<\/a><\/td>\n<\/tr>\n<tr class=\"row-38\">\n\t<td class=\"column-1\">19.03.2019<\/td><td class=\"column-2\"><a target=\"_blank\" href=\"ortsrecht\/bm_dargen\/bekanntmachung-20190319-dargen.pdf\" rel=\"noopener noreferrer\">Bekanntmachung der Feststellung der Jahresrechnung 2016 und der Entlastung des B\u00fcrgermeisters<\/a><\/td>\n<\/tr>\n<tr class=\"row-39\">\n\t<td class=\"column-1\">26.03.2019<\/td><td class=\"column-2\"><a target=\"_blank\" href=\"ortsrecht\/bm_dargen\/bekanntmachung-20190326-dargen.pdf\" rel=\"noopener noreferrer\">Bekanntmachung der Gemeinde Dargen \u00fcber den Beschluss Nr. GVDa-0087\/19 vom 07.03.2019 zur Aufstellung der 4. Erg\u00e4nzung der Klarstellungssatzung mit Erg\u00e4nzungen f\u00fcr die im Zusammenhang bebauten Ortsteile Dargen, Dargen Hof, Katschow, G\u00f6rke, Bossin, Neverow, Pr\u00e4tenow und Kachlin f\u00fcr eine Teilfl\u00e4che aus Flurst\u00fcck 95\/4, Flur 1, Gemarkung Dargen in Dargen Hof<\/a><\/td>\n<\/tr>\n<tr class=\"row-40\">\n\t<td class=\"column-1\">03.05.2019<\/td><td class=\"column-2\"><a target=\"_blank\" href=\"ortsrecht\/bm_dargen\/bekanntmachung-20190503-dargen.pdf\" rel=\"noopener noreferrer\">Bekanntmachung des Berichtes \u00fcber die \u00fcber\u00f6rtliche Pr\u00fcfung der Haushaltsjahre 2012 \u2013 2015 der Gemeinde Dargen<\/a><\/td>\n<\/tr>\n<tr class=\"row-41\">\n\t<td class=\"column-1\">08.05.2019<\/td><td class=\"column-2\"><a target=\"_blank\" href=\"ortsrecht\/bm_dargen\/bekanntmachung-20190508-dargen.pdf\" rel=\"noopener noreferrer\">Bekanntmachung der Gemeinde Dargen \u00fcber den Beschluss Nr. GVDa-0094\/19 vom 02.05.2019 zur Aufstellung der 5. Erg\u00e4nzung der Klarstellungssatzung mit Erg\u00e4nzungen f\u00fcr die im Zusammenhang bebauten Ortsteile Dargen, Dargen Hof, Katschow, G\u00f6rke, Bossin, Neverow, Pr\u00e4tenow und Kachlin f\u00fcr eine Teilfl\u00e4che aus Flurst\u00fcck 129, Flur 2, Gemarkung Katschow <\/a><\/td>\n<\/tr>\n<tr class=\"row-42\">\n\t<td class=\"column-1\">05.08.2019<\/td><td class=\"column-2\"><a target=\"_blank\" href=\"ortsrecht\/bm_dargen\/bekanntmachung-20190805-dargen.pdf\" rel=\"noopener noreferrer\">Bekanntmachung der Haushaltssatzung der Gemeinde Dargen f\u00fcr das Haushaltsjahr 2019<\/a><\/td>\n<\/tr>\n<tr class=\"row-43\">\n\t<td class=\"column-1\">12.08.2019<\/td><td class=\"column-2\"><a target=\"_blank\" href=\"ortsrecht\/bm_dargen\/bekanntmachung-20190812-dargen.pdf\" rel=\"noopener noreferrer\">\u00d6ffentliche Auslegung gem\u00e4\u00df \u00a7 9 Abs. 3 und 4 des Stra\u00dfen- und Wegegesetz Mecklenburg-Vorpommern<\/a><\/td>\n<\/tr>\n<tr class=\"row-44\">\n\t<td class=\"column-1\">18.11.2019<\/td><td class=\"column-2\"><a target=\"_blank\" href=\"ortsrecht\/bm_dargen\/bekanntmachung-20191118-dargen.pdf\" rel=\"noopener noreferrer\">Bekanntmachung der Gemeinde Dargen: \u00d6ffentliche Auslegung gem\u00e4\u00df \u00a7 9 Abs. 3 und 4 des Stra\u00dfen- und Wegegesetz Mecklenburg-Vorpommern<\/a><\/td>\n<\/tr>\n<tr class=\"row-45\">\n\t<td class=\"column-1\">05.12.2019<\/td><td class=\"column-2\"><a target=\"_blank\" href=\"ortsrecht\/bm_dargen\/bekanntmachung-20191205-dargen.pdf\" rel=\"noopener noreferrer\">Orts\u00fcbliche Bekanntmachung der Offenlegung der Niederschrift\/Protokoll \u00fcber eine Sonderung<\/a><\/td>\n<\/tr>\n<tr class=\"row-46\">\n\t<td class=\"column-1\">21.02.2020<\/td><td class=\"column-2\"><a target=\"_blank\" href=\"ortsrecht\/bm_dargen\/bekanntmachung-20200221-dargen.pdf\" rel=\"noopener noreferrer\">Bekanntmachung der Gemeinde Dargen zum Beschluss Nr. GVDa-120\/2020 vom 20.02.2020 \u00fcber den Entwurf und die \u00f6ffentliche Auslegung der 4. Erg\u00e4nzung der Klarstellungssatzung mit Erg\u00e4nzungen f\u00fcr die im Zusammenhang bebauten Ortsteile Dargen, Dargen Hof, Katschow, G\u00f6rke, Bossin, Neverow, Pr\u00e4tenow und Kachlin f\u00fcr Flurst\u00fcck 95\/5, Flur 1, Gemarkung Dargen in Dargen Hof<\/a><\/td>\n<\/tr>\n<tr class=\"row-47\">\n\t<td class=\"column-1\">13.03.2020<\/td><td class=\"column-2\"><a target=\"_blank\" href=\"ortsrecht\/bm_dargen\/bekanntmachung-20200313-dargen.pdf\" rel=\"noopener noreferrer\">Bekanntmachung der Gemeinde Dargen zum Beschluss Nr. GVDa-0123\/20 \u00fcber den Entwurf und die \u00f6ffentliche Auslegung der 5. Erg\u00e4nzung der Klarstellungssatzung mit Erg\u00e4nzungen f\u00fcr die im Zusammenhang bebauten Ortsteile Dargen, Dargen Hof, Katschow, G\u00f6rke, Bossin, Neverow, Pr\u00e4tenow und Kachlin f\u00fcr Teilfl\u00e4chen aus den Flurst\u00fccken 129 und 85, Flur 2, Gemarkung Katschow im Ortsteil Katschow<\/a><\/td>\n<\/tr>\n<tr class=\"row-48\">\n\t<td class=\"column-1\">16.04.2020<\/td><td class=\"column-2\"><a target=\"_blank\" href=\"ortsrecht\/bm_dargen\/bekanntmachung-20200416-dargen.pdf\" rel=\"noopener noreferrer\">Bekanntmachung der Gemeinde Dargen zum Beschluss Nr. GVDa-0123\/20 \u00fcber den Entwurf und die \u00f6ffentliche Auslegung der 5. Erg\u00e4nzung der Klarstellungssatzung mit Erg\u00e4nzungen f\u00fcr die im Zusammenhang bebauten Ortsteile Dargen, Dargen Hof, Katschow, G\u00f6rke, Bossin, Neverow, Pr\u00e4tenow und Kachlin f\u00fcr Teilfl\u00e4chen aus den Flurst\u00fccken 129 und 85, Flur 2, Gemarkung Katschow im Ortsteil Katschow<\/a><\/td>\n<\/tr>\n<tr class=\"row-49\">\n\t<td class=\"column-1\">20.04.2020<\/td><td class=\"column-2\"><a target=\"_blank\" href=\"ortsrecht\/bm_dargen\/bekanntmachung-20200420-dargen.pdf\" rel=\"noopener noreferrer\">Bekanntmachung der Gemeinde Dargen zum Beschluss Nr. GVDa-120\/2020 vom 20.02.2020 \u00fcber den Entwurf und die \u00f6ffentliche Auslegung der 4. Erg\u00e4nzung der Klarstellungssatzung mit Erg\u00e4nzungen f\u00fcr die im Zusammenhang bebauten Ortsteile Dargen, Dargen Hof, Katschow, G\u00f6rke, Bossin, Neverow, Pr\u00e4tenow und Kachlin f\u00fcr Flurst\u00fcck 95\/5, Flur 1, Gemarkung Dargen in Dargen Hof<\/a><\/td>\n<\/tr>\n<tr class=\"row-50\">\n\t<td class=\"column-1\">27.04.2020<\/td><td class=\"column-2\"><a target=\"_blank\" href=\"ortsrecht\/bm_dargen\/bekanntmachung-20200427-dargen.pdf\" rel=\"noopener noreferrer\">Bekanntmachung der Haushaltssatzung der Gemeinde Dargen f\u00fcr das Haushaltsjahr 2020<\/a><\/td>\n<\/tr>\n<tr class=\"row-51\">\n\t<td class=\"column-1\">14.05.2020<\/td><td class=\"column-2\"><a target=\"_blank\" href=\"ortsrecht\/bm_dargen\/bekanntmachung-20200514-2-dargen.pdf\" rel=\"noopener noreferrer\">\t\u00d6ffentliche Bekanntmachung (Schlussfeststellung) im Flurneuordnungsverfahren Korswandt<\/a><\/td>\n<\/tr>\n<tr class=\"row-52\">\n\t<td class=\"column-1\">14.05.2020<\/td><td class=\"column-2\"><a target=\"_blank\" href=\"ortsrecht\/bm_dargen\/bekanntmachung-20200514-4-dargen.pdf\" rel=\"noopener noreferrer\">\t\u00d6ffentliche Bekanntmachung (Schlussfeststellung) im Flurneuordnungsverfahren Benz<\/a><\/td>\n<\/tr>\n<tr class=\"row-53\">\n\t<td class=\"column-1\">17.07.2020<\/td><td class=\"column-2\"><a target=\"_blank\" href=\"ortsrecht\/bm_dargen\/bekanntmachung-20200717-dargen.pdf\" rel=\"noopener noreferrer\">Bekanntmachung der Gemeinde Dargen zum Beschluss Nr. GVDa-0127\/20 vom 16.06.2020 \u00fcber die Satzung zur 4. Erg\u00e4nzung der Klarstellungssatzung mit Erg\u00e4nzungen f\u00fcr die im Zusammenhang bebauten Ortsteile Dargen, Dargen Hof, Katschow, G\u00f6rke, Bossin, Neverow, Pr\u00e4tenow und Kachlin f\u00fcr Flurst\u00fcck 95\/5, Flur 1, Gemarkung Dargen in Dargen Hof<\/a><\/td>\n<\/tr>\n<tr class=\"row-54\">\n\t<td class=\"column-1\">28.10.2020<\/td><td class=\"column-2\"><a target=\"_blank\" href=\"ortsrecht\/bm_dargen\/bekanntmachung-20201028-dargen.pdf\" rel=\"noopener noreferrer\">Bekanntmachung der Gemeinde Dargen zum Beschluss Nr. GVDa-0141\/20 vom 15.10.2020 \u00fcber die Satzung zur 5. Erg\u00e4nzung der Klarstellungssatzung mit Erg\u00e4nzungen f\u00fcr die im Zusammenhang bebauten Ortsteile Dargen, Dargen Hof, Katschow, G\u00f6rke, Bossin, Neverow, Pr\u00e4tenow und Kachlin f\u00fcr Teilfl\u00e4chen aus den Flurst\u00fccken 129 und 85, Flur 2, Gemarkung Katschow<\/a><\/td>\n<\/tr>\n<\/tbody>\n<\/table>\n<!-- #tablepress-27 from cache -->\n<p><a href=\"?page_id=459\" title=\"\u00d6ffentliche Bekanntmachungen -Gemeinde Dargen\">Zu den aktuellen Bekanntmachungen&#8230;<\/a><\/p>","protected":false},"excerpt":{"rendered":"<p>Zu den aktuellen Bekanntmachungen&#8230;<\/p>\n","protected":false},"author":2,"featured_media":0,"parent":0,"menu_order":0,"comment_status":"closed","ping_status":"closed","template":"","meta":{"footnotes":""},"class_list":["post-2598","page","type-page","status-publish","hentry"],"_links":{"self":[{"href":"https:\/\/www.amtusedom.de\/index.php?rest_route=\/wp\/v2\/pages\/2598","targetHints":{"allow":["GET"]}}],"collection":[{"href":"https:\/\/www.amtusedom.de\/index.php?rest_route=\/wp\/v2\/pages"}],"about":[{"href":"https:\/\/www.amtusedom.de\/index.php?rest_route=\/wp\/v2\/types\/page"}],"author":[{"embeddable":true,"href":"https:\/\/www.amtusedom.de\/index.php?rest_route=\/wp\/v2\/users\/2"}],"replies":[{"embeddable":true,"href":"https:\/\/www.amtusedom.de\/index.php?rest_route=%2Fwp%2Fv2%2Fcomments&post=2598"}],"version-history":[{"count":2,"href":"https:\/\/www.amtusedom.de\/index.php?rest_route=\/wp\/v2\/pages\/2598\/revisions"}],"predecessor-version":[{"id":5854,"href":"https:\/\/www.amtusedom.de\/index.php?rest_route=\/wp\/v2\/pages\/2598\/revisions\/5854"}],"wp:attachment":[{"href":"https:\/\/www.amtusedom.de\/index.php?rest_route=%2Fwp%2Fv2%2Fmedia&parent=2598"}],"curies":[{"name":"wp","href":"https:\/\/api.w.org\/{rel}","templated":true}]}}