{"id":2606,"date":"2015-04-21T11:09:06","date_gmt":"2015-04-21T09:09:06","guid":{"rendered":"http:\/\/www.amtusedom.de\/?page_id=2606"},"modified":"2020-08-28T11:00:59","modified_gmt":"2020-08-28T09:00:59","slug":"oeffentliche-bekanntmachungen-gemeinde-garz-archiv","status":"publish","type":"page","link":"https:\/\/www.amtusedom.de\/?page_id=2606","title":{"rendered":"\u00d6ffentliche Bekanntmachungen &#8211; Gemeinde Garz &#8211; Archiv"},"content":{"rendered":"\n<table id=\"tablepress-28\" class=\"tablepress tablepress-id-28\">\n<tbody class=\"row-striping\">\n<tr class=\"row-1\">\n\t<td class=\"column-1\">01.10.2010<\/td><td class=\"column-2\"><a target=\"_blank\" href=\"ortsrecht\/bm_garz\/bekanntmachung-20101001-garz.pdf\" rel=\"noopener noreferrer\">Bekanntmachung Jahresrechnung der Gemeinde Garz f\u00fcr das Haushaltsjahr 2009<\/a><\/td>\n<\/tr>\n<tr class=\"row-2\">\n\t<td class=\"column-1\">17.02.2011<\/td><td class=\"column-2\"><a target=\"_blank\" href=\"ortsrecht\/bm_garz\/HHPL%202011%20Garz%20Bekanntmachung%2017.02.2011.pdf\" rel=\"noopener noreferrer\">Bekanntmachung Haushaltssatzung der Gemeinde Garz f\u00fcr das Haushaltsjahr 2011<\/a><\/td>\n<\/tr>\n<tr class=\"row-3\">\n\t<td class=\"column-1\">07.03.2011<\/td><td class=\"column-2\"><a target=\"_blank\" href=\"ortsrecht\/bm_garz\/bekanntmachung-201103071-garz.pdf\" rel=\"noopener noreferrer\">Bekanntmachung des Amtes Usedom S\u00fcd \u00fcber den Beschluss Nr. 0003\/11 vom 02.03.2011 zur Aufstellung des \tBebauungsplanes Nr. 2 \u201eJagdhaus und Medical-Wellness-Center an der B 110\" der Gemeinde Garz<\/a><\/td>\n<\/tr>\n<tr class=\"row-4\">\n\t<td class=\"column-1\">07.03.2011<\/td><td class=\"column-2\"><a target=\"_blank\" href=\"ortsrecht\/bm_garz\/bekanntmachung-201103072-garz.pdf\" rel=\"noopener noreferrer\">Bekanntmachung des Amtes Usedom S\u00fcd \u00fcber den Beschluss Nr. 0002\/11 vom 02.03.2011 zur Aufstellung der 2. \u00c4nderung des Fl\u00e4chennutzungsplanes der Gemeinde Garz<\/a><\/td>\n<\/tr>\n<tr class=\"row-5\">\n\t<td class=\"column-1\">23.08.2011<\/td><td class=\"column-2\"><a target=\"_blank\" href=\"ortsrecht\/bm_garz\/bekanntmachung-20110823-garz.pdf\" rel=\"noopener noreferrer\">Bekanntmachung f\u00fcr das Vorhaben \"Wiedervern\u00e4ssung im Naturschutzgebiet Zerninseesenke und Swinemoor\"<\/a><\/td>\n<\/tr>\n<tr class=\"row-6\">\n\t<td class=\"column-1\">28.11.2011<\/td><td class=\"column-2\"><a target=\"_blank\" href=\"ortsrecht\/bm_garz\/bekanntmachung-20111128-garz.pdf\" rel=\"noopener noreferrer\">\u00d6ffentliche Bekanntmachung im Verfahren nach dem Bodensonderungsgesetz -BoSoG Sonderungsplan Nr. 03\/11<\/a><\/td>\n<\/tr>\n<tr class=\"row-7\">\n\t<td class=\"column-1\">21.06.2012<\/td><td class=\"column-2\"><a target=\"_blank\" href=\"ortsrecht\/bm_garz\/bekanntmachung-20120621-garz.pdf\" rel=\"noopener noreferrer\">Bekanntmachung Haushaltssatzung der Gemeinde Garz f\u00fcr das Haushaltsjahr 2012<\/a><\/td>\n<\/tr>\n<tr class=\"row-8\">\n\t<td class=\"column-1\">13.07.2012<\/td><td class=\"column-2\"><a target=\"_blank\" href=\"ortsrecht\/bm_garz\/Bek.%20Aufstellungsbeschluss%202.%20Aend.%20B-Plan%201%20Garz%20Vitalwelt.pdf\" rel=\"noopener noreferrer\">Bekanntmachung des Amtes Usedom-S\u00fcd \u00fcber den Beschluss Nr. 0008\/12 vom 11.07.2012 zur Aufstellung der 2. \u00c4nderung des \tBebauungsplanes Nr. 1 \"Vitalwelt \tInseltr\u00e4ume\" <\/a><\/td>\n<\/tr>\n<tr class=\"row-9\">\n\t<td class=\"column-1\">13.07.2012<\/td><td class=\"column-2\"><a target=\"_blank\" href=\"ortsrecht\/bm_garz\/Bek.%20Erweiterung%201.%20Aend.%20FNP%20Garz%20Vitalwelt.pdf\" rel=\"noopener noreferrer\">Bekanntmachung des Amtes Usedom-S\u00fcd \u00fcber den Beschluss Nr. 0007\/12 vom 11.07.2012 zur Erweiterung der 1. \u00c4nderung des Fl\u00e4chennutzungsplanes auf den gesamten Geltungsbereich des B-Planes Nr. 1 Vitalwelt Inseltr\u00e4ume\"<\/a><\/td>\n<\/tr>\n<tr class=\"row-10\">\n\t<td class=\"column-1\">13.07.2012<\/td><td class=\"column-2\"><a target=\"_blank\" href=\"ortsrecht\/bm_garz\/Bek.%20Garz%201.%20Ergaenzung%20FNP%20Wohn-%20und%20Sonderbauflaechen.pdf\" rel=\"noopener noreferrer\">Bekanntmachung des Amtes Usedom-S\u00fcd \u00fcber \tden Beschluss Nr. 0006\/12 vom 11.07.2012 zur Reduzierung des Verfahrens zur 1. \u00c4nderung und Erg\u00e4nzung des \tFl\u00e4chennutzungsplanes auf die 1. Erg\u00e4nzung des FNP f\u00fcr die Wohn- und Sonderbaufl\u00e4chen im Dorf Garz<\/a><\/td>\n<\/tr>\n<tr class=\"row-11\">\n\t<td class=\"column-1\">17.12.2012<\/td><td class=\"column-2\"><a target=\"_blank\" href=\"ortsrecht\/bm_garz\/bekanntmachung-20121217-garz.pdf\" rel=\"noopener noreferrer\">Bekanntmachung des Amtes Usedom S\u00fcd zum Beschluss Nr. 0011\/12 vom 15.11.2012 \u00fcber den Entwurf und die Auslegung der 1. \u00c4nderung des Fl\u00e4chennutzungsplanes f\u00fcr den Geltungsbereich des Bebauungsplanes Nr. 1 \u201eVitalwelt Inseltr\u00e4ume\" der Gemeinde Garz<\/a><\/td>\n<\/tr>\n<tr class=\"row-12\">\n\t<td class=\"column-1\">18.02.2013<\/td><td class=\"column-2\"><a target=\"_blank\" href=\"ortsrecht\/bm_garz\/bekanntmachung-20130218-garz.pdf\" rel=\"noopener noreferrer\">Bekanntmachung des Amtes Usedom S\u00fcd zum Beschluss Nr. 0014\/12 vom 15.11.2012 \u00fcber den Entwurf und die Auslegung der 1. Erg\u00e4nzung des Fl\u00e4chennutzungsplanes der Gemeinde Garz<\/a><\/td>\n<\/tr>\n<tr class=\"row-13\">\n\t<td class=\"column-1\">25.02.2013<\/td><td class=\"column-2\"><a target=\"_blank\" href=\"ortsrecht\/bm_garz\/bekanntmachung-20130225-garz.pdf\" rel=\"noopener noreferrer\">Bekanntmachung Satzung \u00fcber die Festsetzung der Hebs\u00e4tze f\u00fcr die Grundsteuer und Gewerbesteuer in der Gemeinde Garz (Hebesatzsatzung 2013)<\/a><\/td>\n<\/tr>\n<tr class=\"row-14\">\n\t<td class=\"column-1\">10.06.2013<\/td><td class=\"column-2\"><a target=\"_blank\" href=\"ortsrecht\/bm_garz\/bekanntmachung-20130610-garz.pdf\" rel=\"noopener noreferrer\">Bekanntmachung des Amtes Usedom S\u00fcd \u00fcber die Erteilung der Genehmigung f\u00fcr die 1. \u00c4nderung des Fl\u00e4chennutzungsplanes der Gemeinde Garz f\u00fcr den Geltungsbereich des Bebauungsplanes Nr. 1 \u201eVitalwelt Inseltr\u00e4ume\"<\/a><\/td>\n<\/tr>\n<tr class=\"row-15\">\n\t<td class=\"column-1\">13.06.2013<\/td><td class=\"column-2\"><a target=\"_blank\" href=\"ortsrecht\/bm_garz\/bekanntmachung-20130613-garz.pdf\" rel=\"noopener noreferrer\">Bekanntmachung des Amtes Usedom S\u00fcd \u00fcber die Satzung zur 2. \u00c4nderung des Bebauungsplanes Nr. 1 \"Vitalwelt Inseltr\u00e4ume\"<\/a><\/td>\n<\/tr>\n<tr class=\"row-16\">\n\t<td class=\"column-1\">02.07.2013<\/td><td class=\"column-2\"><a target=\"_blank\" href=\"ortsrecht\/bm_garz\/bekanntmachung-20130702-garz.pdf\" rel=\"noopener noreferrer\">Bekanntmachun Jahresrechnung der Gemeinde Garz f\u00fcr das Haushaltsjahr 2010<br \/>\n<\/a><\/td>\n<\/tr>\n<tr class=\"row-17\">\n\t<td class=\"column-1\">18.09.2013<\/td><td class=\"column-2\"><a target=\"_blank\" href=\"ortsrecht\/bm_garz\/bekanntmachung-20130918-garz.pdf\" rel=\"noopener noreferrer\">Bekanntmachung des Amtes Usedom S\u00fcd \u00fcber den Beschluss Nr. 0021\/13 vom 17.09.2013 zur Aufstellung der 3. \u00c4nderung des Bebauungsplanes Nr. 1 \u201eVitalwelt Inseltr\u00e4ume\" <\/a><\/td>\n<\/tr>\n<tr class=\"row-18\">\n\t<td class=\"column-1\">08.11.2013<\/td><td class=\"column-2\"><a target=\"_blank\" href=\"ortsrecht\/bm_garz\/bekanntmachung-20131108-garz.pdf\" rel=\"noopener noreferrer\">Bekanntmachung des Amtes Usedom S\u00fcd \u00fcber die Erteilung der Genehmigung f\u00fcr die 1. Erg\u00e4nzung des Fl\u00e4chennutzungsplanes der Gemeinde Garz<\/a><\/td>\n<\/tr>\n<tr class=\"row-19\">\n\t<td class=\"column-1\">13.11.2013<\/td><td class=\"column-2\"><a target=\"_blank\" href=\"ortsrecht\/bm_garz\/bekanntmachung-20131113-garz.pdf\" rel=\"noopener noreferrer\">Bekanntmachung Haushaltssatzung der Gemeinde Garz f\u00fcr das Haushaltsjahr 2013<br \/>\n<\/a><\/td>\n<\/tr>\n<tr class=\"row-20\">\n\t<td class=\"column-1\">28.11.2013<\/td><td class=\"column-2\"><a target=\"_blank\" href=\"ortsrecht\/bm_garz\/bekanntmachung-20131128-1-garz.pdf\" rel=\"noopener noreferrer\">Bekanntmachung des Amtes Usedom S\u00fcd zum Beschluss der Gemeindevertretung Garz Nr. 0022\/13 vom 26.11.2013 \u00fcber die Aufhebung des Beschlusses 0002\/11 vom 02.03.2011 zur Aufstellung der 2. \u00c4nderung des Fl\u00e4chennutzungsplanes i. V. m. der Aufstellung des Bebauungsplanes Nr. 2 \u201eJagdhaus und Medical-Wellness-Center an der B 110\"<\/a><\/td>\n<\/tr>\n<tr class=\"row-21\">\n\t<td class=\"column-1\">28.11.2013<\/td><td class=\"column-2\"><a target=\"_blank\" href=\"ortsrecht\/bm_garz\/bekanntmachung-20131128-2-garz.pdf\" rel=\"noopener noreferrer\">Bekanntmachung des Amtes Usedom S\u00fcd zum Beschluss der Gemeindevertretung Garz Nr. 0023\/13 vom 26.11.2013 \u00fcber die Aufhebung des Beschlusses 0003\/11 vom 02.03.2011 zur Aufstellung des Bebauungsplanes Nr. 2 \u201eJagdhaus und Medical-Wellness-Center an der B 110\"<\/a><\/td>\n<\/tr>\n<tr class=\"row-22\">\n\t<td class=\"column-1\">04.12.2013<\/td><td class=\"column-2\"><a target=\"_blank\" href=\"ortsrecht\/bm_garz\/bekanntmachung-20131204-garz.pdf\" rel=\"noopener noreferrer\">Bekanntmachung Satzung \u00fcber die Festsetzung der Hebes\u00e4tze f\u00fcr die Grundsteuer und Gewerbesteuer in der Gemeinde Garz (Hebesatzsatzung 2014)<\/a><\/td>\n<\/tr>\n<tr class=\"row-23\">\n\t<td class=\"column-1\">21.05.2014<\/td><td class=\"column-2\"><a target=\"_blank\" href=\"ortsrecht\/bm_garz\/bekanntmachung-20140521-garz.pdf\" rel=\"noopener noreferrer\">Bekanntmachung der Haushaltssatzung der Gemeinde Garz f\u00fcr das Haushaltsjahr 2014<\/a><\/td>\n<\/tr>\n<tr class=\"row-24\">\n\t<td class=\"column-1\">06.11.2014<\/td><td class=\"column-2\"><a target=\"_blank\" href=\"ortsrecht\/bm_garz\/bekanntmachung-20141106-1-garz.pdf\" rel=\"noopener noreferrer\">Bekanntmachung Jahresrechnung der Gemeinde Garz f\u00fcr das Haushaltsjahr 2011<\/a><\/td>\n<\/tr>\n<tr class=\"row-25\">\n\t<td class=\"column-1\">06.11.2014<\/td><td class=\"column-2\"><a target=\"_blank\" href=\"ortsrecht\/bm_garz\/bekanntmachung-20141106-2-garz.pdf\" rel=\"noopener noreferrer\">Bekanntmachung des Amtes Usedom-S\u00fcd \u00fcber die Er\u00f6ffnungsbilanz der Gemeinde Garz zum 01.01.2012<\/a><\/td>\n<\/tr>\n<tr class=\"row-26\">\n\t<td class=\"column-1\">19.03.2015<\/td><td class=\"column-2\"><a target=\"_blank\" href=\"ortsrecht\/bm_garz\/Bek.Hebesaetze-Garz-2015.pdf\" rel=\"noopener noreferrer\">Bekanntmachung \u00fcber die Festsetzung der Hebes\u00e4tze f\u00fcr die Grundsteuer und Gewerbesteuer in der Gemeinde Garz<\/a><\/td>\n<\/tr>\n<tr class=\"row-27\">\n\t<td class=\"column-1\">26.03.2015<\/td><td class=\"column-2\"><a target=\"_blank\" href=\"ortsrecht\/bm_garz\/bekanntmachung-20150326-garz.pdf\" rel=\"noopener noreferrer\">Bekanntmachung der Haushaltssatzung der Gemeinde Garz f\u00fcr das Haushaltsjahr 2015<\/a><\/td>\n<\/tr>\n<tr class=\"row-28\">\n\t<td class=\"column-1\">09.12.2015<\/td><td class=\"column-2\"><a target=\"_blank\" href=\"ortsrecht\/bm_garz\/bekanntmachung-20151209-garz.pdf\" rel=\"noopener noreferrer\">Bekanntmachung des Amtes Usedom S\u00fcd \u00fcber den Beschluss Nr. GVGa 0035\/15 vom 08.12.2015 \u00fcber die Aufstellung des Bebauungsplanes Nr. 2 f\u00fcr das \u201eWohngebiet an der Robert - Kracht - Stra\u00dfe\" der Gemeinde Garz<\/a><\/td>\n<\/tr>\n<tr class=\"row-29\">\n\t<td class=\"column-1\">04.01.2016<\/td><td class=\"column-2\"><a target=\"_blank\" href=\"ortsrecht\/bm_garz\/bekanntmachung-20160104-garz.pdf\" rel=\"noopener noreferrer\">Bekanntmachung der Satzung \u00fcber die Festsetzung der Hebes\u00e4tze f\u00fcr die Grundsteuer und Gewerbesteuer in der Gemeinde Garz<\/a><\/td>\n<\/tr>\n<tr class=\"row-30\">\n\t<td class=\"column-1\">24.03.2016<\/td><td class=\"column-2\"><a target=\"_blank\" href=\"ortsrecht\/bm_garz\/bekanntmachung-20160324-garz.pdf\" rel=\"noopener noreferrer\">Bekanntmachung der Feststellung der Jahresrechnunq 2012 und die Entlastung des B\u00fcrgermeisters<\/a><\/td>\n<\/tr>\n<tr class=\"row-31\">\n\t<td class=\"column-1\">28.04.2016<\/td><td class=\"column-2\"><a target=\"_blank\" href=\"ortsrecht\/bm_garz\/bekanntmachung-20160428-garz.pdf\" rel=\"noopener noreferrer\">Bekanntmachung der Haushaltssatzung der Gemeinde Garz f\u00fcr das Haushaltsjahr 2016<\/a><\/td>\n<\/tr>\n<tr class=\"row-32\">\n\t<td class=\"column-1\">15.06.2016<\/td><td class=\"column-2\"><a target=\"_blank\" href=\"ortsrecht\/bm_garz\/bekanntmachung-20160615-garz.pdf\" rel=\"noopener noreferrer\">Bekanntmachung des Amtes Usedom S\u00fcd zum Beschluss Nr. GVGa 0045\/16 vom 14.06.2016 \u00fcber den Entwurf und die \u00f6ffentliche Auslegung des Bebauungsplanes Nr. 2 der Gemeinde Garz f\u00fcr das \u201eWohngebiet an der Robert - Kracht - Stra\u00dfe\" der Gemeinde Garz, in der Fassung von 06-2016<\/a><\/td>\n<\/tr>\n<tr class=\"row-33\">\n\t<td class=\"column-1\">08.11.2016<\/td><td class=\"column-2\"><a target=\"_blank\" href=\"ortsrecht\/bm_garz\/bekanntmachung-20161108-garz.pdf\" rel=\"noopener noreferrer\">Bekanntmachung des Amtes Usedom S\u00fcd \u00fcber den Beschluss \u00fcber die Satzung zum Bebauungsplan Nr. 2 f\u00fcr das \u201eWohngebiet an der Robert - Kracht - Stra\u00dfe\" der Gemeinde Garz<\/a><\/td>\n<\/tr>\n<tr class=\"row-34\">\n\t<td class=\"column-1\">26.01.2017<\/td><td class=\"column-2\"><a href=\"ortsrecht\/or_garz\/garz-hebesatzung.pdf\" target=\"_blank\" rel=\"noopener noreferrer\">Bekanntmachung: Satzung \u00fcber die Festsetzung der Hebes\u00e4tze f\u00fcr die Grundsteuer und Gewerbesteuer in der Gemeinde Garz (Hebesatzsatzung 2017)<\/a><\/td>\n<\/tr>\n<tr class=\"row-35\">\n\t<td class=\"column-1\">22.03.2017<\/td><td class=\"column-2\"><a target=\"_blank\" href=\"ortsrecht\/bm_garz\/bekanntmachung-20170322-garz.pdf\" rel=\"noopener noreferrer\">Bekanntmachung der Feststellung der Jahresrechnung 2013 und die Entlastung des B\u00fcrgermeisters<\/a><\/td>\n<\/tr>\n<tr class=\"row-36\">\n\t<td class=\"column-1\">29.03.2017<\/td><td class=\"column-2\"><a target=\"_blank\" href=\"ortsrecht\/bm_garz\/bekanntmachung-20170329-garz.pdf\" rel=\"noopener noreferrer\">Bekanntmachung des Amtes Usedom S\u00fcd zum Beschluss Nr. GVGa-0057\/17 vom 21.03.2017 \u00fcber die Aufstellung des Bebauungsplanes Nr. 3 f\u00fcr das \u201eWohngebiet zwischen MTS- Stra\u00dfe und K\u00f6hlerweg\" der Gemeinde Garz<\/a><\/td>\n<\/tr>\n<tr class=\"row-37\">\n\t<td class=\"column-1\">18.05.2017<\/td><td class=\"column-2\"><a target=\"_blank\" href=\"ortsrecht\/bm_garz\/bekanntmachung-20170518-garz.pdf\" rel=\"noopener noreferrer\">Bekanntmachung der Haushaltssatzung der Gemeinde Garz f\u00fcr das Haushaltsjahr 2017<\/a><\/td>\n<\/tr>\n<tr class=\"row-38\">\n\t<td class=\"column-1\">12.09.2017<\/td><td class=\"column-2\"><a target=\"_blank\" href=\"ortsrecht\/bm_garz\/bekanntmachung-20170912-garz.pdf\" rel=\"noopener noreferrer\">Bekanntmachung des Amtes Usedom S\u00fcd \u00fcber den Beschluss Nr. GVGa 0063\/17 vom 11.09.2017 zur Aufstellung der 4. \u00c4nderung des Bebauungsplanes Nr. 1 \u201eVitalwelt Inseltr\u00e4ume\" der Gemeinde Garz<\/a><\/td>\n<\/tr>\n<tr class=\"row-39\">\n\t<td class=\"column-1\">06.12.2017<\/td><td class=\"column-2\"><a target=\"_blank\" href=\"ortsrecht\/bm_garz\/bekanntmachung-20171206-1-garz.pdf\" rel=\"noopener noreferrer\">Bekanntmachung der Feststellung der Jahresrechnung 2014 und die Entlastung des B\u00fcrgermeisters<\/a><\/td>\n<\/tr>\n<tr class=\"row-40\">\n\t<td class=\"column-1\">06.12.2017<\/td><td class=\"column-2\"><a target=\"_blank\" href=\"ortsrecht\/bm_garz\/bekanntmachung-20171206-2-garz.pdf\" rel=\"noopener noreferrer\">Bekanntmachung der Feststellung der Jahresrechnung 2015 und die Entlastung des B\u00fcrgermeisters<\/a><\/td>\n<\/tr>\n<tr class=\"row-41\">\n\t<td class=\"column-1\">07.12.2017<\/td><td class=\"column-2\"><a target=\"_blank\" href=\"ortsrecht\/bm_garz\/bekanntmachung-20171207-garz.pdf\" rel=\"noopener noreferrer\">Bekanntmachung des Amtes Usedom S\u00fcd zum Beschluss Nr. GVGa-0068\/17 vom 05.12.2017 \u00fcber den Entwurf und die Auslegung der 4. \u00c4nderung der Bebauungsplansatzung Nr. 1 \u201eVitalwelt Inseltr\u00e4ume\" der Gemeinde Garz in der Fassung von 11-2017<\/a><\/td>\n<\/tr>\n<tr class=\"row-42\">\n\t<td class=\"column-1\">07.06.2018<\/td><td class=\"column-2\"><a target=\"_blank\" href=\"ortsrecht\/bm_garz\/bekanntmachung-20180607-garz.pdf\" rel=\"noopener noreferrer\">Bekanntmachung der Haushaltssatzung der Gemeinde Garz f\u00fcr das Haushaltsjahr 2018<\/a><\/td>\n<\/tr>\n<tr class=\"row-43\">\n\t<td class=\"column-1\">27.06.2018<\/td><td class=\"column-2\"><a target=\"_blank\" href=\"ortsrecht\/bm_garz\/bekanntmachung-20180627-garz.pdf\" rel=\"noopener noreferrer\">Bekanntmachung des Amtes Usedom S\u00fcd \u00fcber den Satzungsbeschluss Nr. GVGa-0083\/18 f\u00fcr die 4. \u00c4nderung des Bebauungsplanes Nr. 1 \u201eVitalwelt Inseltr\u00e4ume\u201c der Gemeinde Garz<\/a><\/td>\n<\/tr>\n<tr class=\"row-44\">\n\t<td class=\"column-1\">26.11.2018<\/td><td class=\"column-2\"><a target=\"_blank\" href=\"ortsrecht\/bm_garz\/bekanntmachung-20181126-garz.pdf\" rel=\"noopener noreferrer\">Bekanntmachung der Gemeinde Garz zum Beschluss Nr.  GVGa-0090\/18 vom 13.11.2018 \u00fcber den Entwurf und die Auslegung des Bebauungsplanes Nr. 3 f\u00fcr das \u201eWohngebiet zwischen MTS- Stra\u00dfe und K\u00f6hlerweg\u201c in der Fassung von 08-2018<\/a><\/td>\n<\/tr>\n<tr class=\"row-45\">\n\t<td class=\"column-1\">08.05.2019<\/td><td class=\"column-2\"><a target=\"_blank\" href=\"ortsrecht\/bm_garz\/bekanntmachung-20190508-1-garz.pdf\" rel=\"noopener noreferrer\">Bekanntmachung der Feststellung der Jahresrechnung 2016 und die Entlastung des B\u00fcrgermeisters<\/a><\/td>\n<\/tr>\n<tr class=\"row-46\">\n\t<td class=\"column-1\">08.05.2019<\/td><td class=\"column-2\"><a target=\"_blank\" href=\"ortsrecht\/bm_garz\/bekanntmachung-20190508-2-garz.pdf\" rel=\"noopener noreferrer\">Bekanntmachung des Berichtes \u00fcber die \u00fcber\u00f6rtliche Pr\u00fcfung der Haushaltsjahre 2012 \u2013 2015 der Gemeinde Garz<\/a><\/td>\n<\/tr>\n<tr class=\"row-47\">\n\t<td class=\"column-1\">10.07.2019<\/td><td class=\"column-2\"><a target=\"_blank\" href=\"ortsrecht\/bm_garz\/bekanntmachung-20190710-garz.pdf\" rel=\"noopener noreferrer\">Orts\u00fcbliche Bekanntmachung der Offenlegung der Niederschrift \u00fcber den Grenztermin<\/a><\/td>\n<\/tr>\n<tr class=\"row-48\">\n\t<td class=\"column-1\">29.07.2019<\/td><td class=\"column-2\"><a target=\"_blank\" href=\"ortsrecht\/bm_garz\/Bek.HHSatzung_Garz_2019.pdf\" rel=\"noopener noreferrer\">Bekanntmachung der Haushaltssatzung der Gemeinde Garz f\u00fcr das Haushaltsjahr 2019<\/a><\/td>\n<\/tr>\n<tr class=\"row-49\">\n\t<td class=\"column-1\">06.08.2019<\/td><td class=\"column-2\"><a target=\"_blank\" href=\"ortsrecht\/bm_garz\/bekanntmachung-20190806-garz.pdf\" rel=\"noopener noreferrer\">Bekanntmachung der Gemeinde Garz \u00fcber die Satzung zum Bebauungsplan Nr. 3 f\u00fcr das \u201eWohngebiet zwischen MTS- Stra\u00dfe und K\u00f6hlerweg\u201c<\/a><\/td>\n<\/tr>\n<tr class=\"row-50\">\n\t<td class=\"column-1\">06.12.2019<\/td><td class=\"column-2\"><a target=\"_blank\" href=\"ortsrecht\/bm_garz\/bekanntmachung-20191206-garz.pdf\" rel=\"noopener noreferrer\">Bekanntmachung der Offenlegung der Niederschrift \u00fcber den Grenztermin<\/a><\/td>\n<\/tr>\n<tr class=\"row-51\">\n\t<td class=\"column-1\">03.03.2020<\/td><td class=\"column-2\"><a target=\"_blank\" href=\"ortsrecht\/bm_garz\/bekanntmachung-20200303-1-garz.pdf\" rel=\"noopener noreferrer\">Bekanntmachung Eintragung ins Grundbuch<\/a><\/td>\n<\/tr>\n<tr class=\"row-52\">\n\t<td class=\"column-1\">03.03.2020<\/td><td class=\"column-2\"><a target=\"_blank\" href=\"ortsrecht\/bm_garz\/bekanntmachung-20200303-2-garz.pdf\" rel=\"noopener noreferrer\">Bekanntmachung Eintragung ins Grundbuch<\/a><\/td>\n<\/tr>\n<tr class=\"row-53\">\n\t<td class=\"column-1\">30.04.2020<\/td><td class=\"column-2\"><a target=\"_blank\" href=\"ortsrecht\/bm_garz\/bekanntmachung-20200430-garz.pdf\" rel=\"noopener noreferrer\">Bekanntmachung der Haushaltssatzung der Gemeinde Garz f\u00fcr das Haushaltsjahr 2020<\/a><\/td>\n<\/tr>\n<tr class=\"row-54\">\n\t<td class=\"column-1\">14.05.2020<\/td><td class=\"column-2\"><a target=\"_blank\" href=\"ortsrecht\/bm_garz\/bekanntmachung-20200514-3-garz.pdf\" rel=\"noopener noreferrer\">\u00d6ffentliche Bekanntmachung (Schlussfeststellung) im Flurneuordnungsverfahren Korswandt<\/a><\/td>\n<\/tr>\n<tr class=\"row-55\">\n\t<td class=\"column-1\">24.11.2020<\/td><td class=\"column-2\"><a target=\"_blank\" href=\"ortsrecht\/bm_garz\/bekanntmachung-20201124-garz.pdf\" rel=\"noopener noreferrer\">Orts\u00fcbliche Bekanntmachung \u00fcber die Offenlegung der Niederschrift \u00fcber den Grenztermin<\/a><\/td>\n<\/tr>\n<\/tbody>\n<\/table>\n<!-- #tablepress-28 from cache -->\n<p><a href=\"?page_id=503\" title=\"\u00d6ffentliche Bekanntmachungen -Gemeinde Garz\">Zu den aktuellen Bekanntmachungen&#8230;<\/a><\/p>","protected":false},"excerpt":{"rendered":"<p>Zu den aktuellen Bekanntmachungen&#8230;<\/p>\n","protected":false},"author":2,"featured_media":0,"parent":0,"menu_order":0,"comment_status":"closed","ping_status":"closed","template":"","meta":{"footnotes":""},"class_list":["post-2606","page","type-page","status-publish","hentry"],"_links":{"self":[{"href":"https:\/\/www.amtusedom.de\/index.php?rest_route=\/wp\/v2\/pages\/2606","targetHints":{"allow":["GET"]}}],"collection":[{"href":"https:\/\/www.amtusedom.de\/index.php?rest_route=\/wp\/v2\/pages"}],"about":[{"href":"https:\/\/www.amtusedom.de\/index.php?rest_route=\/wp\/v2\/types\/page"}],"author":[{"embeddable":true,"href":"https:\/\/www.amtusedom.de\/index.php?rest_route=\/wp\/v2\/users\/2"}],"replies":[{"embeddable":true,"href":"https:\/\/www.amtusedom.de\/index.php?rest_route=%2Fwp%2Fv2%2Fcomments&post=2606"}],"version-history":[{"count":2,"href":"https:\/\/www.amtusedom.de\/index.php?rest_route=\/wp\/v2\/pages\/2606\/revisions"}],"predecessor-version":[{"id":5855,"href":"https:\/\/www.amtusedom.de\/index.php?rest_route=\/wp\/v2\/pages\/2606\/revisions\/5855"}],"wp:attachment":[{"href":"https:\/\/www.amtusedom.de\/index.php?rest_route=%2Fwp%2Fv2%2Fmedia&parent=2606"}],"curies":[{"name":"wp","href":"https:\/\/api.w.org\/{rel}","templated":true}]}}