{"id":2614,"date":"2015-04-21T11:28:56","date_gmt":"2015-04-21T09:28:56","guid":{"rendered":"http:\/\/www.amtusedom.de\/?page_id=2614"},"modified":"2020-08-28T11:01:19","modified_gmt":"2020-08-28T09:01:19","slug":"oeffentliche-bekanntmachungen-gemeinde-kamminke-archiv","status":"publish","type":"page","link":"https:\/\/www.amtusedom.de\/?page_id=2614","title":{"rendered":"\u00d6ffentliche Bekanntmachungen &#8211; Gemeinde Kamminke &#8211; Archiv"},"content":{"rendered":"\n<table id=\"tablepress-29\" class=\"tablepress tablepress-id-29\">\n<tbody class=\"row-striping\">\n<tr class=\"row-1\">\n\t<td class=\"column-1\">19.05.2010<\/td><td class=\"column-2\"><a target=\"_blank\" href=\"ortsrecht\/bm_kamminke\/bekanntmachung-20100519-kamminke.pdf\" rel=\"noopener noreferrer\">\tBekanntmachung Haushaltssatzung der Gemeinde Kamminke f\u00fcr das Haushaltsjahr 2010<\/a><\/td>\n<\/tr>\n<tr class=\"row-2\">\n\t<td class=\"column-1\">13.01.2011<\/td><td class=\"column-2\"><a target=\"_blank\" href=\"ortsrecht\/bm_kamminke\/bekanntmachung-20110113-kamminke.pdf\" rel=\"noopener noreferrer\">\tBekanntmachung Jahresrechnung der Gemeinde Kamminke f\u00fcr das Haushaltsjahr 2009<\/a><\/td>\n<\/tr>\n<tr class=\"row-3\">\n\t<td class=\"column-1\">19.05.2011<\/td><td class=\"column-2\"><a target=\"_blank\" href=\"ortsrecht\/bm_kamminke\/bekanntmachung-20110519-kamminke.pdf\" rel=\"noopener noreferrer\">\tBekanntmachung Haushaltssatzung der Gemeinde Kamminke f\u00fcr das Haushaltsjahr 2011<\/a><\/td>\n<\/tr>\n<tr class=\"row-4\">\n\t<td class=\"column-1\">28.11.2011<\/td><td class=\"column-2\"><a target=\"_blank\" href=\"ortsrecht\/bm_kamminke\/bekanntmachung-20111128-kamminke.pdf\" rel=\"noopener noreferrer\">\tBekanntmachung 1. Nachtragshaushaltssatzung der Gemeinde Kamminke f\u00fcr das Haushaltsjahr 2011<\/a><\/td>\n<\/tr>\n<tr class=\"row-5\">\n\t<td class=\"column-1\">23.02.2012<\/td><td class=\"column-2\"><a target=\"_blank\" href=\"ortsrecht\/bm_kamminke\/bekanntmachung-20120223-kamminke.pdf\" rel=\"noopener noreferrer\">Bekanntmachung zum Beschluss der Gemeindevertretung Kamminke Nr. 0002\/12 vom 21.02.2012 \u00fcber die Aufhebung des Beschlusses Nr. 0003\/07 vom 22.03.2007 zur Unterst\u00fctzung einer Gro\u00dfveranstaltung und zur Aufhebung des Raumordnungsverfahrens<\/a><\/td>\n<\/tr>\n<tr class=\"row-6\">\n\t<td class=\"column-1\">26.07.2012<\/td><td class=\"column-2\"><a target=\"_blank\" href=\"ortsrecht\/bm_kamminke\/bekanntmachung-20120726-kamminke.pdf\" rel=\"noopener noreferrer\">\tBekanntmachung Haushaltssatzung der Gemeinde Kamminke f\u00fcr das Haushaltsjahr 2012<\/a><\/td>\n<\/tr>\n<tr class=\"row-7\">\n\t<td class=\"column-1\">25.02.2013<\/td><td class=\"column-2\"><a target=\"_blank\" href=\"ortsrecht\/bm_kamminke\/bekanntmachung-20130225-kamminke.pdf\" rel=\"noopener noreferrer\">\tBekanntmachung Satzung \u00fcber die Festsetzung der Hebs\u00e4tze f\u00fcr die Grundsteuer und Gewerbesteuer in der Gemeinde Kamminke (Hebesatzsatzung 2013)<\/a><\/td>\n<\/tr>\n<tr class=\"row-8\">\n\t<td class=\"column-1\">28.06.2013<\/td><td class=\"column-2\"><a target=\"_blank\" href=\"ortsrecht\/bm_kamminke\/bekanntmachung-20130628-kamminke.pdf\" rel=\"noopener noreferrer\">\tBekanntmachung Jahresrechnung der Gemeinde Kamminke f\u00fcr das Haushaltsjahr 2010<br \/>\n<\/a><\/td>\n<\/tr>\n<tr class=\"row-9\">\n\t<td class=\"column-1\">06.08.2013<\/td><td class=\"column-2\"><a target=\"_blank\" href=\"ortsrecht\/bm_kamminke\/bekanntmachung-20130806-1-kamminke.pdf\" rel=\"noopener noreferrer\">\tHaushaltssatzung der Gemeinde Kamminke f\u00fcr das Haushaltsjahr 2013<\/a><\/td>\n<\/tr>\n<tr class=\"row-10\">\n\t<td class=\"column-1\">06.08.2013<\/td><td class=\"column-2\"><a target=\"_blank\" href=\"ortsrecht\/bm_kamminke\/bekanntmachung-20130806-2-kamminke.pdf\" rel=\"noopener noreferrer\">\tHaushaltssatzung des St\u00e4dtebaulichen Sonderverm\u00f6gens der Gemeinde Kamminke f\u00fcr das Haushaltsjahr 2013<\/a><\/td>\n<\/tr>\n<tr class=\"row-11\">\n\t<td class=\"column-1\">17.02.2014<\/td><td class=\"column-2\"><a target=\"_blank\" href=\"ortsrecht\/bm_kamminke\/bekanntmachung-20140217-kamminke.pdf\" rel=\"noopener noreferrer\">\tBekanntmachung Satzung \u00fcber die Festsetzung der Hebs\u00e4tze f\u00fcr die Grundsteuer und Gewerbesteuer in der Gemeinde Kamminke (Hebesatzsatzung 2014)<\/a><\/td>\n<\/tr>\n<tr class=\"row-12\">\n\t<td class=\"column-1\">26.05.2014<\/td><td class=\"column-2\"><a target=\"_blank\" href=\"ortsrecht\/bm_kamminke\/bekanntmachung-20140526-2-kamminke.pdf\" rel=\"noopener noreferrer\">\tBekanntmachung der Haushaltssatzung des St\u00e4dtebaulichen Sonderverm\u00f6gens der Gemeinde Kamminke, f\u00fcr das Haushaltsjahr 2014<\/a><\/td>\n<\/tr>\n<tr class=\"row-13\">\n\t<td class=\"column-1\">14.08.2014<\/td><td class=\"column-2\"><a target=\"_blank\" href=\"ortsrecht\/bm_kamminke\/bekanntmachung-20140814-kamminke.pdf\" rel=\"noopener noreferrer\">\tBekanntmachung der Haushaltssatzung der Gemeinde Kamminke f\u00fcr das Haushaltsjahr 2014<\/a><\/td>\n<\/tr>\n<tr class=\"row-14\">\n\t<td class=\"column-1\">23.03.2015<\/td><td class=\"column-2\"><a target=\"_blank\" href=\"ortsrecht\/bm_kamminke\/bekanntmachung-20150323-1-kamminke.pdf\" rel=\"noopener noreferrer\">\tBekanntmachung des Amtes Usedom-S\u00fcd \u00fcber die Er\u00f6ffnungsbilanz der Gemeinde Kamminke zum 01.01.2012<\/a><\/td>\n<\/tr>\n<tr class=\"row-15\">\n\t<td class=\"column-1\">23.03.2015<\/td><td class=\"column-2\"><a target=\"_blank\" href=\"ortsrecht\/bm_kamminke\/bekanntmachung-20150323-2-kamminke.pdf\" rel=\"noopener noreferrer\">\tBekanntmachung des Amtes Usedom-S\u00fcd \u00fcber die Er\u00f6ffnungsbilanz des st\u00e4dtebaulichen Sonderverm\u00f6gens der Gemeinde Kamminke zum 01.01.2012<\/a><\/td>\n<\/tr>\n<tr class=\"row-16\">\n\t<td class=\"column-1\">23.03.2015<\/td><td class=\"column-2\"><a target=\"_blank\" href=\"ortsrecht\/bm_kamminke\/bekanntmachung-20150323-3-kamminke.pdf\" rel=\"noopener noreferrer\">\tBekanntmachung Jahresrechnung der Gemeinde Kamminke f\u00fcr das Haushaltsjahr 2011 und Entlastung des B\u00fcrgermeisters<\/a><\/td>\n<\/tr>\n<tr class=\"row-17\">\n\t<td class=\"column-1\">06.07.2015<\/td><td class=\"column-2\"><a target=\"_blank\" href=\"ortsrecht\/bm_kamminke\/bekanntmachung-20150706-kamminke.pdf\" rel=\"noopener noreferrer\">Bekanntmachung der Haushaltssatzung der Gemeinde Kamminke f\u00fcr das Haushaltsjahr 2015<\/a><\/td>\n<\/tr>\n<tr class=\"row-18\">\n\t<td class=\"column-1\">01.12.2015<\/td><td class=\"column-2\"><a target=\"_blank\" href=\"ortsrecht\/bm_kamminke\/bekanntmachung-20151201-kamminke.pdf\" rel=\"noopener noreferrer\">Bekanntmachung der Satzung \u00fcber die Festsetzung der Hebes\u00e4tze f\u00fcr die Grundsteuer und Gewerbesteuer in der Gemeinde Kamminke<\/a><\/td>\n<\/tr>\n<tr class=\"row-19\">\n\t<td class=\"column-1\">12.05.2016<\/td><td class=\"column-2\"><a target=\"_blank\" href=\"ortsrecht\/bm_kamminke\/bekanntmachung-20160512-1-kamminke.pdf\" rel=\"noopener noreferrer\">Bekanntmachung der Feststellung der Jahresrechnung 2012 des St\u00e4dtebaulichen Sondervermogens der Gemeinde Kamminke und der Entlastung des B\u00fcrgermeisters<\/a><\/td>\n<\/tr>\n<tr class=\"row-20\">\n\t<td class=\"column-1\">12.05.2016<\/td><td class=\"column-2\"><a target=\"_blank\" href=\"ortsrecht\/bm_kamminke\/bekanntmachung-20160512-2-kamminke.pdf\" rel=\"noopener noreferrer\">Bekanntmachung der Feststellung der Jahresrechnung 2012 und der Entlastung des B\u00fcrgermeisters<\/a><\/td>\n<\/tr>\n<tr class=\"row-21\">\n\t<td class=\"column-1\">13.05.2016<\/td><td class=\"column-2\"><a target=\"_blank\" href=\"ortsrecht\/bm_kamminke\/bekanntmachung-20160513-kamminke.pdf\" rel=\"noopener noreferrer\">Bekanntmachung \u00fcber die Festsetzung der Hebes\u00e4tze f\u00fcr die Grundsteuer und Gewerbesteuer in der Gemeinde Kamminke<\/a><\/td>\n<\/tr>\n<tr class=\"row-22\">\n\t<td class=\"column-1\">05.07.2016<\/td><td class=\"column-2\"><a target=\"_blank\" href=\"ortsrecht\/bm_kamminke\/bekanntmachung-20160705-1-kamminke.pdf\" rel=\"noopener noreferrer\">Bekanntmachung der Haushaltssatzung der Gemeinde Kamminke f\u00fcr das Haushaltsjahr 2016<\/a><\/td>\n<\/tr>\n<tr class=\"row-23\">\n\t<td class=\"column-1\">05.07.2016<\/td><td class=\"column-2\"><a target=\"_blank\" href=\"ortsrecht\/bm_kamminke\/bekanntmachung-20160705-2-kamminke.pdf\" rel=\"noopener noreferrer\">Bekanntmachung der Haushaltssatzung des St\u00e4dtebaulichen Sonderverm\u00f6gens der Gemeinde Kamminke, f\u00fcr das Haushaltsjahr 2016<\/a><\/td>\n<\/tr>\n<tr class=\"row-24\">\n\t<td class=\"column-1\">02.05.2017<\/td><td class=\"column-2\"><a href=\"ortsrecht\/or_kamminke\/kamminke-hebesatzung.pdf\" target=\"_blank\" rel=\"noopener noreferrer\">Satzung \u00fcber die Festsetzung der Hebes\u00e4tze f\u00fcr die Grundsteuer und Gewerbesteuer in der Gemeinde Kamminke (Hebesatzsatzung 2017)<\/a><\/td>\n<\/tr>\n<tr class=\"row-25\">\n\t<td class=\"column-1\">09.06.2017<\/td><td class=\"column-2\"><a target=\"_blank\" href=\"ortsrecht\/bm_kamminke\/bekanntmachung-20170609-1-kamminke.pdf\" rel=\"noopener noreferrer\">Bekanntmachung der Haushaltssatzung der Gemeinde Kamminke f\u00fcr das Haushaltsjahr 2017<\/a><\/td>\n<\/tr>\n<tr class=\"row-26\">\n\t<td class=\"column-1\">09.06.2017<\/td><td class=\"column-2\"><a target=\"_blank\" href=\"ortsrecht\/bm_kamminke\/bekanntmachung-20170609-2-kamminke.pdf\" rel=\"noopener noreferrer\">Bekanntmachung der Haushaltssatzung des St\u00e4dtebaulichen Sonderverm\u00f6gens der Gemeinde Kamminke, f\u00fcr das Haushaltsjahr 2017<\/a><\/td>\n<\/tr>\n<tr class=\"row-27\">\n\t<td class=\"column-1\">09.06.2017<\/td><td class=\"column-2\"><a target=\"_blank\" href=\"ortsrecht\/bm_kamminke\/bekanntmachung-20170609-3-kamminke.pdf\" rel=\"noopener noreferrer\">Bekanntmachung der Feststellung der Jahresrechnung 2013 und der Entlastung des B\u00fcrgermeisters<\/a><\/td>\n<\/tr>\n<tr class=\"row-28\">\n\t<td class=\"column-1\">09.06.2017<\/td><td class=\"column-2\"><a target=\"_blank\" href=\"ortsrecht\/bm_kamminke\/bekanntmachung-20170609-4-kamminke.pdf\" rel=\"noopener noreferrer\">Bekanntmachung der Feststellung der Jahresrechnung 2013 des St\u00e4dtebaulichen Sonderverm\u00f6gens der Gemeinde Kamminke und der Entlastung des B\u00fcrgermeisters<\/a><\/td>\n<\/tr>\n<tr class=\"row-29\">\n\t<td class=\"column-1\">14.06.2017<\/td><td class=\"column-2\"><a target=\"_blank\" href=\"ortsrecht\/bm_kamminke\/bekanntmachung-20170614-kamminke.pdf\" rel=\"noopener noreferrer\">Bekanntmachung des Amtes Usedom S\u00fcd zum Beschluss Nr. GVKa-0068\/17 vom 08.06.2017 \u00fcber die Aufstellung des Bebauungsplanes Nr. 2 \u201ePanorama- und Studien-Baumkronenpfad auf der Insel Usedom\" der Gemeinde Kamminke<\/a><\/td>\n<\/tr>\n<tr class=\"row-30\">\n\t<td class=\"column-1\">30.11.2017<\/td><td class=\"column-2\"><a target=\"_blank\" href=\"ortsrecht\/bm_kamminke\/bekanntmachung-20171130-kamminke.pdf\" rel=\"noopener noreferrer\">Bekanntmachung des Amtes Usedom-S\u00fcd zum Beschluss Nr. GVKa-0075\/17 vom 08.11.2017 \u00fcber die Aufstellung des Bebauungsplanes Nr. 3 \u201eWohn- und Ferienhausgebiet am M\u00fchlenweg,, der Gemeinde Kamminke<\/a><\/td>\n<\/tr>\n<tr class=\"row-31\">\n\t<td class=\"column-1\">27.04.2018<\/td><td class=\"column-2\"><a target=\"_blank\" href=\"ortsrecht\/bm_kamminke\/bekanntmachung-20180427-1-kamminke.pdf\" rel=\"noopener noreferrer\">Bekanntmachung der Feststellung der Jahresrechnung 2014 und der Entlastung des B\u00fcrgermeisters<\/a><\/td>\n<\/tr>\n<tr class=\"row-32\">\n\t<td class=\"column-1\">27.04.2018<\/td><td class=\"column-2\"><a target=\"_blank\" href=\"ortsrecht\/bm_kamminke\/bekanntmachung-20180427-2-kamminke.pdf\" rel=\"noopener noreferrer\">Bekanntmachung der Feststellung der Jahresrechnung 2014 des St\u00e4dtebaulichen Sonderverm\u00f6gens der Gemeinde Kamminke und der Entlastung des B\u00fcrgermeisters<\/a><\/td>\n<\/tr>\n<tr class=\"row-33\">\n\t<td class=\"column-1\">27.04.2018<\/td><td class=\"column-2\"><a target=\"_blank\" href=\"ortsrecht\/bm_kamminke\/bekanntmachung-20180427-3-kamminke.pdf\" rel=\"noopener noreferrer\">Bekanntmachung der Feststellung der Jahresrechnung 2015 und der Entlastung des B\u00fcrgermeisters<\/a><\/td>\n<\/tr>\n<tr class=\"row-34\">\n\t<td class=\"column-1\">27.04.2018<\/td><td class=\"column-2\"><a target=\"_blank\" href=\"ortsrecht\/bm_kamminke\/bekanntmachung-20180427-4-kamminke.pdf\" rel=\"noopener noreferrer\">Bekanntmachung der Feststellung der Jahresrechnung 2015 des St\u00e4dtebaulichen Sonderverm\u00f6gens der Gemeinde Kamminke und der Entlastung des B\u00fcrgermeisters<\/a><\/td>\n<\/tr>\n<tr class=\"row-35\">\n\t<td class=\"column-1\">30.07.2018<\/td><td class=\"column-2\"><a target=\"_blank\" href=\"ortsrecht\/bm_kamminke\/Bek.HH_Kamminke_2018_2.pdf\" rel=\"noopener noreferrer\">Bekanntmachung der Haushaltssatzung der Gemeinde Kamminke f\u00fcr das Haushaltsjahr 2018<\/a><\/td>\n<\/tr>\n<tr class=\"row-36\">\n\t<td class=\"column-1\">05.03.2019<\/td><td class=\"column-2\"><a target=\"_blank\" href=\"ortsrecht\/bm_kamminke\/bekanntmachung-20190305-1-kamminke.pdf\" rel=\"noopener noreferrer\">Bekanntmachung der Feststellung der Jahresrechnung 2016 und der Entlastung des B\u00fcrgermeisters<\/a><\/td>\n<\/tr>\n<tr class=\"row-37\">\n\t<td class=\"column-1\">05.03.2019<\/td><td class=\"column-2\"><a target=\"_blank\" href=\"ortsrecht\/bm_kamminke\/bekanntmachung-20190305-2-kamminke.pdf\" rel=\"noopener noreferrer\">Bekanntmachung der Feststellung der Jahresrechnung 2016 des St\u00e4dtebaulichen Sonderverm\u00f6gens der Gemeinde Kamminke und der Entlastung des B\u00fcrgermeisters<\/a><\/td>\n<\/tr>\n<tr class=\"row-38\">\n\t<td class=\"column-1\">13.03.2019<\/td><td class=\"column-2\"><a target=\"_blank\" href=\"ortsrecht\/bm_kamminke\/bekanntmachung-20190313-kamminke.pdf\" rel=\"noopener noreferrer\">Bekanntmachung des Berichtes \u00fcber die \u00fcber\u00f6rtliche Pr\u00fcfung der Haushaltsjahre 2012 \u2013 2015 der Gemeinde Kamminke<\/a><\/td>\n<\/tr>\n<tr class=\"row-39\">\n\t<td class=\"column-1\">06.08.2019<\/td><td class=\"column-2\"><a target=\"_blank\" href=\"ortsrecht\/bm_kamminke\/bekanntmachung-20190806-kamminke.pdf\" rel=\"noopener noreferrer\">Bekanntmachung der Gemeinde Kamminke zum Beschluss Nr. GVKa-0104\/19 vom 23.05.2019 \u00fcber den Entwurf und die Auslegung des Bebauungsplanes Nr. 3 \u201eFerienhausgebiet am M\u00fchlenweg\u201c der Gemeinde Kamminke in der Fassung von 05-2019<\/a><\/td>\n<\/tr>\n<tr class=\"row-40\">\n\t<td class=\"column-1\">22.08.2019<\/td><td class=\"column-2\"><a target=\"_blank\" href=\"ortsrecht\/bm_kamminke\/bekanntmachung-20190822-kamminke.pdf\" rel=\"noopener noreferrer\">Bekanntmachung der Haushaltssatzunng der Gemeinde Kamminke f\u00fcr das Haushaltsjahr 2019<\/a><\/td>\n<\/tr>\n<tr class=\"row-41\">\n\t<td class=\"column-1\">09.01.2020<\/td><td class=\"column-2\"><a target=\"_blank\" href=\"ortsrecht\/bm_kamminke\/bekanntmachung-20200109-kamminke.pdf\" rel=\"noopener noreferrer\">Bekanntmachung der Gemeinde Kamminke zum Beschluss Nr. GVKa-0108\/19 vom 24.10.2019 \u00fcber die Aufhebung der f\u00f6rmlichen Festlegung der Sanierungsgebiete \u201eDorfstra\u00dfe\u201c und Wieck \/ Hafen\u201c<\/a><\/td>\n<\/tr>\n<tr class=\"row-42\">\n\t<td class=\"column-1\">13.03.2020<\/td><td class=\"column-2\"><a target=\"_blank\" href=\"ortsrecht\/bm_kamminke\/bekanntmachung-20200313-kamminke.pdf\" rel=\"noopener noreferrer\">Bekanntmachung des Gemeinde Kamminke \u00fcber die \u00f6ffentliche Auslegung des Entwurfs zur 40. \u00c4nderungsverordnung der Kreisverordnung des Landkreises Vorpommern Greifswald \u00fcber das Landschaftsschutzgebiet \u201eInsel Usedom mit Festlandg\u00fcrtel\u201c, f\u00fcr die zur Bebauung vorgesehenen Fl\u00e4chen im Geltungsbereich des Bebauungsplanes Nr. 3 \u201eFerienhausgebiet am M\u00fchlenweg\u201c der Gemeinde Kamminke<\/a><\/td>\n<\/tr>\n<tr class=\"row-43\">\n\t<td class=\"column-1\">05.06.2020<\/td><td class=\"column-2\"><a target=\"_blank\" href=\"ortsrecht\/bm_kamminke\/bekanntmachung-20200605-kamminke.pdf\" rel=\"noopener noreferrer\">Bekanntmachung der Haushaltssatzung der Gemeinde Kamminke f\u00fcr das Haushaltsjahr 2020<\/a><\/td>\n<\/tr>\n<tr class=\"row-44\">\n\t<td class=\"column-1\">15.07.2020<\/td><td class=\"column-2\"><a target=\"_blank\" href=\"ortsrecht\/bm_kamminke\/bekanntmachung-20200715-kamminke.pdf\" rel=\"noopener noreferrer\">Bekanntmachung der Gemeinde Kamminke \u00fcber den Beschluss Nr. GVKa-0072\/17 vom 08.11.2017, \u00fcber die Aufhebung des Beschlusses Nr. 0009\/12 vom 24.07.2013 \u00fcber die Aufstellung des Bebauungsplanes Nr. 2 \u201eWohngebiet am M\u00fchlenweg\u201c der Gemeinde Kamminke<\/a><\/td>\n<\/tr>\n<\/tbody>\n<\/table>\n<!-- #tablepress-29 from cache -->\n<p><a href=\"?page_id=528\" title=\"\u00d6ffentliche Bekanntmachungen -Gemeinde Kamminke\">Zu den aktuellen Bekanntmachungen&#8230;<\/a><\/p>","protected":false},"excerpt":{"rendered":"<p>Zu den aktuellen Bekanntmachungen&#8230;<\/p>\n","protected":false},"author":2,"featured_media":0,"parent":0,"menu_order":0,"comment_status":"closed","ping_status":"closed","template":"","meta":{"footnotes":""},"class_list":["post-2614","page","type-page","status-publish","hentry"],"_links":{"self":[{"href":"https:\/\/www.amtusedom.de\/index.php?rest_route=\/wp\/v2\/pages\/2614","targetHints":{"allow":["GET"]}}],"collection":[{"href":"https:\/\/www.amtusedom.de\/index.php?rest_route=\/wp\/v2\/pages"}],"about":[{"href":"https:\/\/www.amtusedom.de\/index.php?rest_route=\/wp\/v2\/types\/page"}],"author":[{"embeddable":true,"href":"https:\/\/www.amtusedom.de\/index.php?rest_route=\/wp\/v2\/users\/2"}],"replies":[{"embeddable":true,"href":"https:\/\/www.amtusedom.de\/index.php?rest_route=%2Fwp%2Fv2%2Fcomments&post=2614"}],"version-history":[{"count":2,"href":"https:\/\/www.amtusedom.de\/index.php?rest_route=\/wp\/v2\/pages\/2614\/revisions"}],"predecessor-version":[{"id":5856,"href":"https:\/\/www.amtusedom.de\/index.php?rest_route=\/wp\/v2\/pages\/2614\/revisions\/5856"}],"wp:attachment":[{"href":"https:\/\/www.amtusedom.de\/index.php?rest_route=%2Fwp%2Fv2%2Fmedia&parent=2614"}],"curies":[{"name":"wp","href":"https:\/\/api.w.org\/{rel}","templated":true}]}}