{"id":2679,"date":"2015-04-23T11:21:15","date_gmt":"2015-04-23T09:21:15","guid":{"rendered":"http:\/\/www.amtusedom.de\/?page_id=2679"},"modified":"2020-08-28T11:05:21","modified_gmt":"2020-08-28T09:05:21","slug":"oeffentliche-bekanntmachungen-gemeinde-zirchow-archiv","status":"publish","type":"page","link":"https:\/\/www.amtusedom.de\/?page_id=2679","title":{"rendered":"\u00d6ffentliche Bekanntmachungen &#8211; Gemeinde Zirchow &#8211; Archiv"},"content":{"rendered":"\n<table id=\"tablepress-39\" class=\"tablepress tablepress-id-39\">\n<tbody class=\"row-striping\">\n<tr class=\"row-1\">\n\t<td class=\"column-1\">22.09.2010<\/td><td class=\"column-2\"><a target=\"_blank\" href=\"ortsrecht\/bm_zirchow\/bekanntmachung-20100922-zirchow.pdf\" rel=\"noopener noreferrer\">Bekanntmachung Jahresrechnung der Gemeinde Zirchow f\u00fcr das Haushaltsjahr 2009<\/a><\/td>\n<\/tr>\n<tr class=\"row-2\">\n\t<td class=\"column-1\">20.12.2010<\/td><td class=\"column-2\"><a target=\"_blank\" href=\"ortsrecht\/bm_zirchow\/bekanntmachung-20101220-zirchow.pdf\" rel=\"noopener noreferrer\">Bekanntmachung Haushaltssatzung der Gemeinde Zirchow f\u00fcr das Haushaltsjahr 2011<\/a><\/td>\n<\/tr>\n<tr class=\"row-3\">\n\t<td class=\"column-1\">28.03.2011<\/td><td class=\"column-2\"><a target=\"_blank\" href=\"ortsrecht\/bm_dargen\/bekanntmachung-20110328-dargen-zirchow.pdf\" rel=\"noopener noreferrer\">Bekanntmachung nach \u00a7 3a Satz 2, 2. Halbsatz des Gesetzes \u00fcber die Umweltvertr\u00e4glichkeitspr\u00fcfung<\/a><\/td>\n<\/tr>\n<tr class=\"row-4\">\n\t<td class=\"column-1\">04.08.2011<\/td><td class=\"column-2\"><a target=\"_blank\" href=\"ortsrecht\/bm_zirchow\/bekanntmachung-20110804-zirchow.pdf\" rel=\"noopener noreferrer\">Bekanntmachung 1. Nachtragshaushaltssatzung der Gemeinde Zirchow f\u00fcr das Haushaltsjahr 2011<\/a><\/td>\n<\/tr>\n<tr class=\"row-5\">\n\t<td class=\"column-1\">23.07.2012<\/td><td class=\"column-2\"><a target=\"_blank\" href=\"ortsrecht\/bm_zirchow\/bekanntmachung-20120723-zirchow.pdf\" rel=\"noopener noreferrer\">Bekanntmachung Haushaltssatzung der Gemeinde Zirchow f\u00fcr das Haushaltsjahr 2012<\/a><\/td>\n<\/tr>\n<tr class=\"row-6\">\n\t<td class=\"column-1\">31.01.2013<\/td><td class=\"column-2\"><a target=\"_blank\" href=\"ortsrecht\/bm_zirchow\/bekanntmachung-20130131-zirchow.pdf\" rel=\"noopener noreferrer\">Bekanntmachung Satzung \u00fcber die Festsetzung der Hebs\u00e4tze f\u00fcr die Grundsteuer und Gewerbesteuer in der Gemeinde Zirchow (Hebesatzsatzung 2013)<\/a><\/td>\n<\/tr>\n<tr class=\"row-7\">\n\t<td class=\"column-1\">04.07.2013<\/td><td class=\"column-2\"><a target=\"_blank\" href=\"ortsrecht\/bm_zirchow\/bekanntmachung-20130704-zirchow.pdf\" rel=\"noopener noreferrer\">Bekanntmachung Haushaltssatzung der Gemeinde Zirchow f\u00fcr das Haushaltsjahr 2013<br \/>\n<\/a><\/td>\n<\/tr>\n<tr class=\"row-8\">\n\t<td class=\"column-1\">25.07.2013<\/td><td class=\"column-2\"><a target=\"_blank\" href=\"ortsrecht\/bm_zirchow\/bekanntmachung-20130725-zirchow.pdf\" rel=\"noopener noreferrer\">Bekanntmachung Jahresrechnung der Gemeinde Zirchow f\u00fcr das Haushaltsjahr 2010<\/a><\/td>\n<\/tr>\n<tr class=\"row-9\">\n\t<td class=\"column-1\">17.12.2013<\/td><td class=\"column-2\"><a target=\"_blank\" href=\"ortsrecht\/bm_zirchow\/bekanntmachung-20131217-zirchow.pdf\" rel=\"noopener noreferrer\">Bekanntmachung Satzung \u00fcber die Festsetzung der Hebes\u00e4tze f\u00fcr die Grundsteuer und Gewerbesteuer in der Gemeinde Zirchow (Hebesatzsatzung 2014)<\/a><\/td>\n<\/tr>\n<tr class=\"row-10\">\n\t<td class=\"column-1\">30.04.2014<\/td><td class=\"column-2\"><a target=\"_blank\" href=\"ortsrecht\/bm_zirchow\/bekanntmachung-20140430-zirchow.pdf\" rel=\"noopener noreferrer\">\u00d6ffentliche Bekanntmachung gem\u00e4\u00df \u00a7 45 Stra\u00dfen- und Wegegesetz des Landes M-V<\/a><\/td>\n<\/tr>\n<tr class=\"row-11\">\n\t<td class=\"column-1\">22.05.2014<\/td><td class=\"column-2\"><a target=\"_blank\" href=\"ortsrecht\/bm_zirchow\/bekanntmachung-20140522-zirchow.pdf\" rel=\"noopener noreferrer\">Bekanntmachung der Haushaltssatzung der Gemeinde Zirchow f\u00fcr das Haushaltsjahr 2014<\/a><\/td>\n<\/tr>\n<tr class=\"row-12\">\n\t<td class=\"column-1\">09.12.2014<\/td><td class=\"column-2\"><a target=\"_blank\" href=\"ortsrecht\/bm_zirchow\/bekanntmachung-20141209-1-zirchow.pdf\" rel=\"noopener noreferrer\">Bekanntmachung des Amtes Usedom S\u00fcd \u00fcber den Beschluss Nr. 0017\/14 vom 03.12.2014 zur Aufstellung der 1. \u00c4nderung des Fl\u00e4chennutzungsplanes der Gemeinde Zirchow<\/a><\/td>\n<\/tr>\n<tr class=\"row-13\">\n\t<td class=\"column-1\">09.12.2014<\/td><td class=\"column-2\"><a target=\"_blank\" href=\"ortsrecht\/bm_zirchow\/bekanntmachung-20141209-2-zirchow.pdf\" rel=\"noopener noreferrer\">Bekanntmachung des Amtes Usedom S\u00fcd \u00fcber den Beschluss Nr. 001\/14 vom 03.12.2014 zur Aufstellung der 2. \u00c4nderung des Bebauungsplanes Nr. 1 \"Vitalwelt lnseltr\u00e4ume\" der Gemeinde Zirchow<\/a><\/td>\n<\/tr>\n<tr class=\"row-14\">\n\t<td class=\"column-1\">23.03.2015<\/td><td class=\"column-2\"><a target=\"_blank\" href=\"ortsrecht\/bm_zirchow\/bekanntmachung-20150323-1-zirchow.pdf\" rel=\"noopener noreferrer\">Bekanntmachung des Amtes Usedom-S\u00fcd \u00fcber die Er\u00f6ffnungsbilanz der Gemeinde Zirchow zum 01.01.2012<\/a><\/td>\n<\/tr>\n<tr class=\"row-15\">\n\t<td class=\"column-1\">23.03.2015<\/td><td class=\"column-2\"><a target=\"_blank\" href=\"ortsrecht\/bm_zirchow\/bekanntmachung-20150323-2-zirchow.pdf\" rel=\"noopener noreferrer\">Bekanntmachung Jahresrechnung der Gemeinde Zirchow f\u00fcr das Haushaltsjahr 2011<\/a><\/td>\n<\/tr>\n<tr class=\"row-16\">\n\t<td class=\"column-1\">23.03.2015<\/td><td class=\"column-2\"><a target=\"_blank\" href=\"ortsrecht\/bm_zirchow\/bekanntmachung-20150323-3-zirchow.pdf\" rel=\"noopener noreferrer\">Bekanntmachung Entlastung des B\u00fcrgermeisters der Gemeinde Zirchow f\u00fcr das Haushaltsjahr 2011<\/a><\/td>\n<\/tr>\n<tr class=\"row-17\">\n\t<td class=\"column-1\">01.04.2015<\/td><td class=\"column-2\"><a target=\"_blank\" href=\"ortsrecht\/bm_zirchow\/bekanntmachung-20150401-1-zirchow.pdf\" rel=\"noopener noreferrer\">Bekanntmachung des Amtes Usedom S\u00fcd zum Beschluss Nr. 0021\/15 vom 18.03.2015 \u00fcber den Entwurf und die Auslegung der 1. \u00c4nderung des Fl\u00e4chennutzungsplanes f\u00fcr den Geltungsbereich des Bebauungsplanes Nr. 1 \u201eVitalwelt Inseltr\u00e4ume\" der Gemeinde Zirchow in der Fassung von 11-2014<\/a><\/td>\n<\/tr>\n<tr class=\"row-18\">\n\t<td class=\"column-1\">01.04.2015<\/td><td class=\"column-2\"><a target=\"_blank\" href=\"ortsrecht\/bm_zirchow\/bekanntmachung-20150401-2-zirchow.pdf\" rel=\"noopener noreferrer\">Bekanntmachung des Amtes Usedom S\u00fcd zum Beschluss Nr. 0022\/15 vom 18.03.2015 \u00fcber den Entwurf und die Auslegung der 2. \u00c4nderung des Bebauungsplanes Nr. 1 \u201eVitalwelt Inseltr\u00e4ume\" der Gemeinde Zirchow in der Fassung von von 02-2015<\/a><\/td>\n<\/tr>\n<tr class=\"row-19\">\n\t<td class=\"column-1\">15.04.2015<\/td><td class=\"column-2\"><a target=\"_blank\" href=\"ortsrecht\/bm_zirchow\/bekanntmachung-20150415-zirchow.pdf\" rel=\"noopener noreferrer\">Bekanntmachung des Amtes Usedom S\u00fcd zum Beschluss Nr. 0022\/15 vom 18.03.2015 \u00fcber den Entwurf und die Auslegung der 2. \u00c4nderung des Bebauungsplanes Nr. 1 \u201eVitalwelt Inseltr\u00e4ume\" der Gemeinde Zirchow in der Fassung von von 02-2015<\/a><\/td>\n<\/tr>\n<tr class=\"row-20\">\n\t<td class=\"column-1\">22.05.2015<\/td><td class=\"column-2\"><a target=\"_blank\" href=\"ortsrecht\/bm_zirchow\/bekanntmachung-20150522-zirchow.pdf\" rel=\"noopener noreferrer\">Bekanntmachung \u00fcber die Festsetzung der Hebes\u00e4tze f\u00fcr die Grundsteuer und Gewerbesteuer in der Gemeinde Zirchow<\/a><\/td>\n<\/tr>\n<tr class=\"row-21\">\n\t<td class=\"column-1\">20.08.2015<\/td><td class=\"column-2\"><a target=\"_blank\" href=\"ortsrecht\/bm_zirchow\/bekanntmachung-20150820-1-zirchow.pdf\" rel=\"noopener noreferrer\">Bekanntmachung der Haushaltssatzung der Gemeinde Zirchow f\u00fcr das Haushaltsjahr 2015<\/a><\/td>\n<\/tr>\n<tr class=\"row-22\">\n\t<td class=\"column-1\">20.08.2015<\/td><td class=\"column-2\"><a target=\"_blank\" href=\"ortsrecht\/bm_zirchow\/bekanntmachung-20150820-2-zirchow.pdf\" rel=\"noopener noreferrer\">Bekanntmachung des Amtes Usedom S\u00fcd \u00fcber den Beschluss Nr. GVZi 0029\/15 vom 12.08.2015 zur Aufstellung der 3. \u00c4nderung des Bebauungsplanes Nr. 1 \u201eVitalwelt Inseltr\u00e4ume\" der Gemeinde Zirchow<\/a><\/td>\n<\/tr>\n<tr class=\"row-23\">\n\t<td class=\"column-1\">20.08.2015<\/td><td class=\"column-2\"><a target=\"_blank\" href=\"ortsrecht\/bm_zirchow\/bekanntmachung-20150820-3-zirchow.pdf\" rel=\"noopener noreferrer\">Bekanntmachung des Amtes Usedom S\u00fcd zum Beschluss Nr. 0030\/15 vom 12.08.2015 \u00fcber den Entwurf und die Auslegung der 3. \u00c4nderung des Bebauungsplanes Nr. 1 \u201eVitalwelt Inseltr\u00e4ume\" der Gemeinde Zirchow in der Fassung von von 05-2015<\/a><\/td>\n<\/tr>\n<tr class=\"row-24\">\n\t<td class=\"column-1\">08.12.2015<\/td><td class=\"column-2\"><a target=\"_blank\" href=\"ortsrecht\/bm_zirchow\/bekanntmachung-20151208-1-zirchow.pdf\" rel=\"noopener noreferrer\">Bekanntmachung des Amtes Usedom S\u00fcd \u00fcber die Satzung zur 2. \u00c4nderung des Bebauungsplanes Nr. 1 Vitalwelt Inseltr\u00e4ume\" der Gemeinde Zirchow<\/a><\/td>\n<\/tr>\n<tr class=\"row-25\">\n\t<td class=\"column-1\">08.12.2015<\/td><td class=\"column-2\"><a target=\"_blank\" href=\"ortsrecht\/bm_zirchow\/bekanntmachung-20151208-2-zirchow.pdf\" rel=\"noopener noreferrer\">Bekanntmachung des Amtes Usedom S\u00fcd \u00fcber die Genehmigung der 1. \u00c4nderung des Fl\u00e4chennutzungsplanes der Gemeinde Zirchow<\/a><\/td>\n<\/tr>\n<tr class=\"row-26\">\n\t<td class=\"column-1\">25.01.2016<\/td><td class=\"column-2\"><a target=\"_blank\" href=\"ortsrecht\/bm_zirchow\/bekanntmachung-20160125-zirchow.pdf\" rel=\"noopener noreferrer\">Bekanntmachung der Satzung \u00fcber die Festsetzung der Hebes\u00e4tze f\u00fcr die Grundsteuer und Gewerbesteuer in der Gemeinde Zirchow<\/a><\/td>\n<\/tr>\n<tr class=\"row-27\">\n\t<td class=\"column-1\">29.01.2016<\/td><td class=\"column-2\"><a target=\"_blank\" href=\"ortsrecht\/bm_zirchow\/bekanntmachung-20160129-zirchow.pdf\" rel=\"noopener noreferrer\">Bekanntmachung des Amtes Usedom S\u00fcd zum Beschluss Nr. GVZi 0044\/15 vom 20.01.2016 \u00fcber den Entwurf und die \u00f6ffentliche Auslegung der 3. \u00c4nderung des Bebauungsplanes Nr. 1 \"Vitalwelt Inseltr\u00e4ume\" der Gemeinde Zirchow in der Fassung von von 11-2015<\/a><\/td>\n<\/tr>\n<tr class=\"row-28\">\n\t<td class=\"column-1\">21.03.2016<\/td><td class=\"column-2\"><a target=\"_blank\" href=\"ortsrecht\/bm_zirchow\/bekanntmachung-20160321-zirchow.pdf\" rel=\"noopener noreferrer\">Bekanntmachung der Feststellung der Jahresrechnung 2012 und der Entlastung des B\u00fcrgermeisters<\/a><\/td>\n<\/tr>\n<tr class=\"row-29\">\n\t<td class=\"column-1\">19.04.2016<\/td><td class=\"column-2\"><a target=\"_blank\" href=\"ortsrecht\/bm_zirchow\/bekanntmachung-20160419-zirchow.pdf\" rel=\"noopener noreferrer\">Bekanntmachung der Haushaltssatzung der Gemeinde Zirchow f\u00fcr das Haushaltsjahr 2016<\/a><\/td>\n<\/tr>\n<tr class=\"row-30\">\n\t<td class=\"column-1\">17.06.2016<\/td><td class=\"column-2\"><a target=\"_blank\" href=\"ortsrecht\/bm_zirchow\/bekanntmachung-20160617-zirchow.pdf\" rel=\"noopener noreferrer\">Bekanntmachung des Amtes Usedom S\u00fcd zum Beschluss Nr. GVZi 0055\/16 vom 16.06.2016 \u00fcber die Aufstellung des Bebauungsplanes Nr. 2 f\u00fcr das \u201eWohngebiet an der Lindenstra\u00dfe in Zirchow\" der Gemeinde Zirchow<\/a><\/td>\n<\/tr>\n<tr class=\"row-31\">\n\t<td class=\"column-1\">21.06.2016<\/td><td class=\"column-2\"><a target=\"_blank\" href=\"ortsrecht\/bm_zirchow\/bekanntmachung-20160621-zirchow.pdf\" rel=\"noopener noreferrer\">Mitteilung eines Grenztermins (Orts\u00fcbliche Bekanntmachung)<\/a><\/td>\n<\/tr>\n<tr class=\"row-32\">\n\t<td class=\"column-1\">21.06.2016<\/td><td class=\"column-2\"><a target=\"_blank\" href=\"ortsrecht\/bm_zirchow\/bekanntmachung-20160621-2-zirchow.pdf\" rel=\"noopener noreferrer\">Orts\u00fcbliche Bekanntmachung der Offenlegung der Niederschrift \u00fcber einen Grenztermin<\/a><\/td>\n<\/tr>\n<tr class=\"row-33\">\n\t<td class=\"column-1\">13.07.2016<\/td><td class=\"column-2\"><a target=\"_blank\" href=\"ortsrecht\/bm_zirchow\/bekanntmachung-20160713-zirchow.pdf\" rel=\"noopener noreferrer\">Bekanntmachung des Amtes Usedom S\u00fcd \u00fcber die Satzung zur 3. \u00c4nderung des Bebauungsplanes Nr. 1 \u201eVitalwelt Inseltr\u00e4ume\" der Gemeinde Zirchow<\/a><\/td>\n<\/tr>\n<tr class=\"row-34\">\n\t<td class=\"column-1\">28.11.2016<\/td><td class=\"column-2\"><a target=\"_blank\" href=\"ortsrecht\/bm_zirchow\/bekanntmachung-20161128-zirchow.pdf\" rel=\"noopener noreferrer\">Bekanntmachung der Satzung \u00fcber die Festsetzung der Hebes\u00e4tze f\u00fcr die Grundsteuer und Gewerbesteuer in der Gemeinde Zirchow (Hebesatzsatzung 2017)<\/a><\/td>\n<\/tr>\n<tr class=\"row-35\">\n\t<td class=\"column-1\">30.03.2017<\/td><td class=\"column-2\"><a target=\"_blank\" href=\"ortsrecht\/bm_zirchow\/bekanntmachung-20170330-1-zirchow.pdf\" rel=\"noopener noreferrer\">Bekanntmachung der Feststellung der Jahresrechnung 2013 und der Entlastung des B\u00fcrgermeisters<\/a><\/td>\n<\/tr>\n<tr class=\"row-36\">\n\t<td class=\"column-1\">30.03.2017<\/td><td class=\"column-2\"><a target=\"_blank\" href=\"ortsrecht\/bm_zirchow\/bekanntmachung-20170330-2-zirchow.pdf\" rel=\"noopener noreferrer\">Bekanntmachung der Haushaltssatzung der Gemeinde Zirchow f\u00fcr das Haushaltsjahr 2017<\/a><\/td>\n<\/tr>\n<tr class=\"row-37\">\n\t<td class=\"column-1\">06.04.2017<\/td><td class=\"column-2\"><a target=\"_blank\" href=\"ortsrecht\/bm_zirchow\/bekanntmachung-20170406-zirchow.pdf\" rel=\"noopener noreferrer\">Bekanntmachung des Amtes Usedom S\u00fcd zum Beschluss Nr. GVZi-0073\/17 vom 29.03.2017 zur Aufstellung der 1. Erg\u00e4nzung des Fl\u00e4chennutzungsplanes der Gemeinde Zirchow i.V. m. dem Bebauungsplan Nr. 2 f\u00fcr das \u201eWohngebiet an der Lindenstra\u00dfe in Zirchow\"<\/a><\/td>\n<\/tr>\n<tr class=\"row-38\">\n\t<td class=\"column-1\">31.05.2017<\/td><td class=\"column-2\"><a target=\"_blank\" href=\"ortsrecht\/bm_zirchow\/bekanntmachung-20170531-1-zirchow.pdf\" rel=\"noopener noreferrer\">Bekanntmachung des Amtes Usedom S\u00fcd zum Beschluss Nr. GVZi-0077\/17 vom 17.05.2017 \u00fcber die Aufstellung der 4. \u00c4nderung des Bebauungsplanes Nr. 1 \u201eVitalwelt Inseltr\u00e4ume\" der Gemeinde Zirchow<\/a><\/td>\n<\/tr>\n<tr class=\"row-39\">\n\t<td class=\"column-1\">31.05.2017<\/td><td class=\"column-2\"><a target=\"_blank\" href=\"ortsrecht\/bm_zirchow\/bekanntmachung-20170531-2-zirchow.pdf\" rel=\"noopener noreferrer\">Bekanntmachung des Amtes Usedom S\u00fcd zum Beschluss Nr. GVZi-0078\/17 vom 17.05.2017 \u00fcber den Entwurf und die Auslegung der 4. \u00c4nderung des Bebauungsplanes Nr. 1 \u201eVitalwelt Inseltr\u00e4ume\" der Gemeinde Zirchow<\/a><\/td>\n<\/tr>\n<tr class=\"row-40\">\n\t<td class=\"column-1\">20.07.2017<\/td><td class=\"column-2\"><a target=\"_blank\" href=\"ortsrecht\/bm_zirchow\/bekanntmachung-20170720-1-zirchow.pdf\" rel=\"noopener noreferrer\">Bekanntmachung des Amtes Usedom S\u00fcd zum Beschluss Nr. GVZi-0081\/17 vom 18.07.2017 \u00fcber den Entwurf und die Auslegung der 5. \u00c4nderung des Bebauungsplanes Nr. 1 \u201eVitalwelt Inseltr\u00e4ume\" der Gemeinde Zirchow<\/a><\/td>\n<\/tr>\n<tr class=\"row-41\">\n\t<td class=\"column-1\">20.07.2017<\/td><td class=\"column-2\"><a target=\"_blank\" href=\"ortsrecht\/bm_zirchow\/bekanntmachung-20170720-2-zirchow.pdf\" rel=\"noopener noreferrer\">Bekanntmachung des Amtes Usedom S\u00fcd zum Beschluss Nr. GVZi-0080\/17 vom 18.07.2017 \u00fcber die Aufstellung der 5. \u00c4nderung des Bebauungsplanes Nr. 1 \u201eVitalwelt Inseltr\u00e4ume\" der Gemeinde Zirchow<\/a><\/td>\n<\/tr>\n<tr class=\"row-42\">\n\t<td class=\"column-1\">14.08.2017<\/td><td class=\"column-2\"><a target=\"_blank\" href=\"ortsrecht\/bm_zirchow\/bekanntmachung-20170814-zirchow.pdf\" rel=\"noopener noreferrer\">Bekanntmachung des Amtes Usedom S\u00fcd \u00fcber den Beschluss Nr. GVZi-0087\/17 vom 17.08.2017 f\u00fcr die Satzung zur 4. \u00c4nderung des Bebauungsplanes Nr. 1 \u201eVitalwelt Inseltr\u00e4ume\" der Gemeinde Zirchow<\/a><\/td>\n<\/tr>\n<tr class=\"row-43\">\n\t<td class=\"column-1\">15.01.2018<\/td><td class=\"column-2\"><a target=\"_blank\" href=\"ortsrecht\/bm_zirchow\/bekanntmachung-20180115-zirchow.pdf\" rel=\"noopener noreferrer\">Bekanntmachung: Terminbestimmung Zwangsvollstreckung<\/a><\/td>\n<\/tr>\n<tr class=\"row-44\">\n\t<td class=\"column-1\">16.03.2018<\/td><td class=\"column-2\"><a target=\"_blank\" href=\"ortsrecht\/bm_zirchow\/bekanntmachung-20180316-zirchow.pdf\" rel=\"noopener noreferrer\">Bekanntmachung: Terminbestimmung Zwangsvollstreckung<\/a><\/td>\n<\/tr>\n<tr class=\"row-45\">\n\t<td class=\"column-1\">22.03.2018<\/td><td class=\"column-2\"><a target=\"_blank\" href=\"ortsrecht\/bm_zirchow\/bekanntmachung-20180322-1-zirchow.pdf\" rel=\"noopener noreferrer\">Bekanntmachung der Feststellung der Jahresrechnung 2014 und der Entlastung des B\u00fcrgermeisters<\/a><\/td>\n<\/tr>\n<tr class=\"row-46\">\n\t<td class=\"column-1\">22.03.2018<\/td><td class=\"column-2\"><a target=\"_blank\" href=\"ortsrecht\/bm_zirchow\/bekanntmachung-20180322-2-zirchow.pdf\" rel=\"noopener noreferrer\">Bekanntmachung der Feststellung der Jahresrechnung 2015 und der Entlastung des B\u00fcrgermeisters<\/a><\/td>\n<\/tr>\n<tr class=\"row-47\">\n\t<td class=\"column-1\">22.03.2018<\/td><td class=\"column-2\"><a target=\"_blank\" href=\"ortsrecht\/bm_zirchow\/bekanntmachung-20180322-3-zirchow.pdf\" rel=\"noopener noreferrer\">Bekanntmachung der Haushaltssatzung der Gemeinde Zirchow f\u00fcr das Haushaltsjahr 2018<\/a><\/td>\n<\/tr>\n<tr class=\"row-48\">\n\t<td class=\"column-1\">11.06.2018<\/td><td class=\"column-2\"><a target=\"_blank\" href=\"ortsrecht\/bm_zirchow\/bekanntmachung-20180611-1-zirchow.pdf\" rel=\"noopener noreferrer\">Bekanntmachung des Amtes Usedom S\u00fcd zum Beschluss Nr. GVZi-0106\/18 vom 06.06.2018 \u00fcber die Aufstellung der 6. \u00c4nderung des Bebauungsplanes Nr. 1 \u201eVitalwelt Inseltr\u00e4ume\u201c der Gemeinde Zirchow<\/a><\/td>\n<\/tr>\n<tr class=\"row-49\">\n\t<td class=\"column-1\">11.06.2018<\/td><td class=\"column-2\"><a target=\"_blank\" href=\"ortsrecht\/bm_zirchow\/bekanntmachung-20180611-2-zirchow.pdf\" rel=\"noopener noreferrer\">Bekanntmachung des Amtes Usedom S\u00fcd zum Beschluss Nr. GVZi-0107\/18 vom 06.06.2018 \u00fcber den Entwurf und die \u00f6ffentliche Auslegung der 6. \u00c4nderung des Bebauungsplanes Nr. 1 \u201eVitalwelt Inseltr\u00e4ume\u201c der Gemeinde Zirchow in der Fassung von 04-2018<\/a><\/td>\n<\/tr>\n<tr class=\"row-50\">\n\t<td class=\"column-1\">21.06.2018<\/td><td class=\"column-2\"><a target=\"_blank\" href=\"ortsrecht\/bm_zirchow\/bekanntmachung-20180621-zirchow.pdf\" rel=\"noopener noreferrer\">Bekanntmachung: Terminbestimmung Zwangsvollstreckung<\/a><\/td>\n<\/tr>\n<tr class=\"row-51\">\n\t<td class=\"column-1\">22.08.2018<\/td><td class=\"column-2\"><a target=\"_blank\" href=\"ortsrecht\/bm_zirchow\/bekanntmachung-20180822-zirchow.pdf\" rel=\"noopener noreferrer\">Bekanntmachung des Amtes Usedom S\u00fcd \u00fcber den Beschluss Nr. GVZi-0108\/18 vom 15.08.2018 \u00fcber die Satzung zur  6. \u00c4nderung des Bebauungsplanes Nr. 1 \u201eVitalwelt Inseltr\u00e4ume\u201c der Gemeinde Zirchow<\/a><\/td>\n<\/tr>\n<tr class=\"row-52\">\n\t<td class=\"column-1\">26.11.2018<\/td><td class=\"column-2\"><a target=\"_blank\" href=\"ortsrecht\/bm_zirchow\/bekanntmachung-20181126-1-zirchow.pdf\" rel=\"noopener noreferrer\">Bekanntmachung des Amtes Usedom S\u00fcd zum Beschluss Nr. GVZi-0112\/18 vom 14.11.2018 \u00fcber die Aufstellung der 7. \u00c4nderung des Bebauungsplanes Nr. 1 \u201eVitalwelt Inseltr\u00e4ume\u201c der Gemeinde Zirchow<\/a><\/td>\n<\/tr>\n<tr class=\"row-53\">\n\t<td class=\"column-1\">26.11.2018<\/td><td class=\"column-2\"><a target=\"_blank\" href=\"ortsrecht\/bm_zirchow\/bekanntmachung-20181126-2-zirchow.pdf\" rel=\"noopener noreferrer\">Bekanntmachung des Amtes Usedom S\u00fcd zum Beschluss Nr. GVZi-0113\/18 vom 14.11.2018 \u00fcber den Entwurf und die \u00f6ffentliche Auslegung der 7. \u00c4nderung des Bebauungsplanes Nr. 1 \u201eVitalwelt Inseltr\u00e4ume\u201c der Gemeinde Zirchow in der Fassung von 08-2018<\/a><\/td>\n<\/tr>\n<tr class=\"row-54\">\n\t<td class=\"column-1\">28.02.2019<\/td><td class=\"column-2\"><a target=\"_blank\" href=\"ortsrecht\/bm_zirchow\/bekanntmachung-20190228-zirchow.pdf\" rel=\"noopener noreferrer\">Bekanntmachung \u00fcber die Durchf\u00fchrung von Vorarbeiten f\u00fcr den Bau der B110\/L266 - Ortsumgehung (OU) Zirchow<\/a><\/td>\n<\/tr>\n<tr class=\"row-55\">\n\t<td class=\"column-1\">04.03.2019<\/td><td class=\"column-2\"><a target=\"_blank\" href=\"ortsrecht\/bm_zirchow\/bekanntmachung-20190304-1-zirchow.pdf\" rel=\"noopener noreferrer\">Bekanntmachung des Amtes Usedom S\u00fcd \u00fcber den Beschluss Nr. GVZi-0123\/19 vom 27.02.2019 zur Durchf\u00fchrung eines erg\u00e4nzenden Verfahrens gem\u00e4\u00df \u00a7 214 abs. 4 BauGB, f\u00fcr die 6. \u00c4nderung des Bebauungsplanes Nr. 1 \u201eVitalwelt Inseltr\u00e4ume\u201c der Gemeinde Zirchow<\/a><\/td>\n<\/tr>\n<tr class=\"row-56\">\n\t<td class=\"column-1\">04.03.2019<\/td><td class=\"column-2\"><a target=\"_blank\" href=\"ortsrecht\/bm_zirchow\/bekanntmachung-20190304-2-zirchow.pdf\" rel=\"noopener noreferrer\">Bekanntmachung des Amtes Usedom S\u00fcd \u00fcber den Beschluss Nr. GVZi-0122\/19 vom 27.02.2019 \u00fcber die Satzung zur 7. \u00c4nderung des Bebauungsplanes Nr. 1 \u201eVitalwelt Inseltr\u00e4ume\u201c der Gemeinde Zirchow<\/a><\/td>\n<\/tr>\n<tr class=\"row-57\">\n\t<td class=\"column-1\">14.03.2019<\/td><td class=\"column-2\"><a target=\"_blank\" href=\"ortsrecht\/bm_zirchow\/bekanntmachung-20190314-zirchow.pdf\" rel=\"noopener noreferrer\">Bekanntmachung der Feststellung der Jahresrechnung 2016 und der Entlastung des B\u00fcrgermeisters<\/a><\/td>\n<\/tr>\n<tr class=\"row-58\">\n\t<td class=\"column-1\">14.03.2019<\/td><td class=\"column-2\"><a target=\"_blank\" href=\"ortsrecht\/bm_zirchow\/bekanntmachung-20190314-2-zirchow.pdf\" rel=\"noopener noreferrer\">Bekanntmachung: Energetische Sanierung der Stra\u00dfenbeleuchtung<\/a><\/td>\n<\/tr>\n<tr class=\"row-59\">\n\t<td class=\"column-1\">28.03.2019<\/td><td class=\"column-2\"><a target=\"_blank\" href=\"ortsrecht\/bm_zirchow\/bekanntmachung-20190328-zirchow.pdf\" rel=\"noopener noreferrer\">Bekanntmachung \u00fcber die Durchf\u00fchrung von Vorarbeiten f\u00fcr den Bau der B110\/ L266 \u2013 Ortsumgehung (OU) Zirchow<\/a><\/td>\n<\/tr>\n<tr class=\"row-60\">\n\t<td class=\"column-1\">17.04.2019<\/td><td class=\"column-2\"><a target=\"_blank\" href=\"ortsrecht\/bm_zirchow\/bekanntmachung-20190417-zirchow.pdf\" rel=\"noopener noreferrer\">Bekanntmachung der Haushaltssatzung der Gemeinde Zirchow f\u00fcr das Haushaltsjahr 2019<\/a><\/td>\n<\/tr>\n<tr class=\"row-61\">\n\t<td class=\"column-1\">22.10.2019<\/td><td class=\"column-2\"><a target=\"_blank\" href=\"ortsrecht\/bm_zirchow\/bekanntmachung-20191022-zirchow.pdf\" rel=\"noopener noreferrer\">Bekanntmachung des Berichtes \u00fcber die \u00fcber\u00f6rtliche Pr\u00fcfung der Haushaltsjahre 2012 \u2013 2015 der Gemeinde Zirchow<\/a><\/td>\n<\/tr>\n<tr class=\"row-62\">\n\t<td class=\"column-1\">06.03.2020<\/td><td class=\"column-2\"><a target=\"_blank\" href=\"ortsrecht\/bm_zirchow\/bekanntmachung-20200306-zirchow.pdf\" rel=\"noopener noreferrer\">Bekanntmachung der Haushaltssatzung der Gemeinde Zirchow f\u00fcr das Haushaltsjahr 2020<\/a><\/td>\n<\/tr>\n<tr class=\"row-63\">\n\t<td class=\"column-1\">11.03.2020<\/td><td class=\"column-2\"><a target=\"_blank\" href=\"ortsrecht\/bm_zirchow\/bekanntmachung-20200311-zirchow.pdf\" rel=\"noopener noreferrer\">Bekanntmachung Wiederherstellung des Grundbuchblattes<\/a><\/td>\n<\/tr>\n<tr class=\"row-64\">\n\t<td class=\"column-1\">14.05.2020<\/td><td class=\"column-2\"><a target=\"_blank\" href=\"ortsrecht\/bm_zirchow\/bekanntmachung-20200514-4-zirchow.pdf\" rel=\"noopener noreferrer\">\u00d6ffentliche Bekanntmachung (Schlussfeststellung) im Flurneuordnungsverfahren Korswandt<\/a><\/td>\n<\/tr>\n<tr class=\"row-65\">\n\t<td class=\"column-1\">06.10.2020<\/td><td class=\"column-2\"><a target=\"_blank\" href=\"ortsrecht\/bm_zirchow\/bekanntmachung-20201006-zirchow.pdf\" rel=\"noopener noreferrer\">\u00d6ffentliche Bekanntmachung: Widmungsverf\u00fcgung<\/a><\/td>\n<\/tr>\n<\/tbody>\n<\/table>\n<!-- #tablepress-39 from cache -->\n<p><a href=\"?page_id=822\" title=\"\u00d6ffentliche Bekanntmachungen - Gemeinde Zirchow\">Zu den aktuellen Bekanntmachungen&#8230;<\/a><\/p>","protected":false},"excerpt":{"rendered":"<p>Zu den aktuellen Bekanntmachungen&#8230;<\/p>\n","protected":false},"author":2,"featured_media":0,"parent":0,"menu_order":0,"comment_status":"closed","ping_status":"closed","template":"","meta":{"footnotes":""},"class_list":["post-2679","page","type-page","status-publish","hentry"],"_links":{"self":[{"href":"https:\/\/www.amtusedom.de\/index.php?rest_route=\/wp\/v2\/pages\/2679","targetHints":{"allow":["GET"]}}],"collection":[{"href":"https:\/\/www.amtusedom.de\/index.php?rest_route=\/wp\/v2\/pages"}],"about":[{"href":"https:\/\/www.amtusedom.de\/index.php?rest_route=\/wp\/v2\/types\/page"}],"author":[{"embeddable":true,"href":"https:\/\/www.amtusedom.de\/index.php?rest_route=\/wp\/v2\/users\/2"}],"replies":[{"embeddable":true,"href":"https:\/\/www.amtusedom.de\/index.php?rest_route=%2Fwp%2Fv2%2Fcomments&post=2679"}],"version-history":[{"count":2,"href":"https:\/\/www.amtusedom.de\/index.php?rest_route=\/wp\/v2\/pages\/2679\/revisions"}],"predecessor-version":[{"id":5866,"href":"https:\/\/www.amtusedom.de\/index.php?rest_route=\/wp\/v2\/pages\/2679\/revisions\/5866"}],"wp:attachment":[{"href":"https:\/\/www.amtusedom.de\/index.php?rest_route=%2Fwp%2Fv2%2Fmedia&parent=2679"}],"curies":[{"name":"wp","href":"https:\/\/api.w.org\/{rel}","templated":true}]}}