{"id":2827,"date":"2015-07-09T09:50:52","date_gmt":"2015-07-09T07:50:52","guid":{"rendered":"http:\/\/www.amtusedom.de\/?page_id=2827"},"modified":"2020-08-28T10:58:21","modified_gmt":"2020-08-28T08:58:21","slug":"bekanntmachungen-zum-volksentscheid-zur-gerichtsstrukturreform-am-6-september-2015","status":"publish","type":"page","link":"https:\/\/www.amtusedom.de\/?page_id=2827","title":{"rendered":"Bekanntmachungen zum Volksentscheid zur Gerichtsstrukturreform am 6. September 2015"},"content":{"rendered":"<p><a href=\"aktuelles\/volksentscheid\/bekanntmachung-volksentscheid.pdf\"><b>Bekanntmachung<\/b> zum Volksentscheid zur Gerichtsstrukturreform am 6. September 2015<\/a><\/p>\n<p><a href=\"aktuelles\/volksentscheid\/bekanntmachung-einsichtnahme-waehlerverzeichnis.pdf\"><b>Bekanntmachung<\/b> \u00fcber das Recht auf Einsichtnahme in das W\u00e4hlerverzeichnis und die Erteilung von Abstimmungsscheinen f\u00fcr den Volksentscheid zur Gerichtsstrukturreform<\/a><\/p>\n<p><a href=\"aktuelles\/volksentscheid\/volksentscheid-vorl.pdf\"><b>Bekanntmachung<\/b> vorl\u00e4ufiges Wahlergebnis zum Volksentscheid zur Gerichtsstrukturreform<\/a><\/p>","protected":false},"excerpt":{"rendered":"<p>Bekanntmachung zum Volksentscheid zur Gerichtsstrukturreform am 6. September 2015 Bekanntmachung \u00fcber das Recht auf Einsichtnahme in das W\u00e4hlerverzeichnis und die Erteilung von Abstimmungsscheinen f\u00fcr den Volksentscheid zur Gerichtsstrukturreform Bekanntmachung vorl\u00e4ufiges Wahlergebnis zum Volksentscheid zur Gerichtsstrukturreform<\/p>\n","protected":false},"author":2,"featured_media":0,"parent":0,"menu_order":0,"comment_status":"closed","ping_status":"closed","template":"","meta":{"footnotes":""},"class_list":["post-2827","page","type-page","status-publish","hentry"],"_links":{"self":[{"href":"https:\/\/www.amtusedom.de\/index.php?rest_route=\/wp\/v2\/pages\/2827","targetHints":{"allow":["GET"]}}],"collection":[{"href":"https:\/\/www.amtusedom.de\/index.php?rest_route=\/wp\/v2\/pages"}],"about":[{"href":"https:\/\/www.amtusedom.de\/index.php?rest_route=\/wp\/v2\/types\/page"}],"author":[{"embeddable":true,"href":"https:\/\/www.amtusedom.de\/index.php?rest_route=\/wp\/v2\/users\/2"}],"replies":[{"embeddable":true,"href":"https:\/\/www.amtusedom.de\/index.php?rest_route=%2Fwp%2Fv2%2Fcomments&post=2827"}],"version-history":[{"count":8,"href":"https:\/\/www.amtusedom.de\/index.php?rest_route=\/wp\/v2\/pages\/2827\/revisions"}],"predecessor-version":[{"id":5851,"href":"https:\/\/www.amtusedom.de\/index.php?rest_route=\/wp\/v2\/pages\/2827\/revisions\/5851"}],"wp:attachment":[{"href":"https:\/\/www.amtusedom.de\/index.php?rest_route=%2Fwp%2Fv2%2Fmedia&parent=2827"}],"curies":[{"name":"wp","href":"https:\/\/api.w.org\/{rel}","templated":true}]}}