{"id":296,"date":"2012-08-16T16:45:46","date_gmt":"2012-08-16T14:45:46","guid":{"rendered":"http:\/\/localhost\/wp\/?page_id=296"},"modified":"2023-04-17T11:27:27","modified_gmt":"2023-04-17T09:27:27","slug":"burgerservice","status":"publish","type":"page","link":"https:\/\/www.amtusedom.de\/?page_id=296","title":{"rendered":"B\u00fcrgerservice"},"content":{"rendered":"<p>In diesem Bereich bieten wir Informationen \u00fcber die Dienstleistungen des Amtes Usedom S\u00fcd.<\/p>\n<p><strong>Ausweise und P\u00e4sse<\/strong><br \/>\nSie ben\u00f6tigen einen neuen Bundespersonalausweis, Reisepass oder einen Kinderreisepass? Hier finden Sie alle Informationen. <a href=\"?page_id=302\">weiter &gt;&gt;&gt;<\/a><\/p>\n<p><strong>Umzug und sonstige Meldeangelegenheiten<\/strong><br \/>\nSie wohnen neu in einer der Gemeinden des Amtes Usedom-S\u00fcd? Alle Dienstleistungen der Amtsverwaltung rund um An-, Ab- und Ummeldungen im Amt Usedom-S\u00fcd finden Sie <a href=\"?page_id=313\">hier &gt;&gt;&gt;<\/a><\/p>\n<p><strong>Hinweise zur elektronischen Lohnsteuerkarte ab 2012<\/strong><br \/>\nWas \u00e4ndert sich f\u00fcr Sie als Arbeitnehmer? Wie funktioniert das neue Verfahren? Welche Vorteile bietet die elektronische Lohnsteuerkarte?<br \/>\nDie wichtigsten Informationen erhalten Sie <a href=\"?page_id=331\">hier &gt;&gt;&gt;<\/a><\/p>\n<p><strong>Rund ums Gewerbe<\/strong><br \/>\nSie m\u00f6chten ein Gewerbe anmelden oder haben \u00c4nderungen bei Ihrem bestehenden Gewerbe? Hier finden Sie alle wichtigen Informationen. <a href=\"\/?page_id=335\">&gt;&gt;&gt;<\/a><\/p>\n<p><strong>Weitere Dienstleistungen im B\u00fcrgerservice<\/strong><br \/>\nHier finden Sie Informationen zu folgenden Dienstleistungen: Fischereischeine, Untersuchungsberechtigungsscheine, Beglaubigungen, Ver\u00f6ffentlichungen im Amtsblatt, Hinweis auf Fundstellen Ortsrecht, M\u00fclls\u00e4cke, Gelbe S\u00e4cke <a href=\"?page_id=345\">&gt;&gt;&gt;<\/a><\/p>\n<p><strong>Formulare <a href=\"?page_id=349\">&gt;&gt;&gt;<\/a><\/strong><\/p>\n<p><strong>Wichtige Notrufnummern <a href=\"?page_id=927\">&gt;&gt;&gt;<\/a><br \/>\n<\/strong><\/p>","protected":false},"excerpt":{"rendered":"<p>In diesem Bereich bieten wir Informationen \u00fcber die Dienstleistungen des Amtes Usedom S\u00fcd. Ausweise und P\u00e4sse Sie ben\u00f6tigen einen neuen Bundespersonalausweis, Reisepass oder einen Kinderreisepass? Hier finden Sie alle Informationen. weiter &gt;&gt;&gt; Umzug und sonstige Meldeangelegenheiten Sie wohnen neu in einer der Gemeinden des Amtes Usedom-S\u00fcd? Alle Dienstleistungen der Amtsverwaltung rund um An-, Ab- und Ummeldungen im Amt Usedom-S\u00fcd finden<\/p>\n","protected":false},"author":2,"featured_media":0,"parent":0,"menu_order":3,"comment_status":"closed","ping_status":"closed","template":"","meta":{"footnotes":""},"class_list":["post-296","page","type-page","status-publish","hentry"],"_links":{"self":[{"href":"https:\/\/www.amtusedom.de\/index.php?rest_route=\/wp\/v2\/pages\/296","targetHints":{"allow":["GET"]}}],"collection":[{"href":"https:\/\/www.amtusedom.de\/index.php?rest_route=\/wp\/v2\/pages"}],"about":[{"href":"https:\/\/www.amtusedom.de\/index.php?rest_route=\/wp\/v2\/types\/page"}],"author":[{"embeddable":true,"href":"https:\/\/www.amtusedom.de\/index.php?rest_route=\/wp\/v2\/users\/2"}],"replies":[{"embeddable":true,"href":"https:\/\/www.amtusedom.de\/index.php?rest_route=%2Fwp%2Fv2%2Fcomments&post=296"}],"version-history":[{"count":8,"href":"https:\/\/www.amtusedom.de\/index.php?rest_route=\/wp\/v2\/pages\/296\/revisions"}],"predecessor-version":[{"id":7457,"href":"https:\/\/www.amtusedom.de\/index.php?rest_route=\/wp\/v2\/pages\/296\/revisions\/7457"}],"wp:attachment":[{"href":"https:\/\/www.amtusedom.de\/index.php?rest_route=%2Fwp%2Fv2%2Fmedia&parent=296"}],"curies":[{"name":"wp","href":"https:\/\/api.w.org\/{rel}","templated":true}]}}