{"id":302,"date":"2012-08-20T15:27:56","date_gmt":"2012-08-20T13:27:56","guid":{"rendered":"http:\/\/localhost\/wp\/?page_id=302"},"modified":"2026-03-12T18:20:52","modified_gmt":"2026-03-12T16:20:52","slug":"ausweise-und-passe","status":"publish","type":"page","link":"https:\/\/www.amtusedom.de\/?page_id=302","title":{"rendered":"Ausweise &#038; P\u00e4sse"},"content":{"rendered":"<p><script id=\"cituro-widget-loader\" src=\"https:\/\/app.cituro.com\/booking-widget\" data-account-number=\"4330397\" defer><span data-mce-type=\"bookmark\" style=\"display: inline-block; width: 0px; overflow: hidden; line-height: 0;\" class=\"mce_SELRES_start\">\ufeff<\/span><\/script><\/p>\n<h3>Bundespersonalausweis (BPA)<\/h3>\n<p>Seit dem 1.\u202fNovember 2010 gibt es den Personalausweis im Scheckkartenformat mit neuen Funktionen \u2013 auch f\u00fcr digitale Anwendungen im Internet.<\/p>\n<h4>Antragstellung<\/h4>\n<p>Diese Unterlagen sind erforderlich:<\/p>\n<ul>\n<li>Alter Personalausweis oder Reisepass<\/li>\n<li>Bei Erstantrag: Kinderausweis oder Geburtsurkunde<\/li>\n<li>Einverst\u00e4ndniserkl\u00e4rung beider Erziehungsberechtigter oder Sorgerechtsnachweis<\/li>\n<\/ul>\n<h4>Geb\u00fchren<\/h4>\n<ul>\n<li><strong>ab 24 Jahren<\/strong>: 46,00\u202f\u20ac (10 Jahre g\u00fcltig)<\/li>\n<li><strong>unter 24 Jahren<\/strong>: 27,60\u202f\u20ac (6 Jahre g\u00fcltig)<\/li>\n<li><strong>vorl\u00e4ufiger Ausweis<\/strong>: 10,00\u202f\u20ac<\/li>\n<\/ul>\n<h4>\ufe0f Passbild<\/h4>\n<p>Ein <strong>biometrisches Lichtbild<\/strong> wird vor Ort aufgenommen (exklusiv f\u00fcr das jeweilige Dokument). Kosten: 6,00\u202f\u20ac. Alternative Lichtbild-Erstellung durch autorisierte Fotodienstleister ist m\u00f6glich.<\/p>\n<h4>Geb\u00fchrenfrei:<\/h4>\n<ul>\n<li>Aktivierung der Online-Ausweisfunktion (Erstausgabe oder ab 16)<\/li>\n<li>PIN-\u00c4nderung im B\u00fcrgeramt<\/li>\n<li>Adress\u00e4nderung bei Umzug<\/li>\n<li>Sperrung bei Verlust<\/li>\n<\/ul>\n<h4>G\u00fcltigkeit<\/h4>\n<ul>\n<li>10 Jahre (ab 24 Jahren)<\/li>\n<li>6 Jahre (unter 24 Jahren)<\/li>\n<li>Vorl\u00e4ufiger Ausweis: max. 3 Monate<\/li>\n<\/ul>\n<h4>Wichtig:<\/h4>\n<ul>\n<li>Fingerabdr\u00fccke ab 6 Jahren verpflichtend<\/li>\n<li>Pers\u00f6nliches Erscheinen mit Unterschrift erforderlich \u2013 keine Vertretung m\u00f6glich<\/li>\n<li>Bearbeitung: ca. 2\u20133 Wochen durch Bundesdruckerei Berlin<\/li>\n<li><strong>Abholung durch bevollm\u00e4chtigte Person<\/strong> m\u00f6glich<\/li>\n<li>Alter Ausweis wird bei Ausgabe des neuen Dokuments eingezogen<\/li>\n<\/ul>\n<div><\/div>\n<h3>Reisepass (ePass)<\/h3>\n<p>Der elektronische Reisepass enth\u00e4lt biometrische Daten und ist f\u00fcr Auslandsreisen erforderlich.<\/p>\n<h4>Notwendige Unterlagen<\/h4>\n<ul>\n<li>Alter Reisepass oder Personalausweis<\/li>\n<li>Bei Erstausstellung: Personenstandsurkunde<\/li>\n<li>Bei Minderj\u00e4hrigen: Einverst\u00e4ndnis beider Elternteile oder des Sorgeberechtigten<\/li>\n<\/ul>\n<h4>Geb\u00fchren<\/h4>\n<ul>\n<li><strong>ab 24 Jahren<\/strong>: 70,00\u202f\u20ac<\/li>\n<li><strong>unter 24 Jahren<\/strong>: 37,50\u202f\u20ac<\/li>\n<\/ul>\n<p>&gt; <strong>Expresspass:<\/strong> Auf Wunsch innerhalb von ca. 5 Werktagen (Bestellung vor 11\u202fUhr) \u2013 Aufpreis: 32,00\u202f\u20ac<\/p>\n<h4>Wichtig:<\/h4>\n<ul>\n<li>Pers\u00f6nliches Erscheinen erforderlich (Unterschrift + Fingerabdruck)<\/li>\n<li>Keine Vertretung bei Antragstellung m\u00f6glich<\/li>\n<li>Bearbeitung: ca. 6 Wochen durch die Bundesdruckerei<\/li>\n<li><strong>Abholung durch Bevollm\u00e4chtigte m\u00f6glich<\/strong><\/li>\n<li>Alter Reisepass wird eingezogen<\/li>\n<\/ul>\n<h4>Kinder &amp; Jugendliche:<\/h4>\n<ul>\n<li>ePass m\u00f6glich ab Geburt (auf Wunsch der Eltern)<\/li>\n<li><strong>Fingerabdr\u00fccke ab 6 Jahren erforderlich<\/strong><\/li>\n<li>G\u00fcltigkeit: \u2013 10 Jahre (ab 24 Jahren) \u2013 6 Jahre (unter 24 Jahren)<\/li>\n<\/ul>\n<div><\/div>\n<h3>Kinderreisepass<\/h3>\n<p><strong>Hinweis:<\/strong> Seit dem 1.\u202fJanuar 2024 <strong>werden keine neuen Kinderreisep\u00e4sse mehr ausgestellt oder verl\u00e4ngert<\/strong>. Bereits ausgestellte Dokumente <strong>bleiben bis zum Ablaufdatum g\u00fcltig<\/strong>.<\/p>\n\n<table id=\"tablepress-134\" class=\"tablepress tablepress-id-134\">\n<thead>\n<tr class=\"row-1\">\n\t<th class=\"column-1\">Dokument \/ Dienstleistung<\/th><th class=\"column-2\">Geb\u00fchr<\/th><th class=\"column-3\">G\u00fcltigkeit \/ Hinweis<\/th>\n<\/tr>\n<\/thead>\n<tbody class=\"row-striping row-hover\">\n<tr class=\"row-2\">\n\t<td class=\"column-1\">Personalausweis (ab 24 Jahren)<\/td><td class=\"column-2\">46,00\u202f\u20ac<\/td><td class=\"column-3\">10 Jahre<\/td>\n<\/tr>\n<tr class=\"row-3\">\n\t<td class=\"column-1\">Personalausweis (unter 24 Jahren)<\/td><td class=\"column-2\">27,60\u202f\u20ac<\/td><td class=\"column-3\">6 Jahre<\/td>\n<\/tr>\n<tr class=\"row-4\">\n\t<td class=\"column-1\">Vorl\u00e4ufiger Personalausweis<\/td><td class=\"column-2\">10,00\u202f\u20ac<\/td><td class=\"column-3\">max. 3 Monate<\/td>\n<\/tr>\n<tr class=\"row-5\">\n\t<td class=\"column-1\">Biometrisches Lichtbild vor Ort<\/td><td class=\"column-2\">6,00\u202f\u20ac<\/td><td class=\"column-3\">Nur f\u00fcr das jeweilige Dokument<\/td>\n<\/tr>\n<tr class=\"row-6\">\n\t<td class=\"column-1\">Reisepass (ab 24 Jahren)<\/td><td class=\"column-2\">70,00\u202f\u20ac<\/td><td class=\"column-3\">10 Jahre<\/td>\n<\/tr>\n<tr class=\"row-7\">\n\t<td class=\"column-1\">Reisepass (unter 24 Jahren)<\/td><td class=\"column-2\">37,50\u202f\u20ac<\/td><td class=\"column-3\">6 Jahre<\/td>\n<\/tr>\n<tr class=\"row-8\">\n\t<td class=\"column-1\">Express-Reisepass (Zusatzkosten)<\/td><td class=\"column-2\">+32,00\u202f\u20ac<\/td><td class=\"column-3\">Ausstellung innerhalb ca. 5 Werktagen<\/td>\n<\/tr>\n<tr class=\"row-9\">\n\t<td class=\"column-1\">Geb\u00fchrenfreie Leistungen<\/td><td class=\"column-2\">0,00\u202f\u20ac<\/td><td class=\"column-3\">PIN-\u00c4nderung, Aktivierung Online-Funktion etc.<\/td>\n<\/tr>\n<\/tbody>\n<\/table>\n<!-- #tablepress-134 from cache -->\n<div><\/div>","protected":false},"excerpt":{"rendered":"<p>Bundespersonalausweis (BPA) Seit dem 1.\u202fNovember 2010 gibt es den Personalausweis im Scheckkartenformat mit neuen Funktionen \u2013 auch f\u00fcr digitale Anwendungen im Internet. Antragstellung Diese Unterlagen sind erforderlich: Alter Personalausweis oder Reisepass Bei Erstantrag: Kinderausweis oder Geburtsurkunde Einverst\u00e4ndniserkl\u00e4rung beider Erziehungsberechtigter oder Sorgerechtsnachweis Geb\u00fchren ab 24 Jahren: 46,00\u202f\u20ac (10 Jahre g\u00fcltig) unter 24 Jahren: 27,60\u202f\u20ac (6 Jahre g\u00fcltig) vorl\u00e4ufiger Ausweis: 10,00\u202f\u20ac \ufe0f<\/p>\n","protected":false},"author":2,"featured_media":0,"parent":296,"menu_order":0,"comment_status":"closed","ping_status":"closed","template":"","meta":{"footnotes":""},"class_list":["post-302","page","type-page","status-publish","hentry"],"_links":{"self":[{"href":"https:\/\/www.amtusedom.de\/index.php?rest_route=\/wp\/v2\/pages\/302","targetHints":{"allow":["GET"]}}],"collection":[{"href":"https:\/\/www.amtusedom.de\/index.php?rest_route=\/wp\/v2\/pages"}],"about":[{"href":"https:\/\/www.amtusedom.de\/index.php?rest_route=\/wp\/v2\/types\/page"}],"author":[{"embeddable":true,"href":"https:\/\/www.amtusedom.de\/index.php?rest_route=\/wp\/v2\/users\/2"}],"replies":[{"embeddable":true,"href":"https:\/\/www.amtusedom.de\/index.php?rest_route=%2Fwp%2Fv2%2Fcomments&post=302"}],"version-history":[{"count":31,"href":"https:\/\/www.amtusedom.de\/index.php?rest_route=\/wp\/v2\/pages\/302\/revisions"}],"predecessor-version":[{"id":11258,"href":"https:\/\/www.amtusedom.de\/index.php?rest_route=\/wp\/v2\/pages\/302\/revisions\/11258"}],"up":[{"embeddable":true,"href":"https:\/\/www.amtusedom.de\/index.php?rest_route=\/wp\/v2\/pages\/296"}],"wp:attachment":[{"href":"https:\/\/www.amtusedom.de\/index.php?rest_route=%2Fwp%2Fv2%2Fmedia&parent=302"}],"curies":[{"name":"wp","href":"https:\/\/api.w.org\/{rel}","templated":true}]}}