{"id":331,"date":"2012-08-21T10:28:05","date_gmt":"2012-08-21T08:28:05","guid":{"rendered":"http:\/\/localhost\/wp\/?page_id=331"},"modified":"2025-07-31T13:27:39","modified_gmt":"2025-07-31T11:27:39","slug":"informationen-zur-elektronischen-lohnsteuerkarte-ab-2012","status":"publish","type":"page","link":"https:\/\/www.amtusedom.de\/?page_id=331","title":{"rendered":"Informationen zur elektronischen Lohnsteuerkarte ab 2012"},"content":{"rendered":"<p><strong>Elektronische Lohnsteuerabzugsmerkmale (ELStAM)<\/strong><\/p>\n<p>Seit der Umstellung auf das elektronische Verfahren im Jahr 2012 werden die Lohnsteuerabzugsmerkmale digital verwaltet. Die papierbasierte Lohnsteuerkarte ist seitdem abgeschafft. B\u00fcrgerinnen und B\u00fcrger m\u00fcssen keine Antr\u00e4ge mehr bei ihrer Gemeinde stellen \u2013 zust\u00e4ndig ist stattdessen das jeweilige Finanzamt.<\/p>\n<p><strong>Was ist ELStAM?<\/strong> ELStAM steht f\u00fcr \u201eElektronische Lohnsteuerabzugsmerkmale\u201c. Hierzu z\u00e4hlen z.\u202fB. Steuerklasse, Kinderfreibetr\u00e4ge und Kirchensteuermerkmale, die vom Arbeitgeber direkt beim Bundeszentralamt f\u00fcr Steuern abgerufen werden.<\/p>\n<p><strong>\u00c4nderungen Ihrer Daten<\/strong> Wenn Sie z.\u202fB. heiraten, ein Kind bekommen oder die Steuerklasse wechseln m\u00f6chten, wenden Sie sich bitte an Ihr zust\u00e4ndiges Finanzamt. Dort k\u00f6nnen Sie die \u00c4nderungen vornehmen lassen.<\/p>\n<p><strong>Kontakt zum Finanzamt Greifswald<\/strong> Am Gorzberg, Haus 11 17489 Greifswald Telefon: 03834 \/ 5352-0 E-Mail: <button type=\"button\" data-url=\"https:\/\/mailto:poststelle@finanzamt-greifswald.de\">poststelle@finanzamt-greifswald.de<\/button> Website: <button type=\"button\" data-url=\"https:\/\/www.bzst.de\">Bundeszentralamt f\u00fcr Steuern<\/button><\/p>","protected":false},"excerpt":{"rendered":"<p>Elektronische Lohnsteuerabzugsmerkmale (ELStAM) Seit der Umstellung auf das elektronische Verfahren im Jahr 2012 werden die Lohnsteuerabzugsmerkmale digital verwaltet. Die papierbasierte Lohnsteuerkarte ist seitdem abgeschafft. B\u00fcrgerinnen und B\u00fcrger m\u00fcssen keine Antr\u00e4ge mehr bei ihrer Gemeinde stellen \u2013 zust\u00e4ndig ist stattdessen das jeweilige Finanzamt. Was ist ELStAM? ELStAM steht f\u00fcr \u201eElektronische Lohnsteuerabzugsmerkmale\u201c. Hierzu z\u00e4hlen z.\u202fB. Steuerklasse, Kinderfreibetr\u00e4ge und Kirchensteuermerkmale, die vom Arbeitgeber<\/p>\n","protected":false},"author":2,"featured_media":0,"parent":296,"menu_order":0,"comment_status":"closed","ping_status":"closed","template":"","meta":{"footnotes":""},"class_list":["post-331","page","type-page","status-publish","hentry"],"_links":{"self":[{"href":"https:\/\/www.amtusedom.de\/index.php?rest_route=\/wp\/v2\/pages\/331","targetHints":{"allow":["GET"]}}],"collection":[{"href":"https:\/\/www.amtusedom.de\/index.php?rest_route=\/wp\/v2\/pages"}],"about":[{"href":"https:\/\/www.amtusedom.de\/index.php?rest_route=\/wp\/v2\/types\/page"}],"author":[{"embeddable":true,"href":"https:\/\/www.amtusedom.de\/index.php?rest_route=\/wp\/v2\/users\/2"}],"replies":[{"embeddable":true,"href":"https:\/\/www.amtusedom.de\/index.php?rest_route=%2Fwp%2Fv2%2Fcomments&post=331"}],"version-history":[{"count":5,"href":"https:\/\/www.amtusedom.de\/index.php?rest_route=\/wp\/v2\/pages\/331\/revisions"}],"predecessor-version":[{"id":10664,"href":"https:\/\/www.amtusedom.de\/index.php?rest_route=\/wp\/v2\/pages\/331\/revisions\/10664"}],"up":[{"embeddable":true,"href":"https:\/\/www.amtusedom.de\/index.php?rest_route=\/wp\/v2\/pages\/296"}],"wp:attachment":[{"href":"https:\/\/www.amtusedom.de\/index.php?rest_route=%2Fwp%2Fv2%2Fmedia&parent=331"}],"curies":[{"name":"wp","href":"https:\/\/api.w.org\/{rel}","templated":true}]}}