{"id":335,"date":"2012-08-21T10:36:49","date_gmt":"2012-08-21T08:36:49","guid":{"rendered":"http:\/\/localhost\/wp\/?page_id=335"},"modified":"2025-11-04T11:29:45","modified_gmt":"2025-11-04T09:29:45","slug":"rund-ums-gewerbe","status":"publish","type":"page","link":"https:\/\/www.amtusedom.de\/?page_id=335","title":{"rendered":"Gewerbeangelegenheiten im \u00dcberblick"},"content":{"rendered":"<p><script id=\"cituro-widget-loader\" src=\"https:\/\/app.cituro.com\/booking-widget\" data-account-number=\"4330397\" defer><span data-mce-type=\"bookmark\" style=\"display: inline-block; width: 0px; overflow: hidden; line-height: 0;\" class=\"mce_SELRES_start\">\ufeff<\/span><\/script><\/p>\n<h3>Pflicht zur Anzeige gewerblicher T\u00e4tigkeiten<\/h3>\n<p>Nach den Vorschriften der Gewerbeordnung besteht f\u00fcr Gewerbetreibende die Verpflichtung, bestimmte Vorg\u00e4nge zeitnah beim zust\u00e4ndigen Gewerbeamt anzuzeigen. Dazu z\u00e4hlen:<\/p>\n<ul>\n<li>die <strong>Aufnahme<\/strong> eines Gewerbebetriebes<\/li>\n<li>die <strong>Verlegung<\/strong> der Betriebsst\u00e4tte<\/li>\n<li><strong>\u00c4nderungen<\/strong> des Gewerbegegenstandes<\/li>\n<li>die vollst\u00e4ndige <strong>Aufgabe<\/strong> des Gewerbebetriebes<\/li>\n<\/ul>\n<p><strong>Wer ist anzeigepflichtig?<\/strong><\/p>\n<p>Alle Personen, die eine gewerbliche Niederlassung im sog. \u201estehenden Gewerbe\u201c errichten \u2013 also T\u00e4tigkeiten, die <strong>weder zum Reisegewerbe noch zum Marktverkehr<\/strong> geh\u00f6ren \u2013, sind zur Anzeige verpflichtet. Dabei spielt es keine Rolle, ob die T\u00e4tigkeit haupt- oder nebenberuflich ausge\u00fcbt wird.<\/p>\n<p><strong>Besonderheit bei Personengesellschaften<\/strong><\/p>\n<p>Bei Gesellschaftsformen wie OHG, KG, GmbH &amp; Co. KG, GbR oder UG gilt: Alle gesch\u00e4ftsf\u00fchrenden Gesellschafter sind als Gewerbetreibende anzusehen und somit ebenfalls meldepflichtig.<\/p>\n<p><strong>Hinweis:<\/strong><br \/>\nWegen der komplexen Rechtslage im Bereich Gewerbe wird empfohlen, vor Antragstellung R\u00fccksprache mit den zust\u00e4ndigen Sachbearbeiterinnen zu halten. Die folgenden Informationen dienen lediglich zur Orientierung.<\/p>\n<h3><strong>Gewerbeanmeldung<\/strong><\/h3>\n<p><strong>Welche Unterlagen werden ben\u00f6tigt?<\/strong><\/p>\n<ul>\n<li>g\u00fcltiger Personalausweis oder Reisepass zur Identit\u00e4tspr\u00fcfung<\/li>\n<li>bei Vertretung: schriftliche Vollmacht sowie Ausweis des Vollmachtgebers und des Bevollm\u00e4chtigten<\/li>\n<li>gegebenenfalls: beh\u00f6rdliche Erlaubnis oder Kopie eines gestellten Antrags bei erlaubnispflichtigem Gewerbe<\/li>\n<li>bei Handwerksbetrieben: Handwerkskarte oder Eintrag gem\u00e4\u00df \u00a7\u202f19 Handwerksordnung<\/li>\n<li>Registerauszug, wenn die Firma im Handels-, Vereins- oder Genossenschaftsregister eingetragen ist<\/li>\n<\/ul>\n<h3><strong>Gewerbeummeldung<\/strong><\/h3>\n<p><strong>Wann ist eine Ummeldung erforderlich?<\/strong><\/p>\n<ul>\n<li>\u00c4nderung der Betriebsanschrift oder Wohnanschrift<\/li>\n<li>Namens\u00e4nderung des Gewerbebetriebs<\/li>\n<li>\u00c4nderung der T\u00e4tigkeitsmerkmale<\/li>\n<li>Wechsel zwischen Haupt- und Nebengewerbe<\/li>\n<li>\u00c4nderung der Gesellschaftsform<\/li>\n<li>Austritt eines Gesellschafters bei Personengesellschaften<\/li>\n<\/ul>\n<p><strong>Welche Unterlagen werden ben\u00f6tigt?<\/strong><\/p>\n<ul>\n<li>g\u00fcltiger Personalausweis oder Reisepass des Gewerbetreibenden<\/li>\n<li>bei Vertretung: schriftliche Vollmacht und Ausweise aller Beteiligten<\/li>\n<li>aktueller Handelsregisterauszug bei registrierten Unternehmen<\/li>\n<li>bei einer GbR: Identit\u00e4tsnachweise aller Gesellschafter<\/li>\n<\/ul>\n<h3><strong>Gewerbeabmeldung<\/strong><\/h3>\n<p><strong>Wer darf das Gewerbe abmelden?<\/strong><\/p>\n<ul>\n<li>der Gewerbetreibende pers\u00f6nlich mit g\u00fcltigem Personalausweis oder Reisepass<\/li>\n<li>eine bevollm\u00e4chtigte Person mit schriftlicher Vollmacht und Ausweis des Gewerbetreibenden<\/li>\n<li>bei Personengesellschaften (GbR, OHG, etc.): alle Gesellschafter m\u00fcssen pers\u00f6nlich abmelden und sich ausweisen<\/li>\n<\/ul>\n<p><strong>Welche Unterlagen werden ben\u00f6tigt?<\/strong><\/p>\n<ul>\n<li>g\u00fcltiger Personalausweis oder Reisepass<\/li>\n<li>bei Vertretung: schriftliche Vollmacht und Personalausweis-Kopie des Gewerbetreibenden<\/li>\n<li>bei juristischen Personen: Handelsregisterauszug<\/li>\n<\/ul>\n<p>&nbsp;<\/p>\n<p><strong>Geb\u00fchren<\/strong><\/p>\n<table border=\"1\" cellspacing=\"0\" cellpadding=\"8\">\n<thead>\n<tr>\n<th>Vorgang<\/th>\n<th>Geb\u00fchr<\/th>\n<th>Bemerkung<\/th>\n<\/tr>\n<\/thead>\n<tbody>\n<tr>\n<td>Gewerbeanmeldung<\/td>\n<td>32,00\u202f\u20ac<\/td>\n<td>Bei Neugr\u00fcndung oder Aufnahme einer T\u00e4tigkeit<\/td>\n<\/tr>\n<tr>\n<td>Gewerbeummeldung<\/td>\n<td>27,00\u202f\u20ac<\/td>\n<td>Bei \u00c4nderungen im Betrieb oder der T\u00e4tigkeit<\/td>\n<\/tr>\n<tr>\n<td>Gewerbeabmeldung<\/td>\n<td>kostenfrei<\/td>\n<td>Bei vollst\u00e4ndiger Aufgabe des Gewerbes<\/td>\n<\/tr>\n<tr>\n<td>Zweitschrift (An-\/Um-\/Abmeldung)<\/td>\n<td>5,00\u202f\u20ac<\/td>\n<td>Ausstellung einer Kopie der Anzeige<\/td>\n<\/tr>\n<tr>\n<td>F\u00fchrungszeugnis \/ Gewerbezentralregisterauszug<\/td>\n<td>13,00\u202f\u20ac<\/td>\n<td>Beantragung \u00fcber Bundesamt f\u00fcr Justiz<\/td>\n<\/tr>\n<\/tbody>\n<\/table>\n<p><strong>Gewerbemeldungen online<\/strong><\/p>\n<p>\u00dcber den nachstehenden Link haben Sie die M\u00f6glichkeit, Ihre Gewerbemeldung online einzureichen.<\/p>\n<p><a href=\"https:\/\/www.mv-serviceportal.de\/\" target=\"_blank\" rel=\"noopener\">externer Link zum Serviceportal MV<\/a><\/p>\n<p><strong>Gestattungen f\u00fcr einen befristeten Zeitraum<\/strong><br \/>\nF\u00fcr den geplanten Betrieb eines Imbissstandes mit dem Angebot von Speisen und alkoholischen Getr\u00e4nken ist neben der erforderlichen Standgenehmigung eine gastst\u00e4ttenrechtliche Erlaubnis gem\u00e4\u00df \u00a7\u202f12 Abs.\u202f1 Gastst\u00e4ttengesetz (Gestattung eines vor\u00fcbergehenden Gastst\u00e4ttenbetriebes) notwendig.<\/p>\n<p><strong>Wichtig:<\/strong><br \/>\nDer Antrag ist 14 Tage vor Aufnahme des vor\u00fcbergehenden Gastst\u00e4ttengewerbes beim Gewerbeamt zu stellen.<\/p>\n<table>\n<tbody>\n<tr>\n<td><strong>Amt Usedom-S\u00fcd<\/strong><br \/>\nOrdnungsamt<br \/>\nMarkt 7<br \/>\n17406 Usedom<br \/>\nTel.: 038372\/75036<br \/>\nFax: 038372\/75075<\/td>\n<td><img loading=\"lazy\" decoding=\"async\" class=\"alignleft size-full wp-image-924\" src=\"http:\/\/192.168.85.172\/wp\/wp-content\/uploads\/2012\/09\/10x10.gif\" alt=\"\" width=\"10\" height=\"10\" \/><\/td>\n<td><strong>B\u00fcrgeramt Koserow<\/strong><br \/>\nGewerbeamt<br \/>\nMaria-Seidel-Str. 3<br \/>\n17459 Koserow<br \/>\nTel.: 038375\/26413 (Gewerbe-Anzeigeverfahren)<br \/>\nTel.: 038375\/26415 (Gewerbe-Erlaubnisverfahren)<br \/>\nFax: 038375\/26444<\/td>\n<\/tr>\n<\/tbody>\n<\/table>\n<p>E-Mail: ordnungsamt@amtusedom.de<\/p>\n<p><strong>\u00d6ffnungszeiten:<\/strong><br \/>\nMo, Di, Do und Fr \u00a0\u00a0 \u00a09.00 \u2013 12.00 Uhr<br \/>\nDo \u00a0\u00a0 \u00a014.00 \u2013 18.00 Uhr<\/p>\n<h3><strong>Gewerbezentralregisterauszug\/F\u00fchrungszeugnis<\/strong><\/h3>\n<p>Ein Antrag auf F\u00fchrungszeugnis oder Gewerbezentralregisterauszug ist pers\u00f6nlich beim zust\u00e4ndigen Einwohnermeldeamt zu stellen. Bei juristischen Personen oder Personengesellschaften erfolgt die Antragstellung durch den gesetzlichen Vertreter oder eine bevollm\u00e4chtigte Person. Ben\u00f6tigt werden ein g\u00fcltiger Ausweis sowie ggf. ein Handelsregisterauszug. Die Bearbeitung durch das Bundesamt f\u00fcr Justiz kann mehrere Wochen in Anspruch nehmen.<\/p>\n<p><strong>Welche Unterlagen werden ben\u00f6tigt?<\/strong><\/p>\n<p>F\u00fcr die Beantragung eines F\u00fchrungszeugnisses bzw. eines Gewerbezentralregisterauszugs sind folgende Dokumente erforderlich:<\/p>\n<ul>\n<li>g\u00fcltiger Personalausweis oder Reisepass<\/li>\n<li>bei juristischen Personen: Handelsregisterauszug<\/li>\n<li>bei Vertretung durch Dritte:\n<ul>\n<li>schriftliche Vollmacht<\/li>\n<li>Ausweis des Bevollm\u00e4chtigten<\/li>\n<li>Ausweis oder Kopie des Ausweises des Vollmachtgebers<\/li>\n<\/ul>\n<\/li>\n<li>F\u00fcr den <strong>Online-Antrag<\/strong> zus\u00e4tzlich:\n<ul>\n<li>elektronischer Personalausweis mit aktivierter Online-Ausweisfunktion<\/li>\n<li>geeignetes Kartenleseger\u00e4t<\/li>\n<\/ul>\n<\/li>\n<\/ul>\n<p>Die Geb\u00fchr hierf\u00fcr betr\u00e4gt 13,00 Euro.<br \/>\nPrivatpersonen k\u00f6nnen eine Geb\u00fchrenbefreiung unter gewissen Voraussetzungen f\u00fcr die Ausstellung eines \u201enormalen\u201c als auch f\u00fcr das erweiterte F\u00fchrungszeugnis beantragen. N\u00e4here Ausk\u00fcnfte hierf\u00fcr erhalten Sie von den zust\u00e4ndigen Sachbearbeiterinnen der Einwohnermelde\u00e4mter.<\/p>\n<p>Ein <strong>F\u00fchrungszeugnis<\/strong> bzw. <strong>Ausk\u00fcnfte aus dem Gewerbezentralregister<\/strong> k\u00f6nnen beim Bundesamt f\u00fcr Justiz (BfJ) seit September 2014 auch online beantragt werden. \u00dcber die Internetadresse <a href=\"http:\/\/www.fuehrungszeugnis.bund.de\" target=\"_blank\" rel=\"noopener\">www.fuehrungszeugnis.bund.de<\/a> erreichen Sie das Portal des Bundesamtes f\u00fcr Justiz.<\/p>\n<table>\n<tbody>\n<tr>\n<td><strong>Amt Usedom-S\u00fcd<\/strong><br \/>\nOrdnungsamt<br \/>\nMarkt 7<br \/>\n17406 Usedom<br \/>\nTel.: 038372\/75018<br \/>\nFax: 038372\/75075<\/td>\n<td><img loading=\"lazy\" decoding=\"async\" class=\"alignleft size-full wp-image-924\" src=\"http:\/\/192.168.85.172\/wp\/wp-content\/uploads\/2012\/09\/10x10.gif\" alt=\"\" width=\"10\" height=\"10\" \/><\/td>\n<td><strong>B\u00fcrgeramt Koserow<\/strong><br \/>\nGewerbeamt<br \/>\nMaria-Seidel-Str. 3<br \/>\n17459 Koserow<br \/>\nTel.: 038375\/26413<br \/>\nTel.: 038375\/26415<br \/>\nFax: 038375\/26444<\/td>\n<\/tr>\n<\/tbody>\n<\/table>\n<p>E-Mail: ordnungsamt@amtusedom.de<\/p>\n<p><strong>\u00d6ffnungszeiten:<\/strong><\/p>\n<p>Mo, Di, Do und Fr \u00a0\u00a0 \u00a09.00 \u2013 12.00 Uhr<br \/>\nDo \u00a0\u00a0 \u00a014.00 \u2013 18.00 Uhr<\/p>\n<p>&nbsp;<\/p>\n<h3>Einheitlicher Ansprechpartner f\u00fcr Unternehmer und Existenzgr\u00fcnder<\/h3>\n<p>&nbsp;<\/p>\n<p>Der Einheitliche Ansprechpartner (EA) dient als Anlauf- bzw. Kontakt- und Informationsstelle f\u00fcr Sie als (k\u00fcnftigen) Unternehmer. \u00dcber ihn k\u00f6nnen Sie alle Verfahren, die f\u00fcr die Aus\u00fcbung Ihrer geplanten T\u00e4tigkeit erforderlich sind, abwickeln. Von Ihrem EA erhalten Sie alle notwendigen Informationen und er unterst\u00fctzt Sie bei der Beantragung von Genehmigungen:<\/p>\n<p>&#8211; verl\u00e4sslicher Beh\u00f6rdenservice aus einer Hand<br \/>\n&#8211; individuelle Unterst\u00fctzung<br \/>\n&#8211; leicht zug\u00e4ngliche und verst\u00e4ndliche Informationen<br \/>\n&#8211; auf Wunsch elektronische Verfahrensabwicklung<\/p>\n<p><a href=\"http:\/\/www.ea-mv.de\" target=\"_blank\" rel=\"noopener\"><img loading=\"lazy\" decoding=\"async\" class=\"size-full wp-image-1527\" src=\"https:\/\/www.amtusedom.de\/wp-content\/uploads\/2013\/06\/EAP_Logo.gif\" alt=\"EAP-Logo\" width=\"250\" height=\"73\" \/><\/a><\/p>\n<p>Portal: <a href=\"http:\/\/www.ea-mv.de\" target=\"_blank\" rel=\"noopener\">http:\/\/www.ea-mv.de<\/a><\/p>","protected":false},"excerpt":{"rendered":"<p>Pflicht zur Anzeige gewerblicher T\u00e4tigkeiten Nach den Vorschriften der Gewerbeordnung besteht f\u00fcr Gewerbetreibende die Verpflichtung, bestimmte Vorg\u00e4nge zeitnah beim zust\u00e4ndigen Gewerbeamt anzuzeigen. Dazu z\u00e4hlen: die Aufnahme eines Gewerbebetriebes die Verlegung der Betriebsst\u00e4tte \u00c4nderungen des Gewerbegegenstandes die vollst\u00e4ndige Aufgabe des Gewerbebetriebes Wer ist anzeigepflichtig? Alle Personen, die eine gewerbliche Niederlassung im sog. \u201estehenden Gewerbe\u201c errichten \u2013 also T\u00e4tigkeiten, die weder zum<\/p>\n","protected":false},"author":2,"featured_media":0,"parent":296,"menu_order":0,"comment_status":"closed","ping_status":"closed","template":"","meta":{"footnotes":""},"class_list":["post-335","page","type-page","status-publish","hentry"],"_links":{"self":[{"href":"https:\/\/www.amtusedom.de\/index.php?rest_route=\/wp\/v2\/pages\/335","targetHints":{"allow":["GET"]}}],"collection":[{"href":"https:\/\/www.amtusedom.de\/index.php?rest_route=\/wp\/v2\/pages"}],"about":[{"href":"https:\/\/www.amtusedom.de\/index.php?rest_route=\/wp\/v2\/types\/page"}],"author":[{"embeddable":true,"href":"https:\/\/www.amtusedom.de\/index.php?rest_route=\/wp\/v2\/users\/2"}],"replies":[{"embeddable":true,"href":"https:\/\/www.amtusedom.de\/index.php?rest_route=%2Fwp%2Fv2%2Fcomments&post=335"}],"version-history":[{"count":38,"href":"https:\/\/www.amtusedom.de\/index.php?rest_route=\/wp\/v2\/pages\/335\/revisions"}],"predecessor-version":[{"id":10927,"href":"https:\/\/www.amtusedom.de\/index.php?rest_route=\/wp\/v2\/pages\/335\/revisions\/10927"}],"up":[{"embeddable":true,"href":"https:\/\/www.amtusedom.de\/index.php?rest_route=\/wp\/v2\/pages\/296"}],"wp:attachment":[{"href":"https:\/\/www.amtusedom.de\/index.php?rest_route=%2Fwp%2Fv2%2Fmedia&parent=335"}],"curies":[{"name":"wp","href":"https:\/\/api.w.org\/{rel}","templated":true}]}}