{"id":345,"date":"2012-08-21T10:51:38","date_gmt":"2012-08-21T08:51:38","guid":{"rendered":"http:\/\/localhost\/wp\/?page_id=345"},"modified":"2023-08-10T16:51:09","modified_gmt":"2023-08-10T14:51:09","slug":"weitere-dienstleistungen-im-burgerservice","status":"publish","type":"page","link":"https:\/\/www.amtusedom.de\/?page_id=345","title":{"rendered":"Weitere Dienstleistungen im B\u00fcrgerservice"},"content":{"rendered":"<p>Hier finden Sie weitere Informationen zu folgenden Dienstleistungen:<br \/>\nFischereischeine, Untersuchungsberechtigungsscheine, Beglaubigungen, Ver\u00f6ffentlichungen im Amtsblatt, Hinweis auf Fundstellen im Ortsrecht, M\u00fclls\u00e4cke, Gelbe S\u00e4cke<\/p>\n<p><strong>Fischereischein auf Lebenszeit<\/strong><\/p>\n<p>Notwendige Unterlagen zur Beantragung des Fischereischeins auf Lebenszeit:<\/p>\n<p>&#8211; schriftlicher Antrag<br \/>\n&#8211; Personaldokument<br \/>\n&#8211; Bescheid \u00fcber eine bestandene Fischereipr\u00fcfung\/Pr\u00fcfungszeugnis im Original<br \/>\n&#8211; aktuelles Lichtbild<br \/>\n&#8211; Erkl\u00e4rung zu Verst\u00f6\u00dfen gegen Vorschriften hinsichtlich der Pr\u00fcfung der Versagungsgr\u00fcnde gem\u00e4\u00df \u00a7 7 Abs. 4 und 5 LFischG<\/p>\n<p>Berufsausbildungsabschl\u00fcsse als Sachkundenachweis:<\/p>\n<p>die abgeschlossene Berufsausbildung zum Fischwirt oder<br \/>\neine dem Fischwirt gleichgestellte Ausbildung sowie<br \/>\neine abgeschlossene fischereiliche Hochschul- oder Fachhochschulausbildung<\/p>\n<p>Inhaber dieser Abschl\u00fcsse sind befreit vom Ablegen der Fischereipr\u00fcfung. Der Antragsteller ist in diesem Fall an die obere Fischereibeh\u00f6rde zu verweisen.<\/p>\n<p><strong>Geb\u00fchren:<\/strong><br \/>\n8,00 Euro einmalig f\u00fcr die Erstausstellung<br \/>\n8,00 Euro f\u00fcr die Erteilung eines Ersatzdokumentes<br \/>\n10,00 Euro j\u00e4hrlich f\u00fcr die Fischereiabgabemarke<\/p>\n<p>&gt;&gt;&gt; <a href=\"http:\/\/fms.mv-regierung.de\/ffw\/action\/invoke.do?id=00034_MV_59097\" target=\"_blank\" rel=\"noopener\">zum Antragsformular &#8211; Fischereischein auf Lebenszeit<\/a><\/p>\n<p><strong>Touristenfischereischein in M-V<\/strong><\/p>\n<p>Der zeitlich befristete Fischereischein kann f\u00fcr die Dauer von bis zu 28 aufeinander folgenden Kalendertagen erteilt werden. F\u00fcr den Sonderfall der Erteilung des Touristen-FS\u2019es im Monat Dezember kann es zu einer jahres\u00fcbergreifenden Geltung kommen.<br \/>\nBei einem Antrag auf Verl\u00e4ngerung des Touristen-FS\u2019es wird zu dem im Kalenderjahr erteilten Touristen-FS eine Verl\u00e4ngerungsbescheinigung ausgestellt. Beide Dokumente m\u00fcssen beim Angeln mitgef\u00fchrt werden! Es k\u00f6nnen zusammen mit der Erstausstellung gleich mehrere Verl\u00e4ngerungsbescheinigungen erworben werden.<\/p>\n<p>Notwendige Unterlagen f\u00fcr die Erteilung des zeitlich befristeten Fischereischeins:<\/p>\n<p>&#8211; schriftlicher Antrag auf Erteilung des Touristenfischereischeins<br \/>\n&#8211; Personaldokument<br \/>\n&#8211; eine Erkl\u00e4rung gem\u00e4\u00df \u00a7 1 Abs. 3 Satz 2 FSchVO \u00fcber die Verpflichtung, die erforderlichen Kenntnisse zu erwerben, und<br \/>\n&#8211; eine Erkl\u00e4rung zu Verst\u00f6\u00dfen gegen Vorschriften hinsichtlich der Pr\u00fcfung der Versagungsgr\u00fcnde gem\u00e4\u00df \u00a7 7 Abs. 4 und 5 LFischG<\/p>\n<p><strong>Geb\u00fchren:<\/strong><br \/>\n24,00 Euro einmalig f\u00fcr die Ausstellung<br \/>\n13,00 Euro f\u00fcr die Verl\u00e4ngerungsbescheinigung<br \/>\n(bei mehrmaliger Erteilung des Touristen-FS\u2019es im Kalenderjahr)<\/p>\n<p><strong>Hinweis:<\/strong><br \/>\nDer Touristenfischereischein M-V gilt ausschlie\u00dflich auf dem Hoheitsgebiet (Binnengew\u00e4sser und K\u00fcstengew\u00e4sser) des Landes Mecklenburg-Vorpommern, er kann in den anderen Bundesl\u00e4ndern nicht gegen einen regul\u00e4ren Fischereischein umgetauscht werden.<\/p>\n<p><strong>Amt Usedom-S\u00fcd<\/strong><br \/>\nOrdnungsamt<br \/>\nMarkt 7<br \/>\n17406 Usedom<br \/>\nTel.: 038372\/75036<br \/>\nFax: 038372\/75069<\/p>\n<p>E-Mail: ordnungsamt@amtusedom.de<\/p>\n<p>\u00d6ffnungszeiten:<br \/>\nMo, Di, Do und Fr 9.00 \u2013 12.00 Uhr<br \/>\nDo 14.00 \u2013 18.00 Uhr<\/p>\n<p><strong>Untersuchungsberechtigungsscheine<\/strong><\/p>\n<p>Nach den Bestimmungen des Jugendarbeitsschutzgesetzes sind Jugendliche, die das 15., aber noch nicht das 18. Lebensjahr vollendet haben, beim \u00dcbergang in das Arbeits- und Berufsleben vor Sch\u00e4digungen ihrer Gesundheit und ihrer k\u00f6rperlichen Entwicklung zu sch\u00fctzen. Sie m\u00fcssen vor Aufnahme der ersten Besch\u00e4ftigung \u00e4rztlich untersucht werden. Die Untersuchung darf nicht vor Vollendung des 15. Lebensjahres durchgef\u00fchrt werden und hat 14 Monate G\u00fcltigkeit.<br \/>\nDen f\u00fcr die Untersuchung notwendigen Untersuchungsberechtigungsschein erh\u00e4lt der Jugendliche bei der f\u00fcr seinen Hauptwohnsitz zust\u00e4ndigen Meldebeh\u00f6rde.<\/p>\n<p>Notwendige Unterlagen f\u00fcr die Beantragung:<\/p>\n<p>Personal-, Kinderausweis oder Reispass<br \/>\nErfolgt die Beantragung durch den gesetzlichen Vertreter, muss dieser seinen Personalausweis oder Reisepass mitbringen.<\/p>\n<p>Hinweis:<br \/>\nDer Untersuchungsberechtigungsschein wird im Einwohnermeldeamt sofort und geb\u00fchrenfrei ausgestellt. Die Arztwahl ist frei. Fahrkosten von und zum Arzt werden nicht erstattet.<\/p>\n<p><strong>Wichtig:<\/strong><br \/>\nDa der Untersuchungsberechtigungsschein f\u00fcr die Erstuntersuchung grunds\u00e4tzlich nur einmal erteilt wird und die Untersuchung bei Beginn der Besch\u00e4ftigung nicht l\u00e4nger als 14 Monate zur\u00fcckliegen darf, muss darauf geachtet werden, dass sich der Jugendliche nicht fr\u00fcher als 14 Monate vor Besch\u00e4ftigungsbeginn untersuchen l\u00e4sst. Nach einem Jahr ist f\u00fcr Jugendliche eine Nachuntersuchung erforderlich. Dar\u00fcber hinaus k\u00f6nnen bei Bedarf zus\u00e4tzliche Untersuchungen erforderlich sein. Die Kosten f\u00fcr die Untersuchungen tr\u00e4gt das Land.<\/p>\n<p><strong>Amt Usedom-S\u00fcd<\/strong><br \/>\nEinwohnermeldeamt<br \/>\nMarkt 7<br \/>\n17406 Usedom<br \/>\nTel.: 038372\/75033<\/p>\n<p>E-Mail: ordnungsamt@amtusedom.de<\/p>\n<p><strong>B\u00fcrgeramt Koserow<\/strong><br \/>\nEinwohnermeldeamt<br \/>\nMaria-Seidel-Str. 3<br \/>\n17459 Koserow<br \/>\nTel.: 038375\/26415<\/p>\n<p><strong>\u00d6ffnungszeiten:<\/strong><\/p>\n<p>Mo, Di, Do und Fr 9.00 \u2013 12.00 Uhr<br \/>\nDo 14.00 \u2013 18.00 Uhr<\/p>\n<p><strong>Beglaubigungen<\/strong><\/p>\n<p>Sie ben\u00f6tigen amtliche Beglaubigungen von pers\u00f6nlichen Unterlagen?<\/p>\n<p>Im Hauptamt des Amtes Usedom-S\u00fcd, Markt 7 in 17406 Usedom oder im B\u00fcrgeramt Koserow, Maria-Seidel-Strasse 3 in 17459 Koserow k\u00f6nnen Sie Beglaubigungen vornehmen lassen.<\/p>\n<p>F\u00fcr die Beglaubigungen werden Geb\u00fchren gem\u00e4\u00df der Verwaltungsgeb\u00fchrensatzung des Amtes Usedom-S\u00fcd erhoben.<\/p>\n<p>Sie betragen f\u00fcr:<br \/>\n&#8211; Unterschriften, Handzeichen, Lichtbilder oder Negative 1,50 \u20ac<br \/>\n&#8211; Abschriften, Ausz\u00fcgen, Ablichtungen, Zeichnungen, Pl\u00e4nen u.\u00e4.<\/p>\n<p>bis DIN A 3 je angefangene Seite<br \/>\ndie erste Seite 3,20 \u20ac<br \/>\njede weitere Seite 1,50 \u20ac<\/p>\n<p><strong>Hinweis:<\/strong><br \/>\nBeglaubigungen von pers\u00f6nlichen Unterlagen f\u00fcr den Rentenversicherungstr\u00e4ger sind geb\u00fchrenfrei.<\/p>\n<p><strong>Ver\u00f6ffentlichungen im Amtsblatt<\/strong><br \/>\nSie m\u00f6chten in unserem \u201eUsedomer Amtsblatt\u201c einen Artikel ver\u00f6ffentlichen oder eine Anzeige aufgeben?<br \/>\nReichen Sie den Artikel und Bilder beim Hauptamt bzw. per E-Mail hauptamt@amtusedom.de ein. Ver\u00f6ffentlicht werden alle Beitr\u00e4ge, die in einem \u00f6rtlichen Zusammenhang zu den Gemeinden des Amtes stehen. Das Amt beh\u00e4lt sich die Entscheidung ob und in welchem Umfang ver\u00f6ffentlicht wird vor.<\/p>\n<p><strong>Hinweis auf Fundstellen Ortsrecht<\/strong><\/p>\n<p>Sie suchen eine Satzung oder Verordnung einer Gemeinde unseres Amtsbereiches?<br \/>\nDas gesamte Ortsrecht finden Sie auf der Homepages des Amtes Usedom-S\u00fcd unter:<br \/>\nwww.amtusedom-sued.de\/ortsrecht\/ortsrecht.php<\/p>\n<p>Klicken Sie dann die gew\u00fcnschte Gemeinde an.<\/p>\n<p>Die Satzungen, Verordnungen und Entgeltordnungen sind den folgenden Rubriken zugeordnet:<\/p>\n<p>Allgemeines Recht<br \/>\nSicherheits- und Ordnungsrecht<br \/>\nFinanz- und Steuerrecht<br \/>\nBaurecht<\/p>\n<p>Redaktionell verantwortlich f\u00fcr die Ver\u00f6ffentlichung des Ortsrechts ist das Hauptamt des Amtes Usedom-S\u00fcd.<\/p>\n<p><strong>Schwarze M\u00fclls\u00e4cke\/ Gelbe S\u00e4cke<\/strong><\/p>\n<p>Sie ben\u00f6tigen f\u00fcr die Entsorgung schwarze bzw. gelbe M\u00fclls\u00e4cke?<\/p>\n<p>Hier sind Sie erh\u00e4ltlich:<br \/>\nStadtinformation, B\u00e4derstr. 5 in 17406 Usedom<br \/>\nKurverwaltung \u00dcckeritz, B\u00e4derstr. 5 in 17459 \u00dcckeritz<br \/>\nKurverwaltung Loddin, Strandstr. 23 in 17459 Loddin<br \/>\nKurverwaltung Koserow, Hauptstr. 31 in 17459 Koserow<br \/>\nund im Fremdenverkehrsamt Zempin, Fischerstr. 1 in 17459 Zempin<\/p>\n<p>Die Geb\u00fchr f\u00fcr einen schwarzen M\u00fcllsack betr\u00e4gt 4,40 Euro.<\/p>\n<p>Gelbe M\u00fclls\u00e4cke liegen im Amt Usedom-S\u00fcd, Markt 7 in 17406 Usedom und im B\u00fcrgeramt, Maria-Seidel-Str. 3 in 17459 Koserow zur kostenlosen Mitnahme aus.<\/p>","protected":false},"excerpt":{"rendered":"<p>Hier finden Sie weitere Informationen zu folgenden Dienstleistungen: Fischereischeine, Untersuchungsberechtigungsscheine, Beglaubigungen, Ver\u00f6ffentlichungen im Amtsblatt, Hinweis auf Fundstellen im Ortsrecht, M\u00fclls\u00e4cke, Gelbe S\u00e4cke Fischereischein auf Lebenszeit Notwendige Unterlagen zur Beantragung des Fischereischeins auf Lebenszeit: &#8211; schriftlicher Antrag &#8211; Personaldokument &#8211; Bescheid \u00fcber eine bestandene Fischereipr\u00fcfung\/Pr\u00fcfungszeugnis im Original &#8211; aktuelles Lichtbild &#8211; Erkl\u00e4rung zu Verst\u00f6\u00dfen gegen Vorschriften hinsichtlich der Pr\u00fcfung der Versagungsgr\u00fcnde<\/p>\n","protected":false},"author":2,"featured_media":0,"parent":296,"menu_order":0,"comment_status":"closed","ping_status":"closed","template":"","meta":{"footnotes":""},"class_list":["post-345","page","type-page","status-publish","hentry"],"_links":{"self":[{"href":"https:\/\/www.amtusedom.de\/index.php?rest_route=\/wp\/v2\/pages\/345","targetHints":{"allow":["GET"]}}],"collection":[{"href":"https:\/\/www.amtusedom.de\/index.php?rest_route=\/wp\/v2\/pages"}],"about":[{"href":"https:\/\/www.amtusedom.de\/index.php?rest_route=\/wp\/v2\/types\/page"}],"author":[{"embeddable":true,"href":"https:\/\/www.amtusedom.de\/index.php?rest_route=\/wp\/v2\/users\/2"}],"replies":[{"embeddable":true,"href":"https:\/\/www.amtusedom.de\/index.php?rest_route=%2Fwp%2Fv2%2Fcomments&post=345"}],"version-history":[{"count":7,"href":"https:\/\/www.amtusedom.de\/index.php?rest_route=\/wp\/v2\/pages\/345\/revisions"}],"predecessor-version":[{"id":8239,"href":"https:\/\/www.amtusedom.de\/index.php?rest_route=\/wp\/v2\/pages\/345\/revisions\/8239"}],"up":[{"embeddable":true,"href":"https:\/\/www.amtusedom.de\/index.php?rest_route=\/wp\/v2\/pages\/296"}],"wp:attachment":[{"href":"https:\/\/www.amtusedom.de\/index.php?rest_route=%2Fwp%2Fv2%2Fmedia&parent=345"}],"curies":[{"name":"wp","href":"https:\/\/api.w.org\/{rel}","templated":true}]}}