{"id":361,"date":"2012-08-21T11:32:58","date_gmt":"2012-08-21T09:32:58","guid":{"rendered":"http:\/\/localhost\/wp\/?page_id=361"},"modified":"2020-09-01T09:52:38","modified_gmt":"2020-09-01T07:52:38","slug":"offentliche-bekanntmachungen-amt-usedom-sud","status":"publish","type":"page","link":"https:\/\/www.amtusedom.de\/?page_id=361","title":{"rendered":"\u00d6ffentliche Bekanntmachungen &#8211; Amt Usedom-S\u00fcd"},"content":{"rendered":"<p><strong>\u00d6ffentliche Bekanntmachungen<\/strong><\/p>\n\n<table id=\"tablepress-1\" class=\"tablepress tablepress-id-1\">\n<thead>\n<tr class=\"row-1\">\n\t<th class=\"column-1\">Ver\u00f6ffentlicht am<\/th><th class=\"column-2\">Bekanntmachung<\/th>\n<\/tr>\n<\/thead>\n<tbody class=\"row-striping\">\n<tr class=\"row-2\">\n\t<td class=\"column-1\">04.01.2021<\/td><td class=\"column-2\"><a href=\"ortsrecht\/bm_amt\/bekanntmachung-20210104-amt.pdf\" target=\"_blank\" rel=\"noopener noreferrer\">Bekanntmachung Planfeststellungsbeschluss f\u00fcr das Bauvorhaben: B 111 Neubau der Ortsumgehung Wolgast einschlie\u00dflich Neue Bahnhofstra\u00dfe und Radweg an der Kreisstra\u00dfe VG 26<\/a><\/td>\n<\/tr>\n<tr class=\"row-3\">\n\t<td class=\"column-1\">25.03.2021<\/td><td class=\"column-2\"><a href=\"ortsrecht\/bm_amt\/bekanntmachung-20210325-amt.pdf\" target=\"_blank\" rel=\"noopener noreferrer\">Bekanntmachung der Haushaltssatzung des Amtes Usedom-S\u00fcd f\u00fcr das Haushaltsjahr 2021<\/a><\/td>\n<\/tr>\n<tr class=\"row-4\">\n\t<td class=\"column-1\">11.10.2021<\/td><td class=\"column-2\"><a href=\"ortsrecht\/bm_amt\/bekanntmachung-20211011-amt.pdf\" target=\"_blank\" rel=\"noopener noreferrer\">Hinweis auf das Widerspruchsrecht gegen Daten\u00fcbermittlungen der Meldebeh\u00f6rde<\/a><\/td>\n<\/tr>\n<tr class=\"row-5\">\n\t<td class=\"column-1\">28.01.2022<\/td><td class=\"column-2\"><a href=\"ortsrecht\/bm_amt\/bekanntmachung-20220128-amt.pdf\" target=\"_blank\" rel=\"noopener noreferrer\">Bekanntmachung der Haushaltssatzung des Amtes Usedom-S\u00fcd f\u00fcr das Haushaltsjahr 2022<\/a><\/td>\n<\/tr>\n<tr class=\"row-6\">\n\t<td class=\"column-1\">06.02.2023<\/td><td class=\"column-2\"><a href=\"ortsrecht\/bm_amt\/HHPL2023AmtBekanntmachung.pdf\" target=\"_blank\" rel=\"noopener noreferrer\">Bekanntmachung der Haushaltssatzung des Amtes Usedom-S\u00fcd f\u00fcr das Haushaltsjahr 2023<\/a><\/td>\n<\/tr>\n<tr class=\"row-7\">\n\t<td class=\"column-1\">25.04.2023<\/td><td class=\"column-2\"><a target=\"_blank\" href=\"https:\/\/www.amtusedom.de\/wp-content\/uploads\/2023\/04\/Vorschlagsliste-zur-Schoeffenwahl-2023.pdf\" rel=\"noopener\">Vorschlagsliste zur Sch\u00f6ffenwahl 2023<\/a><\/td>\n<\/tr>\n<tr class=\"row-8\">\n\t<td class=\"column-1\">14.09.2023<\/td><td class=\"column-2\"><a target=\"_blank\" href=\"https:\/\/www.amtusedom.de\/wp-content\/uploads\/2023\/09\/Bek.-Widmungsverfuegung-Strasse-im-B_plan-Nr.-8-Krienke.pdf\" rel=\"noopener\">Bekanntmachung \u00fcber die Widmungsverf\u00fcgung Stra\u00dfe im B.Plan Nr. 8 Krienke<\/a><\/td>\n<\/tr>\n<tr class=\"row-9\">\n\t<td class=\"column-1\">19.12.2023<\/td><td class=\"column-2\"><a target=\"_blank\" href=\"https:\/\/www.amtusedom.de\/wp-content\/uploads\/2023\/12\/Amt-Usedom-Sued-Jahresabschluss-2017.pdf\" rel=\"noopener\">Bekanntmachung der Feststellung des Jahresabschlusses 2017 und der Entlastung des Amtsvorstehers des Amtes Usedom-S\u00fcd<\/a><\/td>\n<\/tr>\n<tr class=\"row-10\">\n\t<td class=\"column-1\">02.01.2024<\/td><td class=\"column-2\"><a target=\"_blank\" href=\"https:\/\/www.amtusedom.de\/wp-content\/uploads\/2023\/12\/Bekanntmachung_Haushaltssatzung_2024_Amt.pdf\" rel=\"noopener\">Bekanntmachung der Haushaltssatzung des Amtes Usedom-S\u00fcd f\u00fcr das Haushaltsjahr 2024<\/a><\/td>\n<\/tr>\n<tr class=\"row-11\">\n\t<td class=\"column-1\">06.06.2024<\/td><td class=\"column-2\"><a target=\"_blank\" href=\"https:\/\/www.amtusedom.de\/wp-content\/uploads\/2024\/06\/Amt-JAB-2018.pdf\" rel=\"noopener\">Bekanntmachung  der Feststellung des Jahresabschlusses 2018 und der Entlastung des Amtsvorstehers des Amtes Usedom-S\u00fcd<\/a><\/td>\n<\/tr>\n<tr class=\"row-12\">\n\t<td class=\"column-1\">29.10.2024<\/td><td class=\"column-2\"><a target=\"_blank\" href=\"https:\/\/www.amtusedom.de\/wp-content\/uploads\/2024\/10\/Laermaktionsplan-fuer-das-Amt-Usedom-Sued.pdf\" rel=\"noopener\">L\u00e4rmaktionsplan f\u00fcr das Amt Usedom-S\u00fcd<\/a><\/td>\n<\/tr>\n<tr class=\"row-13\">\n\t<td class=\"column-1\">06.01.2025<\/td><td class=\"column-2\"><a target=\"_blank\" href=\"https:\/\/www.amtusedom.de\/wp-content\/uploads\/2025\/01\/00000-Amt-JAB-2019.pdf\">Bekanntmachung  der Feststellung des Jahresabschlusses 2019 und der Entlastung des Amtsvorstehers des Amtes Usedom-S\u00fcd<\/a><\/td>\n<\/tr>\n<tr class=\"row-14\">\n\t<td class=\"column-1\">06.01.2025<\/td><td class=\"column-2\"><a target=\"_blank\"href=\"https:\/\/www.amtusedom.de\/wp-content\/uploads\/2025\/01\/01-Amt-Bekanntmachung-HHPlan-2025-unterzeichnet.pdf\">Bekanntmachung der Haushaltssatzung der Amt Usedom S\u00fcd f\u00fcr das Haushaltsjahr 2025<\/a><\/td>\n<\/tr>\n<tr class=\"row-15\">\n\t<td class=\"column-1\">10.04.2025<\/td><td class=\"column-2\"><a target=\"_blank\" href=\"https:\/\/www.amtusedom.de\/wp-content\/uploads\/2025\/04\/Recht-auf-Einsichtnahme-in-das-Waehlerverzeichnis.pdf\">Bekanntmachung \u00fcber das Recht auf Einsichtnahme in das W\u00e4hlerverzeichnis und die Erteilung von Wahlscheinen f\u00fcr die Landratswahl am 11.Mai 2025 <\/a><\/td>\n<\/tr>\n<tr class=\"row-16\">\n\t<td class=\"column-1\">02.05.2025<\/td><td class=\"column-2\"><a target=\"_blank\" href=\"https:\/\/www.amtusedom.de\/wp-content\/uploads\/2025\/05\/Wahlbekanntmachung-LR.pdf\">Wahlbekanntmachung zur Landratswahl<\/a><\/td>\n<\/tr>\n<tr class=\"row-17\">\n\t<td class=\"column-1\">18.12.2025<\/td><td class=\"column-2\"><a target=\"_blank\" href=\"https:\/\/www.amtusedom.de\/wp-content\/uploads\/2025\/12\/Amt-Bekanntmachung-HHPlan-2026-unterzeichnet.pdf\">Bekanntmachung der Haushaltssatzung der Amt Usedom S\u00fcd f\u00fcr das Haushaltsjahr 2026<\/a><\/td>\n<\/tr>\n<tr class=\"row-18\">\n\t<td class=\"column-1\">18.12.2025<\/td><td class=\"column-2\"><a target=\"_blank\" href=\"https:\/\/www.amtusedom.de\/wp-content\/uploads\/2025\/12\/Bekanntmachung-der-Feststellung-des-Jahresabschlusses-2020-und-der-Entlastung-des-Amtsvorstehers-des-Amtes-Usedom-Sued.pdf\">Bekanntmachung der Feststellung des Jahresabschlusses 2020 und der Entlastung des Amtsvorstehers des Amtes Usedom-S\u00fcd<\/a><\/td>\n<\/tr>\n<tr class=\"row-19\">\n\t<td class=\"column-1\">15.04.2026<\/td><td class=\"column-2\"><a target=\"_blank\" href=\"https:\/\/www.amtusedom.de\/wp-content\/uploads\/2026\/04\/Anlagerichtlinie_Amt_Usedom_Sued.pdf\">Anlagerichtlinie_Amt_Usedom_Sued<\/a><\/td>\n<\/tr>\n<\/tbody>\n<\/table>\n<!-- #tablepress-1 from cache -->\n<p><a href=\"?page_id=2562\" title=\"\u00d6ffentliche Bekanntmachungen Amt Usedom S\u00fcd - Archiv\">\u00c4ltere Bekanntmachungen&#8230;<\/a><\/p>","protected":false},"excerpt":{"rendered":"<p>\u00d6ffentliche Bekanntmachungen \u00c4ltere Bekanntmachungen&#8230;<\/p>\n","protected":false},"author":2,"featured_media":0,"parent":358,"menu_order":0,"comment_status":"closed","ping_status":"closed","template":"","meta":{"footnotes":""},"class_list":["post-361","page","type-page","status-publish","hentry"],"_links":{"self":[{"href":"https:\/\/www.amtusedom.de\/index.php?rest_route=\/wp\/v2\/pages\/361","targetHints":{"allow":["GET"]}}],"collection":[{"href":"https:\/\/www.amtusedom.de\/index.php?rest_route=\/wp\/v2\/pages"}],"about":[{"href":"https:\/\/www.amtusedom.de\/index.php?rest_route=\/wp\/v2\/types\/page"}],"author":[{"embeddable":true,"href":"https:\/\/www.amtusedom.de\/index.php?rest_route=\/wp\/v2\/users\/2"}],"replies":[{"embeddable":true,"href":"https:\/\/www.amtusedom.de\/index.php?rest_route=%2Fwp%2Fv2%2Fcomments&post=361"}],"version-history":[{"count":30,"href":"https:\/\/www.amtusedom.de\/index.php?rest_route=\/wp\/v2\/pages\/361\/revisions"}],"predecessor-version":[{"id":5889,"href":"https:\/\/www.amtusedom.de\/index.php?rest_route=\/wp\/v2\/pages\/361\/revisions\/5889"}],"up":[{"embeddable":true,"href":"https:\/\/www.amtusedom.de\/index.php?rest_route=\/wp\/v2\/pages\/358"}],"wp:attachment":[{"href":"https:\/\/www.amtusedom.de\/index.php?rest_route=%2Fwp%2Fv2%2Fmedia&parent=361"}],"curies":[{"name":"wp","href":"https:\/\/api.w.org\/{rel}","templated":true}]}}