{"id":365,"date":"2012-08-21T11:41:34","date_gmt":"2012-08-21T09:41:34","guid":{"rendered":"http:\/\/localhost\/wp\/?page_id=365"},"modified":"2023-07-13T14:59:29","modified_gmt":"2023-07-13T12:59:29","slug":"satzungen-amt-usedom-sud","status":"publish","type":"page","link":"https:\/\/www.amtusedom.de\/?page_id=365","title":{"rendered":"Ortsrecht &#8211; Amt Usedom-S\u00fcd"},"content":{"rendered":"\n<table id=\"tablepress-59\" class=\"tablepress tablepress-id-59\">\n<thead>\n<tr class=\"row-1\">\n\t<td class=\"column-1\"><\/td>\n<\/tr>\n<\/thead>\n<tbody class=\"row-striping row-hover\">\n<tr class=\"row-2\">\n\t<td class=\"column-1\"><a href=\"https:\/\/www.amtusedom.de\/wp-content\/uploads\/2024\/11\/AMT-HS-2024-mit-U.-VOe.pdf\" rel=\"noopener\" target=\"_blank\">Hauptsatzung des Amtes Usedom-S\u00fcd <\/a><\/td>\n<\/tr>\n<tr class=\"row-3\">\n\t<td class=\"column-1\"> \t<a href=\"http:\/\/www.amtusedom.de\/ortsrecht\/or_amt\/amt02.pdf\" target=\"_blank\" rel=\"noopener noreferrer\">Satzung des Amtes Usedom-S\u00fcd \u00fcber die Erhebung von Verwaltungsgeb\u00fchren<\/a><\/td>\n<\/tr>\n<tr class=\"row-4\">\n\t<td class=\"column-1\"> \t<a href=\"http:\/\/www.amtusedom.de\/ortsrecht\/or_amt\/amtsverordnung-hunde.pdf\" target=\"_blank\" rel=\"noopener noreferrer\">Amtsverordnung \u00fcber das Halten und F\u00fchren von Hunden im Amtsbereich Usedom-S\u00fcd<\/a><\/td>\n<\/tr>\n<tr class=\"row-5\">\n\t<td class=\"column-1\"> \t<a href=\"http:\/\/www.amtusedom.de\/ortsrecht\/or_amt\/20100712-stundung-aus.pdf\" target=\"_blank\" rel=\"noopener noreferrer\">Satzung \u00fcber die Stundung, Niederschlagung und den Erlass von Anspr\u00fcchen des Amtes Usedom-S\u00fcd<\/a><\/td>\n<\/tr>\n<tr class=\"row-6\">\n\t<td class=\"column-1\"> \t<a href=\"http:\/\/www.amtusedom.de\/ortsrecht\/or_amt\/amt-geschaeftsordnung.pdf\" target=\"_blank\" rel=\"noopener noreferrer\">Gesch\u00e4ftsordnung des Amtes Usedom-S\u00fcd<\/a><\/td>\n<\/tr>\n<tr class=\"row-7\">\n\t<td class=\"column-1\"> \t<a href=\"https:\/\/www.amtusedom.de\/ortsrecht\/or_koserow\/koserow-brueckennutzungsordnung.pdf\" target=\"_blank\" rel=\"noopener noreferrer\">Ordnung \u00fcber die Nutzung der Seebr\u00fccke Koserow (Br\u00fcckennutzungsordnung)<\/a><\/td>\n<\/tr>\n<tr class=\"row-8\">\n\t<td class=\"column-1\"> \t<a href=\"https:\/\/www.amtusedom.de\/wp-content\/uploads\/2023\/03\/Amtsverordnung-ueber-die-oeffentliche-Sicherheit-fuer-das-Amt-Usedom-SuedV.pdf\" target=\"_blank\" rel=\"noopener\">Amtsverordnung \u00fcber die \u00f6ffentliche Sicherheit f\u00fcr das Amt Usedom S\u00fcd<\/a><\/td>\n<\/tr>\n<\/tbody>\n<\/table>\n<!-- #tablepress-59 from cache -->","protected":false},"excerpt":{"rendered":"","protected":false},"author":2,"featured_media":0,"parent":358,"menu_order":0,"comment_status":"closed","ping_status":"closed","template":"","meta":{"footnotes":""},"class_list":["post-365","page","type-page","status-publish","hentry"],"_links":{"self":[{"href":"https:\/\/www.amtusedom.de\/index.php?rest_route=\/wp\/v2\/pages\/365","targetHints":{"allow":["GET"]}}],"collection":[{"href":"https:\/\/www.amtusedom.de\/index.php?rest_route=\/wp\/v2\/pages"}],"about":[{"href":"https:\/\/www.amtusedom.de\/index.php?rest_route=\/wp\/v2\/types\/page"}],"author":[{"embeddable":true,"href":"https:\/\/www.amtusedom.de\/index.php?rest_route=\/wp\/v2\/users\/2"}],"replies":[{"embeddable":true,"href":"https:\/\/www.amtusedom.de\/index.php?rest_route=%2Fwp%2Fv2%2Fcomments&post=365"}],"version-history":[{"count":20,"href":"https:\/\/www.amtusedom.de\/index.php?rest_route=\/wp\/v2\/pages\/365\/revisions"}],"predecessor-version":[{"id":7869,"href":"https:\/\/www.amtusedom.de\/index.php?rest_route=\/wp\/v2\/pages\/365\/revisions\/7869"}],"up":[{"embeddable":true,"href":"https:\/\/www.amtusedom.de\/index.php?rest_route=\/wp\/v2\/pages\/358"}],"wp:attachment":[{"href":"https:\/\/www.amtusedom.de\/index.php?rest_route=%2Fwp%2Fv2%2Fmedia&parent=365"}],"curies":[{"name":"wp","href":"https:\/\/api.w.org\/{rel}","templated":true}]}}