{"id":412,"date":"2012-08-23T10:16:59","date_gmt":"2012-08-23T08:16:59","guid":{"rendered":"http:\/\/localhost\/wp\/?page_id=412"},"modified":"2023-07-31T10:06:34","modified_gmt":"2023-07-31T08:06:34","slug":"ortsrecht-stadt-usedom-sicherheits-und-ordnungsrecht","status":"publish","type":"page","link":"https:\/\/www.amtusedom.de\/?page_id=412","title":{"rendered":"Ortsrecht &#8211; Stadt Usedom: Sicherheits- und Ordnungsrecht"},"content":{"rendered":"\n<table id=\"tablepress-62\" class=\"tablepress tablepress-id-62\">\n<thead>\n<tr class=\"row-1\">\n\t<td class=\"column-1\"><\/td><td class=\"column-2\"><\/td><td class=\"column-3\"><\/td>\n<\/tr>\n<\/thead>\n<tbody class=\"row-striping row-hover\">\n<tr class=\"row-2\">\n\t<td class=\"column-1\">Feuerwehr<\/td><td class=\"column-2\">Feuerwehrgeb\u00fchrensatzung<\/td><td class=\"column-3\"> \t<a href=\"https:\/\/www.amtusedom.de\/ortsrecht\/or_usedom\/usedom-feuerwehrgebuehrensatzung.pdf\" target=\"_blank\" rel=\"noopener noreferrer\">Satzung der Stadt Usedom \u00fcber die Erhebung von Geb\u00fchren und Entgelte f\u00fcr Leistungen der \u00f6ffentlichen Feuerwehr (Feuerwehrgeb\u00fchrensatzung)<\/a><\/td>\n<\/tr>\n<tr class=\"row-3\">\n\t<td class=\"column-1\"><\/td><td class=\"column-2\">Versammlungsraum<\/td><td class=\"column-3\"> \t<a href=\"https:\/\/www.amtusedom.de\/ortsrecht\/or_usedom\/usedom-benutzungsordnung-ffw.pdf\" target=\"_blank\" rel=\"noopener noreferrer\">Benutzungs- und Entgeltordnung f\u00fcr den Versammlungsraum im Feuerwehrhaus der Freiwilligen Feuerwehr der Stadt Usedom<\/a><\/td>\n<\/tr>\n<tr class=\"row-4\">\n\t<td class=\"column-1\"><\/td><td class=\"column-2\"><\/td><td class=\"column-3\"><\/td>\n<\/tr>\n<tr class=\"row-5\">\n\t<td class=\"column-1\">Friedhof<\/td><td class=\"column-2\"><\/td><td class=\"column-3\"> \t<a href=\"https:\/\/www.amtusedom.de\/ortsrecht\/or_usedom\/usedom-friedhofssatzung.pdf\" target=\"_blank\" rel=\"noopener noreferrer\">Friedhofssatzung der Stadt Usedom<\/a><\/td>\n<\/tr>\n<tr class=\"row-6\">\n\t<td class=\"column-1\"><\/td><td class=\"column-2\"><\/td><td class=\"column-3\"> \t<a href=\"https:\/\/www.amtusedom.de\/ortsrecht\/or_usedom\/usedom-friedhofsgebuehrensatzung.pdf\" target=\"_blank\" rel=\"noopener noreferrer\">Friedhofsgeb\u00fchrensatzung der Stadt Usedom<\/a><\/td>\n<\/tr>\n<tr class=\"row-7\">\n\t<td class=\"column-1\"><\/td><td class=\"column-2\"><\/td><td class=\"column-3\"><\/td>\n<\/tr>\n<tr class=\"row-8\">\n\t<td class=\"column-1\">Hafen Karnin <\/td><td class=\"column-2\">Benutzungsordnung <\/td><td class=\"column-3\"> \t<a href=\"https:\/\/www.amtusedom.de\/ortsrecht\/or_usedom\/usedom-hafenbenutzerordbnung-karnin.pdf\" target=\"_blank\" rel=\"noopener noreferrer\">Hafenbenutzungsordnung f\u00fcr den Hafen Karnin der Stadt Usedom<\/a><\/td>\n<\/tr>\n<tr class=\"row-9\">\n\t<td class=\"column-1\"><\/td><td class=\"column-2\"><\/td><td class=\"column-3\"><\/td>\n<\/tr>\n<tr class=\"row-10\">\n\t<td class=\"column-1\">Hafen Usedom <\/td><td class=\"column-2\">Hafenbenutzungsordnung<\/td><td class=\"column-3\"><a href=\"https:\/\/www.amtusedom.de\/wp-content\/uploads\/2026\/01\/Usedom-Hafenbenutzungsordnung-2020-mit-Lageplan.pdf\" target=\"_blank\">Hafenbenutzungsordnung f\u00fcr den Hafen der Stadt Usedom <\/a><\/td>\n<\/tr>\n<tr class=\"row-11\">\n\t<td class=\"column-1\"><\/td><td class=\"column-2\"><\/td><td class=\"column-3\"><\/td>\n<\/tr>\n<tr class=\"row-12\">\n\t<td class=\"column-1\"><\/td><td class=\"column-2\">Hafengeb\u00fchrensatzung<\/td><td class=\"column-3\"> \t<a href=\"https:\/\/www.amtusedom.de\/ortsrecht\/or_usedom\/usedom-hafengebuehrensatzung.pdf\" target=\"_blank\" rel=\"noopener noreferrer\">Hafengeb\u00fchrensatzung der Stadt Usedom f\u00fcr den Stadthafen<\/a><\/td>\n<\/tr>\n<tr class=\"row-13\">\n\t<td class=\"column-1\"><\/td><td class=\"column-2\">1. \u00c4nderung<\/td><td class=\"column-3\"> \t<a href=\"https:\/\/www.amtusedom.de\/wp-content\/uploads\/2023\/03\/Aenderung-der-Hafengebuehrensatzung-der-Stadt-UsedomV.pdf\" target=\"_blank\" rel=\"noopener\">1. \u00c4nderung der Hafengeb\u00fchrensatzung der Stadt Usedom<\/a><\/td>\n<\/tr>\n<tr class=\"row-14\">\n\t<td class=\"column-1\"><\/td><td class=\"column-2\">2. \u00c4nderung<\/td><td class=\"column-3\"><a href=\"https:\/\/www.amtusedom.de\/wp-content\/uploads\/2025\/03\/Usedom-2.-Aenderung-Hafengebuehrensatzung-VOe.pdf\" target=\"_blank\">2. \u00c4nderung der Hafengeb\u00fchrensatzung der Stadt Usedom (2023) <\/a><\/td>\n<\/tr>\n<tr class=\"row-15\">\n\t<td class=\"column-1\"><\/td><td class=\"column-2\">3. \u00c4nderung<\/td><td class=\"column-3\"><a href=\"https:\/\/www.amtusedom.de\/wp-content\/uploads\/2025\/03\/Usedom-3.-Aend.-Hafengebuerhensatzung-2025-VOe.pdf\" target=\"_blank\">3. \u00c4nderung der Hafengeb\u00fchrensatzung der Stadt Usedom (2025)<\/a><\/td>\n<\/tr>\n<tr class=\"row-16\">\n\t<td class=\"column-1\"><\/td><td class=\"column-2\">Lesefassung<\/td><td class=\"column-3\"><a href=\"https:\/\/www.amtusedom.de\/wp-content\/uploads\/2025\/03\/Entgeltordnung-Hafen-Usedom-form3.Aend-2025.pdf\" target=\"_blank\">Hafengeb\u00fchrensatzung der Stadt Usedom f\u00fcr den Stadthafen - Lesefassung <\/a><\/td>\n<\/tr>\n<tr class=\"row-17\">\n\t<td class=\"column-1\"><\/td><td class=\"column-2\"><\/td><td class=\"column-3\"><\/td>\n<\/tr>\n<tr class=\"row-18\">\n\t<td class=\"column-1\"><\/td><td class=\"column-2\">Entgeltordnung Benutzung Parkplatz, <br \/>\nEntnahme Wasser und Energie <\/td><td class=\"column-3\"> \t<a href=\"https:\/\/www.amtusedom.de\/ortsrecht\/or_usedom\/usedom-entgeldordnung-hafen-usedom.pdf\" target=\"_blank\" rel=\"noopener noreferrer\">Entgeltordnung f\u00fcr die Benutzung des Parkplatzes sowie die Entnahme von Energie und Wasser im kommunalen Hafen Usedom<\/a><\/td>\n<\/tr>\n<tr class=\"row-19\">\n\t<td class=\"column-1\"><\/td><td class=\"column-2\">1. \u00c4nderung<\/td><td class=\"column-3\"> \t<a href=\"https:\/\/www.amtusedom.de\/ortsrecht\/or_usedom\/usedom-entgeldordnung-hafen-usedom-aend1.pdf\" target=\"_blank\" rel=\"noopener noreferrer\">1. \u00c4nderung der Entgeltordnung f\u00fcr die Benutzung des Parkplatzes sowie die Entnahme von Energie und Wasser im kommunalen Hafen Usedom<\/a><\/td>\n<\/tr>\n<tr class=\"row-20\">\n\t<td class=\"column-1\"><\/td><td class=\"column-2\">2. \u00c4nderung<\/td><td class=\"column-3\"> \t<a href=\"https:\/\/www.amtusedom.de\/ortsrecht\/or_usedom\/usedom-entgeldordnung-hafen-usedom-aend2.pdf\" target=\"_blank\" rel=\"noopener noreferrer\">2. \u00c4nderung der Entgeltordnung f\u00fcr die Benutzung des Parkplatzes sowie die Entnahme von Energie und Wasser im kommunalen Hafen Usedom<\/a><\/td>\n<\/tr>\n<tr class=\"row-21\">\n\t<td class=\"column-1\"><\/td><td class=\"column-2\">Lesefassung<\/td><td class=\"column-3\"> \t<a href=\"https:\/\/www.amtusedom.de\/ortsrecht\/or_usedom\/usedom-entgeldordnung-hafen-usedom-lesefassung.pdf\" target=\"_blank\" rel=\"noopener noreferrer\">Entgeltordnung f\u00fcr die Benutzung des Parkplatzes sowie die Entnahme von Energie und Wasser im kommunalen Hafen Usedom - Lesefassung<\/a><\/td>\n<\/tr>\n<tr class=\"row-22\">\n\t<td class=\"column-1\"><\/td><td class=\"column-2\"><\/td><td class=\"column-3\"><\/td>\n<\/tr>\n<tr class=\"row-23\">\n\t<td class=\"column-1\">Parkgeb\u00fchren<\/td><td class=\"column-2\"><\/td><td class=\"column-3\"><a target=\"_blank\" href=\"https:\/\/www.amtusedom.de\/wp-content\/uploads\/2023\/07\/Bewohnerparkgebuehrenordnung-Usedom-16.11.2022.pdf\" rel=\"noopener\">Geb\u00fchrenordnung \u00fcber die Erhebung von Bewohnerparkgeb\u00fchren (Bewohnerparkgeb\u00fchrenordnung)<\/a><\/td>\n<\/tr>\n<tr class=\"row-24\">\n\t<td class=\"column-1\"><\/td><td class=\"column-2\"><\/td><td class=\"column-3\"><\/td>\n<\/tr>\n<tr class=\"row-25\">\n\t<td class=\"column-1\">RuheForst Usedom<\/td><td class=\"column-2\">Satzung<\/td><td class=\"column-3\"> \t<a href=\"https:\/\/www.amtusedom.de\/ortsrecht\/or_usedom\/usedom-ruheforst.pdf\" target=\"_blank\" rel=\"noopener noreferrer\">Friedhofssatzung \u201eRuheForst Usedom\u201c<\/a><\/td>\n<\/tr>\n<tr class=\"row-26\">\n\t<td class=\"column-1\"><\/td><td class=\"column-2\">1. \u00c4nderung <\/td><td class=\"column-3\"><a href=\"https:\/\/www.amtusedom.de\/wp-content\/uploads\/2024\/08\/Usedom-1.-Aend.-Friedhofssatzung-RuheForst-2023-VOe.pdf\" rel=\"noopener\" target=\"_blank\">1. \u00c4nderung der Friedhofssatzung \"RuheForst Usedom\" <\/a><\/td>\n<\/tr>\n<tr class=\"row-27\">\n\t<td class=\"column-1\"><\/td><td class=\"column-2\">2. \u00c4nderung <\/td><td class=\"column-3\"><a target=\"_blank\" href=\"https:\/\/www.amtusedom.de\/wp-content\/uploads\/2025\/07\/Stadt-Usedom_2.Aenderung-Friedhofssatzung.pdf\">2. \u00c4nderung der Friedhofssatzung \u201eRuheForst Usedom\"<\/a><\/td>\n<\/tr>\n<tr class=\"row-28\">\n\t<td class=\"column-1\"><\/td><td class=\"column-2\">Lesefassung <\/td><td class=\"column-3\"><a href=\"https:\/\/www.amtusedom.de\/wp-content\/uploads\/2025\/08\/Lesefassung-Friedhofssatzung-Ruheforst-2.-Aend.-2025.pdf\" target=\"_blank\">Lesefassung Friedhofssatzung \"RuheForst Usedom\"<\/a><\/td>\n<\/tr>\n<tr class=\"row-29\">\n\t<td class=\"column-1\"><\/td><td class=\"column-2\"><\/td><td class=\"column-3\"><\/td>\n<\/tr>\n<tr class=\"row-30\">\n\t<td class=\"column-1\"><\/td><td class=\"column-2\">Entgeltordnung<\/td><td class=\"column-3\"> \t<a href=\"https:\/\/www.amtusedom.de\/ortsrecht\/or_usedom\/usedom-ruheforst-entgeltordnung.pdf\" target=\"_blank\" rel=\"noopener noreferrer\">Entgeltordnung f\u00fcr den \u201eRuheForst Usedom\u201c der Stadt Usedom<\/a><\/td>\n<\/tr>\n<tr class=\"row-31\">\n\t<td class=\"column-1\"><\/td><td class=\"column-2\">1. \u00c4nderung <\/td><td class=\"column-3\"><a href=\"https:\/\/www.amtusedom.de\/wp-content\/uploads\/2024\/08\/Usedom-1.-Aend.-Entgeltordnung-RuheForst-2023-VOe.pdf\" rel=\"noopener\" target=\"_blank\">1. \u00c4nderung der Entgeltordnung f\u00fcr den \"RuheForst Usedom\" der Stadt Usedom<\/a><\/td>\n<\/tr>\n<tr class=\"row-32\">\n\t<td class=\"column-1\"><\/td><td class=\"column-2\">2. \u00c4nderung <\/td><td class=\"column-3\"><a target=\"_blank\" href=\"https:\/\/www.amtusedom.de\/wp-content\/uploads\/2025\/07\/Stadt-Usedom_2.Aenderung-Entgeltordnung.pdf\">2. \u00c4nderung der Entgeltordnung f\u00fcr den \u201eRuheforst Usedom\" der Stadt Usedom<\/a><\/td>\n<\/tr>\n<tr class=\"row-33\">\n\t<td class=\"column-1\"><\/td><td class=\"column-2\">Lesefassung <\/td><td class=\"column-3\"><a href=\"https:\/\/www.amtusedom.de\/wp-content\/uploads\/2025\/08\/Lesefassung-2.-Aend.-Entgeltordnung-Ruheforst-2025.pdf\" target=\"_blank\">Lesefassung Entgeltordnung RuheForst Usedom <\/a><\/td>\n<\/tr>\n<tr class=\"row-34\">\n\t<td class=\"column-1\"><\/td><td class=\"column-2\"><\/td><td class=\"column-3\"><\/td>\n<\/tr>\n<tr class=\"row-35\">\n\t<td class=\"column-1\">Sondernutzung \u00f6ffentliche Stra\u00dfen, Wege, Pl\u00e4tze<\/td><td class=\"column-2\"><\/td><td class=\"column-3\"> \t<a href=\"https:\/\/www.amtusedom.de\/ortsrecht\/or_usedom\/usedom-sondernutzungssatzung.pdf\" target=\"_blank\" rel=\"noopener noreferrer\">Satzung f\u00fcr Sondernutzungen an \u00f6ffentlichen Stra\u00dfen, Wegen und Pl\u00e4tzen in der Stadt Usedom<\/a><\/td>\n<\/tr>\n<tr class=\"row-36\">\n\t<td class=\"column-1\"><\/td><td class=\"column-2\"><\/td><td class=\"column-3\"> \t<a href=\"https:\/\/www.amtusedom.de\/ortsrecht\/or_usedom\/usedom-sondernutzung-gebuehren.pdf\" target=\"_blank\" rel=\"noopener noreferrer\">Geb\u00fchrensatzung \u00fcber die Sondernutzungen an \u00f6ffentlichen Stra\u00dfen, Wegen und Pl\u00e4tzen in der Stadt Usedom<\/a><\/td>\n<\/tr>\n<tr class=\"row-37\">\n\t<td class=\"column-1\"><\/td><td class=\"column-2\"><\/td><td class=\"column-3\"><\/td>\n<\/tr>\n<tr class=\"row-38\">\n\t<td class=\"column-1\">Sporthalle<\/td><td class=\"column-2\"><\/td><td class=\"column-3\"><a href=\"https:\/\/www.amtusedom.de\/wp-content\/uploads\/2026\/03\/Usedom-Sporthallenordnung-2011.pdf\" target=\"_blank\">Sporthallenordnung der Stadt Usedom <\/a><\/td>\n<\/tr>\n<tr class=\"row-39\">\n\t<td class=\"column-1\"><\/td><td class=\"column-2\"><\/td><td class=\"column-3\"><a href=\"https:\/\/www.amtusedom.de\/wp-content\/uploads\/2026\/03\/Usedom-1.-Aenderung-Sporthallenordnung-2012.pdf\" target=\"_blank\">1. \u00c4nderung der Sporthallenordnung der Stadt Usedom<\/a><\/td>\n<\/tr>\n<tr class=\"row-40\">\n\t<td class=\"column-1\"><\/td><td class=\"column-2\"><\/td><td class=\"column-3\"><a href=\"https:\/\/www.amtusedom.de\/wp-content\/uploads\/2026\/03\/Usedom-2.-Aenderung-Sporthallenordnung-2012.pdf\" target=\"_blank\">2. \u00c4nderung der Sporthallenordnung der Stadt Usedom <\/a><\/td>\n<\/tr>\n<tr class=\"row-41\">\n\t<td class=\"column-1\"><\/td><td class=\"column-2\"><\/td><td class=\"column-3\"><a href=\"https:\/\/www.amtusedom.de\/wp-content\/uploads\/2026\/03\/Usedom-3.-Aenderung-Sporthallenordnung-2013.pdf\" target=\"_blank\">3. \u00c4nderung der Sporthallenordnung der Stadt Usedom <\/a><\/td>\n<\/tr>\n<tr class=\"row-42\">\n\t<td class=\"column-1\"><\/td><td class=\"column-2\"><\/td><td class=\"column-3\"><a href=\"https:\/\/www.amtusedom.de\/wp-content\/uploads\/2026\/03\/Usedom-4.-Aend-Sporthallensatzung-2026.pdf\" target=\"_blank\">4. \u00c4nderung der Sporthallenordnung der Stadt Usedom<\/a><\/td>\n<\/tr>\n<tr class=\"row-43\">\n\t<td class=\"column-1\"><\/td><td class=\"column-2\"><\/td><td class=\"column-3\"><a href=\"https:\/\/www.amtusedom.de\/wp-content\/uploads\/2026\/03\/Sporthallenordnung-2011-form.4.Aend_.-2026.pdf\" target=\"_blank\">Lesefassung Sporthallenordnung der Stadt Usedom (2026) <\/a><\/td>\n<\/tr>\n<tr class=\"row-44\">\n\t<td class=\"column-1\"><\/td><td class=\"column-2\"><\/td><td class=\"column-3\"><\/td>\n<\/tr>\n<tr class=\"row-45\">\n\t<td class=\"column-1\">Stra\u00dfenreinigung <\/td><td class=\"column-2\"><\/td><td class=\"column-3\"><a href=\"https:\/\/www.amtusedom.de\/wp-content\/uploads\/2026\/01\/Usedom-Strassenreinigungssatzung-2007-VOe.pdf\" target=\"_blank\">Stra\u00dfenreinigungssatzung der Stadt Usedom <\/a><\/td>\n<\/tr>\n<\/tbody>\n<\/table>\n<!-- #tablepress-62 from cache -->","protected":false},"excerpt":{"rendered":"","protected":false},"author":2,"featured_media":0,"parent":373,"menu_order":2,"comment_status":"closed","ping_status":"closed","template":"","meta":{"footnotes":""},"class_list":["post-412","page","type-page","status-publish","hentry"],"_links":{"self":[{"href":"https:\/\/www.amtusedom.de\/index.php?rest_route=\/wp\/v2\/pages\/412","targetHints":{"allow":["GET"]}}],"collection":[{"href":"https:\/\/www.amtusedom.de\/index.php?rest_route=\/wp\/v2\/pages"}],"about":[{"href":"https:\/\/www.amtusedom.de\/index.php?rest_route=\/wp\/v2\/types\/page"}],"author":[{"embeddable":true,"href":"https:\/\/www.amtusedom.de\/index.php?rest_route=\/wp\/v2\/users\/2"}],"replies":[{"embeddable":true,"href":"https:\/\/www.amtusedom.de\/index.php?rest_route=%2Fwp%2Fv2%2Fcomments&post=412"}],"version-history":[{"count":31,"href":"https:\/\/www.amtusedom.de\/index.php?rest_route=\/wp\/v2\/pages\/412\/revisions"}],"predecessor-version":[{"id":7920,"href":"https:\/\/www.amtusedom.de\/index.php?rest_route=\/wp\/v2\/pages\/412\/revisions\/7920"}],"up":[{"embeddable":true,"href":"https:\/\/www.amtusedom.de\/index.php?rest_route=\/wp\/v2\/pages\/373"}],"wp:attachment":[{"href":"https:\/\/www.amtusedom.de\/index.php?rest_route=%2Fwp%2Fv2%2Fmedia&parent=412"}],"curies":[{"name":"wp","href":"https:\/\/api.w.org\/{rel}","templated":true}]}}