{"id":419,"date":"2012-08-23T10:25:53","date_gmt":"2012-08-23T08:25:53","guid":{"rendered":"http:\/\/localhost\/wp\/?page_id=419"},"modified":"2023-08-01T09:46:44","modified_gmt":"2023-08-01T07:46:44","slug":"ortsrecht-stadt-usedom-baurecht","status":"publish","type":"page","link":"https:\/\/www.amtusedom.de\/?page_id=419","title":{"rendered":"Ortsrecht &#8211; Stadt Usedom: Baurecht"},"content":{"rendered":"\n<table id=\"tablepress-68\" class=\"tablepress tablepress-id-68\">\n<thead>\n<tr class=\"row-1\">\n\t<th class=\"column-1\"> <\/th><td class=\"column-2\"><\/td>\n<\/tr>\n<\/thead>\n<tbody class=\"row-striping\">\n<tr class=\"row-2\">\n\t<td class=\"column-1\"> <\/td><td class=\"column-2\"><a href=\"https:\/\/www.amtusedom.de\/ortsrecht\/or_usedom\/usedom-erschliessungsbeitragssatzung.pdf\" target=\"_blank\" rel=\"noopener noreferrer\">Satzung \u00fcber die Erhebung von Erschlie\u00dfungsbeitr\u00e4gen<\/a>;<\/td>\n<\/tr>\n<tr class=\"row-3\">\n\t<td class=\"column-1\"> <\/td><td class=\"column-2\"><a href=\"https:\/\/www.amtusedom.de\/ortsrecht\/or_usedom\/usedom-strassenausbaubeitragssatzung.pdf\" target=\"_blank\" rel=\"noopener noreferrer\">Satzung der Stadt Usedom \u00fcber die Erhebung von Beitr\u00e4gen f\u00fcr den Ausbau von Anlagen im Bereich von Stra\u00dfen, Wegen und Pl\u00e4tzen<\/a>;<\/td>\n<\/tr>\n<tr class=\"row-4\">\n\t<td class=\"column-1\"> <\/td><td class=\"column-2\"><a href=\"https:\/\/www.amtusedom.de\/ortsrecht\/or_usedom\/usedom-stellplatzsatzung.pdf\" target=\"_blank\" rel=\"noopener noreferrer\">Satzung der Stadt Usedom \u00fcber die Herstellung notwendiger Stellpl\u00e4tze und deren Abl\u00f6se (Stellplatz- und Stellplatzabl\u00f6sesatzung)<\/a>;<\/td>\n<\/tr>\n<tr class=\"row-5\">\n\t<td class=\"column-1\"> <\/td><td class=\"column-2\"><a href=\"https:\/\/www.amtusedom.de\/ortsrecht\/or_usedom\/usedom-stellplatzsatzung-1aend.pdf\" target=\"_blank\" rel=\"noopener noreferrer\">1. Satzung zu \u00c4nderung der Satzung der Stadt Usedom \u00fcber die Herstellung notwendiger Stellpl\u00e4tze und deren Abl\u00f6se (Stellplatz- und Stellplatzabl\u00f6sesatzung)<\/a>;<\/td>\n<\/tr>\n<tr class=\"row-6\">\n\t<td class=\"column-1\"> <\/td><td class=\"column-2\"><a href=\"https:\/\/www.amtusedom.de\/ortsrecht\/or_usedom\/usedom-stellplatzsatzung.pdf\" target=\"_blank\" rel=\"noopener noreferrer\">Satzung der Stadt Usedom \u00fcber die Herstellung notwendiger Stellpl\u00e4tze und deren Abl\u00f6se (Stellplatz- und Stellplatzabl\u00f6sesatzung) Lesefassung<\/a>;<\/td>\n<\/tr>\n<tr class=\"row-7\">\n\t<td class=\"column-1\"> <\/td><td class=\"column-2\"><a href=\"https:\/\/www.amtusedom.de\/bauplanung\/usedom\/Stadt%20Usedom%20F-Plan.pdf\" target=\"_blank\" rel=\"noopener noreferrer\">Fl\u00e4chennutzungsplan<\/a>;<\/td>\n<\/tr>\n<tr class=\"row-8\">\n\t<td class=\"column-1\"> <\/td><td class=\"column-2\"><a href=\"https:\/\/www.amtusedom.de\/bauplanung\/usedom\/2ErgFNPUsedom.pdf\" target=\"_blank\" rel=\"noopener noreferrer\">Fl\u00e4chennutzungsplan 2. Erg\u00e4nzung<\/a>;<\/td>\n<\/tr>\n<tr class=\"row-9\">\n\t<td class=\"column-1\"> <\/td><td class=\"column-2\"><a href=\"https:\/\/www.amtusedom.de\/bauplanung\/usedom\/gestaltungssatzung.pdf\" target=\"_blank\" rel=\"noopener noreferrer\">Gestaltungssatzung f\u00fcr den historischen Stadtkern der Stadt Usedom<\/a>;<\/td>\n<\/tr>\n<tr class=\"row-10\">\n\t<td class=\"column-1\"> <\/td><td class=\"column-2\"><a href=\"https:\/\/www.amtusedom.de\/bauplanung\/usedom\/B-Usedom-Nr1.pdf\" target=\"_blank\" rel=\"noopener noreferrer\">B-Plan Nr. 1 \"Am Hain\"<\/a>;<\/td>\n<\/tr>\n<tr class=\"row-11\">\n\t<td class=\"column-1\"> <\/td><td class=\"column-2\"><a href=\"https:\/\/www.amtusedom.de\/bauplanung\/usedom\/B-Usedom-Nr1-1Aen.pdf\" target=\"_blank\" rel=\"noopener noreferrer\">B-Plan Nr. 1 \"Am Hain\", 1. \u00c4nderung<\/a>;<\/td>\n<\/tr>\n<tr class=\"row-12\">\n\t<td class=\"column-1\"> <\/td><td class=\"column-2\"><a href=\"https:\/\/www.amtusedom.de\/bauplanung\/usedom\/B-Usedom-Nr1-2Aen.pdf\" target=\"_blank\" rel=\"noopener noreferrer\">B-Plan Nr. 1 \"Am Hain\", 2. \u00c4nderung<\/a>;<\/td>\n<\/tr>\n<tr class=\"row-13\">\n\t<td class=\"column-1\"> <\/td><td class=\"column-2\"><a href=\"https:\/\/www.amtusedom.de\/bauplanung\/usedom\/B-Usedom-Nr1-4aen.pdf\" target=\"_blank\" rel=\"noopener noreferrer\">B-Plan Nr. 1 \"Am Hain\", 4. \u00c4nderung<\/a>;<\/td>\n<\/tr>\n<tr class=\"row-14\">\n\t<td class=\"column-1\"> <\/td><td class=\"column-2\"><a href=\"https:\/\/www.amtusedom.de\/bauplanung\/usedom\/B-Usedom-Nr1-5Aen.pdf\" target=\"_blank\" rel=\"noopener noreferrer\">B-Plan Nr. 1 \"Am Hain\", 5. \u00c4nderung<\/a>;<\/td>\n<\/tr>\n<tr class=\"row-15\">\n\t<td class=\"column-1\"> <\/td><td class=\"column-2\"><a href=\"https:\/\/www.amtusedom.de\/bauplanung\/usedom\/B-Usedom-Nr1-6Aen.pdf\" target=\"_blank\" rel=\"noopener noreferrer\">B-Plan Nr. 1 \"Am Hain\", 6. \u00c4nderung<\/a>;<\/td>\n<\/tr>\n<tr class=\"row-16\">\n\t<td class=\"column-1\"> <\/td><td class=\"column-2\"><a href=\"https:\/\/www.amtusedom.de\/bauplanung\/usedom\/B-Usedom-Nr1-7Aen.pdf\" target=\"_blank\" rel=\"noopener noreferrer\">B-Plan Nr. 1 \"Am Hain\", 7. \u00c4nderung<\/a>;<\/td>\n<\/tr>\n<tr class=\"row-17\">\n\t<td class=\"column-1\"><\/td><td class=\"column-2\"><a target=\"_blank\" href=\"https:\/\/www.amtusedom.de\/wp-content\/uploads\/2026\/03\/B-Plan-Nr.1-\u201eAm-Hain-8.-Aenderung.pdf\">B-Plan Nr.1 \u201eAm Hain\u201c, 8. \u00c4nderung<\/a><\/td>\n<\/tr>\n<tr class=\"row-18\">\n\t<td class=\"column-1\"> <\/td><td class=\"column-2\"><a href=\"https:\/\/www.amtusedom.de\/bauplanung\/usedom\/B-Usedom-Nr2.pdf\" target=\"_blank\" rel=\"noopener noreferrer\">B-Plan Nr. 2 \"Gewerbegebiet Am Bahndamm\"<\/a>;<\/td>\n<\/tr>\n<tr class=\"row-19\">\n\t<td class=\"column-1\"> <\/td><td class=\"column-2\"><a href=\"https:\/\/www.amtusedom.de\/bauplanung\/usedom\/B-Usedom-Nr2-1Aen.pdf\" target=\"_blank\" rel=\"noopener noreferrer\">B-Plan Nr. 2 \"Gewerbegebiet Am Bahndamm\", 1. \u00c4nderung<\/a>;<\/td>\n<\/tr>\n<tr class=\"row-20\">\n\t<td class=\"column-1\"> <\/td><td class=\"column-2\"><a href=\"https:\/\/www.amtusedom.de\/bauplanung\/usedom\/B-Usedom-Nr5.pdf\" target=\"_blank\" rel=\"noopener noreferrer\">B-Plan Nr. 5 \"Hafen\"<\/a>;<\/td>\n<\/tr>\n<tr class=\"row-21\">\n\t<td class=\"column-1\"> <\/td><td class=\"column-2\"><a href=\"https:\/\/www.amtusedom.de\/bauplanung\/usedom\/B-Usedom-Nr5-Aend1.pdf\" target=\"_blank\" rel=\"noopener noreferrer\">B-Plan Nr. 5 \"Hafen\", 1. \u00c4nderung<\/a>;<\/td>\n<\/tr>\n<tr class=\"row-22\">\n\t<td class=\"column-1\"> <\/td><td class=\"column-2\"><a href=\"https:\/\/www.amtusedom.de\/bauplanung\/usedom\/B-Usedom-Nr5-5Aend2.pdf\" target=\"_blank\" rel=\"noopener noreferrer\">B-Plan Nr. 5 \"Hafen\", 2. \u00c4nderung<\/a>;<\/td>\n<\/tr>\n<tr class=\"row-23\">\n\t<td class=\"column-1\"> <\/td><td class=\"column-2\"><a href=\"https:\/\/www.amtusedom.de\/bauplanung\/usedom\/B-Usedom-Nr7.pdf\" target=\"_blank\" rel=\"noopener noreferrer\">B-Plan Nr. 7 \"Pasker Wald\"<\/a>;<\/td>\n<\/tr>\n<tr class=\"row-24\">\n\t<td class=\"column-1\"> <\/td><td class=\"column-2\"><a href=\"https:\/\/www.amtusedom.de\/bauplanung\/usedom\/B-Usedom-Nr7-1Aen.pdf\" target=\"_blank\" rel=\"noopener noreferrer\">B-Plan Nr. 7 \"Pasker Wald\", 1. \u00c4nderung<\/a>;<\/td>\n<\/tr>\n<tr class=\"row-25\">\n\t<td class=\"column-1\"> <\/td><td class=\"column-2\"><a href=\"https:\/\/www.amtusedom.de\/bauplanung\/usedom\/B-Usedom-Nr7-2Aen.pdf\" target=\"_blank\" rel=\"noopener noreferrer\">B-Plan Nr. 7 \"Pasker Wald\", 2. \u00c4nderung<\/a>;<\/td>\n<\/tr>\n<tr class=\"row-26\">\n\t<td class=\"column-1\"> <\/td><td class=\"column-2\"><a href=\"https:\/\/www.amtusedom.de\/bauplanung\/usedom\/B-Usedom-Nr8.pdf\" target=\"_blank\" rel=\"noopener noreferrer\">B-Plan Nr. 8, \"Schlosspark Wilhelmshof\"<\/a>;<\/td>\n<\/tr>\n<tr class=\"row-27\">\n\t<td class=\"column-1\"> <\/td><td class=\"column-2\"><a href=\"https:\/\/www.amtusedom.de\/bauplanung\/usedom\/BP-Nr-10-Usedom-Hafenanlage-Koelpin.pdf\" target=\"_blank\" rel=\"noopener noreferrer\">B-Plan Nr. 10, \"Hafen K\u00f6lpin\"<\/a>;<\/td>\n<\/tr>\n<tr class=\"row-28\">\n\t<td class=\"column-1\"> <\/td><td class=\"column-2\"><a href=\"https:\/\/www.amtusedom.de\/bauplanung\/usedom\/BP-Nr-11-Usedom.pdf\" target=\"_blank\" rel=\"noopener noreferrer\">B-Plan Nr. 11, \"Umbau Stall zum Wohngeb\u00e4ude Swinem\u00fcnder Str. 29\"<\/a>;<\/td>\n<\/tr>\n<tr class=\"row-29\">\n\t<td class=\"column-1\"> <\/td><td class=\"column-2\"><a href=\"https:\/\/www.amtusedom.de\/bauplanung\/usedom\/BP-Nr-11-Aend1-Usedom.pdf\" target=\"_blank\" rel=\"noopener noreferrer\">B-Plan Nr. 11, \"Umbau Stall zum Wohngeb\u00e4ude Swinem\u00fcnder Str. 29\", 1. \u00c4nderung<\/a>;<\/td>\n<\/tr>\n<tr class=\"row-30\">\n\t<td class=\"column-1\"> <\/td><td class=\"column-2\"><a href=\"https:\/\/www.amtusedom.de\/bauplanung\/usedom\/BP-Nr-12-Usedom.pdf\" target=\"_blank\" rel=\"noopener noreferrer\">B-Plan Nr. 12 \u201eWohnen Karnin in Dorfstr. 2\u201c<\/a>;<\/td>\n<\/tr>\n<tr class=\"row-31\">\n\t<td class=\"column-1\"> <\/td><td class=\"column-2\"><a href=\"https:\/\/www.amtusedom.de\/bauplanung\/usedom\/B-Usedom-Nr13.pdf\" target=\"_blank\" rel=\"noopener noreferrer\">B-Plan Nr. 13 der Stadt Usedom \"Am alten G\u00fcterbahnhof\"<\/a>;<\/td>\n<\/tr>\n<tr class=\"row-32\">\n\t<td class=\"column-1\"> <\/td><td class=\"column-2\"><a href=\"https:\/\/www.amtusedom.de\/bauplanung\/usedom\/BP-Nr-15-Usedom.pdf\" target=\"_blank\" rel=\"noopener noreferrer\">B-Plan 15 \"Wohnbaufl\u00e4che an der Karniner Stra\u00dfe\" Stadt Usedom<\/a>;<\/td>\n<\/tr>\n<tr class=\"row-33\">\n\t<td class=\"column-1\"> <\/td><td class=\"column-2\"><a href=\"https:\/\/www.amtusedom.de\/bauplanung\/usedom\/S-Wilhelmshof.pdf\" target=\"_blank\" rel=\"noopener noreferrer\">Klarstellungssatzung Wilhelmshof (Westkl\u00fcne)<\/a>;<\/td>\n<\/tr>\n<tr class=\"row-34\">\n\t<td class=\"column-1\"> <\/td><td class=\"column-2\"><a href=\"https:\/\/www.amtusedom.de\/bauplanung\/usedom\/S-Moenchow.pdf\" target=\"_blank\" rel=\"noopener noreferrer\">Klarstellungssatzung M\u00f6nchow<\/a>;<\/td>\n<\/tr>\n<tr class=\"row-35\">\n\t<td class=\"column-1\"> <\/td><td class=\"column-2\"><a href=\"https:\/\/www.amtusedom.de\/bauplanung\/usedom\/S-Karnin.pdf\" target=\"_blank\" rel=\"noopener noreferrer\">Klarstellungssatzung Karnin<\/a>;<\/td>\n<\/tr>\n<tr class=\"row-36\">\n\t<td class=\"column-1\"> <\/td><td class=\"column-2\"><a href=\"https:\/\/www.amtusedom.de\/bauplanung\/usedom\/S-Zecherin.pdf\" target=\"_blank\" rel=\"noopener noreferrer\">Klarstellungssatzung Zecherin<\/a>;<\/td>\n<\/tr>\n<tr class=\"row-37\">\n\t<td class=\"column-1\"> <\/td><td class=\"column-2\"><a href=\"https:\/\/www.amtusedom.de\/bauplanung\/usedom\/S-Usedom-Paske.pdf\" target=\"_blank\" rel=\"noopener noreferrer\">Klarstellungssatzung Paske<\/a>;<\/td>\n<\/tr>\n<tr class=\"row-38\">\n\t<td class=\"column-1\"> <\/td><td class=\"column-2\"><a href=\"https:\/\/www.amtusedom.de\/bauplanung\/usedom\/Entwicklungssatzung-Gneventhin.pdf\" target=\"_blank\" rel=\"noopener noreferrer\">Entwicklungssatzung nach \u00a7 34 Abs. 4 Satz 1 Nr. 2 BauGB f\u00fcr die Siedlung Gneventhin der Stadt Usedom<\/a>;<\/td>\n<\/tr>\n<tr class=\"row-39\">\n\t<td class=\"column-1\"><\/td><td class=\"column-2\"><a target=\"_blank\" href=\"https:\/\/www.amtusedom.de\/wp-content\/uploads\/2024\/03\/Flaechennutzungsplan-1.-Aenderung.pdf\" rel=\"noopener\">Fl\u00e4chennutzungsplan, 1. \u00c4nderung<\/a><\/td>\n<\/tr>\n<tr class=\"row-40\">\n\t<td class=\"column-1\"><\/td><td class=\"column-2\"><a target=\"_blank\" href=\"https:\/\/www.amtusedom.de\/wp-content\/uploads\/2025\/01\/1-Erg-und-Aender-IBS-Zecherin-Usedom.pdf\">1. Erg\u00e4nzung Klarstellungssatzung Zecherin<\/a><\/td>\n<\/tr>\n<\/tbody>\n<\/table>\n<!-- #tablepress-68 from cache -->","protected":false},"excerpt":{"rendered":"","protected":false},"author":2,"featured_media":0,"parent":373,"menu_order":4,"comment_status":"closed","ping_status":"closed","template":"","meta":{"footnotes":""},"class_list":["post-419","page","type-page","status-publish","hentry"],"_links":{"self":[{"href":"https:\/\/www.amtusedom.de\/index.php?rest_route=\/wp\/v2\/pages\/419","targetHints":{"allow":["GET"]}}],"collection":[{"href":"https:\/\/www.amtusedom.de\/index.php?rest_route=\/wp\/v2\/pages"}],"about":[{"href":"https:\/\/www.amtusedom.de\/index.php?rest_route=\/wp\/v2\/types\/page"}],"author":[{"embeddable":true,"href":"https:\/\/www.amtusedom.de\/index.php?rest_route=\/wp\/v2\/users\/2"}],"replies":[{"embeddable":true,"href":"https:\/\/www.amtusedom.de\/index.php?rest_route=%2Fwp%2Fv2%2Fcomments&post=419"}],"version-history":[{"count":25,"href":"https:\/\/www.amtusedom.de\/index.php?rest_route=\/wp\/v2\/pages\/419\/revisions"}],"predecessor-version":[{"id":7952,"href":"https:\/\/www.amtusedom.de\/index.php?rest_route=\/wp\/v2\/pages\/419\/revisions\/7952"}],"up":[{"embeddable":true,"href":"https:\/\/www.amtusedom.de\/index.php?rest_route=\/wp\/v2\/pages\/373"}],"wp:attachment":[{"href":"https:\/\/www.amtusedom.de\/index.php?rest_route=%2Fwp%2Fv2%2Fmedia&parent=419"}],"curies":[{"name":"wp","href":"https:\/\/api.w.org\/{rel}","templated":true}]}}