{"id":429,"date":"2012-08-23T10:43:16","date_gmt":"2012-08-23T08:43:16","guid":{"rendered":"http:\/\/localhost\/wp\/?page_id=429"},"modified":"2020-09-01T10:09:23","modified_gmt":"2020-09-01T08:09:23","slug":"ortsrecht-gemeinde-benz-offentliche-bekanntmachungen","status":"publish","type":"page","link":"https:\/\/www.amtusedom.de\/?page_id=429","title":{"rendered":"Ortsrecht &#8211; Gemeinde Benz: \u00d6ffentliche Bekanntmachungen"},"content":{"rendered":"<p><strong>\u00d6ffentliche Bekanntmachungen<\/strong><\/p>\n\n<table id=\"tablepress-3\" class=\"tablepress tablepress-id-3\">\n<thead>\n<tr class=\"row-1\">\n\t<th class=\"column-1\">Ver\u00f6ffentlicht am<\/th><th class=\"column-2\">Bekanntmachung<\/th>\n<\/tr>\n<\/thead>\n<tbody class=\"row-striping\">\n<tr class=\"row-2\">\n\t<td class=\"column-1\">07.12.2019<\/td><td class=\"column-2\"><a href=\"https:\/\/www.amtusedom.de\/ortsrecht\/or_benz\/benz-hebesatzung2020.pdf\" rel=\"noopener\" target=\"_blank\">Satzung \u00fcber die Festsetzung der Hebes\u00e4tze f\u00fcr die Grundsteuer und Gewerbesteuer in der Gemeinde Benz (Hebesatzsatzung 2020)<\/a><\/td>\n<\/tr>\n<tr class=\"row-3\">\n\t<td class=\"column-1\">12.04.2021<\/td><td class=\"column-2\"><a target=\"_blank\" href=\"ortsrecht\/bm_benz\/bekanntmachung-20210412-benz.pdf\" rel=\"noopener noreferrer\">Bekanntmachung: Teminbestimmung \u00f6ffentliche Versteigerung<\/a><\/td>\n<\/tr>\n<tr class=\"row-4\">\n\t<td class=\"column-1\">26.05.2021<\/td><td class=\"column-2\"><a target=\"_blank\" href=\"ortsrecht\/bm_benz\/bekanntmachung-20210526-benz.pdf\" rel=\"noopener noreferrer\">Bekanntmachung der Haushaltssatzung der Gemeinde Benz f\u00fcr das Haushaltsjahr 2021<\/a><\/td>\n<\/tr>\n<tr class=\"row-5\">\n\t<td class=\"column-1\">07.06.2021<\/td><td class=\"column-2\"><a target=\"_blank\" href=\"ortsrecht\/bm_benz\/bekanntmachung-20210607-benz.pdf\" rel=\"noopener noreferrer\">Bekanntmachung der Gemeinde Benz zum Beschluss Nr. GVBe-0380\/21 vom 20.05.2021 \u00fcber den Entwurf und die Auslegung der 2. Erg\u00e4nzung der Klarstellungssatzung mit Abrundungen und Erweiterungen f\u00fcr den im Zusammenhang bebauten Ortsteil Balm f\u00fcr eine Teilfl\u00e4che aus Flurst\u00fcck 349, Flur 4, Gemarkung Balm<\/a><\/td>\n<\/tr>\n<tr class=\"row-6\">\n\t<td class=\"column-1\">28.06.2021<\/td><td class=\"column-2\"><a target=\"_blank\" href=\"ortsrecht\/bm_benz\/bekanntmachung-20210628-benz.pdf\" rel=\"noopener noreferrer\">\u00d6ffentliche Bekanntmachung einer Offenlegung der Niederschrift \u00fcber den Grenztermin<\/a><\/td>\n<\/tr>\n<tr class=\"row-7\">\n\t<td class=\"column-1\">08.11.2021<\/td><td class=\"column-2\"><a target=\"_blank\" href=\"ortsrecht\/bm_benz\/bekanntmachung-20211108-benz.pdf\" rel=\"noopener noreferrer\">Bekanntmachung der Gemeinde Benz zum Beschluss Nr. GVBe-0434\/21 vom 19.10.2021 \u00fcber die Satzung zur 2. Erg\u00e4nzung der Klarstellungssatzung mit Abrundungen und Erweiterungen f\u00fcr den im Zusammenhang bebauten Ortsteil Balm der Gemeinde Benz f\u00fcr eine Teilfl\u00e4che aus Flurst\u00fcck 349, Flur 4, Gemarkung Balm<\/a><\/td>\n<\/tr>\n<tr class=\"row-8\">\n\t<td class=\"column-1\">23.11.2021<\/td><td class=\"column-2\"><a target=\"_blank\" href=\"ortsrecht\/bm_benz\/bekanntmachung-20211123-benz.pdf\" rel=\"noopener noreferrer\">Bekanntmachung: Teminbestimmung \u00f6ffentliche Versteigerung<\/a><\/td>\n<\/tr>\n<tr class=\"row-9\">\n\t<td class=\"column-1\">26.01.2022<\/td><td class=\"column-2\"><a target=\"_blank\" href=\"ortsrecht\/bm_benz\/bekanntmachung-20220126-benz.pdf\" rel=\"noopener noreferrer\">Bekanntmachung der Haushaltssatzung der Gemeinde Benz f\u00fcr das Haushaltsjahr 2022<\/a><\/td>\n<\/tr>\n<tr class=\"row-10\">\n\t<td class=\"column-1\">07.02.2022<\/td><td class=\"column-2\"><a target=\"_blank\" href=\"ortsrecht\/bm_benz\/bekanntmachung-20220207-benz.pdf\" rel=\"noopener noreferrer\">Bekanntmachung der Gemeinde Benz \u00fcber den Beschluss Nr. GVBe-0452\/22 vom 18.01.2022 zur Aufstellung der 1. Erg\u00e4nzung und 3. \u00c4nderung des Bebauungsplanes Nr. 12 \u201eAm Balmer See\u201c der Gemeinde Benz<\/a><\/td>\n<\/tr>\n<tr class=\"row-11\">\n\t<td class=\"column-1\">21.09.2022<\/td><td class=\"column-2\"><a target=\"_blank\" href=\"ortsrecht\/bm_benz\/bekanntmachung-20220921-benz.pdf\" rel=\"noopener noreferrer\">Bekanntmachung der Gemeinde Benz zum Beschluss Nr. GVBe-0499\/22 vom 30.08.2022 \u00fcber den Entwurf und die \u00f6ffentliche Auslegung der 1. Erg\u00e4nzung und 3. \u00c4nderung des Bebauungsplanes Nr. 12 \u201eAm Balmer See\u201c der Gemeinde Benz f\u00fcr den OT Balm und die Flurst\u00fccke 232 und 313 (tw.), Flur 4, Gemarkung Balm in der Fassung von 07-2022<\/a><\/td>\n<\/tr>\n<tr class=\"row-12\">\n\t<td class=\"column-1\">27.01.2023<\/td><td class=\"column-2\"><a target=\"_blank\" href=\"ortsrecht\/bm_benz\/BekAbmarkungVermessungsbueroBenz.pdf\" rel=\"noopener noreferrer\">Orts\u00fcbliche Bekanntmachung der Offenlegung der Niederschrift \u00fcber den Grenztermin<\/a><\/td>\n<\/tr>\n<tr class=\"row-13\">\n\t<td class=\"column-1\">15.02.2023<\/td><td class=\"column-2\"><a href=\"https:\/\/www.amtusedom.de\/bauplanung\/benz\/Bek.Satzungsbeschluss1.Erg.u.3.\u00c4.BPl.12BenzV.pdf\" rel=\"noopener\" target=\"_blank\">Bekanntmachung der Gemeinde Benz \u00fcber den Beschluss Nr. GVBe-0531\/23 vom 15.02.2023 \u00fcber die Satzung zur 1. Erg\u00e4nzung und 3. \u00c4nderung des Bebauungsplanes Nr. 12 \u201eAm Balmer See\u201c der Gemeinde Benz f\u00fcr den OT Balm und die Flurst\u00fccke 232 und 313, Flur 4, Gemarkung Balm, in der Fassung 01-2023<\/a><\/td>\n<\/tr>\n<tr class=\"row-14\">\n\t<td class=\"column-1\">15.02.2023<\/td><td class=\"column-2\"><a href=\"https:\/\/www.amtusedom.de\/bauplanung\/benz\/Bek.2.BerichtigungFNPBenzV.pdf\" rel=\"noopener\" target=\"_blank\">Bekanntmachung der Gemeinde Benz \u00fcber den Beschluss Nr. GVBe-0532\/23 vom 15.02.2023 \u00fcber die 2. Berichtigung des Fl\u00e4chennutzungsplanes der Gemeinde Benz<\/a><\/td>\n<\/tr>\n<tr class=\"row-15\">\n\t<td class=\"column-1\">27.04.2023<\/td><td class=\"column-2\"><a target=\"_blank\" href=\"https:\/\/www.amtusedom.de\/wp-content\/uploads\/2023\/04\/Benz-Bekanntmachung-Haushaltssatzung-2023.pdf\" rel=\"noopener\">Bekanntmachung der Haushaltssatzung der Gemeinde Benz f\u00fcr das Haushaltsjahr 2023<\/a><\/td>\n<\/tr>\n<tr class=\"row-16\">\n\t<td class=\"column-1\">11.09.2023<\/td><td class=\"column-2\"><a target=\"_blank\" href=\"https:\/\/www.amtusedom.de\/wp-content\/uploads\/2023\/09\/Bekanntmachung_JR2017_Benz.pdf\" rel=\"noopener\">Bekanntmachung der Feststellung des Jahresabschlusses 2017 und der Entlastung des B\u00fcrgermeisters der Gemeinde Benz<\/a><\/td>\n<\/tr>\n<tr class=\"row-17\">\n\t<td class=\"column-1\">11.09.2023<\/td><td class=\"column-2\"><a target=\"_blank\" href=\"https:\/\/www.amtusedom.de\/wp-content\/uploads\/2023\/09\/Bek.-Satzungsbeschluss-2.Aend-BPl.-12-Benz.pdf\" rel=\"noopener\">Bekanntmachung der Gemeinde Benz  \u00fcber den Beschluss Nr. GVBe-0565\/23 vom 23.08.2023 \u00fcber die Satzung zur  2. \u00c4nderung des Bebauungsplanes Nr. 12 \u201eAm Balmer See\u201c der Gemeinde Benz f\u00fcr den OT Balm in der Fassung 07-2023<\/a><\/td>\n<\/tr>\n<tr class=\"row-18\">\n\t<td class=\"column-1\">22.01.2024<\/td><td class=\"column-2\"><a Target=\"_blank\" href=\"https:\/\/www.amtusedom.de\/wp-content\/uploads\/2024\/01\/Bek.-StaLU-Landtausch-Benz-Stolpe.pdf\">Bekanntmachung StaLU Landtausch Benz-Stolpe<\/a><\/td>\n<\/tr>\n<tr class=\"row-19\">\n\t<td class=\"column-1\">22.02.2024<\/td><td class=\"column-2\"><a target=\"_blank\" href=\"https:\/\/www.amtusedom.de\/wp-content\/uploads\/2024\/02\/Benz-Bekanntmachung-Haushaltssatzung-2024.pdf\" rel=\"noopener\">Bekanntmachung der Haushaltssatzung der Gemeinde Benz (Usedom) f\u00fcr das Haushaltsjahr 2024<\/a><\/td>\n<\/tr>\n<tr class=\"row-20\">\n\t<td class=\"column-1\">30.05.2024<\/td><td class=\"column-2\"><a target=\"_blank\" href=\"https:\/\/www.amtusedom.de\/wp-content\/uploads\/2024\/05\/Benz-JAB-2018.pdf\" rel=\"noopener\">Bekanntmachung  der Feststellung des Jahresabschlusses 2018 und der Entlastung des B\u00fcrgermeisters der Gemeinde Benz<\/a><\/td>\n<\/tr>\n<tr class=\"row-21\">\n\t<td class=\"column-1\">23.12.2024<\/td><td class=\"column-2\"><a target=\"_blank\" href=\"https:\/\/www.amtusedom.de\/wp-content\/uploads\/2024\/12\/Bek.-Aufstell.beschl.-1.-Ergaenzung-IBS-Neppermin.pdf\">Bekanntmachung der Gemeinde Benz \u00fcber den Beschluss Nr. GVBe-0028\/24 vom 19.12.2024 zur Aufstellung der 1. Erg\u00e4nzung der Klarstellungssatzung  mit Erg\u00e4nzungen gem\u00e4\u00df \u00a7 34 Abs.  4 Satz 1 Nr.  3 BauGB f\u00fcr den im Zusammenhang bebauten Ortsteil Neppermin der Gemeinde Benz f\u00fcr eine Teilfl\u00e4che aus Flurst\u00fcck 483, Flur 3, Gemarkung Neppermin<\/a><\/td>\n<\/tr>\n<tr class=\"row-22\">\n\t<td class=\"column-1\">06.01.2025<\/td><td class=\"column-2\"><a target=\"_blank\" href=\"https:\/\/www.amtusedom.de\/wp-content\/uploads\/2025\/01\/00000-Benz-JAB-2019.pdf\">Bekanntmachung  der Feststellung des Jahresabschlusses 2019 und der Entlastung des B\u00fcrgermeisters der Gemeinde Benz<\/a><\/td>\n<\/tr>\n<tr class=\"row-23\">\n\t<td class=\"column-1\">27.02.2025<\/td><td class=\"column-2\"><a target=\"_blank\" href=\"https:\/\/www.amtusedom.de\/wp-content\/uploads\/2025\/02\/BenzBekanntmachungHaushaltssatzung2025.pdf\">Bekanntmachung der Haushaltssatzung der Gemeinde Benz (Usedom) f\u00fcr das Haushaltsjahr 2025<\/a><\/td>\n<\/tr>\n<tr class=\"row-24\">\n\t<td class=\"column-1\">18.03.2025<\/td><td class=\"column-2\"><a target=\"_blank\" href=\"https:\/\/www.amtusedom.de\/wp-content\/uploads\/2025\/03\/Bek.-Ausleg.beschl.-1.-Erg.-IBS-Neppermin-Entwurf-01-2025.pdf\">Bekanntmachung der Gemeinde Benz zum Beschluss Nr. GVBe- 0044\/25 vom 13.03.2025 \u00fcber den Entwurf und die Auslegung der 1. Erg\u00e4nzung der Klarstellungssatzung mit Erg\u00e4nzungen f\u00fcr den im Zusammenhang bebauten Ortsteil Neppermin der Gemeinde Benz<\/a><\/td>\n<\/tr>\n<tr class=\"row-25\">\n\t<td class=\"column-1\">20.03.2025<\/td><td class=\"column-2\"><a target=\"_blank\" href=\"https:\/\/www.amtusedom.de\/wp-content\/uploads\/2025\/03\/Benz-aufk.neutrale-Hebes-2025.pdf\">\u00d6ffentliche Bekanntmachung Aufkommensneutrale Hebes\u00e4tze der Gemeinde Benz f\u00fcr die Grundsteuer A und B f\u00fcr das Jahr 2025<\/a><\/td>\n<\/tr>\n<tr class=\"row-26\">\n\t<td class=\"column-1\">28.04.2025<\/td><td class=\"column-2\"><a target=\"_blank\" href=\"https:\/\/www.amtusedom.de\/wp-content\/uploads\/2025\/05\/Beteiligungsunterlagen-der-Gemeinde-Benz.pdf\">Beteiligungsunterlagen der Gemeinde Benz zum Entwurf der 1. Erg\u00e4nzung der Klarstellungssatzung mit Erg\u00e4nzungen f\u00fcr den im Zusammenhang bebauten Ortsteil Neppermin der Gemeinde Benz in der Fassung 01-2025<\/a><\/td>\n<\/tr>\n<tr class=\"row-27\">\n\t<td class=\"column-1\">12.06.2025<\/td><td class=\"column-2\"><a target=\"_blank\" href=\"https:\/\/www.amtusedom.de\/wp-content\/uploads\/2025\/06\/Bekanntmachung-der-Feststellung-des-Jahresabschlusses-2020-und-der-Entlastung-des-Buergermeisters-der-Gemeinde-Benz.pdf\">Bekanntmachung der Feststellung des Jahresabschlusses 2020 und der Entlastung des B\u00fcrgermeisters der Gemeinde Benz<\/a><\/td>\n<\/tr>\n<tr class=\"row-28\">\n\t<td class=\"column-1\">18.06.2025<\/td><td class=\"column-2\"><a target=\"_blank\" href=\"https:\/\/www.amtusedom.de\/wp-content\/uploads\/2025\/06\/250616-Neppermin-BP-23-Zuarbeit-Bekanntmachung-AufstellBeschl.pdf\">Bekanntmachung der Gemeinde Benz zum Beschluss Nr. GVBe-0046\/25 vom 05.06.2025 \u00fcber die Aufstellung des Bebauungsplanes Nr. 23 \u201eCaravanplatz und Freizeitanlage an der B 111\u201c der Gemeinde Benz\/Amt Usedom S\u00fcd<\/a><\/td>\n<\/tr>\n<tr class=\"row-29\">\n\t<td class=\"column-1\">18.06.2025<\/td><td class=\"column-2\"><a target=\"_blank\" href=\"https:\/\/www.amtusedom.de\/wp-content\/uploads\/2025\/06\/250616-Neppermin-9.-AenderFNP.Zuarbeit-Bekanntmachung-Aufstellungsbeschl.pdf\">Bekanntmachung der Gemeinde Benz zum Beschluss Nr. GVBe-0047\/25 vom 05.06.2025 \u00fcber die Aufstellung der 9. \u00c4nderung des Fl\u00e4chennutzungsplanes in Verbindung mit der Aufstellung des Bebauungsplanes Nr. 23 \u201eCaravanplatz und Freizeitanlage an der B111\" der Gemeinde Benz<\/a><\/td>\n<\/tr>\n<tr class=\"row-30\">\n\t<td class=\"column-1\">26.06.2025<\/td><td class=\"column-2\"><a target=\"_blank\" href=\"https:\/\/www.amtusedom.de\/wp-content\/uploads\/2025\/06\/Bek.-Aufstellungsbeschluss-BP-Nr.-24-OT-Balm.pdf\">Bekanntmachung der Gemeinde Benz \u00fcber den Aufstellungsbeschluss Nr. GVBe-0055\/25 der Satzung des Bebauungsplanes Nr. 24 \u201eWohngebiet an der Sandbergstra\u00dfe im OT Balm\u201c<\/a><\/td>\n<\/tr>\n<tr class=\"row-31\">\n\t<td class=\"column-1\">18.11.2025<\/td><td class=\"column-2\"><a target=\"_blank\" href=\"https:\/\/www.amtusedom.de\/wp-content\/uploads\/2025\/11\/0001-Bekanntmachung-JR2021-Benz.pdf\">Bekanntmachung der Feststellung des Jahresabschlusses 2021 und der Entlastung des B\u00fcrgermeisters der Gemeinde Benz<\/a><\/td>\n<\/tr>\n<tr class=\"row-32\">\n\t<td class=\"column-1\">04.12.2025<\/td><td class=\"column-2\"><a target=\"_blank\" href=\"https:\/\/www.amtusedom.de\/wp-content\/uploads\/2025\/12\/Bek.-Einladung-Jagdgenossenschaft-Benz-08.01.2026.pdf\">Bekanntmachung Einladung Jagdgenossenschaft Benz 08.01.2026<\/a><\/td>\n<\/tr>\n<tr class=\"row-33\">\n\t<td class=\"column-1\">26.02.2023<\/td><td class=\"column-2\"><a target=\"_blank\" href=\"https:\/\/www.amtusedom.de\/wp-content\/uploads\/2026\/02\/00000-Benz-JAB-2022-1.pdf\">Bekanntmachung   der Feststellung des Jahresabschlusses 2022 und der Entlastung des B\u00fcrgermeisters der Gemeinde Benz  <\/a><\/td>\n<\/tr>\n<\/tbody>\n<\/table>\n<!-- #tablepress-3 from cache -->\n<p><a href=\"?page_id=2592\" title=\"\u00d6ffentliche Bekanntmachungen Gemeinde Benz - Archiv\">\u00c4ltere Bekanntmachungen&#8230;<\/a><\/p>","protected":false},"excerpt":{"rendered":"<p>\u00d6ffentliche Bekanntmachungen \u00c4ltere Bekanntmachungen&#8230;<\/p>\n","protected":false},"author":2,"featured_media":0,"parent":426,"menu_order":0,"comment_status":"closed","ping_status":"closed","template":"","meta":{"footnotes":""},"class_list":["post-429","page","type-page","status-publish","hentry"],"_links":{"self":[{"href":"https:\/\/www.amtusedom.de\/index.php?rest_route=\/wp\/v2\/pages\/429","targetHints":{"allow":["GET"]}}],"collection":[{"href":"https:\/\/www.amtusedom.de\/index.php?rest_route=\/wp\/v2\/pages"}],"about":[{"href":"https:\/\/www.amtusedom.de\/index.php?rest_route=\/wp\/v2\/types\/page"}],"author":[{"embeddable":true,"href":"https:\/\/www.amtusedom.de\/index.php?rest_route=\/wp\/v2\/users\/2"}],"replies":[{"embeddable":true,"href":"https:\/\/www.amtusedom.de\/index.php?rest_route=%2Fwp%2Fv2%2Fcomments&post=429"}],"version-history":[{"count":19,"href":"https:\/\/www.amtusedom.de\/index.php?rest_route=\/wp\/v2\/pages\/429\/revisions"}],"predecessor-version":[{"id":5895,"href":"https:\/\/www.amtusedom.de\/index.php?rest_route=\/wp\/v2\/pages\/429\/revisions\/5895"}],"up":[{"embeddable":true,"href":"https:\/\/www.amtusedom.de\/index.php?rest_route=\/wp\/v2\/pages\/426"}],"wp:attachment":[{"href":"https:\/\/www.amtusedom.de\/index.php?rest_route=%2Fwp%2Fv2%2Fmedia&parent=429"}],"curies":[{"name":"wp","href":"https:\/\/api.w.org\/{rel}","templated":true}]}}