{"id":4337,"date":"2018-09-11T13:33:26","date_gmt":"2018-09-11T11:33:26","guid":{"rendered":"http:\/\/www.amtusedom.de\/?page_id=4337"},"modified":"2019-01-28T11:28:06","modified_gmt":"2019-01-28T09:28:06","slug":"spendenberichte","status":"publish","type":"page","link":"https:\/\/www.amtusedom.de\/?page_id=4337","title":{"rendered":"Spendenberichte"},"content":{"rendered":"<p>Gem\u00e4\u00df \u00a7 44 Abs. 4 Kommunalverfassung f\u00fcr das Land Mecklenburg-Vorpommern darf die Gemeinde zur Erf\u00fcllung ihrer Aufgaben nach \u00a7 2 Spenden, Schenkungen und \u00e4hnliche Zuwendungen einwerben und annehmen oder an Dritte vermitteln, die sich an der Erf\u00fcllung von Aufgaben nach \u00a7 2 beteiligen. Das Amt Usedom-S\u00fcd erstellt f\u00fcr die Gemeinden j\u00e4hrlich Berichte, in welchen die Geber, die Zuwendungen und die Zuwendungszwecke angegeben sind. Die jeweils aktuellen Berichte k\u00f6nnen w\u00e4hrend der Dienststunden im Verwaltungsgeb\u00e4ude Amt Usedom-S\u00fcd, Markt 7, 17406 Usedom, Zimmer 39, eingesehen werden.<\/p>\n<p>Usedom, den 11.09.2018<br \/>\ngez. Lange<br \/>\nK\u00e4mmerin<\/p>","protected":false},"excerpt":{"rendered":"<p>Gem\u00e4\u00df \u00a7 44 Abs. 4 Kommunalverfassung f\u00fcr das Land Mecklenburg-Vorpommern darf die Gemeinde zur Erf\u00fcllung ihrer Aufgaben nach \u00a7 2 Spenden, Schenkungen und \u00e4hnliche Zuwendungen einwerben und annehmen oder an Dritte vermitteln, die sich an der Erf\u00fcllung von Aufgaben nach \u00a7 2 beteiligen. Das Amt Usedom-S\u00fcd erstellt f\u00fcr die Gemeinden j\u00e4hrlich Berichte, in welchen die Geber, die Zuwendungen und die<\/p>\n","protected":false},"author":2,"featured_media":0,"parent":296,"menu_order":0,"comment_status":"closed","ping_status":"closed","template":"","meta":{"footnotes":""},"class_list":["post-4337","page","type-page","status-publish","hentry"],"_links":{"self":[{"href":"https:\/\/www.amtusedom.de\/index.php?rest_route=\/wp\/v2\/pages\/4337","targetHints":{"allow":["GET"]}}],"collection":[{"href":"https:\/\/www.amtusedom.de\/index.php?rest_route=\/wp\/v2\/pages"}],"about":[{"href":"https:\/\/www.amtusedom.de\/index.php?rest_route=\/wp\/v2\/types\/page"}],"author":[{"embeddable":true,"href":"https:\/\/www.amtusedom.de\/index.php?rest_route=\/wp\/v2\/users\/2"}],"replies":[{"embeddable":true,"href":"https:\/\/www.amtusedom.de\/index.php?rest_route=%2Fwp%2Fv2%2Fcomments&post=4337"}],"version-history":[{"count":2,"href":"https:\/\/www.amtusedom.de\/index.php?rest_route=\/wp\/v2\/pages\/4337\/revisions"}],"predecessor-version":[{"id":4509,"href":"https:\/\/www.amtusedom.de\/index.php?rest_route=\/wp\/v2\/pages\/4337\/revisions\/4509"}],"up":[{"embeddable":true,"href":"https:\/\/www.amtusedom.de\/index.php?rest_route=\/wp\/v2\/pages\/296"}],"wp:attachment":[{"href":"https:\/\/www.amtusedom.de\/index.php?rest_route=%2Fwp%2Fv2%2Fmedia&parent=4337"}],"curies":[{"name":"wp","href":"https:\/\/api.w.org\/{rel}","templated":true}]}}