{"id":4402,"date":"2018-09-28T11:42:51","date_gmt":"2018-09-28T09:42:51","guid":{"rendered":"http:\/\/www.amtusedom.de\/?page_id=4402"},"modified":"2026-03-23T15:28:04","modified_gmt":"2026-03-23T13:28:04","slug":"immobilien","status":"publish","type":"page","link":"https:\/\/www.amtusedom.de\/?page_id=4402","title":{"rendered":"Immobilien"},"content":{"rendered":"<p>Auf dieser Seite werden kommunale Immobilienangebote aus dem Amtsbereich Usedom-S\u00fcd ver\u00f6ffentlicht. Die Informationen umfassen Miet- und Verkaufsobjekte, jeweils mit Angaben zur Lage, Fl\u00e4che, Konditionen sowie den zust\u00e4ndigen Ansprechpartnern.<\/p>\n<hr \/>\n<h3>Bekanntmachung der Stadt Usedom<\/h3>\n<p>Die Stadt Usedom verpachtet ab sofort einen Dauerliegeplatz im Hafen Usedom.<br \/>\nLiegegeb\u00fchren: 815,00 \u20ac \/ Jahr zzgl. Wasser, Strom, etc.<\/p>\n<p><strong>Interessenten melden sich bitte im Amt Usedom-S\u00fcd, Markt 7 in 17406 Usedom<br \/>\n<strong>bei Frau Binder, Tel.: 038372 \/ 75035, E-Mail: a.binder@amtusedom.de.<\/strong><\/strong><\/p>\n<p>&nbsp;<\/p>\n<hr \/>\n<h3><strong>Ausschreibung der Imbissversorgung am Usedomer-See-Zentrum, Stadt Usedom<\/strong><\/h3>\n<p><a href=\"https:\/\/www.amtusedom.de\/wp-content\/uploads\/2025\/11\/Bek.-Ausschreibung-der-Imbissversorgung-am-Stadthafen-Usedom.pdf\" target=\"_blank\" rel=\"noopener\">Ausschreibung der Imbissversorgung am Usedomer-See-Zentrum, Stadt Usedom<\/a><\/p>\n<hr \/>\n<h3><strong>Bekanntmachung der Gemeinde Koserow<\/strong><\/h3>\n<p>Die Gemeinde Koserow vermietet ab sofort B\u00fcror\u00e4ume im Geb\u00e4ude Hauptstra\u00dfe 42 \/ 2. Obergeschoss. Pkw-Stellfl\u00e4chen sind vorhanden. Die Kaltmiete betr\u00e4gt 10,00 \u20ac\/m\u00b2 zzgl. Nebenkosten von 2,50 \u20ac\/m\u00b2.<\/p>\n<p>Interessenten melden sich bitte im Amt Usedom-S\u00fcd, Markt 7 in<br \/>\n17406 Usedom bei Frau Binder, Tel. 038372 \/ 75035<\/p>\n<p><img loading=\"lazy\" decoding=\"async\" class=\"aligncenter size-full wp-image-5000\" src=\"http:\/\/new.amtusedom.de\/wp-content\/uploads\/2019\/07\/koserow.jpg\" alt=\"\" width=\"4722\" height=\"2694\" srcset=\"https:\/\/www.amtusedom.de\/wp-content\/uploads\/2019\/07\/koserow.jpg 4722w, https:\/\/www.amtusedom.de\/wp-content\/uploads\/2019\/07\/koserow-300x171.jpg 300w, https:\/\/www.amtusedom.de\/wp-content\/uploads\/2019\/07\/koserow-768x438.jpg 768w, https:\/\/www.amtusedom.de\/wp-content\/uploads\/2019\/07\/koserow-1024x584.jpg 1024w\" sizes=\"auto, (max-width: 4722px) 100vw, 4722px\" \/><\/p>\n<hr \/>\n<h3><strong>Bekanntmachung der Gemeinde Zirchow<\/strong><\/h3>\n<ul>\n<li>Die Gemeinde Zirchow vermietet ab 01.02.2017 im Geb\u00e4ude Schulstra\u00dfe 2 in 17419 Zirchow R\u00e4umlichkeiten mit einer Gesamtfl\u00e4che von ca. 40 m\u00b2 inklusiv Sanit\u00e4rraum. Die monatliche Miete betr\u00e4gt 240,00 EUR zuz\u00fcgl. monatliche Nebenkosten von 60,00 EUR.<\/li>\n<li>Die Gemeinde Zirchow vermietet ab sofort im Geb\u00e4ude Schulstra\u00dfe 2 in 17419 Zirchow R\u00e4umlichkeiten mit einer Gesamtfl\u00e4che von ca. 32 m\u00b2. Die monatliche Miete betr\u00e4gt 192,00 EUR zuz\u00fcgl. monatliche Nebenkosten von 50,00 EUR.<\/li>\n<\/ul>\n<p>Interessenten melden sich bitte im Amt Usedom-S\u00fcd<br \/>\nMarkt 7 in 17406 Usedom<br \/>\nbei Frau Binder, Tel. 038372 \/ 75035 oder<br \/>\nbei Herrn Wendlandt Tel. 0173 9260714.<\/p>\n<hr \/>\n<h3><strong>Bekanntmachung der Gemeinde Pudagla<\/strong><\/h3>\n<p>Die Gemeinde Pudagla vermietet einen ca. 250 m\u00b2 gro\u00dfen Gew\u00f6lbekeller im Schloss Pudagla, Schlossstra\u00dfe.<\/p>\n<div id=\"metaslider-id-7508\" style=\"width: 100%;\" class=\"ml-slider-3-107-0 metaslider metaslider-flex metaslider-7508 ml-slider has-dots-nav ms-theme-default\" role=\"region\" aria-label=\"PudaglaSchlosskeller\" data-height=\"400\" data-width=\"700\">\n    <div id=\"metaslider_container_7508\">\n        <div id=\"metaslider_7508\">\n            <ul class='slides'>\n                <li style=\"display: block; width: 100%;\" class=\"slide-7509 ms-image \" aria-roledescription=\"slide\" data-date=\"2023-04-19 13:45:11\" data-filename=\"SchlosskellerPudagla-3-600x342.jpg\" data-slide-type=\"image\"><img loading=\"lazy\" decoding=\"async\" src=\"https:\/\/www.amtusedom.de\/wp-content\/uploads\/2023\/04\/SchlosskellerPudagla-3-600x342.jpg\" height=\"400\" width=\"700\" alt=\"\" class=\"slider-7508 slide-7509 msDefaultImage\" title=\"SchlosskellerPudagla-3\" \/><\/li>\n                <li style=\"display: none; width: 100%;\" class=\"slide-7510 ms-image \" aria-roledescription=\"slide\" data-date=\"2023-04-19 13:45:11\" data-filename=\"SchlosskellerPudagla-4-600x342.jpg\" data-slide-type=\"image\"><img loading=\"lazy\" decoding=\"async\" src=\"https:\/\/www.amtusedom.de\/wp-content\/uploads\/2023\/04\/SchlosskellerPudagla-4-600x342.jpg\" height=\"400\" width=\"700\" alt=\"\" class=\"slider-7508 slide-7510 msDefaultImage\" title=\"SchlosskellerPudagla-4\" \/><\/li>\n                <li style=\"display: none; width: 100%;\" class=\"slide-7511 ms-image \" aria-roledescription=\"slide\" data-date=\"2023-04-19 13:45:11\" data-filename=\"SchlosskellerPudagla-2-600x342.jpg\" data-slide-type=\"image\"><img loading=\"lazy\" decoding=\"async\" src=\"https:\/\/www.amtusedom.de\/wp-content\/uploads\/2023\/04\/SchlosskellerPudagla-2-600x342.jpg\" height=\"400\" width=\"700\" alt=\"\" class=\"slider-7508 slide-7511 msDefaultImage\" title=\"SchlosskellerPudagla-2\" \/><\/li>\n                <li style=\"display: none; width: 100%;\" class=\"slide-7512 ms-image \" aria-roledescription=\"slide\" data-date=\"2023-04-19 13:45:11\" data-filename=\"SchlosskellerPudagla-1-600x342.jpg\" data-slide-type=\"image\"><img loading=\"lazy\" decoding=\"async\" src=\"https:\/\/www.amtusedom.de\/wp-content\/uploads\/2023\/04\/SchlosskellerPudagla-1-600x342.jpg\" height=\"400\" width=\"700\" alt=\"\" class=\"slider-7508 slide-7512 msDefaultImage\" title=\"SchlosskellerPudagla-1\" \/><\/li>\n            <\/ul>\n        <\/div>\n        \n    <\/div>\n<\/div>\n<p><a href=\"\/immobilien\/SchlosskellerPudagla.pdf\">Weitere Informationen\u2026<\/a><\/p>\n<hr \/>\n<h3><strong>Bekanntmachung der Gemeinde Rankwitz<\/strong><\/h3>\n<p><a href=\"https:\/\/www.amtusedom.de\/wp-content\/uploads\/2025\/04\/Gemeinde-Rankwitz-Verkauf-Bauflaechen-im-Dorf-Krienke.pdf\" target=\"_blank\" rel=\"noopener\">Gemeinde Rankwitz Verkauf von Baufl\u00e4chen im Dorf Krienke<\/a><\/p>\n<hr \/>\n<p>&nbsp;<\/p>","protected":false},"excerpt":{"rendered":"<p>Auf dieser Seite werden kommunale Immobilienangebote aus dem Amtsbereich Usedom-S\u00fcd ver\u00f6ffentlicht. Die Informationen umfassen Miet- und Verkaufsobjekte, jeweils mit Angaben zur Lage, Fl\u00e4che, Konditionen sowie den zust\u00e4ndigen Ansprechpartnern. Bekanntmachung der Stadt Usedom Die Stadt Usedom verpachtet ab sofort einen Dauerliegeplatz im Hafen Usedom. Liegegeb\u00fchren: 815,00 \u20ac \/ Jahr zzgl. Wasser, Strom, etc. Interessenten melden sich bitte im Amt Usedom-S\u00fcd, Markt<\/p>\n","protected":false},"author":2,"featured_media":0,"parent":296,"menu_order":7,"comment_status":"closed","ping_status":"closed","template":"","meta":{"footnotes":""},"class_list":["post-4402","page","type-page","status-publish","hentry"],"_links":{"self":[{"href":"https:\/\/www.amtusedom.de\/index.php?rest_route=\/wp\/v2\/pages\/4402","targetHints":{"allow":["GET"]}}],"collection":[{"href":"https:\/\/www.amtusedom.de\/index.php?rest_route=\/wp\/v2\/pages"}],"about":[{"href":"https:\/\/www.amtusedom.de\/index.php?rest_route=\/wp\/v2\/types\/page"}],"author":[{"embeddable":true,"href":"https:\/\/www.amtusedom.de\/index.php?rest_route=\/wp\/v2\/users\/2"}],"replies":[{"embeddable":true,"href":"https:\/\/www.amtusedom.de\/index.php?rest_route=%2Fwp%2Fv2%2Fcomments&post=4402"}],"version-history":[{"count":56,"href":"https:\/\/www.amtusedom.de\/index.php?rest_route=\/wp\/v2\/pages\/4402\/revisions"}],"predecessor-version":[{"id":11298,"href":"https:\/\/www.amtusedom.de\/index.php?rest_route=\/wp\/v2\/pages\/4402\/revisions\/11298"}],"up":[{"embeddable":true,"href":"https:\/\/www.amtusedom.de\/index.php?rest_route=\/wp\/v2\/pages\/296"}],"wp:attachment":[{"href":"https:\/\/www.amtusedom.de\/index.php?rest_route=%2Fwp%2Fv2%2Fmedia&parent=4402"}],"curies":[{"name":"wp","href":"https:\/\/api.w.org\/{rel}","templated":true}]}}