{"id":451,"date":"2012-08-23T13:40:30","date_gmt":"2012-08-23T11:40:30","guid":{"rendered":"http:\/\/localhost\/wp\/?page_id=451"},"modified":"2023-08-02T08:33:26","modified_gmt":"2023-08-02T06:33:26","slug":"ortsrechr-gemeinde-benz-baurecht","status":"publish","type":"page","link":"https:\/\/www.amtusedom.de\/?page_id=451","title":{"rendered":"Ortsrecht &#8211; Gemeinde Benz: Baurecht"},"content":{"rendered":"\n<table id=\"tablepress-72\" class=\"tablepress tablepress-id-72\">\n<thead>\n<tr class=\"row-1\">\n\t<td class=\"column-1\"><\/td><td class=\"column-2\"><\/td>\n<\/tr>\n<\/thead>\n<tbody class=\"row-striping row-hover\">\n<tr class=\"row-2\">\n\t<td class=\"column-1\">Satzungen <\/td><td class=\"column-2\"><a href=\"https:\/\/www.amtusedom.de\/ortsrecht\/or_benz\/benz03.pdf\" target=\"_blank\" rel=\"noopener noreferrer\">Satzung der Gemeinde Benz \u00fcber die Erhebung von Erschlie\u00dfungsbeitr\u00e4gen (Erschlie\u00dfungsbeitragssatzung)<\/a>;<\/td>\n<\/tr>\n<tr class=\"row-3\">\n\t<td class=\"column-1\"><\/td><td class=\"column-2\"><a href=\"https:\/\/www.amtusedom.de\/ortsrecht\/or_benz\/benz-ausbaubeitragssatzung.pdf\" target=\"_blank\" rel=\"noopener noreferrer\">Satzung \u00fcber die Erhebung von Beitr\u00e4gen f\u00fcr den Ausbau von Stra\u00dfen, Wegen und Pl\u00e4tzen<\/a>;<\/td>\n<\/tr>\n<tr class=\"row-4\">\n\t<td class=\"column-1\"><\/td><td class=\"column-2\"><a href=\"https:\/\/www.amtusedom.de\/ortsrecht\/or_benz\/benz-ausbaubeitragssatzung-2aend.pdf\" target=\"_blank\" rel=\"noopener noreferrer\">2. Satzung zur \u00c4nderung der Satzung \u00fcber die Erhebung von Beitr\u00e4gen f\u00fcr den Ausbau von Stra\u00dfen, Wegen und Pl\u00e4tzen<\/a>;<\/td>\n<\/tr>\n<tr class=\"row-5\">\n\t<td class=\"column-1\"><\/td><td class=\"column-2\"><a href=\"https:\/\/www.amtusedom.de\/ortsrecht\/or_benz\/benz-ausbaubeitragssatzung-lesefassung.pdf\" target=\"_blank\" rel=\"noopener noreferrer\">Satzung \u00fcber die Erhebung von Beitr\u00e4gen f\u00fcr den Ausbau von Stra\u00dfen, Wegen und Pl\u00e4tzen - Lesefassung<\/a>;<\/td>\n<\/tr>\n<tr class=\"row-6\">\n\t<td class=\"column-1\"><\/td><td class=\"column-2\"><a href=\"https:\/\/www.amtusedom.de\/ortsrecht\/or_benz\/benz16.pdf\" target=\"_blank\" rel=\"noopener noreferrer\">Satzung \u00fcber das Anbringen von Stra\u00dfenschildern und Hausnummern<\/a>;<\/td>\n<\/tr>\n<tr class=\"row-7\">\n\t<td class=\"column-1\"><\/td><td class=\"column-2\"><a href=\"https:\/\/www.amtusedom.de\/bauplanung\/benz\/AS-Neppermin.pdf\" target=\"_blank\" rel=\"noopener noreferrer\">Klarstellung- und Erg\u00e4nzungssatzung Neppermin<\/a>;<\/td>\n<\/tr>\n<tr class=\"row-8\">\n\t<td class=\"column-1\"><\/td><td class=\"column-2\"><a href=\"https:\/\/www.amtusedom.de\/bauplanung\/benz\/AS-Stoben.pdf\" target=\"_blank\" rel=\"noopener noreferrer\">Klarstellung- und Erg\u00e4nzungssatzung Gemeinde Benz, OT Stoben<\/a>;<\/td>\n<\/tr>\n<tr class=\"row-9\">\n\t<td class=\"column-1\"><\/td><td class=\"column-2\"><a href=\"https:\/\/www.amtusedom.de\/bauplanung\/benz\/1ErgAS-Stoben.pdf\" target=\"_blank\" rel=\"noopener noreferrer\">Satzung der Gemeinde Benz \u00fcber die 1. Erg\u00e4nzung der Klarstellungs- und Erg\u00e4nzungssatzung Stoben f\u00fcr die Teilbereiche der Flurst\u00fccke 100,101,102\/1, Flur 1, Gemarkung Stoben<\/a>;<\/td>\n<\/tr>\n<tr class=\"row-10\">\n\t<td class=\"column-1\"><\/td><td class=\"column-2\"><a href=\"https:\/\/www.amtusedom.de\/bauplanung\/benz\/S-Benz-Balm.pdf\" target=\"_blank\" rel=\"noopener noreferrer\">Klarstellung- und Erg\u00e4nzungssatzung Gemeinde Benz, OT Balm<\/a>;<\/td>\n<\/tr>\n<tr class=\"row-11\">\n\t<td class=\"column-1\"><\/td><td class=\"column-2\"><a href=\"https:\/\/www.amtusedom.de\/bauplanung\/benz\/AS-Balm.pdf\" target=\"_blank\" rel=\"noopener noreferrer\">Satzung der Gemeinde Benz \u00fcber die 1. Erg\u00e4nzung der Klarstellungssatzung mit Abrundungen und Erweiterungen f\u00fcr den im Zusammenhang bebauten OT Balm der Gemeinde Benz<\/a>;<\/td>\n<\/tr>\n<tr class=\"row-12\">\n\t<td class=\"column-1\"><\/td><td class=\"column-2\"><a href=\"https:\/\/www.amtusedom.de\/https:\/\/www.amtusedom.de\/bauplanung\/benz\/PLAN Satz.fass. 2. Erg\u00e4nz. IBS Gem. Benz, OT Balm.pdf\" target=\"_blank\" rel=\"noopener\">Satzung der Gemeinde Benz \u00fcber die 2. Erg\u00e4nzung der Klarstellungssatzung mit Abrundungen und Erweiterungen f\u00fcr den im Zusammenhang bebauten OT Balm der Gemeinde Benz<\/a>;<\/td>\n<\/tr>\n<tr class=\"row-13\">\n\t<td class=\"column-1\"><\/td><td class=\"column-2\"><a href=\"https:\/\/www.amtusedom.de\/bauplanung\/benz\/S-Benz-Reetzow.pdf\" target=\"_blank\" rel=\"noopener noreferrer\">Klarstellung- und Erg\u00e4nzungssatzung Gemeinde Benz, OT Reetzow<\/a>;<\/td>\n<\/tr>\n<tr class=\"row-14\">\n\t<td class=\"column-1\"><\/td><td class=\"column-2\"><a href=\"https:\/\/www.amtusedom.de\/bauplanung\/benz\/S-Benz-ReetzowErg2.pdf\" target=\"_blank\" rel=\"noopener noreferrer\">2. Erg\u00e4nzung der Klarstellungssatzung mit Abrundungen und Erweiterungen f\u00fcr den im Zusammenhang bebauten Ortsteil Reetzow der Gemeinde Benz<\/a>;<\/td>\n<\/tr>\n<tr class=\"row-15\">\n\t<td class=\"column-1\"><\/td><td class=\"column-2\"><a target=\"_blank\" href=\"https:\/\/www.amtusedom.de\/wp-content\/uploads\/2024\/06\/AUSGEFERTIGT-1.Erg_.-KS-Reetzow-Benz-Begruendung.pdf\" rel=\"noopener\">1.Erg\u00e4nzung der Klarstellungssatzung mit Abrundungen und Erweiterungen f\u00fcr den im Zusammenhang bebauten Ortsteil Reetzow der Gemeinde Benz<\/a><\/td>\n<\/tr>\n<tr class=\"row-16\">\n\t<td class=\"column-1\"><\/td><td class=\"column-2\"><\/td>\n<\/tr>\n<tr class=\"row-17\">\n\t<td class=\"column-1\">Fl\u00e4chennutzungsplan <\/td><td class=\"column-2\"><a href=\"https:\/\/www.amtusedom.de\/bauplanung\/benz\/FNP-Gemeinde-Benz.pdf\" target=\"_blank\" rel=\"noopener noreferrer\">Fl\u00e4chennutzungsplan der Gemeinde Benz<\/a>;<\/td>\n<\/tr>\n<tr class=\"row-18\">\n\t<td class=\"column-1\"><\/td><td class=\"column-2\"><a href=\"https:\/\/www.amtusedom.de\/bauplanung\/benz\/FNP-Benz-aend2.pdf\" target=\"_blank\" rel=\"noopener noreferrer\">Fl\u00e4chennutzungsplan der Gemeinde Benz 2. \u00c4nderung<\/a>;<\/td>\n<\/tr>\n<tr class=\"row-19\">\n\t<td class=\"column-1\"><\/td><td class=\"column-2\"><a href=\"https:\/\/www.amtusedom.de\/bauplanung\/benz\/FNP-Benz-aend6.pdf\" target=\"_blank\" rel=\"noopener noreferrer\">6. \u00c4nderung des Fl\u00e4chennutzungsplanes der Gemeinde Benz, i.V.m. dem Bebauungsplan Nr. 10 \"An der Fischerwurt\", Ortsteil Balm<\/a>;<\/td>\n<\/tr>\n<tr class=\"row-20\">\n\t<td class=\"column-1\"><\/td><td class=\"column-2\"><a href=\"https:\/\/www.amtusedom.de\/bauplanung\/benz\/7AeFNPBenz.pdf\" target=\"_blank\" rel=\"noopener noreferrer\">7. \u00c4nderung des Fl\u00e4chennutzungsplanes der Gemeinde Benz, f\u00fcr Teilfl\u00e4chen der Flurst\u00fccke 100, 101 und 102\/1 in der Flur 1, Gemarkung Stoben nord\u00f6stlich der Ortslage Stoben, an der Stra\u00dfe Am Fuchsberg am Wendehammer<\/a>;<\/td>\n<\/tr>\n<tr class=\"row-21\">\n\t<td class=\"column-1\"><\/td><td class=\"column-2\"><a href=\"https:\/\/www.amtusedom.de\/bauplanung\/benz\/FNP-Benz-aend8.pdf\" target=\"_blank\" rel=\"noopener noreferrer\">8. \u00c4nderung des Fl\u00e4chennutzungsplanes der Gemeinde Benz, Ortsteil Balm<\/a>;<\/td>\n<\/tr>\n<tr class=\"row-22\">\n\t<td class=\"column-1\"><\/td><td class=\"column-2\"><a href=\"https:\/\/www.amtusedom.de\/wp-content\/uploads\/2023\/04\/2Berich-FNP_Benz_OT-Balm.pdf\" target=\"_blank\" rel=\"noopener\">Fl\u00e4chennutzungsplan der Gemeinde Benz, 2.Berichtigung<\/a>;<\/td>\n<\/tr>\n<tr class=\"row-23\">\n\t<td class=\"column-1\"><\/td><td class=\"column-2\"><\/td>\n<\/tr>\n<tr class=\"row-24\">\n\t<td class=\"column-1\">Erschlie\u00dfungsplan <\/td><td class=\"column-2\"><a href=\"https:\/\/www.amtusedom.de\/bauplanung\/benz\/1-VE-Plan-1-Golf-Balm.pdf\" target=\"_blank\" rel=\"noopener noreferrer\">1. \u00c4nderung Erschlie\u00dfungsplan Nr. 1 \"Golfplatz Balm\"<\/a>;<\/td>\n<\/tr>\n<tr class=\"row-25\">\n\t<td class=\"column-1\"><\/td><td class=\"column-2\"><\/td>\n<\/tr>\n<tr class=\"row-26\">\n\t<td class=\"column-1\">Sonstiges<\/td><td class=\"column-2\"><a href=\"https:\/\/www.amtusedom.de\/bauplanung\/benz\/Ausfertigung%20VE-Plan1-012011.pdf\" target=\"_blank\" rel=\"noopener noreferrer\">2. \u00c4nderung, Erg\u00e4nzung und Teilaufhebung V+E-Plan Nr. 1 \"Golfplatz Balm\"<\/a>;<\/td>\n<\/tr>\n<tr class=\"row-27\">\n\t<td class=\"column-1\"><\/td><td class=\"column-2\"><a href=\"https:\/\/www.amtusedom.de\/bauplanung\/benz\/Bestandskarten%20A-C%20Biotoptypen%20V-E%20Plan%201.pdf\" target=\"_blank\" rel=\"noopener noreferrer\">Bestandskarten A-C Biotoptypen V+E-Plan Nr. 1 \"Golfplatz Balm\"<\/a>;<\/td>\n<\/tr>\n<tr class=\"row-28\">\n\t<td class=\"column-1\"><\/td><td class=\"column-2\"><a href=\"https:\/\/www.amtusedom.de\/bauplanung\/benz\/Konfliktkarten%20A-C%20Biotoptypen.pdf\" target=\"_blank\" rel=\"noopener noreferrer\">Konfliktkarten A-C Biotoptypen V+E-Plan Nr. 1 \"Golfplatz Balm\"<\/a>;<\/td>\n<\/tr>\n<tr class=\"row-29\">\n\t<td class=\"column-1\"><\/td><td class=\"column-2\"><a href=\"https:\/\/www.amtusedom.de\/https:\/\/www.amtusedom.de\/ortsrecht\/or_benz\/Satz.fass. Plan BP 1 Neppermin Nord - Benz.pdf\" target=\"_blank\" rel=\"noopener noreferrer\">B - Plan Nr. 1 \"Neppermin Nord\"<\/a>;<\/td>\n<\/tr>\n<tr class=\"row-30\">\n\t<td class=\"column-1\"><\/td><td class=\"column-2\"><\/td>\n<\/tr>\n<tr class=\"row-31\">\n\t<td class=\"column-1\">Bebauungsplan (B-Plan)<\/td><td class=\"column-2\"><a href=\"https:\/\/www.amtusedom.de\/bauplanung\/benz\/BPlan-Nr-2-Hotel%20Balm.pdf\" target=\"_blank\" rel=\"noopener noreferrer\">B - Plan Nr. 2 \"Balm Nord\"<\/a>;<\/td>\n<\/tr>\n<tr class=\"row-32\">\n\t<td class=\"column-1\"><\/td><td class=\"column-2\">B \u2013 Plan Nr. 2 \"Balm \u2013 Nord\", 1 \u00c4nderung<\/td>\n<\/tr>\n<tr class=\"row-33\">\n\t<td class=\"column-1\"><\/td><td class=\"column-2\"><a href=\"https:\/\/www.amtusedom.de\/bauplanung\/benz\/1-BPlan-Nr-2-Hotel%20Balm.pdf\" target=\"_blank\" rel=\"noopener noreferrer\">2. \u00c4nderung B - Plan Nr. 2 \"Balm Nord\"<\/a>;<\/td>\n<\/tr>\n<tr class=\"row-34\">\n\t<td class=\"column-1\"><\/td><td class=\"column-2\"><a href=\"https:\/\/www.amtusedom.de\/bauplanung\/benz\/3Aenderung_Balm-Golfhotel.pdf\" target=\"_blank\" rel=\"noopener noreferrer\">3. \u00c4nderung B - Plan Nr. 2 \"Balm Nord\"<\/a>;<\/td>\n<\/tr>\n<tr class=\"row-35\">\n\t<td class=\"column-1\"><\/td><td class=\"column-2\"><a href=\"https:\/\/www.amtusedom.de\/bauplanung\/benz\/B-Benz-Nr2-4Aen.pdf\" target=\"_blank\" rel=\"noopener noreferrer\">4. \u00c4nderung B - Plan Nr. 2 \"Balm Nord\"<\/a>;<\/td>\n<\/tr>\n<tr class=\"row-36\">\n\t<td class=\"column-1\"><\/td><td class=\"column-2\"><a href=\"https:\/\/www.amtusedom.de\/wp-content\/uploads\/2023\/03\/Satz.fass_.-Plan-1.-Aend.-BP-3-Balm-am-Dorf-Benz.pdf\" target=\"_blank\" rel=\"noopener noreferrer\">B \u2013 Plan Nr. 3 \"Balm \u2013 Am Dorfe\", 1. \u00c4nderung<\/a>;<\/td>\n<\/tr>\n<tr class=\"row-37\">\n\t<td class=\"column-1\"><\/td><td class=\"column-2\">B \u2013 Plan Nr. 6 \"Wohn- und Ferienpark Neppermin\"<\/td>\n<\/tr>\n<tr class=\"row-38\">\n\t<td class=\"column-1\"><\/td><td class=\"column-2\"><a href=\"https:\/\/www.amtusedom.de\/bauplanung\/benz\/Benz-B-Plan6-Aend-1.pdf\" target=\"_blank\" rel=\"noopener noreferrer\">B \u2013 Plan Nr. 6 \"Wohn- und Ferienpark Neppermin\" 1. \u00c4nderung<\/a>;<\/td>\n<\/tr>\n<tr class=\"row-39\">\n\t<td class=\"column-1\"><\/td><td class=\"column-2\"><a href=\"https:\/\/www.amtusedom.de\/bauplanung\/benz\/1-BPlan-Nr-7-Balm.pdf\" target=\"_blank\" rel=\"noopener noreferrer\">B - Plan Nr. 7 Sondergebiet \"Golf-Hotel-Anlage\"<\/a>;<\/td>\n<\/tr>\n<tr class=\"row-40\">\n\t<td class=\"column-1\"><\/td><td class=\"column-2\"><a href=\"https:\/\/www.amtusedom.de\/bauplanung\/benz\/1-BPlan-0507.pdf\" target=\"_blank\" rel=\"noopener noreferrer\">1. \u00c4nderung des B - Plan Nr. 7 Sondergebiet \"Golf-Hotel-Anlage\"<\/a>;<\/td>\n<\/tr>\n<tr class=\"row-41\">\n\t<td class=\"column-1\"><\/td><td class=\"column-2\"><a href=\"https:\/\/www.amtusedom.de\/bauplanung\/benz\/b-plan.pdf\" target=\"_blank\" rel=\"noopener noreferrer\">B - Plan Nr. 8 \"Am Nepperminer See\"<\/a>;<\/td>\n<\/tr>\n<tr class=\"row-42\">\n\t<td class=\"column-1\"><\/td><td class=\"column-2\"><a href=\"https:\/\/www.amtusedom.de\/bauplanung\/benz\/B-Benz-Nr8-1Aen.pdf\" target=\"_blank\" rel=\"noopener noreferrer\">1. \u00c4nderung B - Plan Nr. 8 \"Am Nepperminer See\"<\/a>;<\/td>\n<\/tr>\n<tr class=\"row-43\">\n\t<td class=\"column-1\"><\/td><td class=\"column-2\"><a href=\"https:\/\/www.amtusedom.de\/bauplanung\/benz\/B-Benz-Nr8-2Aen.pdf\" target=\"_blank\" rel=\"noopener noreferrer\">2. \u00c4nderung B - Plan Nr. 8 \"Am Nepperminer See\"<\/a>;<\/td>\n<\/tr>\n<tr class=\"row-44\">\n\t<td class=\"column-1\"><\/td><td class=\"column-2\"><a href=\"https:\/\/www.amtusedom.de\/bauplanung\/benz\/1-BPlan10-benz.pdf\" target=\"_blank\" rel=\"noopener noreferrer\">B-Plan Nr. 10 \"An der Fischerwurt\"<\/a>;<\/td>\n<\/tr>\n<tr class=\"row-45\">\n\t<td class=\"column-1\"><\/td><td class=\"column-2\"><a href=\"https:\/\/www.amtusedom.de\/bauplanung\/benz\/Benz-B-Plan12.pdf\" target=\"_blank\" rel=\"noopener noreferrer\">B-Plan Nr.12 \"Am Balmer See\"<\/a>;<\/td>\n<\/tr>\n<tr class=\"row-46\">\n\t<td class=\"column-1\"><\/td><td class=\"column-2\"><a href=\"https:\/\/www.amtusedom.de\/bauplanung\/benz\/Benz-B-Plan12-1aend.pdf\" target=\"_blank\" rel=\"noopener noreferrer\">1. \u00c4nderung B-Plan Nr.12 \"Am Balmer See\"<\/a>;<\/td>\n<\/tr>\n<tr class=\"row-47\">\n\t<td class=\"column-1\"><\/td><td class=\"column-2\"><a href=\"https:\/\/www.amtusedom.de\/wp-content\/uploads\/2023\/04\/3Aen-BP_Nr12-BalmerSee-Begruendung.pdf\" target=\"_blank\" rel=\"noopener\">B-Plan Nr. 12 \"Am Balmer See\", 1.Erg\u00e4nzung und 3.\u00c4nderung<\/a>;<\/td>\n<\/tr>\n<tr class=\"row-48\">\n\t<td class=\"column-1\"><\/td><td class=\"column-2\"><a href=\"https:\/\/www.amtusedom.de\/bauplanung\/benz\/benz-bplan15.pdf\" target=\"_blank\" rel=\"noopener noreferrer\">B- Plan Nr. 15 \u201eBauen am Fuchsberg in Stoben\u201c<\/a>;<\/td>\n<\/tr>\n<tr class=\"row-49\">\n\t<td class=\"column-1\"><\/td><td class=\"column-2\"><a href=\"https:\/\/www.amtusedom.de\/bauplanung\/benz\/benz-bplan16.pdf\" target=\"_blank\" rel=\"noopener noreferrer\">B- Plan Nr. 16 \u201eWohnbebauung an der Fritz-Behn-Stra\u00dfe\u201c<\/a>;<\/td>\n<\/tr>\n<tr class=\"row-50\">\n\t<td class=\"column-1\"><\/td><td class=\"column-2\"><a href=\"https:\/\/www.amtusedom.de\/bauplanung\/benz\/benz-bplan16-aend1.pdf\" target=\"_blank\" rel=\"noopener noreferrer\">1. \u00c4nderung B- Plan Nr. 16 \u201eWohnbebauung an der Fritz-Behn-Stra\u00dfe\u201c<\/a>;<\/td>\n<\/tr>\n<tr class=\"row-51\">\n\t<td class=\"column-1\"><\/td><td class=\"column-2\"><a href=\"https:\/\/www.amtusedom.de\/bauplanung\/benz\/benz-bplan18.pdf\" target=\"_blank\" rel=\"noopener noreferrer\">B- Plan Nr. 18 \u201eWohngebiet in Reetzow, s\u00fcd\u00f6stlich des Dorfplatzes\u201c<\/a>;<\/td>\n<\/tr>\n<tr class=\"row-52\">\n\t<td class=\"column-1\"><\/td><td class=\"column-2\"><a href=\"https:\/\/www.amtusedom.de\/bauplanung\/benz\/B-Benz-Nr19.pdf\" target=\"_blank\" rel=\"noopener noreferrer\">B-Plan Nr. 19 \u201eZum Nepperminer Achterwasser\u201c<\/a>;<\/td>\n<\/tr>\n<tr class=\"row-53\">\n\t<td class=\"column-1\"><\/td><td class=\"column-2\"><a target=\"_blank\" href=\"https:\/\/www.amtusedom.de\/wp-content\/uploads\/2024\/01\/2Aen_BP12_Balmer-See_Satzungsfassung_Original.pdf\" rel=\"noopener\">B-Plan Nr. 12 \"Am Balmer See\", 2.\u00c4nderung<\/a><\/td>\n<\/tr>\n<tr class=\"row-54\">\n\t<td class=\"column-1\"><\/td><td class=\"column-2\"><\/td>\n<\/tr>\n<\/tbody>\n<\/table>\n<!-- #tablepress-72 from cache -->","protected":false},"excerpt":{"rendered":"","protected":false},"author":2,"featured_media":0,"parent":426,"menu_order":4,"comment_status":"closed","ping_status":"closed","template":"","meta":{"footnotes":""},"class_list":["post-451","page","type-page","status-publish","hentry"],"_links":{"self":[{"href":"https:\/\/www.amtusedom.de\/index.php?rest_route=\/wp\/v2\/pages\/451","targetHints":{"allow":["GET"]}}],"collection":[{"href":"https:\/\/www.amtusedom.de\/index.php?rest_route=\/wp\/v2\/pages"}],"about":[{"href":"https:\/\/www.amtusedom.de\/index.php?rest_route=\/wp\/v2\/types\/page"}],"author":[{"embeddable":true,"href":"https:\/\/www.amtusedom.de\/index.php?rest_route=\/wp\/v2\/users\/2"}],"replies":[{"embeddable":true,"href":"https:\/\/www.amtusedom.de\/index.php?rest_route=%2Fwp%2Fv2%2Fcomments&post=451"}],"version-history":[{"count":37,"href":"https:\/\/www.amtusedom.de\/index.php?rest_route=\/wp\/v2\/pages\/451\/revisions"}],"predecessor-version":[{"id":7970,"href":"https:\/\/www.amtusedom.de\/index.php?rest_route=\/wp\/v2\/pages\/451\/revisions\/7970"}],"up":[{"embeddable":true,"href":"https:\/\/www.amtusedom.de\/index.php?rest_route=\/wp\/v2\/pages\/426"}],"wp:attachment":[{"href":"https:\/\/www.amtusedom.de\/index.php?rest_route=%2Fwp%2Fv2%2Fmedia&parent=451"}],"curies":[{"name":"wp","href":"https:\/\/api.w.org\/{rel}","templated":true}]}}