{"id":459,"date":"2012-08-23T13:58:38","date_gmt":"2012-08-23T11:58:38","guid":{"rendered":"http:\/\/localhost\/wp\/?page_id=459"},"modified":"2020-09-01T12:41:58","modified_gmt":"2020-09-01T10:41:58","slug":"ortsrecht-gemeinde-dargen-offentliche-bekanntmachungen","status":"publish","type":"page","link":"https:\/\/www.amtusedom.de\/?page_id=459","title":{"rendered":"Ortsrecht &#8211; Gemeinde Dargen: \u00d6ffentliche Bekanntmachungen"},"content":{"rendered":"<p><strong>Gemeinde Dargen &#8211; \u00d6ffentliche Bekanntmachungen<\/strong><\/p>\n\n<table id=\"tablepress-4\" class=\"tablepress tablepress-id-4\">\n<thead>\n<tr class=\"row-1\">\n\t<th class=\"column-1\">Ver\u00f6ffentlicht am<\/th><th class=\"column-2\">Bekanntmachung<\/th>\n<\/tr>\n<\/thead>\n<tbody class=\"row-striping\">\n<tr class=\"row-2\">\n\t<td class=\"column-1\">13.01.2021<\/td><td class=\"column-2\"><a target=\"_blank\" href=\"ortsrecht\/bm_dargen\/bekanntmachung-20210113-dargen.pdf\" rel=\"noopener noreferrer\">Bekanntmachung der Gemeindevertretung Dargen \u00fcber den Beschluss Nr. GVDa-0142\/20 zur Aufstellung der 6. Erg\u00e4nzung der Klarstellungssatzung mit Erg\u00e4nzungen f\u00fcr die im Zusammenhang bebauten Ortsteile Dargen, Dargen Hof, Katschow, G\u00f6rke, Bossin, Neverow, Pr\u00e4tenow und Kachlin f\u00fcr die Flurst\u00fccke 105\/2 und 107\/2 (teilw.) Flur 2, Gemarkung Kachlin im Ortsteil Kachlin<\/a><\/td>\n<\/tr>\n<tr class=\"row-3\">\n\t<td class=\"column-1\">18.03.2021<\/td><td class=\"column-2\"><a target=\"_blank\" href=\"ortsrecht\/bm_dargen\/bekanntmachung-20210318-dargen.pdf\" rel=\"noopener noreferrer\">Bekanntmachung der Haushaltssatzung der Gemeinde Dargen f\u00fcr das Haushaltsjahr 2021<\/a><\/td>\n<\/tr>\n<tr class=\"row-4\">\n\t<td class=\"column-1\">05.08.2021<\/td><td class=\"column-2\"><a target=\"_blank\" href=\"ortsrecht\/bm_dargen\/bekanntmachung-20210805-dargen.pdf\" rel=\"noopener noreferrer\">Orts\u00fcbliche Bekanntmachung der Offenlegung der Niederschrift \u00fcber den Grenztermin<\/a><\/td>\n<\/tr>\n<tr class=\"row-5\">\n\t<td class=\"column-1\">22.02.2022<\/td><td class=\"column-2\"><a target=\"_blank\" href=\"ortsrecht\/bm_dargen\/bekanntmachung-20220222-1-dargen.pdf\" rel=\"noopener noreferrer\">Orts\u00fcbliche Bekanntmachung: Eintragung ins Grundbuch<\/a><\/td>\n<\/tr>\n<tr class=\"row-6\">\n\t<td class=\"column-1\">22.02.2022<\/td><td class=\"column-2\"><a target=\"_blank\" href=\"ortsrecht\/bm_dargen\/bekanntmachung-20220222-2-dargen.pdf\" rel=\"noopener noreferrer\">Orts\u00fcbliche Bekanntmachung: Eintragung ins Grundbuch<\/a><\/td>\n<\/tr>\n<tr class=\"row-7\">\n\t<td class=\"column-1\">03.03.2022<\/td><td class=\"column-2\"><a target=\"_blank\" href=\"ortsrecht\/bm_dargen\/bekanntmachung-20220303-dargen.pdf\" rel=\"noopener noreferrer\">Bekanntmachung der Gemeinde Dargen \u00fcber den Beschluss Nr. GVDa-0188\/22 vom 24.02.2022 zur Aufstellung der 7. Erg\u00e4nzung der Klarstellungssatzung mit Erg\u00e4nzungen f\u00fcr die im Zusammenhang bebauten Ortsteile Dargen, Dargen Hof, Katschow, G\u00f6rke, Bossin, Neverow, Pr\u00e4tenow und Kachlin f\u00fcr Teilfl\u00e4chen aus den Flurst\u00fccken 57\/1 und 60\/1, Flur 1, Gemarkung Dargen<\/a><\/td>\n<\/tr>\n<tr class=\"row-8\">\n\t<td class=\"column-1\">05.04.2022<\/td><td class=\"column-2\"><a target=\"_blank\" href=\"ortsrecht\/bm_dargen\/bekanntmachung-20220405-dargen.pdf\" rel=\"noopener noreferrer\">Bekanntmachung der Haushaltssatzung der Gemeinde Dargen f\u00fcr das Haushaltsjahr 2022<\/a><\/td>\n<\/tr>\n<tr class=\"row-9\">\n\t<td class=\"column-1\">21.09.2022<\/td><td class=\"column-2\"><a target=\"_blank\" href=\"ortsrecht\/bm_dargen\/bekanntmachung-20220921-dargen.pdf\" rel=\"noopener noreferrer\">Bekanntmachung der Gemeinde Dargen zum Beschluss Nr. GVDa 0197\/22 vom 15.09.2022 \u00fcber den Entwurf und die Auslegung der 7. Erg\u00e4nzung der Klarstellungssatzung mit Erg\u00e4nzungen f\u00fcr die im Zusammenhang bebauten Ortsteile Dargen, Dargen Hof, Katschow, G\u00f6rke, Bossin, Neverow, Pr\u00e4tenow und Kachlin f\u00fcr Teilfl\u00e4chen der Flurst\u00fccke 57\/1 und 60\/1, Flur 1, Gemarkung Dargen im Ortsteil Dargen<\/a><\/td>\n<\/tr>\n<tr class=\"row-10\">\n\t<td class=\"column-1\">23.01.2023<\/td><td class=\"column-2\"><a target=\"_blank\" href=\"https:\/\/www.amtusedom.de\/ortsrecht\/or_dargen\/BekSatzung7ErgIBS%20Dargen.pdf\" rel=\"noopener noreferrer\">Bekanntmachung der Gemeinde Dargen\u00a0\u00fcber die Satzung zur 7. Erg\u00e4nzung der Klarstellungssatzung<\/a><\/td>\n<\/tr>\n<tr class=\"row-11\">\n\t<td class=\"column-1\">20.03.2023<\/td><td class=\"column-2\"><a target=\"_blank\" href=\"https:\/\/www.amtusedom.de\/ortsrecht\/bm_dargen\/02b Bekanntmachung Haushaltsvorbericht Dargen 2023V.pdf\" rel=\"noopener noreferrer\">Bekanntmachung der Haushaltssatzung der Gemeinde Dargen f\u00fcr das Haushaltsjahr 2023<\/a><\/td>\n<\/tr>\n<tr class=\"row-12\">\n\t<td class=\"column-1\">15.06.2023<\/td><td class=\"column-2\"><a target=\"_blank\" href=\"https:\/\/www.amtusedom.de\/wp-content\/uploads\/2023\/06\/DargenJR2017Bekanntmachung.pdf\" rel=\"noopener\">Bekanntmachung der Feststellung des Jahresabschlusses 2017 und der Entlastung des B\u00fcrgermeisters der Gemeinde Dargen<\/a><\/td>\n<\/tr>\n<tr class=\"row-13\">\n\t<td class=\"column-1\">06.10.2023<\/td><td class=\"column-2\"><a target=\"_blank\" href=\"https:\/\/www.amtusedom.de\/wp-content\/uploads\/2023\/10\/Bek.-Aufstell.beschl.-8.-Erg.-IBS-Dargen.pdf\" rel=\"noopener\">Bekanntmachung der Gemeinde Dargen \u00fcber den Beschluss Nr. GVDa-0241\/23 vom 28.09.2023 \u00fcber die Aufstellung der 8. Erg\u00e4nzung der Klarstellungssatzung mit Erg\u00e4nzungen f\u00fcr die im Zusammenhang bebauten Ortsteile Dargen, Dargen Hof, Katschow, G\u00f6rke, Bossin, Neverow, Pr\u00e4tenow und Kachlin<\/a><\/td>\n<\/tr>\n<tr class=\"row-14\">\n\t<td class=\"column-1\">30.01.2024<\/td><td class=\"column-2\"><a target=\"_blank\" href=\"https:\/\/www.amtusedom.de\/wp-content\/uploads\/2024\/01\/Bek.-Ausleg.beschl.-8.-Erg.-IBS-Dargen.pdf\" rel=\"noopener\">Bekanntmachung der Gemeinde Dargen zum Beschluss Nr. GVDa-0251\/23  vom 25.01.2024 \u00fcber den Entwurf und die Auslegung der 8. Erg\u00e4nzung der Klarstellungssatzung mit Erg\u00e4nzungen f\u00fcr die im Zusammenhang bebauten Ortsteile Dargen, Dargen Hof, Katschow, G\u00f6rke, Bossin, Neverow, Pr\u00e4tenow und Kachlin<\/a><\/td>\n<\/tr>\n<tr class=\"row-15\">\n\t<td class=\"column-1\">31.01.2024<\/td><td class=\"column-2\"><a target=_blank\" href=\"https:\/\/www.amtusedom.de\/wp-content\/uploads\/2024\/01\/Bek.-AG-HGW-Dargen.pdf\">Bekanntmachung AG Greifswald Dargen GZ: DARG-312-1<\/a><\/td>\n<\/tr>\n<tr class=\"row-16\">\n\t<td class=\"column-1\">01.02.2024<\/td><td class=\"column-2\"><a target\"_blank\" href=\"https:\/\/www.amtusedom.de\/wp-content\/uploads\/2024\/02\/02b-Bekanntmachung-Haushaltsvorbericht-Dargen-2024.pdf\">Bekanntmachung der Haushaltssatzung der Gemeinde Dargen f\u00fcr das Haushaltsjahr 2024<\/a><\/td>\n<\/tr>\n<tr class=\"row-17\">\n\t<td class=\"column-1\">05.02.2024<\/td><td class=\"column-2\"><a target=\"_blank\" href=\"https:\/\/www.amtusedom.de\/wp-content\/uploads\/2024\/02\/Ausleg-Plan-8-Erg-IBS-Dargen-Entw-12_2023.pdf\" rel=\"noopener\">Beteiligungsunterlagen zum Beschluss Nr. GVDa-0251\/23 vom 25.01.2024 \u00fcber den Entwurf und die Auslegung der 8. Erg\u00e4nzung der Klarstellungssatzung mit Erg\u00e4nzungen f\u00fcr die im Zusammenhang bebauten Ortsteile Dargen, Dargen Hof, Katschow, G\u00f6rke, Bossin, Neverow, Pr\u00e4tenow und Kachlin in der Fassung 12-2023<\/a><\/td>\n<\/tr>\n<tr class=\"row-18\">\n\t<td class=\"column-1\">22.05.2024<\/td><td class=\"column-2\"><a target=_blank\" href=\"https:\/\/www.amtusedom.de\/wp-content\/uploads\/2024\/05\/Dargen-JAB-2018.pdf\">Bekanntmachung der Feststellung des Jahresabschlusses 2018 und der Entlastung des B\u00fcrgermeisters der Gemeinde Dargen<\/a><\/td>\n<\/tr>\n<tr class=\"row-19\">\n\t<td class=\"column-1\">31.05.2024<\/td><td class=\"column-2\"><a target=\"_blank\" href=\"https:\/\/www.amtusedom.de\/wp-content\/uploads\/2024\/06\/Bek.-Satz.beschl.-8.-Erg.-IBS-Dargen.pdf\" rel=\"noopener\">Bekanntmachung der Gemeinde Dargen \u00fcber die Satzung zur 8. Erg\u00e4nzung der Klarstellungssatzung mit Erg\u00e4nzungen f\u00fcr die im Zusammenhang bebauten Ortsteile Dargen, Dargen Hof, Katschow, G\u00f6rke, Bossin, Neverow, Pr\u00e4tenow und Kachlin<\/a><\/td>\n<\/tr>\n<tr class=\"row-20\">\n\t<td class=\"column-1\">06.01.2025<\/td><td class=\"column-2\"><a target=\"_blank\" href=\"https:\/\/www.amtusedom.de\/wp-content\/uploads\/2025\/01\/00000-Dargen-JAB-2019.pdf\">Bekanntmachung  der Feststellung des Jahresabschlusses 2019 und der Entlastung des B\u00fcrgermeisters der Gemeinde Dargen<\/a><\/td>\n<\/tr>\n<tr class=\"row-21\">\n\t<td class=\"column-1\">05.02.2025<\/td><td class=\"column-2\"><a target=\"_blank\" href=\"https:\/\/www.amtusedom.de\/wp-content\/uploads\/2025\/02\/Bek.-AGW-HGW-fuer-Dargen.pdf\">Amtsgericht Greifswald - Terminsbestimmung: Zum Zwecke der Aufhebung der Gemeinschaft<\/a><\/td>\n<\/tr>\n<tr class=\"row-22\">\n\t<td class=\"column-1\">06.03.2025<\/td><td class=\"column-2\"><a target=\"_blank\" href=\"https:\/\/www.amtusedom.de\/wp-content\/uploads\/2025\/03\/Bek.-WaBO_Dargen.pdf\">7. Satzung zur \u00c4nderung der Satzung der Gemeinde Dargen \u00fcber die Erhebung von Geb\u00fchren zur Deckung der Verbandsbeitr\u00e4ge des Wasser- und Bodenverbandes \u201eInsel Usedom-Peenestrom\"<\/a><\/td>\n<\/tr>\n<tr class=\"row-23\">\n\t<td class=\"column-1\">11.03.2025<\/td><td class=\"column-2\"><a target=\"_blank\" href=\"https:\/\/www.amtusedom.de\/wp-content\/uploads\/2025\/03\/Oeffentliche-Bekanntmachung-Dargen-2025.pdf\">\u00d6ffentliche Bekanntmachung Aufkommensneutrale Hebes\u00e4tze der Gemeinde Dargen f\u00fcr die Grundsteuer A und B f\u00fcr das Jahr 2025<\/a><\/td>\n<\/tr>\n<tr class=\"row-24\">\n\t<td class=\"column-1\">13.03.2025<\/td><td class=\"column-2\"><a target=\"_blank\" href=\"https:\/\/www.amtusedom.de\/wp-content\/uploads\/2025\/03\/Bekanntmachung-Haushaltssatzung-Dargen-2025.pdf\">Bekanntmachung der Haushaltssatzung der Gemeinde Dargen f\u00fcr das Haushaltsjahr 2025<\/a><\/td>\n<\/tr>\n<tr class=\"row-25\">\n\t<td class=\"column-1\">23.06.2025<\/td><td class=\"column-2\"><a target=\"_blank\" href=\"https:\/\/www.amtusedom.de\/wp-content\/uploads\/2025\/06\/Bekanntmachung-der-Feststellung-des-Jahresabschlusses-2020-und-der-Entlastung-des-Buergermeisters-der-Gemeinde-Dargen.pdf\">Bekanntmachung der Feststellung des Jahresabschlusses 2020 und der Entlastung des B\u00fcrgermeisters der Gemeinde Dargen<\/a><\/td>\n<\/tr>\n<tr class=\"row-26\">\n\t<td class=\"column-1\">08.09.2025<\/td><td class=\"column-2\"><a target=\"_blank\" href=\"https:\/\/www.amtusedom.de\/wp-content\/uploads\/2025\/09\/Bek.-Aufstell.beschl.-vBP-2-Dargen.pdf\" target=\"_blank\">Bekanntmachung der Gemeinde Dargen \u00fcber die Aufstellung des vorhabenbezogenen Bebauungsplanes Nr. 2 \u201eEntwicklung eines Baubetriebsstandortes am s\u00fcdlichen Ortsrand des Ortsteils Katschow\u201c nach \u00a7 12 Abs. 3a BauGB i.V.m. \u00a7 10 BauGB<\/a><\/td>\n<\/tr>\n<tr class=\"row-27\">\n\t<td class=\"column-1\">25.09.2025<\/td><td class=\"column-2\"><a target=\"_blank\" href=\"https:\/\/www.amtusedom.de\/wp-content\/uploads\/2025\/09\/Bekanntmachung-der-Feststellung-des-Jahresabschlusses-2021-und-der-Entlastung-des-Buergermeisters-der-Gemeinde-Dargen.pdf\">Bekanntmachung der Feststellung des Jahresabschlusses 2021 und der Entlastung des B\u00fcrgermeisters der Gemeinde Dargen<\/a><\/td>\n<\/tr>\n<tr class=\"row-28\">\n\t<td class=\"column-1\">25.09.2025<\/td><td class=\"column-2\"><a target=\"_blank\" href=\"https:\/\/www.amtusedom.de\/wp-content\/uploads\/2025\/09\/Bekanntmachung-der-Feststellung-des-Jahresabschlusses-2022-und-der-Entlastung-des-Buergermeisters-der-Gemeinde-Dargen.pdf\">Bekanntmachung der Feststellung des Jahresabschlusses 2022 und der Entlastung des B\u00fcrgermeisters der Gemeinde Dargen<\/a><\/td>\n<\/tr>\n<tr class=\"row-29\">\n\t<td class=\"column-1\">20.03.2026<\/td><td class=\"column-2\"><a target=\"_blank\" href=\"https:\/\/www.amtusedom.de\/wp-content\/uploads\/2026\/03\/Ortsuebliche-Bekanntmachung_Offenlegung.pdf\">Bekanntmachung (Offenlegung) - Zerlegung Gemarkung Dargen\/Pr\u00e4tenow, Flur 1\/1, Flurst\u00fccke: diverse<\/a><\/td>\n<\/tr>\n<tr class=\"row-30\">\n\t<td class=\"column-1\">13.04.2026<\/td><td class=\"column-2\"><a target=\"_blank\" href=\"https:\/\/www.amtusedom.de\/wp-content\/uploads\/2026\/04\/00-Dargen-Bekanntmachung-Haushaltssatzung-2026.pdf\">Bekanntmachung der Haushaltssatzung der Gemeinde Dargen f\u00fcr das Haushaltsjahr 2026<\/a><\/td>\n<\/tr>\n<\/tbody>\n<\/table>\n<!-- #tablepress-4 from cache -->\n<p><a href=\"?page_id=2598\" title=\"\u00d6ffentliche Bekanntmachungen Gemeinde Dargen - Archiv\">\u00c4ltere Bekanntmachungen&#8230;<\/a><\/p>","protected":false},"excerpt":{"rendered":"<p>Gemeinde Dargen &#8211; \u00d6ffentliche Bekanntmachungen \u00c4ltere Bekanntmachungen&#8230;<\/p>\n","protected":false},"author":2,"featured_media":0,"parent":457,"menu_order":0,"comment_status":"closed","ping_status":"closed","template":"","meta":{"footnotes":""},"class_list":["post-459","page","type-page","status-publish","hentry"],"_links":{"self":[{"href":"https:\/\/www.amtusedom.de\/index.php?rest_route=\/wp\/v2\/pages\/459","targetHints":{"allow":["GET"]}}],"collection":[{"href":"https:\/\/www.amtusedom.de\/index.php?rest_route=\/wp\/v2\/pages"}],"about":[{"href":"https:\/\/www.amtusedom.de\/index.php?rest_route=\/wp\/v2\/types\/page"}],"author":[{"embeddable":true,"href":"https:\/\/www.amtusedom.de\/index.php?rest_route=\/wp\/v2\/users\/2"}],"replies":[{"embeddable":true,"href":"https:\/\/www.amtusedom.de\/index.php?rest_route=%2Fwp%2Fv2%2Fcomments&post=459"}],"version-history":[{"count":18,"href":"https:\/\/www.amtusedom.de\/index.php?rest_route=\/wp\/v2\/pages\/459\/revisions"}],"predecessor-version":[{"id":5900,"href":"https:\/\/www.amtusedom.de\/index.php?rest_route=\/wp\/v2\/pages\/459\/revisions\/5900"}],"up":[{"embeddable":true,"href":"https:\/\/www.amtusedom.de\/index.php?rest_route=\/wp\/v2\/pages\/457"}],"wp:attachment":[{"href":"https:\/\/www.amtusedom.de\/index.php?rest_route=%2Fwp%2Fv2%2Fmedia&parent=459"}],"curies":[{"name":"wp","href":"https:\/\/api.w.org\/{rel}","templated":true}]}}