{"id":470,"date":"2012-08-23T14:20:14","date_gmt":"2012-08-23T12:20:14","guid":{"rendered":"http:\/\/localhost\/wp\/?page_id=470"},"modified":"2023-08-02T08:46:16","modified_gmt":"2023-08-02T06:46:16","slug":"ortsrecht-gemeinde-dargen-finanz-und-steuerrecht","status":"publish","type":"page","link":"https:\/\/www.amtusedom.de\/?page_id=470","title":{"rendered":"Ortsrecht &#8211; Gemeinde Dargen: Finanz- und Steuerrecht"},"content":{"rendered":"\n<table id=\"tablepress-74\" class=\"tablepress tablepress-id-74\">\n<thead>\n<tr class=\"row-1\">\n\t<td class=\"column-1\"><\/td><td class=\"column-2\"><\/td>\n<\/tr>\n<\/thead>\n<tbody class=\"row-striping row-hover\">\n<tr class=\"row-2\">\n\t<td class=\"column-1\">Hundesteuer<\/td><td class=\"column-2\"><a href=\"https:\/\/www.amtusedom.de\/wp-content\/uploads\/2024\/02\/Dargen-Hundesteuersatzung-2001-VOe.pdf\" rel=\"noopener\" target=\"_blank\">Satzung \u00fcber die Erhebung einer Hundesteuer in der Gemeinde Dargen<\/a><\/td>\n<\/tr>\n<tr class=\"row-3\">\n\t<td class=\"column-1\"><\/td><td class=\"column-2\">\t<a href=\"https:\/\/www.amtusedom.de\/ortsrecht\/or_dargen\/dargen-hundesteuer-1aend.pdf\" target=\"_blank\" rel=\"noopener noreferrer\">1. Satzung zur \u00c4nderung der Satzung \u00fcber die Erhebung einer Hundesteuer in der Gemeinde Dargen<\/a><\/td>\n<\/tr>\n<tr class=\"row-4\">\n\t<td class=\"column-1\"><\/td><td class=\"column-2\">\t<a href=\"https:\/\/www.amtusedom.de\/ortsrecht\/or_dargen\/dargen-hundesteuer-lesefassung.pdf\" target=\"_blank\" rel=\"noopener noreferrer\">Satzung \u00fcber die Erhebung einer Hundesteuer in der Gemeinde Dargen - Lesefassung<\/a><\/td>\n<\/tr>\n<tr class=\"row-5\">\n\t<td class=\"column-1\"><\/td><td class=\"column-2\"><\/td>\n<\/tr>\n<tr class=\"row-6\">\n\t<td class=\"column-1\">Stundung, Niederschlagung und Erlass <\/td><td class=\"column-2\">\t<a href=\"https:\/\/www.amtusedom.de\/ortsrecht\/or_dargen\/dargen-stundung.pdf\" target=\"_blank\" rel=\"noopener noreferrer\">Satzung \u00fcber die Stundung, Niederschlagung und Erlass von Anspr\u00fcchen der Gemeinde Dargen<\/a><\/td>\n<\/tr>\n<tr class=\"row-7\">\n\t<td class=\"column-1\"><\/td><td class=\"column-2\"><\/td>\n<\/tr>\n<tr class=\"row-8\">\n\t<td class=\"column-1\">Vergn\u00fcgungssteuer<\/td><td class=\"column-2\">\t<a href=\"https:\/\/www.amtusedom.de\/ortsrecht\/or_dargen\/dargen-vergnuegungssteuer.pdf\" target=\"_blank\" rel=\"noopener noreferrer\">Satzung \u00fcber die Erhebung einer Vergn\u00fcgungssteuer f\u00fcr das Halten von Spiel \u2013 und Geschicklichkeitsger\u00e4ten<\/a><\/td>\n<\/tr>\n<tr class=\"row-9\">\n\t<td class=\"column-1\"><\/td><td class=\"column-2\"><\/td>\n<\/tr>\n<tr class=\"row-10\">\n\t<td class=\"column-1\">Kleineinleiter<\/td><td class=\"column-2\">\t<a href=\"https:\/\/www.amtusedom.de\/ortsrecht\/or_dargen\/Kleineinleiter_Dargen.pdf\" target=\"_blank\" rel=\"noopener noreferrer\">Satzung der Gemeinde Dargen \u00fcber die Abw\u00e4lzung der Abwasserabgabe f\u00fcr Kleineinleiter<\/a><\/td>\n<\/tr>\n<tr class=\"row-11\">\n\t<td class=\"column-1\"><\/td><td class=\"column-2\"><\/td>\n<\/tr>\n<tr class=\"row-12\">\n\t<td class=\"column-1\">Wasser- und Bodenverband<\/td><td class=\"column-2\"><a href=\"https:\/\/www.amtusedom.de\/ortsrecht\/or_dargen\/dargen-wabo.pdf\" target=\"_blank\" rel=\"noopener noreferrer\">Satzung der Gemeinde Dargen \u00fcber die Erhebung von Geb\u00fchren zur Deckung der Verbandsbeitr\u00e4ge des Wasser- und Bodenverbandes \u201eInsel Usedom-Peenestrom\"<\/a><\/td>\n<\/tr>\n<tr class=\"row-13\">\n\t<td class=\"column-1\"><\/td><td class=\"column-2\"><a href=\"https:\/\/www.amtusedom.de\/ortsrecht\/or_dargen\/dargen-wabo-aend01.pdf\" target=\"_blank\" rel=\"noopener noreferrer\">1. Satzung zur \u00c4nderung der Satzung der Gemeinde Dargen \u00fcber die Erhebung von Geb\u00fchren zur Deckung der Verbandsbeitr\u00e4ge des Wasser- und Bodenverbandes \u201eInsel Usedom-Peenestrom\"<\/a><\/td>\n<\/tr>\n<tr class=\"row-14\">\n\t<td class=\"column-1\"><\/td><td class=\"column-2\"><a href=\"https:\/\/www.amtusedom.de\/ortsrecht\/or_dargen\/dargen-wabo-aend02.pdf\" target=\"_blank\" rel=\"noopener noreferrer\">2. Satzung zur \u00c4nderung der Satzung der Gemeinde Dargen \u00fcber die Erhebung von Geb\u00fchren zur Deckung der Verbandsbeitr\u00e4ge des Wasser- und Bodenverbandes \u201eInsel Usedom-Peenestrom\"<\/a><\/td>\n<\/tr>\n<tr class=\"row-15\">\n\t<td class=\"column-1\"><\/td><td class=\"column-2\">\t<a href=\"https:\/\/www.amtusedom.de\/ortsrecht\/or_dargen\/dargen-wabo-aend03.pdf\" target=\"_blank\" rel=\"noopener noreferrer\">3. Satzung zur \u00c4nderung der Satzung der Gemeinde Dargen \u00fcber die Erhebung von Geb\u00fchren zur Deckung der Verbandsbeitr\u00e4ge des Wasser- und Bodenverbandes \u201eInsel Usedom-Peenestrom\"<\/a><\/td>\n<\/tr>\n<tr class=\"row-16\">\n\t<td class=\"column-1\"><\/td><td class=\"column-2\">\t<a href=\"https:\/\/www.amtusedom.de\/ortsrecht\/or_dargen\/dargen-wabo-aend04.pdf\" target=\"_blank\" rel=\"noopener noreferrer\">4. Satzung zur \u00c4nderung der Satzung der Gemeinde Dargen \u00fcber die Erhebung von Geb\u00fchren zur Deckung der Verbandsbeitr\u00e4ge des Wasser- und Bodenverbandes \u201eInsel Usedom-Peenestrom\"<\/a><\/td>\n<\/tr>\n<tr class=\"row-17\">\n\t<td class=\"column-1\"><\/td><td class=\"column-2\"><a href=\"https:\/\/www.amtusedom.de\/ortsrecht\/or_dargen\/dargen-wabo-aend05.pdf\" target=\"_blank\" rel=\"noopener noreferrer\">5. Satzung zur \u00c4nderung der Satzung der Gemeinde Dargen \u00fcber die Erhebung von Geb\u00fchren zur Deckung der Verbandsbeitr\u00e4ge des Wasser- und Bodenverbandes \u201eInsel Usedom-Peenestrom\"<\/a><\/td>\n<\/tr>\n<tr class=\"row-18\">\n\t<td class=\"column-1\"><\/td><td class=\"column-2\"><a target=\"_blank\" href=\"https:\/\/www.amtusedom.de\/wp-content\/uploads\/2024\/02\/SKM_C45824020114170.pdf\" rel=\"noopener\">6. Satzung zur \u00c4nderung der Satzung der Gemeinde Dargen \u00fcber die Erhebung von Geb\u00fchren zur Deckung der Verbandsbeitr\u00e4ge des Wasser- und Bodenverbandes \"Insel Usedom-Peenestrom\"<\/a><\/td>\n<\/tr>\n<tr class=\"row-19\">\n\t<td class=\"column-1\"><\/td><td class=\"column-2\"><a href=\"https:\/\/www.amtusedom.de\/wp-content\/uploads\/2025\/03\/Bek.-WaBO_Dargen.pdf\" target=\"_blank\">7. Satzung zur \u00c4nderung der Satzung der Gemeinde Dargen \u00fcber die Erhebung von Geb\u00fchren zur Deckung der Verbandsbeitr\u00e4ge des Wasser- und Bodenverbandes \"Insel Usedom-Wolgast\" <\/a><\/td>\n<\/tr>\n<tr class=\"row-20\">\n\t<td class=\"column-1\"><\/td><td class=\"column-2\"><a target=\"_blank\" href=\"https:\/\/www.amtusedom.de\/wp-content\/uploads\/2025\/03\/Satzung-Wa-Bo-2025-form.7.Aend_.pdf\" rel=\"noopener\">Lesefassung Satzung der Gemeinde Dargen \u00fcber die Erhebung von Geb\u00fchren zur Deckung der Verbandsbeitr\u00e4ge des Wasser- und Bodenverbandes \u201eInsel Usedom-Peenestrom\u201c<\/a><\/td>\n<\/tr>\n<tr class=\"row-21\">\n\t<td class=\"column-1\"><\/td><td class=\"column-2\"><\/td>\n<\/tr>\n<tr class=\"row-22\">\n\t<td class=\"column-1\">Zweitwohnungssteuer <\/td><td class=\"column-2\">\t\t<a href=\"https:\/\/www.amtusedom.de\/ortsrecht\/or_dargen\/dargen-zweitwohnsteuer.pdf\" target=\"_blank\" rel=\"noopener noreferrer\">Satzung der Gemeinde Dargen \u00fcber die Erhebung einer Zweitwohnungssteuer<\/a><\/td>\n<\/tr>\n<tr class=\"row-23\">\n\t<td class=\"column-1\"><\/td><td class=\"column-2\"><\/td>\n<\/tr>\n<tr class=\"row-24\">\n\t<td class=\"column-1\">Hebes\u00e4tze <\/td><td class=\"column-2\"><a href=\"https:\/\/www.amtusedom.de\/ortsrecht\/or_dargen\/dargen-hebesatzung2020.pdf\" target=\"_blank\" rel=\"noopener noreferrer\">Satzung \u00fcber die Festsetzung der Hebes\u00e4tze f\u00fcr die Grundsteuer und Gewerbesteuer in der Gemeinde Dargen (Hebesatzsatzung 2020)<\/a><\/td>\n<\/tr>\n<tr class=\"row-25\">\n\t<td class=\"column-1\"><\/td><td class=\"column-2\"><a target=\"_blank\" href=\"https:\/\/www.amtusedom.de\/wp-content\/uploads\/2023\/12\/SKM_C45823121810360_.pdf\" rel=\"noopener\">Satzung \u00fcber die Festsetzung der Hebes\u00e4tze f\u00fcr die Grundsteuer und Gewerbesteuer in der Gemeinde Dargen (Hebesatzsatzung 2024)<\/a><\/td>\n<\/tr>\n<tr class=\"row-26\">\n\t<td class=\"column-1\"><\/td><td class=\"column-2\"><a target\"_blank\" href=\"https:\/\/www.amtusedom.de\/wp-content\/uploads\/2025\/02\/Satzung-ueber-die-Festsetzung-der-Hebesaetze_.pdf\">Satzung \u00fcber die Festsetzung der Hebes\u00e4tze  f\u00fcr die Grundsteuer und Gewerbesteuer in der Gemeinde Dargen  (Hebesatzsatzung 2025)<\/a><\/td>\n<\/tr>\n<\/tbody>\n<\/table>\n<!-- #tablepress-74 from cache -->","protected":false},"excerpt":{"rendered":"","protected":false},"author":2,"featured_media":0,"parent":457,"menu_order":3,"comment_status":"closed","ping_status":"closed","template":"","meta":{"footnotes":""},"class_list":["post-470","page","type-page","status-publish","hentry"],"_links":{"self":[{"href":"https:\/\/www.amtusedom.de\/index.php?rest_route=\/wp\/v2\/pages\/470","targetHints":{"allow":["GET"]}}],"collection":[{"href":"https:\/\/www.amtusedom.de\/index.php?rest_route=\/wp\/v2\/pages"}],"about":[{"href":"https:\/\/www.amtusedom.de\/index.php?rest_route=\/wp\/v2\/types\/page"}],"author":[{"embeddable":true,"href":"https:\/\/www.amtusedom.de\/index.php?rest_route=\/wp\/v2\/users\/2"}],"replies":[{"embeddable":true,"href":"https:\/\/www.amtusedom.de\/index.php?rest_route=%2Fwp%2Fv2%2Fcomments&post=470"}],"version-history":[{"count":28,"href":"https:\/\/www.amtusedom.de\/index.php?rest_route=\/wp\/v2\/pages\/470\/revisions"}],"predecessor-version":[{"id":7978,"href":"https:\/\/www.amtusedom.de\/index.php?rest_route=\/wp\/v2\/pages\/470\/revisions\/7978"}],"up":[{"embeddable":true,"href":"https:\/\/www.amtusedom.de\/index.php?rest_route=\/wp\/v2\/pages\/457"}],"wp:attachment":[{"href":"https:\/\/www.amtusedom.de\/index.php?rest_route=%2Fwp%2Fv2%2Fmedia&parent=470"}],"curies":[{"name":"wp","href":"https:\/\/api.w.org\/{rel}","templated":true}]}}