{"id":503,"date":"2012-08-24T09:52:15","date_gmt":"2012-08-24T07:52:15","guid":{"rendered":"http:\/\/localhost\/wp\/?page_id=503"},"modified":"2020-09-01T13:13:21","modified_gmt":"2020-09-01T11:13:21","slug":"ortsrecht-gemeinde-garz-offentliche-bekanntmachungen","status":"publish","type":"page","link":"https:\/\/www.amtusedom.de\/?page_id=503","title":{"rendered":"Ortsrecht &#8211; Gemeinde Garz: \u00d6ffentliche Bekanntmachungen"},"content":{"rendered":"<p><strong>Gemeinde Garz &#8211; \u00d6ffentliche Bekanntmachungen<\/strong><\/p>\n\n<table id=\"tablepress-5\" class=\"tablepress tablepress-id-5\">\n<thead>\n<tr class=\"row-1\">\n\t<th class=\"column-1\">Ver\u00f6ffentlicht am<\/th><th class=\"column-2\">Bekanntmachung<\/th>\n<\/tr>\n<\/thead>\n<tbody class=\"row-striping\">\n<tr class=\"row-2\">\n\t<td class=\"column-1\">16.12.2019<\/td><td class=\"column-2\"><a href=\"https:\/\/www.amtusedom.de\/ortsrecht\/or_garz\/garz-hebesatzung2020.pdf\" rel=\"noopener\" target=\"_blank\">Satzung \u00fcber die Festsetzung der Hebes\u00e4tze f\u00fcr die Grundsteuer und Gewerbesteuer in der Gemeinde Garz (Hebesatzsatzung 2020) <\/a><\/td>\n<\/tr>\n<tr class=\"row-3\">\n\t<td class=\"column-1\">09.04.2021<\/td><td class=\"column-2\"><a target=\"_blank\" href=\"ortsrecht\/bm_garz\/bekanntmachung-20210409-garz.pdf\" rel=\"noopener noreferrer\">Bekanntmachung der Haushaltssatzung der Gemeinde Garz f\u00fcr das Haushaltsjahr 2021<\/a><\/td>\n<\/tr>\n<tr class=\"row-4\">\n\t<td class=\"column-1\">12.07.2021<\/td><td class=\"column-2\"><a target=\"_blank\" href=\"ortsrecht\/bm_garz\/bekanntmachung-20210712-1-garz.pdf\" rel=\"noopener noreferrer\">Bekanntmachung der Gemeinde Garz zum Beschluss Nr. GVGa-0147\/21 vom 06.07.2021 \u00fcber die Aufstellung der 2. \u00c4nderung des Fl\u00e4chennutzungsplanes der Gemeinde Garz, f\u00fcr das Flurst\u00fcck 3\/20 (Teilst\u00fccke), Flur 7, Gemarkung Garz i.V.m. der Aufstellung des Bebauungsplanes Nr. 4 \"Solarpark auf dem Gel\u00e4nde des Flughafens Heringsdorf\" der Gemeinde Garz<\/a><\/td>\n<\/tr>\n<tr class=\"row-5\">\n\t<td class=\"column-1\">12.07.2021<\/td><td class=\"column-2\"><a target=\"_blank\" href=\"ortsrecht\/bm_garz\/bekanntmachung-20210712-2-garz.pdf\" rel=\"noopener noreferrer\">Bekanntmachung der Gemeinde Garz \u00fcber den Beschluss Nr. GVGa-0146\/21 vom 06.07.2021 \u00fcber die Aufstellung des Bebauungsplanes Nr. 4 \"Solarpark auf dem Gel\u00e4nde des Flughafens Heringsdorf\" der Gemeinde Garz f\u00fcr das Flurst\u00fcck 3\/20 (Teilfl\u00e4chen), Flur 7, Gemarkung Garz<\/a><\/td>\n<\/tr>\n<tr class=\"row-6\">\n\t<td class=\"column-1\">17.03.2022<\/td><td class=\"column-2\"><a target=\"_blank\" href=\"ortsrecht\/bm_garz\/bekanntmachung-20220317-garz.pdf\" rel=\"noopener noreferrer\">Bekanntmachung der Haushaltssatzung der Gemeinde Garz f\u00fcr das Haushaltsjahr 2022<\/a><\/td>\n<\/tr>\n<tr class=\"row-7\">\n\t<td class=\"column-1\">02.11.2022<\/td><td class=\"column-2\"><a target=\"_blank\" href=\"ortsrecht\/bm_garz\/bekanntmachung-20221102-garz.pdf\" rel=\"noopener noreferrer\">Bekanntmachung der Gemeinde Garz \u00fcber den Beschluss Nr. GVGa-0173\/22 \u00f6ffentliche Beratung und Beschlussfassung \u00fcber die Aufstellung der 5. \u00c4nderung des Bebau-ungsplanes Nr. 1 \"Vitalwelt Inseltr\u00e4ume\" der Gemeinde Garz<\/a><\/td>\n<\/tr>\n<tr class=\"row-8\">\n\t<td class=\"column-1\">29.03.2023<\/td><td class=\"column-2\"><a target=\"_blank\" href=\"https:\/\/www.amtusedom.de\/wp-content\/uploads\/2023\/03\/02b-Bekanntmachung-Haushaltsvorbericht-Garz-2023.pdf\" rel=\"noopener\">Bekanntmachung der Haushaltssatzung der Gemeinde Garz f\u00fcr das Haushaltsjahr 2023<\/a><\/td>\n<\/tr>\n<tr class=\"row-9\">\n\t<td class=\"column-1\">05.07.2023<\/td><td class=\"column-2\"><a target=\"_blank\" href=\"https:\/\/www.amtusedom.de\/wp-content\/uploads\/2023\/07\/Garz-JR-2017-Bekanntmachung.pdf\" rel=\"noopener\">Bekanntmachung der Feststellung des Jahresabschlusses 2017 und der Entlastung des B\u00fcrgermeisters der Gemeinde Garz<\/a><\/td>\n<\/tr>\n<tr class=\"row-10\">\n\t<td class=\"column-1\">05.07.2023<\/td><td class=\"column-2\"><a target=\"_blank\" href=\"https:\/\/www.amtusedom.de\/wp-content\/uploads\/2023\/07\/Bek.-5-Aenderung-PB-1-Garz.pdf\" rel=\"noopener\">Bekanntmachung der Gemeinde Garz \u00fcber den Beschluss Nr. GVGa-0186\/23 zur \u00f6f-fentlichen Beratung und Beschlussfassung \u00fcber die \u00d6ffentlichkeits- und Beh\u00f6rdenbe-teiligung der 5. \u00c4nderung des Bebauungsplanes Nr. 1 \"Vitalwelt Inseltr\u00e4ume\" im ver-einfachten Verfahren nach \u00a7 13 BauGB ohne Umweltpr\u00fcfung \/ Umweltbericht der Ge-meinde Garz gem\u00e4\u00df \u00a7 3 Abs.2 und \u00a7 4 Abs.2 BauGB<\/a><\/td>\n<\/tr>\n<tr class=\"row-11\">\n\t<td class=\"column-1\">03.08.2023<\/td><td class=\"column-2\"><a target=\"_blank\" href=\"https:\/\/www.amtusedom.de\/wp-content\/uploads\/2023\/08\/Garz-1.5-Begr-offenlage-4-2.pdf\" rel=\"noopener\">Beteiligungsunterlagen zum Beschluss Nr. GVGa-0186\/23 vom 04.07.2023 \u00fcber den Entwurf und die Auslegung der 5. \u00c4nderung des Bebauungsplanes Nr. 1 \"Vitalwelt Inseltr\u00e4ume\" im vereinfachten Verfahren nach \u00a7 13 BauGB ohne Umweltpr\u00fcfung \/ Umweltbericht der Gemeinde Garz gem\u00e4\u00df \u00a7 3 Abs.2 und \u00a7 4 Abs.2 BauGB in der Fassung von 12-2022<\/a><\/td>\n<\/tr>\n<tr class=\"row-12\">\n\t<td class=\"column-1\">30.11.2023<\/td><td class=\"column-2\"><a target=\"_blank\" href=\"https:\/\/www.amtusedom.de\/wp-content\/uploads\/2023\/11\/Bek.-Satzung-BP1-5-vitalwelten-inseltraeume-Garz.pdf\" rel=\"noopener\">Bekanntmachung der Gemeinde Garz \u00fcber den Satzungsbeschluss Nr. GVGa-0196\/23 vom 21.11.2023 \u00fcber die Satzung zur 5. \u00c4nderung des Bebauungsplanes Nr. 1 \u201eVitalwelten Inseltr\u00e4ume\u201c mit \u00f6rtlichen Bauvorschriften im vereinfachten Verfahren nach \u00a7 13 BauGB ohne Umweltbericht\/Umweltpr\u00fcfung in der Fassung vom 29.09.2023 sowie den Abw\u00e4gungsbeschluss GVGa-0197\/23 zur selben Planung in derselben Sitzung der Gemeinde Garz<\/a><\/td>\n<\/tr>\n<tr class=\"row-13\">\n\t<td class=\"column-1\">19.02.2024<\/td><td class=\"column-2\"><a target=\"_blank\" href=\"https:\/\/www.amtusedom.de\/wp-content\/uploads\/2024\/02\/02b-Bekanntmachung-Haushaltsvorbericht-Garz-2024.pdf\" rel=\"noopener\">Bekanntmachung der Haushaltssatzung der Gemeinde Garz f\u00fcr das Haushaltsjahr 2024<\/a><\/td>\n<\/tr>\n<tr class=\"row-14\">\n\t<td class=\"column-1\">21.05.2024<\/td><td class=\"column-2\"><a target=\"_blank\" href=\"https:\/\/www.amtusedom.de\/wp-content\/uploads\/2024\/05\/Garz-JAB-2018.pdf\" rel=\"noopener\">Bekanntmachung der Feststellung des Jahresabschlusses 2018 und der Entlastung des B\u00fcrgermeisters der Gemeinde Garz<\/a><\/td>\n<\/tr>\n<tr class=\"row-15\">\n\t<td class=\"column-1\">09.12.2024<\/td><td class=\"column-2\"><a target=\"_blank\" href=\"https:\/\/www.amtusedom.de\/wp-content\/uploads\/2024\/12\/00000-Garz-JAB-2019.pdf\">Bekanntmachung der Feststellung des Jahresabschlusses 2019 und der Entlastung des B\u00fcrgermeisters der Gemeinde Garz<\/a><\/td>\n<\/tr>\n<tr class=\"row-16\">\n\t<td class=\"column-1\">12.02.2025<\/td><td class=\"column-2\"><a target=\"_blank\" href=\"https:\/\/www.amtusedom.de\/wp-content\/uploads\/2025\/02\/01-Bekanntmachung-HHPlan-2025-Garz.pdf\">Bekanntmachung der Haushaltssatzung der Gemeinde Garz f\u00fcr das Haushaltsjahr 2025<\/a><\/td>\n<\/tr>\n<tr class=\"row-17\">\n\t<td class=\"column-1\">11.03.2025<\/td><td class=\"column-2\"><a target=\"_blank\" href=\"https:\/\/www.amtusedom.de\/wp-content\/uploads\/2025\/03\/Oeffentliche-Bekanntmachung-Garz-2025.pdf\">\u00d6ffentliche Bekanntmachung Aufkommensneutrale Hebes\u00e4tze der Gemeinde Garz f\u00fcr die Grundsteuer A und B f\u00fcr das Jahr 2025<\/a><\/td>\n<\/tr>\n<tr class=\"row-18\">\n\t<td class=\"column-1\">19.05.2025<\/td><td class=\"column-2\"><a target=\"_blank\" href=\"https:\/\/www.amtusedom.de\/wp-content\/uploads\/2025\/05\/Bekanntmachung-der-Feststellung-des-Jahresabschlusses-2020-und-der-Entlastung-des-Buergermeisters-der-Gemeinde-Garz.pdf\">Bekanntmachung der Feststellung des Jahresabschlusses 2020 und der Entlastung des B\u00fcrgermeisters der Gemeinde Garz<\/a><\/td>\n<\/tr>\n<tr class=\"row-19\">\n\t<td class=\"column-1\">07.08.2025<\/td><td class=\"column-2\"><a target=\"_blank\" href=\"https:\/\/www.amtusedom.de\/wp-content\/uploads\/2025\/08\/0001-Garz-JR-2021-Bekanntmachung.pdf\">Bekanntmachung der Feststellung des Jahresabschlusses 2021 und der Entlastung des B\u00fcrgermeisters der Gemeinde Garz<\/a><\/td>\n<\/tr>\n<tr class=\"row-20\">\n\t<td class=\"column-1\">16.03.2026<\/td><td class=\"column-2\"><a target=\u00a7_blank\" href=\"https:\/\/www.amtusedom.de\/wp-content\/uploads\/2026\/03\/Garz-Bekanntmachung-HH-2026.pdf\">Bekanntmachung der Haushaltssatzung der Gemeinde Garz <br \/>\nf\u00fcr das Haushaltsjahr 2026 <\/a><\/td>\n<\/tr>\n<\/tbody>\n<\/table>\n<!-- #tablepress-5 from cache -->\n<p><a href=\"?page_id=2606\" title=\"\u00d6ffentliche Bekanntmachungen Gemeinde Garz - Archiv\">\u00c4ltere Bekanntmachungen&#8230;<\/a><\/p>","protected":false},"excerpt":{"rendered":"<p>Gemeinde Garz &#8211; \u00d6ffentliche Bekanntmachungen \u00c4ltere Bekanntmachungen&#8230;<\/p>\n","protected":false},"author":2,"featured_media":0,"parent":501,"menu_order":0,"comment_status":"closed","ping_status":"closed","template":"","meta":{"footnotes":""},"class_list":["post-503","page","type-page","status-publish","hentry"],"_links":{"self":[{"href":"https:\/\/www.amtusedom.de\/index.php?rest_route=\/wp\/v2\/pages\/503","targetHints":{"allow":["GET"]}}],"collection":[{"href":"https:\/\/www.amtusedom.de\/index.php?rest_route=\/wp\/v2\/pages"}],"about":[{"href":"https:\/\/www.amtusedom.de\/index.php?rest_route=\/wp\/v2\/types\/page"}],"author":[{"embeddable":true,"href":"https:\/\/www.amtusedom.de\/index.php?rest_route=\/wp\/v2\/users\/2"}],"replies":[{"embeddable":true,"href":"https:\/\/www.amtusedom.de\/index.php?rest_route=%2Fwp%2Fv2%2Fcomments&post=503"}],"version-history":[{"count":20,"href":"https:\/\/www.amtusedom.de\/index.php?rest_route=\/wp\/v2\/pages\/503\/revisions"}],"predecessor-version":[{"id":5905,"href":"https:\/\/www.amtusedom.de\/index.php?rest_route=\/wp\/v2\/pages\/503\/revisions\/5905"}],"up":[{"embeddable":true,"href":"https:\/\/www.amtusedom.de\/index.php?rest_route=\/wp\/v2\/pages\/501"}],"wp:attachment":[{"href":"https:\/\/www.amtusedom.de\/index.php?rest_route=%2Fwp%2Fv2%2Fmedia&parent=503"}],"curies":[{"name":"wp","href":"https:\/\/api.w.org\/{rel}","templated":true}]}}