{"id":512,"date":"2012-08-24T10:12:02","date_gmt":"2012-08-24T08:12:02","guid":{"rendered":"http:\/\/localhost\/wp\/?page_id=512"},"modified":"2023-07-13T14:01:26","modified_gmt":"2023-07-13T12:01:26","slug":"ortsrecht-gemeinde-garz-sicherheits-und-ordnungsrecht","status":"publish","type":"page","link":"https:\/\/www.amtusedom.de\/?page_id=512","title":{"rendered":"Ortsrecht &#8211; Gemeinde Garz: Sicherheits- und Ordnungsrecht"},"content":{"rendered":"\n<table id=\"tablepress-55\" class=\"tablepress tablepress-id-55\">\n<thead>\n<tr class=\"row-1\">\n\t<td class=\"column-1\"><\/td><td class=\"column-2\"><\/td>\n<\/tr>\n<\/thead>\n<tbody class=\"row-striping row-hover\">\n<tr class=\"row-2\">\n\t<td class=\"column-1\">Feuerwehr <\/td><td class=\"column-2\"> \t<a href=\"https:\/\/www.amtusedom.de\/ortsrecht\/or_garz\/garz-feuerwehrgebuehrensatzung.pdf\" target=\"_blank\" rel=\"noopener noreferrer\">Satzung der Gemeinde Garz \u00fcber die Erhebung von Geb\u00fchren und Entgelte f\u00fcr Leistungen der \u00f6ffentlichen Feuerwehr (Feuerwehrgeb\u00fchrensatzung)<\/a><\/td>\n<\/tr>\n<tr class=\"row-3\">\n\t<td class=\"column-1\"><\/td><td class=\"column-2\"><\/td>\n<\/tr>\n<tr class=\"row-4\">\n\t<td class=\"column-1\">Friedhof<\/td><td class=\"column-2\"> \t<a href=\"https:\/\/www.amtusedom.de\/ortsrecht\/or_zirchow\/zirchow13.pdf\" target=\"_blank\" rel=\"noopener noreferrer\">Friedhofsgeb\u00fchrenordnung f\u00fcr die Friedh\u00f6fe der Ev. Kirchengemeinde Zirchow in Zirchow, Garz und Kamminke<\/a><\/td>\n<\/tr>\n<tr class=\"row-5\">\n\t<td class=\"column-1\"><\/td><td class=\"column-2\"> \t<a href=\"https:\/\/www.amtusedom.de\/wp-content\/uploads\/2023\/04\/Bek.-Friedhofssatzung-Kirchgemeinde-Zirchow.pdf\" target=\"_blank\" rel=\"noopener\">Friedhofssatzung f\u00fcr die Friedh\u00f6fe der Evangelischen Kirchengemeinde Zirchow in Zirchow, Garz auf Usedom und Kamminke<\/a><\/td>\n<\/tr>\n<tr class=\"row-6\">\n\t<td class=\"column-1\"><\/td><td class=\"column-2\"><\/td>\n<\/tr>\n<tr class=\"row-7\">\n\t<td class=\"column-1\">Sondernutzung Stra\u00dfen <\/td><td class=\"column-2\"> \t<a href=\"https:\/\/www.amtusedom.de\/ortsrecht\/or_garz\/garz-sondernutzungen.pdf\" target=\"_blank\" rel=\"noopener noreferrer\">Satzung f\u00fcr Sondernutzungen an \u00f6ffentlichen Stra\u00dfen, Wegen und Pl\u00e4tzen der Gemeinde Garz<\/a><\/td>\n<\/tr>\n<tr class=\"row-8\">\n\t<td class=\"column-1\"><\/td><td class=\"column-2\"> \t<a href=\"https:\/\/www.amtusedom.de\/ortsrecht\/or_garz\/garz-sondernutzungen-gebuehren.pdf\" target=\"_blank\" rel=\"noopener noreferrer\">Satzung \u00fcber die Erhebung von Geb\u00fchren f\u00fcr Sondernutzungen an \u00f6ffentlichen Stra\u00dfen in der Gemeinde Garz (Sondernutzungsgeb\u00fchrensatzung)<\/a><\/td>\n<\/tr>\n<tr class=\"row-9\">\n\t<td class=\"column-1\"><\/td><td class=\"column-2\"><\/td>\n<\/tr>\n<tr class=\"row-10\">\n\t<td class=\"column-1\">Stra\u00dfenreinigung<\/td><td class=\"column-2\"> \t<a href=\"https:\/\/www.amtusedom.de\/ortsrecht\/or_garz\/garz03.pdf\" target=\"_blank\" rel=\"noopener noreferrer\">Satzung \u00fcber die Stra\u00dfenreinigung in der Gemeinde Garz<\/a><\/td>\n<\/tr>\n<tr class=\"row-11\">\n\t<td class=\"column-1\"><\/td><td class=\"column-2\"><\/td>\n<\/tr>\n<tr class=\"row-12\">\n\t<td class=\"column-1\">Versammlungsraum (Benutzungs- und Entgeltordnung)<\/td><td class=\"column-2\"> \t<a href=\"https:\/\/www.amtusedom.de\/ortsrecht\/or_garz\/garz-versammlungsraum.pdf\" target=\"_blank\" rel=\"noopener noreferrer\">Benutzungs- und Entgeltordnung f\u00fcr den Versammlungsraum im Feuerwehr- und Gemeindehaus der Gemeinde Garz<\/a><\/td>\n<\/tr>\n<tr class=\"row-13\">\n\t<td class=\"column-1\"><\/td><td class=\"column-2\"> \t<a href=\"https:\/\/www.amtusedom.de\/ortsrecht\/or_garz\/garz-versammlungsraum-1aend.pdf\" target=\"_blank\" rel=\"noopener noreferrer\">1. \u00c4nderung der Benutzungs- und Entgeltordnung f\u00fcr den Versammlungsraum im Feuerwehr- und Gemeindehaus der Gemeinde Garz vom 20. November 2012<\/a><\/td>\n<\/tr>\n<tr class=\"row-14\">\n\t<td class=\"column-1\"><\/td><td class=\"column-2\"> \t<a href=\"https:\/\/www.amtusedom.de\/ortsrecht\/or_garz\/garz-versammlungsraum-lesefassung.pdf\" target=\"_blank\" rel=\"noopener noreferrer\">Benutzungs- und Entgeltordnung f\u00fcr den Versammlungsraum im Feuerwehr- und Gemeindehaus der Gemeinde Garz - Lesefassung<\/a><\/td>\n<\/tr>\n<\/tbody>\n<\/table>\n<!-- #tablepress-55 from cache -->","protected":false},"excerpt":{"rendered":"","protected":false},"author":2,"featured_media":0,"parent":501,"menu_order":2,"comment_status":"closed","ping_status":"closed","template":"","meta":{"footnotes":""},"class_list":["post-512","page","type-page","status-publish","hentry"],"_links":{"self":[{"href":"https:\/\/www.amtusedom.de\/index.php?rest_route=\/wp\/v2\/pages\/512","targetHints":{"allow":["GET"]}}],"collection":[{"href":"https:\/\/www.amtusedom.de\/index.php?rest_route=\/wp\/v2\/pages"}],"about":[{"href":"https:\/\/www.amtusedom.de\/index.php?rest_route=\/wp\/v2\/types\/page"}],"author":[{"embeddable":true,"href":"https:\/\/www.amtusedom.de\/index.php?rest_route=\/wp\/v2\/users\/2"}],"replies":[{"embeddable":true,"href":"https:\/\/www.amtusedom.de\/index.php?rest_route=%2Fwp%2Fv2%2Fcomments&post=512"}],"version-history":[{"count":11,"href":"https:\/\/www.amtusedom.de\/index.php?rest_route=\/wp\/v2\/pages\/512\/revisions"}],"predecessor-version":[{"id":7859,"href":"https:\/\/www.amtusedom.de\/index.php?rest_route=\/wp\/v2\/pages\/512\/revisions\/7859"}],"up":[{"embeddable":true,"href":"https:\/\/www.amtusedom.de\/index.php?rest_route=\/wp\/v2\/pages\/501"}],"wp:attachment":[{"href":"https:\/\/www.amtusedom.de\/index.php?rest_route=%2Fwp%2Fv2%2Fmedia&parent=512"}],"curies":[{"name":"wp","href":"https:\/\/api.w.org\/{rel}","templated":true}]}}