{"id":520,"date":"2012-08-24T10:20:23","date_gmt":"2012-08-24T08:20:23","guid":{"rendered":"http:\/\/localhost\/wp\/?page_id=520"},"modified":"2023-07-13T14:03:10","modified_gmt":"2023-07-13T12:03:10","slug":"ortsrecht-gemeinde-garz-baurecht","status":"publish","type":"page","link":"https:\/\/www.amtusedom.de\/?page_id=520","title":{"rendered":"Ortsrecht &#8211; Gemeinde Garz: Baurecht"},"content":{"rendered":"\n<table id=\"tablepress-56\" class=\"tablepress tablepress-id-56\">\n<thead>\n<tr class=\"row-1\">\n\t<td class=\"column-1\"><\/td>\n<\/tr>\n<\/thead>\n<tbody class=\"row-striping row-hover\">\n<tr class=\"row-2\">\n\t<td class=\"column-1\"> \t<a href=\"https:\/\/www.amtusedom.de\/ortsrecht\/or_garz\/garz-erschliessungsbeitragssatzung.pdf\" target=\"_blank\" rel=\"noopener noreferrer\">Satzung der Gemeinde Garz \u00fcber die Erhebung von Erschlie\u00dfungsbeitr\u00e4gen (Erschlie\u00dfungsbeitragssatzung)<\/a><\/td>\n<\/tr>\n<tr class=\"row-3\">\n\t<td class=\"column-1\"> \t<a href=\"https:\/\/www.amtusedom.de\/ortsrecht\/or_garz\/garz-hausnummern.pdf\" target=\"_blank\" rel=\"noopener noreferrer\">Satzung \u00fcber das Anbringen von Stra\u00dfenschildern und Hausnummern in der Gemeinde Garz<\/a><\/td>\n<\/tr>\n<tr class=\"row-4\">\n\t<td class=\"column-1\"> \t<a href=\"https:\/\/www.amtusedom.de\/bauplanung\/garz\/070306_GarzFNP.pdf\" target=\"_blank\" rel=\"noopener noreferrer\">Fl\u00e4chennutzungsplan Garz<\/a><\/td>\n<\/tr>\n<tr class=\"row-5\">\n\t<td class=\"column-1\"> \t<a href=\"https:\/\/www.amtusedom.de\/bauplanung\/garz\/garz-fnp-1aend.pdf\" target=\"_blank\" rel=\"noopener noreferrer\">1. \u00c4nderung Fl\u00e4chennutzungsplan Garz<\/a><\/td>\n<\/tr>\n<tr class=\"row-6\">\n\t<td class=\"column-1\"> \t<a href=\"https:\/\/www.amtusedom.de\/bauplanung\/garz\/garz-fnp-1erg.pdf\" target=\"_blank\" rel=\"noopener noreferrer\">1. Erg\u00e4nzung Fl\u00e4chennutzungsplan Garz<\/a><\/td>\n<\/tr>\n<tr class=\"row-7\">\n\t<td class=\"column-1\"> \t<a href=\"https:\/\/www.amtusedom.de\/bauplanung\/garz\/06-02-09_BP_Vitalw_Garz.pdf\" target=\"_blank\" rel=\"noopener noreferrer\">Bebauungsplan Nr.1 - \"Vitalwelt\"<\/a><\/td>\n<\/tr>\n<tr class=\"row-8\">\n\t<td class=\"column-1\"> \t<a href=\"https:\/\/www.amtusedom.de\/bauplanung\/garz\/garz-bplan1-aend2.pdf\" target=\"_blank\" rel=\"noopener noreferrer\">Bebauungsplan Nr.1 \u00c4nderung 2 - \"Vitalwelt\"<\/a><\/td>\n<\/tr>\n<tr class=\"row-9\">\n\t<td class=\"column-1\"> \t<a href=\"https:\/\/www.amtusedom.de\/bauplanung\/garz\/garz-bplan1-aend3.pdf\" target=\"_blank\" rel=\"noopener noreferrer\">Bebauungsplan Nr.1 \u00c4nderung 3 - \"Vitalwelt\"<\/a><\/td>\n<\/tr>\n<tr class=\"row-10\">\n\t<td class=\"column-1\"> \t<a href=\"https:\/\/www.amtusedom.de\/bauplanung\/garz\/garz-bplan1-aend4.pdf\" target=\"_blank\" rel=\"noopener noreferrer\">Bebauungsplan Nr.1 \u00c4nderung 4 - \"Vitalwelt\"<\/a><\/td>\n<\/tr>\n<tr class=\"row-11\">\n\t<td class=\"column-1\"><a target=\"_blank\" href=\"https:\/\/www.amtusedom.de\/wp-content\/uploads\/2024\/01\/BebauungsplanNr1%20\u00c4nderung%205%20-%20Vitalwelt.pdf\" rel=\"noopener\">Bebauungsplan Nr.1 \u00c4nderung 5 - Vitalwelt<\/a><\/td>\n<\/tr>\n<tr class=\"row-12\">\n\t<td class=\"column-1\"> \t<a href=\"https:\/\/www.amtusedom.de\/bauplanung\/garz\/garz-bplan2.pdf\" target=\"_blank\" rel=\"noopener noreferrer\">Bebauungsplan Nr.2 \"Wohngebiet an der Robert-Kracht-Stra\u00dfe\"<\/a><\/td>\n<\/tr>\n<tr class=\"row-13\">\n\t<td class=\"column-1\"> \t<a target=\"_blank\" href=\"https:\/\/www.amtusedom.de\/wp-content\/uploads\/2025\/10\/BP-3-Garz-Bestands-und-Konfliktplan-PlanBP-3-Garz-Sartz.fass_.-02-2019.pdf\">BP 3 Garz - Bestands- und Konfliktplan, PlanBP 3 Garz Sartz.fass. 02-2019<\/a><\/td>\n<\/tr>\n<tr class=\"row-14\">\n\t<td class=\"column-1\"> \t<a href=\"https:\/\/www.amtusedom.de\/bauplanung\/garz\/DE-Garz-Gestaltung.pdf\" target=\"_blank\" rel=\"noopener noreferrer\">Dorferneuerung Garz - Gestaltungsplan<\/a><\/td>\n<\/tr>\n<tr class=\"row-15\">\n\t<td class=\"column-1\"> \t<a href=\"https:\/\/www.amtusedom.de\/bauplanung\/garz\/DE-Garz-Massnahmen.pdf\" target=\"_blank\" rel=\"noopener noreferrer\">Dorferneuerung Garz - Ma\u00dfnahmeplan<\/a><\/td>\n<\/tr>\n<tr class=\"row-16\">\n\t<td class=\"column-1\"> \t<a href=\"https:\/\/www.amtusedom.de\/bauplanung\/garz\/S-Garz.pdf\" target=\"_blank\" rel=\"noopener noreferrer\">Klarstellungssatzung Garz<\/a><\/td>\n<\/tr>\n<tr class=\"row-17\">\n\t<td class=\"column-1\"> \t<a href=\"https:\/\/www.amtusedom.de\/bauplanung\/garz\/S-Garz-1Aen.pdf\" target=\"_blank\" rel=\"noopener noreferrer\">Klarstellungssatzung Garz 1. \u00c4nderung<\/a><\/td>\n<\/tr>\n<\/tbody>\n<\/table>\n<!-- #tablepress-56 from cache -->","protected":false},"excerpt":{"rendered":"","protected":false},"author":2,"featured_media":0,"parent":501,"menu_order":4,"comment_status":"closed","ping_status":"closed","template":"","meta":{"footnotes":""},"class_list":["post-520","page","type-page","status-publish","hentry"],"_links":{"self":[{"href":"https:\/\/www.amtusedom.de\/index.php?rest_route=\/wp\/v2\/pages\/520","targetHints":{"allow":["GET"]}}],"collection":[{"href":"https:\/\/www.amtusedom.de\/index.php?rest_route=\/wp\/v2\/pages"}],"about":[{"href":"https:\/\/www.amtusedom.de\/index.php?rest_route=\/wp\/v2\/types\/page"}],"author":[{"embeddable":true,"href":"https:\/\/www.amtusedom.de\/index.php?rest_route=\/wp\/v2\/users\/2"}],"replies":[{"embeddable":true,"href":"https:\/\/www.amtusedom.de\/index.php?rest_route=%2Fwp%2Fv2%2Fcomments&post=520"}],"version-history":[{"count":16,"href":"https:\/\/www.amtusedom.de\/index.php?rest_route=\/wp\/v2\/pages\/520\/revisions"}],"predecessor-version":[{"id":7860,"href":"https:\/\/www.amtusedom.de\/index.php?rest_route=\/wp\/v2\/pages\/520\/revisions\/7860"}],"up":[{"embeddable":true,"href":"https:\/\/www.amtusedom.de\/index.php?rest_route=\/wp\/v2\/pages\/501"}],"wp:attachment":[{"href":"https:\/\/www.amtusedom.de\/index.php?rest_route=%2Fwp%2Fv2%2Fmedia&parent=520"}],"curies":[{"name":"wp","href":"https:\/\/api.w.org\/{rel}","templated":true}]}}