{"id":536,"date":"2012-08-24T11:04:59","date_gmt":"2012-08-24T09:04:59","guid":{"rendered":"http:\/\/localhost\/wp\/?page_id=536"},"modified":"2023-07-31T10:53:03","modified_gmt":"2023-07-31T08:53:03","slug":"ortsrecht-gemeinde-kamminke-sicherheits-und-ordnungsrecht","status":"publish","type":"page","link":"https:\/\/www.amtusedom.de\/?page_id=536","title":{"rendered":"Ortsrecht &#8211; Gemeinde Kamminke: Sicherheits- und Ordnungsrecht"},"content":{"rendered":"\n<table id=\"tablepress-63\" class=\"tablepress tablepress-id-63\">\n<thead>\n<tr class=\"row-1\">\n\t<td class=\"column-1\"><\/td><th class=\"column-2\">Satzung<\/th>\n<\/tr>\n<\/thead>\n<tbody class=\"row-striping row-hover\">\n<tr class=\"row-2\">\n\t<td class=\"column-1\">Friedhof <\/td><td class=\"column-2\"> \t<a href=\"https:\/\/www.amtusedom.de\/wp-content\/uploads\/2023\/04\/Bek.-Friedhofssatzung-Kirchgemeinde-Zirchow.pdf\" target=\"_blank\" rel=\"noopener\">Friedhofssatzung f\u00fcr die Friedh\u00f6fe der Evangelischen Kirchengemeinde Zirchow in Zirchow, Garz auf Usedom und Kamminke<\/a><\/td>\n<\/tr>\n<tr class=\"row-3\">\n\t<td class=\"column-1\"><\/td><td class=\"column-2\"> \t<a target=\"_blank\" href=\"https:\/\/www.amtusedom.de\/ortsrecht\/or_kamminke\/kamminke-feuerwehrgebuehrensatzung.pdf\" rel=\"noopener noreferrer\">Satzung der Gemeinde Kamminke \u00fcber die Erhebung von Geb\u00fchren und Entgelte f\u00fcr Leistungen der \u00f6ffentlichen Feuerwehr (Feuerwehrgeb\u00fchrensatzung)<\/a><\/td>\n<\/tr>\n<tr class=\"row-4\">\n\t<td class=\"column-1\"><\/td><td class=\"column-2\"> \t<a href=\"https:\/\/www.amtusedom.de\/ortsrecht\/or_zirchow\/zirchow13.pdf\" target=\"_blank\" rel=\"noopener noreferrer\">Friedhofsgeb\u00fchrenordnung f\u00fcr die Friedh\u00f6fe der Ev. Kirchengemeinde Zirchow in Zirchow, Garz und Kamminke<\/a><\/td>\n<\/tr>\n<tr class=\"row-5\">\n\t<td class=\"column-1\"><\/td><td class=\"column-2\"><\/td>\n<\/tr>\n<tr class=\"row-6\">\n\t<td class=\"column-1\">Feuerwehr<\/td><td class=\"column-2\"> \t<a href=\"https:\/\/www.amtusedom.de\/ortsrecht\/or_kamminke\/kamminke-feuerwehrgebuehrensatzung.pdf\" target=\"_blank\" rel=\"noopener noreferrer\">Satzung der Gemeinde Kamminke \u00fcber die Erhebung von Geb\u00fchren und Entgelte f\u00fcr Leistungen der \u00f6ffentlichen Feuerwehr (Feuerwehrgeb\u00fchrensatzung)<\/a><\/td>\n<\/tr>\n<tr class=\"row-7\">\n\t<td class=\"column-1\"><\/td><td class=\"column-2\"><\/td>\n<\/tr>\n<tr class=\"row-8\">\n\t<td class=\"column-1\">Hafen<\/td><td class=\"column-2\"> \t<a href=\"https:\/\/www.amtusedom.de\/ortsrecht\/or_kamminke\/kamminke-entgeldordnung-hafen.pdf\" target=\"_blank\" rel=\"noopener noreferrer\">Entgeltordnung der Gemeinde Kamminke f\u00fcr die Benutzung des Hafens Kamminke<\/a><\/td>\n<\/tr>\n<tr class=\"row-9\">\n\t<td class=\"column-1\"><\/td><td class=\"column-2\"><\/td>\n<\/tr>\n<tr class=\"row-10\">\n\t<td class=\"column-1\">Parkgeb\u00fchren<\/td><td class=\"column-2\"> \t<a href=\"https:\/\/www.amtusedom.de\/ortsrecht\/or_kamminke\/kamminke-parkgebuehrenverordnung.pdf\" target=\"_blank\" rel=\"noopener noreferrer\">Verordnung der Gemeinde Kamminke \u00fcber die Erhebung von Parkgeb\u00fchren auf \u00f6ffentlichen Stra\u00dfen, Wegen und Pl\u00e4tzen (Parkgeb\u00fchrenverordnung)<\/a><\/td>\n<\/tr>\n<tr class=\"row-11\">\n\t<td class=\"column-1\"><\/td><td class=\"column-2\"> \t<a href=\"https:\/\/www.amtusedom.de\/ortsrecht\/or_kamminke\/kamminke-parkgebuehrenverordnung-1aend.pdf\" target=\"_blank\" rel=\"noopener noreferrer\">1. \u00c4nderung der Verordnung der Gemeinde Kamminke \u00fcber die Erhebung von Parkgeb\u00fchren auf \u00f6ffentlichen Stra\u00dfen, Wegen und Pl\u00e4tzen (Parkgeb\u00fchrenverordnung)<\/a><\/td>\n<\/tr>\n<tr class=\"row-12\">\n\t<td class=\"column-1\"><\/td><td class=\"column-2\"> \t<a href=\"https:\/\/www.amtusedom.de\/ortsrecht\/or_kamminke\/kamminke-parkgebuehrenverordnung-2aend.pdf\" target=\"_blank\" rel=\"noopener noreferrer\">2. \u00c4nderung der Verordnung der Gemeinde Kamminke \u00fcber die Erhebung von Parkgeb\u00fchren auf \u00f6ffentlichen Stra\u00dfen, Wegen und Pl\u00e4tzen (Parkgeb\u00fchrenverordnung)<\/a><\/td>\n<\/tr>\n<tr class=\"row-13\">\n\t<td class=\"column-1\"><\/td><td class=\"column-2\"> \t<a href=\"https:\/\/www.amtusedom.de\/ortsrecht\/or_kamminke\/kamminke-parkgebuehrenverordnung-3aend.pdf\" target=\"_blank\" rel=\"noopener noreferrer\">3. \u00c4nderung der Verordnung der Gemeinde Kamminke \u00fcber die Erhebung von Parkgeb\u00fchren auf \u00f6ffentlichen Stra\u00dfen, Wegen und Pl\u00e4tzen (Parkgeb\u00fchrenverordnung)<\/a><\/td>\n<\/tr>\n<tr class=\"row-14\">\n\t<td class=\"column-1\"><\/td><td class=\"column-2\"><a target=\"_blank\" href=\"https:\/\/www.amtusedom.de\/wp-content\/uploads\/2023\/07\/4.-Aend.-Parkgebuehren-2021.pdf\" rel=\"noopener\">4. \u00c4nderung der Verordnung der Gemeinde Kamminke \u00fcber die Erhebung von Parkgeb\u00fchren auf \u00f6ffentlichen Stra\u00dfen, Wegen und Pl\u00e4tzen  (Parkgeb\u00fchrenverordnung vom 17.11.2020)<\/a><\/td>\n<\/tr>\n<tr class=\"row-15\">\n\t<td class=\"column-1\"><\/td><td class=\"column-2\"><a href=\"https:\/\/www.amtusedom.de\/wp-content\/uploads\/2024\/02\/Kamminke-5.-Aend.-Parkgebuehren-2023-VOe.pdf\">5. \u00c4nderung der Verordnung der Gemeinde Kamminke \u00fcber die Erhebung von Parkgeb\u00fchren auf \u00f6ffentlichen Stra\u00dfen, Wegen und Pl\u00e4tzen (Parkgeb\u00fchrenverordnung)<\/a><\/td>\n<\/tr>\n<tr class=\"row-16\">\n\t<td class=\"column-1\"><\/td><td class=\"column-2\"><a target=\"_blank\" href=\"https:\/\/www.amtusedom.de\/wp-content\/uploads\/2024\/01\/Lesefassung-Parkgebuehren-VO-form.5.Aend_.pdf\" rel=\"noopener\">Lesefassung Parkgeb\u00fchrenverordnung der Gemeinde Kamminke <\/a><\/td>\n<\/tr>\n<tr class=\"row-17\">\n\t<td class=\"column-1\"><\/td><td class=\"column-2\"><\/td>\n<\/tr>\n<tr class=\"row-18\">\n\t<td class=\"column-1\">Sondernutzung \u00f6ff. Stra\u00dfen<\/td><td class=\"column-2\"> \t<a href=\"https:\/\/www.amtusedom.de\/ortsrecht\/or_kamminke\/kamminke-sondernutzung.pdf\" target=\"_blank\" rel=\"noopener noreferrer\">Satzung f\u00fcr Sondernutzungen an \u00f6ffentlichen Stra\u00dfen, Wegen und Pl\u00e4tzen der Gemeinde Kamminke<\/a><\/td>\n<\/tr>\n<tr class=\"row-19\">\n\t<td class=\"column-1\"><\/td><td class=\"column-2\"> \t<a href=\"https:\/\/www.amtusedom.de\/ortsrecht\/or_kamminke\/kamminke-sondernutzungsgebuehren.pdf\" target=\"_blank\" rel=\"noopener noreferrer\">Satzung \u00fcber die Erhebung von Geb\u00fchren f\u00fcr Sondernutzungen an \u00f6ffentlichen Stra\u00dfen in der Gemeinde Kamminke<\/a><\/td>\n<\/tr>\n<tr class=\"row-20\">\n\t<td class=\"column-1\"><\/td><td class=\"column-2\"><\/td>\n<\/tr>\n<tr class=\"row-21\">\n\t<td class=\"column-1\">Strand- und Badeordnung<\/td><td class=\"column-2\"> \t<a href=\"https:\/\/www.amtusedom.de\/ortsrecht\/or_kamminke\/kamminke-strandordnung.pdf\" target=\"_blank\" rel=\"noopener noreferrer\">Satzung \u00fcber die Strand- und Badeordnung der Gemeinde Kamminke<\/a><\/td>\n<\/tr>\n<tr class=\"row-22\">\n\t<td class=\"column-1\"><\/td><td class=\"column-2\"><\/td>\n<\/tr>\n<tr class=\"row-23\">\n\t<td class=\"column-1\">Stra\u00dfenreinigung<\/td><td class=\"column-2\"> \t<a href=\"https:\/\/www.amtusedom.de\/ortsrecht\/or_kamminke\/kamminke-strassenreinigung.pdf\" target=\"_blank\" rel=\"noopener noreferrer\">Stra\u00dfenreinigungssatzung der Gemeinde Kamminke<\/a><\/td>\n<\/tr>\n<\/tbody>\n<\/table>\n<!-- #tablepress-63 from cache -->","protected":false},"excerpt":{"rendered":"","protected":false},"author":2,"featured_media":0,"parent":526,"menu_order":2,"comment_status":"closed","ping_status":"closed","template":"","meta":{"footnotes":""},"class_list":["post-536","page","type-page","status-publish","hentry"],"_links":{"self":[{"href":"https:\/\/www.amtusedom.de\/index.php?rest_route=\/wp\/v2\/pages\/536","targetHints":{"allow":["GET"]}}],"collection":[{"href":"https:\/\/www.amtusedom.de\/index.php?rest_route=\/wp\/v2\/pages"}],"about":[{"href":"https:\/\/www.amtusedom.de\/index.php?rest_route=\/wp\/v2\/types\/page"}],"author":[{"embeddable":true,"href":"https:\/\/www.amtusedom.de\/index.php?rest_route=\/wp\/v2\/users\/2"}],"replies":[{"embeddable":true,"href":"https:\/\/www.amtusedom.de\/index.php?rest_route=%2Fwp%2Fv2%2Fcomments&post=536"}],"version-history":[{"count":18,"href":"https:\/\/www.amtusedom.de\/index.php?rest_route=\/wp\/v2\/pages\/536\/revisions"}],"predecessor-version":[{"id":7930,"href":"https:\/\/www.amtusedom.de\/index.php?rest_route=\/wp\/v2\/pages\/536\/revisions\/7930"}],"up":[{"embeddable":true,"href":"https:\/\/www.amtusedom.de\/index.php?rest_route=\/wp\/v2\/pages\/526"}],"wp:attachment":[{"href":"https:\/\/www.amtusedom.de\/index.php?rest_route=%2Fwp%2Fv2%2Fmedia&parent=536"}],"curies":[{"name":"wp","href":"https:\/\/api.w.org\/{rel}","templated":true}]}}