{"id":559,"date":"2012-08-27T11:45:51","date_gmt":"2012-08-27T09:45:51","guid":{"rendered":"http:\/\/localhost\/wp\/?page_id=559"},"modified":"2023-07-31T12:07:35","modified_gmt":"2023-07-31T10:07:35","slug":"ortsrecht-gemeinde-korswandt-sicherheits-und-ordnungsrecht","status":"publish","type":"page","link":"https:\/\/www.amtusedom.de\/?page_id=559","title":{"rendered":"Ortsrecht &#8211; Gemeinde Korswandt: Sicherheits- und Ordnungsrecht"},"content":{"rendered":"\n<table id=\"tablepress-64\" class=\"tablepress tablepress-id-64\">\n<thead>\n<tr class=\"row-1\">\n\t<td class=\"column-1\"><\/td><td class=\"column-2\"><\/td>\n<\/tr>\n<\/thead>\n<tbody class=\"row-striping row-hover\">\n<tr class=\"row-2\">\n\t<td class=\"column-1\">Feuerwehr <\/td><td class=\"column-2\"> \t<a href=\"https:\/\/www.amtusedom.de\/ortsrecht\/or_korswandt\/korswandt-feuerwehrgebuehrensatzung-aend1.pdf\" target=\"_blank\" rel=\"noopener noreferrer\">1. Satzung zur \u00c4nderung der Satzung der Gemeinde Korswandt \u00fcber die Erhebung von Geb\u00fchren und Entgelte f\u00fcr Leistungen der \u00f6ffentlichen Feuerwehr (Feuerwehrgeb\u00fchrensatzung)<\/a><\/td>\n<\/tr>\n<tr class=\"row-3\">\n\t<td class=\"column-1\"><\/td><td class=\"column-2\"> \t<a href=\"https:\/\/www.amtusedom.de\/ortsrecht\/or_korswandt\/korswandt-feuerwehrgebuehrensatzung.pdf\" target=\"_blank\" rel=\"noopener noreferrer\">Satzung der Gemeinde Korswandt \u00fcber die Erhebung von Geb\u00fchren und Entgelte f\u00fcr Leistungen der \u00f6ffentlichen Feuerwehr (Feuerwehrgeb\u00fchrensatzung) - Lesefassung<\/a><\/td>\n<\/tr>\n<tr class=\"row-4\">\n\t<td class=\"column-1\">Friedhof <\/td><td class=\"column-2\"> \t<a href=\"https:\/\/www.amtusedom.de\/ortsrecht\/or_korswandt\/korswandt-friedhofsatzung.pdf\" target=\"_blank\" rel=\"noopener noreferrer\">Friedhofsatzung f\u00fcr die Gemeinde Korswandt<\/a><\/td>\n<\/tr>\n<tr class=\"row-5\">\n\t<td class=\"column-1\"><\/td><td class=\"column-2\"> \t<a href=\"https:\/\/www.amtusedom.de\/ortsrecht\/or_korswandt\/korswandt-friedhofgebuehrensatzung.pdf\" target=\"_blank\" rel=\"noopener noreferrer\">Friedhofsgeb\u00fchrensatzung der Gemeinde Korswandt<\/a><\/td>\n<\/tr>\n<tr class=\"row-6\">\n\t<td class=\"column-1\"><\/td><td class=\"column-2\"><a target=\"_blank\" href=\"https:\/\/www.amtusedom.de\/wp-content\/uploads\/2023\/08\/1.-Aenderung-der-Friedhofssatzung-Korswandt-2023.pdf\" rel=\"noopener\">1. \u00c4nderung der Friedhofssatzung Korswandt 2023<\/a><br \/>\n<br \/>\n<a target=\"_blank\" href=\"https:\/\/www.amtusedom.de\/wp-content\/uploads\/2023\/08\/1.-Aend.-Friedhofsatzung-2023-Lesefassung.pdf\" rel=\"noopener\">1. \u00c4nd. Friedhofsatzung 2023 Lesefassung<\/a><\/td>\n<\/tr>\n<tr class=\"row-7\">\n\t<td class=\"column-1\"><\/td><td class=\"column-2\"><a target=\"_blank\" href=\"https:\/\/www.amtusedom.de\/wp-content\/uploads\/2023\/08\/1.-Aenderung-der-Friedhofsgebuehrensatzung-Korswandt-2023-m.U.BGM_.pdf\" rel=\"noopener\">1. \u00c4nderung der Friedhofsgeb\u00fchrensatzung Korswandt 2023 m.U.BGM<\/a><br \/>\n<br \/>\n<a target=\"_blank\" href=\"https:\/\/www.amtusedom.de\/wp-content\/uploads\/2023\/08\/1.-Aend.-Friedhofsgebuehrensatzung-Lesefassung-2023.pdf\" rel=\"noopener\">1. \u00c4nd. Friedhofsgeb\u00fchrensatzung Lesefassung 2023<\/a><\/td>\n<\/tr>\n<tr class=\"row-8\">\n\t<td class=\"column-1\"><\/td><td class=\"column-2\"><\/td>\n<\/tr>\n<tr class=\"row-9\">\n\t<td class=\"column-1\">Parkgeb\u00fchren <\/td><td class=\"column-2\"> \t<a href=\"https:\/\/www.amtusedom.de\/ortsrecht\/or_korswandt\/korswandt16.pdf\" target=\"_blank\" rel=\"noopener noreferrer\">Verordnung der Gemeinde Korswandt \u00fcber die Erhebung von Parkgeb\u00fchren auf \u00f6ffentlichen Stra\u00dfen, Wegen und Pl\u00e4tzen<\/a><\/td>\n<\/tr>\n<tr class=\"row-10\">\n\t<td class=\"column-1\"><\/td><td class=\"column-2\"> \t<a href=\"https:\/\/www.amtusedom.de\/ortsrecht\/or_korswandt\/korswandt-parkgebuehrenverordnung-aend1.pdf\" target=\"_blank\" rel=\"noopener noreferrer\">1. \u00c4nderung der Parkgeb\u00fchrenverordnung der Gemeinde Korswandt<\/a><\/td>\n<\/tr>\n<tr class=\"row-11\">\n\t<td class=\"column-1\"><\/td><td class=\"column-2\"><a href=\"https:\/\/www.amtusedom.de\/wp-content\/uploads\/2024\/04\/Korswandt-2.-Aend.-Parkgebuehren.pdf\" rel=\"noopener\" target=\"_blank\">2. \u00c4nderung der Verordnung der Gemeinde Korswandt \u00fcber die Erhebung von Parkgeb\u00fchren auf \u00f6ffentlichen Stra\u00dfen, Wegen und Pl\u00e4tzen  (Parkgeb\u00fchrenordnung vom 23.02.2023<\/a><\/td>\n<\/tr>\n<tr class=\"row-12\">\n\t<td class=\"column-1\"><\/td><td class=\"column-2\"><a target=\"_blank\" href=\"https:\/\/www.amtusedom.de\/wp-content\/uploads\/2023\/07\/Parkgebuehren-form.2.Aend-Lesefassung.pdf\" rel=\"noopener\">Lesefassung   Verordnung der Gemeinde Korswandt \u00fcber die Erhebung von Parkgeb\u00fchren auf \u00f6ffentlichen Stra\u00dfen, Wegen und Pl\u00e4tzen (Parkgeb\u00fchrenordnung) vom 15. Oktober 2004<\/a><\/td>\n<\/tr>\n<tr class=\"row-13\">\n\t<td class=\"column-1\"><\/td><td class=\"column-2\"><\/td>\n<\/tr>\n<tr class=\"row-14\">\n\t<td class=\"column-1\">Stra\u00dfenschilder und Hausnummern <\/td><td class=\"column-2\"> \t<a href=\"https:\/\/www.amtusedom.de\/ortsrecht\/or_korswandt\/korswandt-hausnummern.pdf\" target=\"_blank\" rel=\"noopener noreferrer\">Satzung \u00fcber das Anbringen von Stra\u00dfenschildern und Hausnummern in der Gemeinde Korswandt<\/a><\/td>\n<\/tr>\n<tr class=\"row-15\">\n\t<td class=\"column-1\"><\/td><td class=\"column-2\"><\/td>\n<\/tr>\n<tr class=\"row-16\">\n\t<td class=\"column-1\">Sondernutzungen  \u00f6ffentliche Stra\u00dfen, Wege und Pl\u00e4tze<\/td><td class=\"column-2\"> \t<a href=\"https:\/\/www.amtusedom.de\/ortsrecht\/or_korswandt\/korswandt10.pdf\" target=\"_blank\" rel=\"noopener noreferrer\">Satzung f\u00fcr Sondernutzungen an \u00f6ffentlichen Stra\u00dfen, Wegen und Pl\u00e4tzen der Gemeinde Korswandt<\/a><\/td>\n<\/tr>\n<tr class=\"row-17\">\n\t<td class=\"column-1\"><\/td><td class=\"column-2\"> \t<a href=\"https:\/\/www.amtusedom.de\/ortsrecht\/or_korswandt\/korswandt15.pdf\" target=\"_blank\" rel=\"noopener noreferrer\">Satzung \u00fcber die Erhebung von Geb\u00fchren f\u00fcr Sondernutzungen an \u00f6ffentlichen Stra\u00dfen in der Gemeinde Korswandt<\/a><\/td>\n<\/tr>\n<tr class=\"row-18\">\n\t<td class=\"column-1\"><\/td><td class=\"column-2\"><\/td>\n<\/tr>\n<tr class=\"row-19\">\n\t<td class=\"column-1\">Stra\u00dfenreinigung<\/td><td class=\"column-2\"> \t<a href=\"https:\/\/www.amtusedom.de\/ortsrecht\/or_korswandt\/korswandt04.pdf\" target=\"_blank\" rel=\"noopener noreferrer\">Satzung \u00fcber die Stra\u00dfenreinigung in der Gemeinde Korswandt<\/a><\/td>\n<\/tr>\n<\/tbody>\n<\/table>\n<!-- #tablepress-64 from cache -->","protected":false},"excerpt":{"rendered":"","protected":false},"author":2,"featured_media":0,"parent":549,"menu_order":2,"comment_status":"closed","ping_status":"closed","template":"","meta":{"footnotes":""},"class_list":["post-559","page","type-page","status-publish","hentry"],"_links":{"self":[{"href":"https:\/\/www.amtusedom.de\/index.php?rest_route=\/wp\/v2\/pages\/559","targetHints":{"allow":["GET"]}}],"collection":[{"href":"https:\/\/www.amtusedom.de\/index.php?rest_route=\/wp\/v2\/pages"}],"about":[{"href":"https:\/\/www.amtusedom.de\/index.php?rest_route=\/wp\/v2\/types\/page"}],"author":[{"embeddable":true,"href":"https:\/\/www.amtusedom.de\/index.php?rest_route=\/wp\/v2\/users\/2"}],"replies":[{"embeddable":true,"href":"https:\/\/www.amtusedom.de\/index.php?rest_route=%2Fwp%2Fv2%2Fcomments&post=559"}],"version-history":[{"count":13,"href":"https:\/\/www.amtusedom.de\/index.php?rest_route=\/wp\/v2\/pages\/559\/revisions"}],"predecessor-version":[{"id":7933,"href":"https:\/\/www.amtusedom.de\/index.php?rest_route=\/wp\/v2\/pages\/559\/revisions\/7933"}],"up":[{"embeddable":true,"href":"https:\/\/www.amtusedom.de\/index.php?rest_route=\/wp\/v2\/pages\/549"}],"wp:attachment":[{"href":"https:\/\/www.amtusedom.de\/index.php?rest_route=%2Fwp%2Fv2%2Fmedia&parent=559"}],"curies":[{"name":"wp","href":"https:\/\/api.w.org\/{rel}","templated":true}]}}