{"id":565,"date":"2012-08-27T13:02:42","date_gmt":"2012-08-27T11:02:42","guid":{"rendered":"http:\/\/localhost\/wp\/?page_id=565"},"modified":"2023-07-31T14:27:26","modified_gmt":"2023-07-31T12:27:26","slug":"ortsrecht-gemeinde-korswandt-finanz-und-steuerrecht","status":"publish","type":"page","link":"https:\/\/www.amtusedom.de\/?page_id=565","title":{"rendered":"Ortsrecht &#8211; Gemeinde Korswandt: Finanz- und Steuerrecht"},"content":{"rendered":"\n<table id=\"tablepress-65\" class=\"tablepress tablepress-id-65\">\n<thead>\n<tr class=\"row-1\">\n\t<td class=\"column-1\"><\/td><td class=\"column-2\"><\/td>\n<\/tr>\n<\/thead>\n<tbody class=\"row-striping\">\n<tr class=\"row-2\">\n\t<td class=\"column-1\">Hundesteuer <\/td><td class=\"column-2\"><a href=\"https:\/\/www.amtusedom.de\/ortsrecht\/or_korswandt\/korswandt-hundesteuer-aend1.pdf\" target=\"_blank\" rel=\"noopener noreferrer\">1. Satzung zur \u00c4nderung der Satzung \u00fcber die Erhebung einer Hundesteuer in der Gemeinde Korswandt<\/a><\/td>\n<\/tr>\n<tr class=\"row-3\">\n\t<td class=\"column-1\"><\/td><td class=\"column-2\">\t<a href=\"https:\/\/www.amtusedom.de\/ortsrecht\/or_korswandt\/korswandt-hundesteuer-lesefassung.pdf\" target=\"_blank\" rel=\"noopener noreferrer\">Satzung \u00fcber die Erhebung einer Hundesteuer in der Gemeinde Korswandt - Lesefassung<\/a><\/td>\n<\/tr>\n<tr class=\"row-4\">\n\t<td class=\"column-1\"><\/td><td class=\"column-2\"><\/td>\n<\/tr>\n<tr class=\"row-5\">\n\t<td class=\"column-1\">Stundung, Niederschlagung und Erlass <\/td><td class=\"column-2\">\t<a href=\"https:\/\/www.amtusedom.de\/ortsrecht\/or_korswandt\/korswandt12.pdf\" target=\"_blank\" rel=\"noopener noreferrer\">Satzung \u00fcber die Stundung, Niederschlagung und Erlass von Anspr\u00fcchen der Gemeinde Korswandt<\/a><\/td>\n<\/tr>\n<tr class=\"row-6\">\n\t<td class=\"column-1\"><\/td><td class=\"column-2\"><\/td>\n<\/tr>\n<tr class=\"row-7\">\n\t<td class=\"column-1\">Vergn\u00fcgungssteuer <\/td><td class=\"column-2\">\t<a href=\"https:\/\/www.amtusedom.de\/ortsrecht\/or_korswandt\/korswandt07.pdf\" target=\"_blank\" rel=\"noopener noreferrer\">Satzung der Gemeinde Korswandt \u00fcber die Erhebung einer Vergn\u00fcgungssteuer f\u00fcr das Halten von Spiel \u2013 und Geschicklichkeitsger\u00e4ten<\/a><\/td>\n<\/tr>\n<tr class=\"row-8\">\n\t<td class=\"column-1\">Kleineinleiter <\/td><td class=\"column-2\">\t<a href=\"https:\/\/www.amtusedom.de\/ortsrecht\/or_korswandt\/korswandt13.pdf\" target=\"_blank\" rel=\"noopener noreferrer\">Satzung der Gemeinde Korswandt \u00fcber die Abw\u00e4lzung der Abwasserabgabe f\u00fcr Kleineinleiter<\/a><\/td>\n<\/tr>\n<tr class=\"row-9\">\n\t<td class=\"column-1\">Wasser- und Bodenverband <\/td><td class=\"column-2\">\t<a href=\"https:\/\/www.amtusedom.de\/ortsrecht\/or_korswandt\/korswandt-wabo-aend02.pdf\" target=\"_blank\" rel=\"noopener noreferrer\">2. Satzung zur \u00c4nderung der Satzung der Gemeinde Korswandt \u00fcber die Erhebung von Geb\u00fchren zur Deckung der Verbandsbeitr\u00e4ge des Wasser- und Bodenverbandes \u201eInsel Usedom-Peenestrom\"<\/a><\/td>\n<\/tr>\n<tr class=\"row-10\">\n\t<td class=\"column-1\"><\/td><td class=\"column-2\"><a href=\"https:\/\/www.amtusedom.de\/ortsrecht\/or_korswandt\/korswandt-wabo-aend03.pdf\" target=\"_blank\" rel=\"noopener noreferrer\">3. Satzung zur \u00c4nderung der Satzung der Gemeinde Korswandt \u00fcber die Erhebung von Geb\u00fchren zur Deckung der Verbandsbeitr\u00e4ge des Wasser- und Bodenverbandes \u201eInsel Usedom-Peenestrom\"<\/a><\/td>\n<\/tr>\n<tr class=\"row-11\">\n\t<td class=\"column-1\"><\/td><td class=\"column-2\"><a href=\"https:\/\/www.amtusedom.de\/ortsrecht\/or_korswandt\/korswandt-wabo-aend04.pdf\" target=\"_blank\" rel=\"noopener noreferrer\">4. Satzung zur \u00c4nderung der Satzung der Gemeinde Korswandt \u00fcber die Erhebung von Geb\u00fchren zur Deckung der Verbandsbeitr\u00e4ge des Wasser- und Bodenverbandes \u201eInsel Usedom-Peenestrom\"<\/a><\/td>\n<\/tr>\n<tr class=\"row-12\">\n\t<td class=\"column-1\"><\/td><td class=\"column-2\"><a href=\"https:\/\/www.amtusedom.de\/wp-content\/uploads\/2025\/03\/Korswandt-5.-Aend.-WaBo-VOe.pdf\" target=\"_blank\">5. Satzung zur \u00c4nderung der Satzung der Gemeinde Korswandt \u00fcber die Erhebung von Geb\u00fchren zur Deckung der Verbandsbeitr\u00e4ge des Wasser- und Bodenverbandes \"Insel Usedom-Peenestrom\" <\/a><\/td>\n<\/tr>\n<tr class=\"row-13\">\n\t<td class=\"column-1\"><\/td><td class=\"column-2\"><a href=\"https:\/\/www.amtusedom.de\/wp-content\/uploads\/2025\/03\/Korswandt-WaBo-form.-5.Aend_.-2025.pdf\" target=\"_blank\">Satzung der Gemeinde Korswandt  \u00fcber die Erhebung von Geb\u00fchren zur Deckung der Verbandsbeitr\u00e4ge des Wasser- und Bodenverbandes \u201eInsel Usedom-Peenestrom\u201c - Lesefassung <\/a><\/td>\n<\/tr>\n<tr class=\"row-14\">\n\t<td class=\"column-1\"><\/td><td class=\"column-2\"><\/td>\n<\/tr>\n<tr class=\"row-15\">\n\t<td class=\"column-1\">Zweitwohnungssteuer <\/td><td class=\"column-2\">\t<a href=\"https:\/\/www.amtusedom.de\/ortsrecht\/or_korswandt\/korswandt-zweitwohnsteuer.pdf\" target=\"_blank\" rel=\"noopener noreferrer\">Satzung der Gemeinde Korswandt \u00fcber die Erhebung einer Zweitwohnungssteuer<\/a><\/td>\n<\/tr>\n<tr class=\"row-16\">\n\t<td class=\"column-1\"><\/td><td class=\"column-2\"><\/td>\n<\/tr>\n<tr class=\"row-17\">\n\t<td class=\"column-1\">Hebesatzsatzung <br \/>\nGrundsteuer Gewerbesteuer <\/td><td class=\"column-2\"><a href=\"https:\/\/www.amtusedom.de\/ortsrecht\/or_korswandt\/korswandt-hebesatzung-2020.pdf\" target=\"_blank\" rel=\"noopener noreferrer\">Satzung \u00fcber die Festsetzung der Hebes\u00e4tze f\u00fcr die Grundsteuer und Gewerbesteuer in der Gemeinde Korswandt (Hebesatzsatzung 2020)<\/a><\/td>\n<\/tr>\n<tr class=\"row-18\">\n\t<td class=\"column-1\"><\/td><td class=\"column-2\"><a href=\"https:\/\/www.amtusedom.de\/ortsrecht\/or_korswandt\/korswandt-hebesatzung-2022.pdf\" target=\"_blank\" rel=\"noopener noreferrer\">Satzung \u00fcber die Festsetzung der Hebes\u00e4tze f\u00fcr die Grundsteuer und Gewerbesteuer in der Gemeinde Korswandt (Hebesatzsatzung 2022)<\/a><\/td>\n<\/tr>\n<tr class=\"row-19\">\n\t<td class=\"column-1\"><\/td><td class=\"column-2\"><a target=\"_blank\" href=\"https:\/\/www.amtusedom.de\/wp-content\/uploads\/2025\/02\/06-Korswandt-Satzung-ueber-die-Festsetzung-der-Hebesaetze-2025_.pdf\">Satzung \u00fcber die Festsetzung der Hebes\u00e4tze  f\u00fcr die Grundsteuer und Gewerbesteuer in der Gemeinde Korswandt  (Hebesatzsatzung 2025)<\/a><\/td>\n<\/tr>\n<\/tbody>\n<\/table>\n<!-- #tablepress-65 from cache -->","protected":false},"excerpt":{"rendered":"","protected":false},"author":2,"featured_media":0,"parent":549,"menu_order":3,"comment_status":"closed","ping_status":"closed","template":"","meta":{"footnotes":""},"class_list":["post-565","page","type-page","status-publish","hentry"],"_links":{"self":[{"href":"https:\/\/www.amtusedom.de\/index.php?rest_route=\/wp\/v2\/pages\/565","targetHints":{"allow":["GET"]}}],"collection":[{"href":"https:\/\/www.amtusedom.de\/index.php?rest_route=\/wp\/v2\/pages"}],"about":[{"href":"https:\/\/www.amtusedom.de\/index.php?rest_route=\/wp\/v2\/types\/page"}],"author":[{"embeddable":true,"href":"https:\/\/www.amtusedom.de\/index.php?rest_route=\/wp\/v2\/users\/2"}],"replies":[{"embeddable":true,"href":"https:\/\/www.amtusedom.de\/index.php?rest_route=%2Fwp%2Fv2%2Fcomments&post=565"}],"version-history":[{"count":18,"href":"https:\/\/www.amtusedom.de\/index.php?rest_route=\/wp\/v2\/pages\/565\/revisions"}],"predecessor-version":[{"id":7941,"href":"https:\/\/www.amtusedom.de\/index.php?rest_route=\/wp\/v2\/pages\/565\/revisions\/7941"}],"up":[{"embeddable":true,"href":"https:\/\/www.amtusedom.de\/index.php?rest_route=\/wp\/v2\/pages\/549"}],"wp:attachment":[{"href":"https:\/\/www.amtusedom.de\/index.php?rest_route=%2Fwp%2Fv2%2Fmedia&parent=565"}],"curies":[{"name":"wp","href":"https:\/\/api.w.org\/{rel}","templated":true}]}}