{"id":571,"date":"2012-08-27T13:23:21","date_gmt":"2012-08-27T11:23:21","guid":{"rendered":"http:\/\/localhost\/wp\/?page_id=571"},"modified":"2023-08-02T09:44:41","modified_gmt":"2023-08-02T07:44:41","slug":"ortsrecht-gemeinde-korswandt-baurecht","status":"publish","type":"page","link":"https:\/\/www.amtusedom.de\/?page_id=571","title":{"rendered":"Ortsrecht &#8211; Gemeinde Korswandt: Baurecht"},"content":{"rendered":"\n<table id=\"tablepress-81\" class=\"tablepress tablepress-id-81\">\n<thead>\n<tr class=\"row-1\">\n\t<td class=\"column-1\"><\/td>\n<\/tr>\n<\/thead>\n<tbody class=\"row-striping row-hover\">\n<tr class=\"row-2\">\n\t<td class=\"column-1\"> \t<a href=\"https:\/\/www.amtusedom.de\/ortsrecht\/or_korswandt\/korswandt-ausbaubeitrag-aend01.pdf\" target=\"_blank\" rel=\"noopener noreferrer\">1. Satzung zur \u00c4nderung der Satzung der Gemeinde Korswandt \u00fcber die Erhebung von Beitr\u00e4gen f\u00fcr den Ausbau von Stra\u00dfen, Wegen und Pl\u00e4tzen<\/a><\/td>\n<\/tr>\n<tr class=\"row-3\">\n\t<td class=\"column-1\"> \t<a href=\"https:\/\/www.amtusedom.de\/ortsrecht\/or_korswandt\/korswandt-ausbaubeitrag-lesefassung.pdf\" target=\"_blank\" rel=\"noopener noreferrer\">Satzung der Gemeinde Korswandt \u00fcber die Erhebung von Beitr\u00e4gen f\u00fcr den Ausbau von Stra\u00dfen, Wegen und Pl\u00e4tzen - Lesefassung<\/a><\/td>\n<\/tr>\n<tr class=\"row-4\">\n\t<td class=\"column-1\"> \t<a href=\"https:\/\/www.amtusedom.de\/bauplanung\/korswandt\/Abschl. Fass. Plan FNP Korswandt.pdf\" target=\"_blank\" rel=\"noopener noreferrer\">Fl\u00e4chennutzungsplan Gemeinde Korswandt<\/a><\/td>\n<\/tr>\n<tr class=\"row-5\">\n\t<td class=\"column-1\"> \t<a href=\"https:\/\/www.amtusedom.de\/bauplanung\/korswandt\/B-Korswandt-Nr1.pdf\" target=\"_blank\" rel=\"noopener noreferrer\">B-Plan Nr.1 \"Ehemaliger Sportplatz\"<\/a><\/td>\n<\/tr>\n<tr class=\"row-6\">\n\t<td class=\"column-1\"> \t<a href=\"https:\/\/www.amtusedom.de\/bauplanung\/korswandt\/B-Korswandt-Nr1-1Aen.pdf\" target=\"_blank\" rel=\"noopener noreferrer\">B-Plan Nr.1 \"Ehemaliger Sportplatz\", 1. \u00c4nderung<\/a><\/td>\n<\/tr>\n<tr class=\"row-7\">\n\t<td class=\"column-1\"> \t<a href=\"https:\/\/www.amtusedom.de\/bauplanung\/korswandt\/B-Korswandt-Nr2.pdf\" target=\"_blank\" rel=\"noopener noreferrer\">B-Plan Nr. 2 \"Wohngebiet am Gothenweg\"<\/a><\/td>\n<\/tr>\n<tr class=\"row-8\">\n\t<td class=\"column-1\"> \t<a href=\"https:\/\/www.amtusedom.de\/bauplanung\/korswandt\/1-B-Plan-Nr-3-Golf-Korswandt.pdf\" target=\"_blank\" rel=\"noopener noreferrer\">Bebauungsplan Nr. 3 \"Golfplatz Korswandt\"<\/a><\/td>\n<\/tr>\n<tr class=\"row-9\">\n\t<td class=\"column-1\"> \t<a href=\"https:\/\/www.amtusedom.de\/bauplanung\/korswandt\/BPlanNr3-aenderung1-korswandt.pdf\" target=\"_blank\" rel=\"noopener noreferrer\">Bebauungsplan Nr. 3 \"Golfplatz Korswandt\" \u00c4nderung 1<\/a><\/td>\n<\/tr>\n<tr class=\"row-10\">\n\t<td class=\"column-1\"> \t<a href=\"https:\/\/www.amtusedom.de\/bauplanung\/korswandt\/1-BPlan-Hotel%20Pirol.pdf\" target=\"_blank\" rel=\"noopener noreferrer\">Bebauungsplan Nr. 4 \"Erweiterung Hotel Pirol\"<\/a><\/td>\n<\/tr>\n<tr class=\"row-11\">\n\t<td class=\"column-1\"> \t<a href=\"https:\/\/www.amtusedom.de\/bauplanung\/korswandt\/B-Korswandt-Nr4-1Aen.pdf\" target=\"_blank\" rel=\"noopener noreferrer\">Bebauungsplan Nr. 4 \u00c4nderung 1 \"Erweiterung Hotel Pirol\"<\/a><\/td>\n<\/tr>\n<tr class=\"row-12\">\n\t<td class=\"column-1\"><a target=_blank\" href=\"https:\/\/www.amtusedom.de\/wp-content\/uploads\/2024\/03\/Bebauungsplan-Nr.-4-2.-Aenderung-und-1.-Ergaenzung-Erweiterung-Hotel-Pirol.pdf\">Bebauungsplan Nr. 4, 2. \u00c4nderung und 1. Erg\u00e4nzung \"Erweiterung Hotel Pirol\"<\/a><\/td>\n<\/tr>\n<tr class=\"row-13\">\n\t<td class=\"column-1\"> \t<a href=\"https:\/\/www.amtusedom.de\/bauplanung\/korswandt\/B-Korswandt-Nr5.pdf\" target=\"_blank\" rel=\"noopener noreferrer\">Bebauungsplan Nr. 5 \"BEHERBERGUNG AM GOTHENWEG IN KORSWANDT\"<\/a><\/td>\n<\/tr>\n<tr class=\"row-14\">\n\t<td class=\"column-1\"> \t<a href=\"https:\/\/www.amtusedom.de\/bauplanung\/korswandt\/B-Korswandt-Nr6.pdf\" target=\"_blank\" rel=\"noopener noreferrer\">Bebauungsplan Nr. 6 \"Wohngebiet auf dem Gel\u00e4nde des ehemaligen Betriebsferienlagers der VEB Gummiwerke Th\u00fcringen\"<\/a><\/td>\n<\/tr>\n<tr class=\"row-15\">\n\t<td class=\"column-1\"> \t<a href=\"https:\/\/www.amtusedom.de\/bauplanung\/korswandt\/S-Korswandt-1Aen.pdf\" target=\"_blank\" rel=\"noopener noreferrer\">1. \u00c4nderung und Erg\u00e4nzung der Klarstellungssatzung mit Abrundung f\u00fcr den im Zusammenhang bebauten Ortsteil des Dorfes Korswandt der Gemeinde Korswandt<\/a><\/td>\n<\/tr>\n<tr class=\"row-16\">\n\t<td class=\"column-1\"> \t<a href=\"https:\/\/www.amtusedom.de\/bauplanung\/korswandt\/S-Korswandt-2Aen.pdf\" target=\"_blank\" rel=\"noopener noreferrer\">2. \u00c4nderung und Erg\u00e4nzung der Klarstellungssatzung mit Abrundung f\u00fcr den im Zusammenhang bebauten Ortsteil des Dorfes Korswandt der Gemeinde Korswandt<\/a><\/td>\n<\/tr>\n<tr class=\"row-17\">\n\t<td class=\"column-1\"> \t<a href=\"https:\/\/www.amtusedom.de\/bauplanung\/korswandt\/S-Korswandt-Ulrichhorst-1Aen.pdf\" target=\"_blank\" rel=\"noopener noreferrer\">1. \u00c4nderung und Erg\u00e4nzung der Klarstellungssatzung mit Abrundung f\u00fcr den im Zusammenhang bebauten Ortsteil des Dorfes Ulrichshorst der Gemeinde Korswandt<\/a><\/td>\n<\/tr>\n<tr class=\"row-18\">\n\t<td class=\"column-1\"> \t<a href=\"https:\/\/www.amtusedom.de\/bauplanung\/korswandt\/VE-Plan_Nr-1.pdf\" target=\"_blank\" rel=\"noopener noreferrer\">Satzung der Gemeinde Korswandt \u00fcber den Vorhaben- und Erschliessungsplan Nr. 1 \"Wohnanlage am Forsthaus\"<\/a><\/td>\n<\/tr>\n<\/tbody>\n<\/table>\n<!-- #tablepress-81 from cache -->","protected":false},"excerpt":{"rendered":"","protected":false},"author":2,"featured_media":0,"parent":549,"menu_order":4,"comment_status":"closed","ping_status":"closed","template":"","meta":{"footnotes":""},"class_list":["post-571","page","type-page","status-publish","hentry"],"_links":{"self":[{"href":"https:\/\/www.amtusedom.de\/index.php?rest_route=\/wp\/v2\/pages\/571","targetHints":{"allow":["GET"]}}],"collection":[{"href":"https:\/\/www.amtusedom.de\/index.php?rest_route=\/wp\/v2\/pages"}],"about":[{"href":"https:\/\/www.amtusedom.de\/index.php?rest_route=\/wp\/v2\/types\/page"}],"author":[{"embeddable":true,"href":"https:\/\/www.amtusedom.de\/index.php?rest_route=\/wp\/v2\/users\/2"}],"replies":[{"embeddable":true,"href":"https:\/\/www.amtusedom.de\/index.php?rest_route=%2Fwp%2Fv2%2Fcomments&post=571"}],"version-history":[{"count":18,"href":"https:\/\/www.amtusedom.de\/index.php?rest_route=\/wp\/v2\/pages\/571\/revisions"}],"predecessor-version":[{"id":8009,"href":"https:\/\/www.amtusedom.de\/index.php?rest_route=\/wp\/v2\/pages\/571\/revisions\/8009"}],"up":[{"embeddable":true,"href":"https:\/\/www.amtusedom.de\/index.php?rest_route=\/wp\/v2\/pages\/549"}],"wp:attachment":[{"href":"https:\/\/www.amtusedom.de\/index.php?rest_route=%2Fwp%2Fv2%2Fmedia&parent=571"}],"curies":[{"name":"wp","href":"https:\/\/api.w.org\/{rel}","templated":true}]}}