{"id":5741,"date":"2020-07-28T09:27:59","date_gmt":"2020-07-28T07:27:59","guid":{"rendered":"http:\/\/www.amtusedom.de\/?page_id=5741"},"modified":"2023-01-10T16:41:22","modified_gmt":"2023-01-10T14:41:22","slug":"wohngeld","status":"publish","type":"page","link":"https:\/\/www.amtusedom.de\/?page_id=5741","title":{"rendered":"Wohngeld"},"content":{"rendered":"<p><span style=\"color: #ff0000;\">Allgemeine Informationen zum Wohngeld im Internet \/ Wohngeldrechner<\/span><\/p>\n<p>F\u00fcr allgemeine Informationen zum Wohngeld k\u00f6nnen Sie die Internetseite des<br \/>\nMinisteriums f\u00fcr Energie, Infrastruktur und Digitalisierung M-V (<a href=\"http:\/\/www.em.regierung-mv.de\">www.em.regierung-mv.de<\/a>) oder des Bundesministeriums des Innern, f\u00fcr Bau und Heimat (<a href=\"http:\/\/www.bmi.bund.de\">www.bmi.bund.de<\/a>) besuchen.<\/p>\n<p>F\u00fcr postalische Antr\u00e4ge k\u00f6nnen die amtlichen Antragsformulare auf Wohngeld unter <a href=\"https:\/\/www.regierung-mv.de\/Landesregierung\/im\/Bau\/wohnen\/wohngeld\/wohngeldformulare\/\">https:\/\/www.regierung-mv.de\/Landesregierung\/em\/Bau\/Wohngeld\/Wohngeldformulare\/<\/a><br \/>\nheruntergeladen und ausgef\u00fcllt werden (Stand 10.01.2023).<\/p>\n<p>&nbsp;<\/p>","protected":false},"excerpt":{"rendered":"<p>Allgemeine Informationen zum Wohngeld im Internet \/ Wohngeldrechner F\u00fcr allgemeine Informationen zum Wohngeld k\u00f6nnen Sie die Internetseite des Ministeriums f\u00fcr Energie, Infrastruktur und Digitalisierung M-V (www.em.regierung-mv.de) oder des Bundesministeriums des Innern, f\u00fcr Bau und Heimat (www.bmi.bund.de) besuchen. F\u00fcr postalische Antr\u00e4ge k\u00f6nnen die amtlichen Antragsformulare auf Wohngeld unter https:\/\/www.regierung-mv.de\/Landesregierung\/em\/Bau\/Wohngeld\/Wohngeldformulare\/ heruntergeladen und ausgef\u00fcllt werden (Stand 10.01.2023). &nbsp;<\/p>\n","protected":false},"author":2,"featured_media":0,"parent":296,"menu_order":0,"comment_status":"closed","ping_status":"closed","template":"","meta":{"footnotes":""},"class_list":["post-5741","page","type-page","status-publish","hentry"],"_links":{"self":[{"href":"https:\/\/www.amtusedom.de\/index.php?rest_route=\/wp\/v2\/pages\/5741","targetHints":{"allow":["GET"]}}],"collection":[{"href":"https:\/\/www.amtusedom.de\/index.php?rest_route=\/wp\/v2\/pages"}],"about":[{"href":"https:\/\/www.amtusedom.de\/index.php?rest_route=\/wp\/v2\/types\/page"}],"author":[{"embeddable":true,"href":"https:\/\/www.amtusedom.de\/index.php?rest_route=\/wp\/v2\/users\/2"}],"replies":[{"embeddable":true,"href":"https:\/\/www.amtusedom.de\/index.php?rest_route=%2Fwp%2Fv2%2Fcomments&post=5741"}],"version-history":[{"count":4,"href":"https:\/\/www.amtusedom.de\/index.php?rest_route=\/wp\/v2\/pages\/5741\/revisions"}],"predecessor-version":[{"id":6997,"href":"https:\/\/www.amtusedom.de\/index.php?rest_route=\/wp\/v2\/pages\/5741\/revisions\/6997"}],"up":[{"embeddable":true,"href":"https:\/\/www.amtusedom.de\/index.php?rest_route=\/wp\/v2\/pages\/296"}],"wp:attachment":[{"href":"https:\/\/www.amtusedom.de\/index.php?rest_route=%2Fwp%2Fv2%2Fmedia&parent=5741"}],"curies":[{"name":"wp","href":"https:\/\/api.w.org\/{rel}","templated":true}]}}