{"id":599,"date":"2012-08-29T13:51:54","date_gmt":"2012-08-29T11:51:54","guid":{"rendered":"http:\/\/localhost\/wp\/?page_id=599"},"modified":"2023-08-02T10:13:58","modified_gmt":"2023-08-02T08:13:58","slug":"ortsrecht-gemeinde-koserow-baurecht","status":"publish","type":"page","link":"https:\/\/www.amtusedom.de\/?page_id=599","title":{"rendered":"Ortsrecht &#8211; Gemeinde Koserow: Baurecht"},"content":{"rendered":"\n<table id=\"tablepress-85\" class=\"tablepress tablepress-id-85\">\n<thead>\n<tr class=\"row-1\">\n\t<td class=\"column-1\"><\/td><td class=\"column-2\"><\/td>\n<\/tr>\n<\/thead>\n<tbody class=\"row-striping row-hover\">\n<tr class=\"row-2\">\n\t<td class=\"column-1\">Erschlie\u00dfungsbeitragssatzung  <\/td><td class=\"column-2\"> \t<a href=\"https:\/\/www.amtusedom.de\/ortsrecht\/or_koserow\/koserow-erschliessungsbeitragssatzung.pdf\" target=\"_blank\" rel=\"noopener noreferrer\">Satzung \u00fcber die Erhebung der Erschlie\u00dfungsbeitr\u00e4ge in der Gemeinde Koserow<\/a><\/td>\n<\/tr>\n<tr class=\"row-3\">\n\t<td class=\"column-1\"><\/td><td class=\"column-2\"> \t<a href=\"https:\/\/www.amtusedom.de\/ortsrecht\/or_koserow\/koserow-ausbaubeitrag-1aend.pdf\" target=\"_blank\" rel=\"noopener noreferrer\">Satzung der Gemeinde Ostseebad Koserow \u00fcber die Erhebung von Beitr\u00e4gen f\u00fcr den Ausbau von Stra\u00dfen, Wegen und Pl\u00e4tzen - 1. \u00c4nderung<\/a><\/td>\n<\/tr>\n<tr class=\"row-4\">\n\t<td class=\"column-1\"><\/td><td class=\"column-2\"> \t<a href=\"https:\/\/www.amtusedom.de\/ortsrecht\/or_koserow\/koserow-ausbaubeitrag-2aend.pdf\" target=\"_blank\" rel=\"noopener noreferrer\">Satzung der Gemeinde Ostseebad Koserow \u00fcber die Erhebung von Beitr\u00e4gen f\u00fcr den Ausbau von Stra\u00dfen, Wegen und Pl\u00e4tzen - 2. \u00c4nderung<\/a><\/td>\n<\/tr>\n<tr class=\"row-5\">\n\t<td class=\"column-1\"><\/td><td class=\"column-2\"> \t<a href=\"https:\/\/www.amtusedom.de\/ortsrecht\/or_koserow\/koserow-ausbaubeitrag-lesefassung.pdf\" target=\"_blank\" rel=\"noopener noreferrer\">Satzung der Gemeinde Ostseebad Koserow \u00fcber die Erhebung von Beitr\u00e4gen f\u00fcr den Ausbau von Stra\u00dfen, Wegen und Pl\u00e4tzen - Lesefassung<\/a><\/td>\n<\/tr>\n<tr class=\"row-6\">\n\t<td class=\"column-1\"><\/td><td class=\"column-2\"><\/td>\n<\/tr>\n<tr class=\"row-7\">\n\t<td class=\"column-1\">Stellplatzsatzung <\/td><td class=\"column-2\"><a href=\"https:\/\/www.amtusedom.de\/wp-content\/uploads\/2024\/11\/Stellplatzsatzung-2024.pdf\" rel=\"noopener\" target=\"_blank\">Stellplatzsatzung der Gemeinde Koserow  <\/a><\/td>\n<\/tr>\n<tr class=\"row-8\">\n\t<td class=\"column-1\"><\/td><td class=\"column-2\"><a href=\"https:\/\/www.amtusedom.de\/wp-content\/uploads\/2024\/11\/Stellplatzsatzung-Koserow-Anlage.pdf\" rel=\"noopener\" target=\"_blank\">Anlage zur Stellplatzsatzung der Gemeinde Koserow <\/a><\/td>\n<\/tr>\n<tr class=\"row-9\">\n\t<td class=\"column-1\"><\/td><td class=\"column-2\"> \t<a href=\"https:\/\/www.amtusedom.de\/ortsrecht\/or_koserow\/koserow26.pdf\" target=\"_blank\" rel=\"noopener noreferrer\">Stellplatzabl\u00f6sesatzung der Gemeinde Koserow<\/a><\/td>\n<\/tr>\n<tr class=\"row-10\">\n\t<td class=\"column-1\"><\/td><td class=\"column-2\"><\/td>\n<\/tr>\n<tr class=\"row-11\">\n\t<td class=\"column-1\">Stra\u00dfenschilder und Hausnummern <\/td><td class=\"column-2\"> \t<a href=\"https:\/\/www.amtusedom.de\/ortsrecht\/or_koserow\/koserow25.pdf\" target=\"_blank\" rel=\"noopener noreferrer\">Satzung \u00fcber das Anbringen von Stra\u00dfenschildern und Hausnummern<\/a><\/td>\n<\/tr>\n<tr class=\"row-12\">\n\t<td class=\"column-1\"><\/td><td class=\"column-2\"><\/td>\n<\/tr>\n<tr class=\"row-13\">\n\t<td class=\"column-1\">Fl\u00e4chennutzungspl\u00e4ne <\/td><td class=\"column-2\"> \t<a href=\"https:\/\/www.amtusedom.de\/bauplanung\/koserow\/Koserow%20F-Plan.pdf\" target=\"_blank\" rel=\"noopener noreferrer\">F-Plan<\/a><\/td>\n<\/tr>\n<tr class=\"row-14\">\n\t<td class=\"column-1\"><\/td><td class=\"column-2\"> \t<a href=\"https:\/\/www.amtusedom.de\/bauplanung\/koserow\/Koserow%20F-Plan%201.%20Aenderung.pdf\" target=\"_blank\" rel=\"noopener noreferrer\">F-Plan 1. \u00c4nderung<\/a><\/td>\n<\/tr>\n<tr class=\"row-15\">\n\t<td class=\"column-1\"><\/td><td class=\"column-2\"> \t<a href=\"https:\/\/www.amtusedom.de\/bauplanung\/koserow\/Koserow%20F-Plan%202.%20Aenderung.pdf\" target=\"_blank\" rel=\"noopener noreferrer\">F-Plan 2. \u00c4nderung<\/a><\/td>\n<\/tr>\n<tr class=\"row-16\">\n\t<td class=\"column-1\"><\/td><td class=\"column-2\"> \t<a href=\"https:\/\/www.amtusedom.de\/bauplanung\/koserow\/Koserow%20F-Plan%203.%20Aenderung.pdf\" target=\"_blank\" rel=\"noopener noreferrer\">F-Plan 3. \u00c4nderung<\/a><\/td>\n<\/tr>\n<tr class=\"row-17\">\n\t<td class=\"column-1\"><\/td><td class=\"column-2\"> \t<a href=\"https:\/\/www.amtusedom.de\/bauplanung\/koserow\/F-Koserow-5aen.pdf\" target=\"_blank\" rel=\"noopener noreferrer\">F-Plan 5. \u00c4nderung<\/a><\/td>\n<\/tr>\n<tr class=\"row-18\">\n\t<td class=\"column-1\"><\/td><td class=\"column-2\"> \t<a href=\"https:\/\/www.amtusedom.de\/bauplanung\/koserow\/F-Koserow-6aen.pdf\" target=\"_blank\" rel=\"noopener noreferrer\">F-Plan 6. \u00c4nderung<\/a><\/td>\n<\/tr>\n<tr class=\"row-19\">\n\t<td class=\"column-1\"><\/td><td class=\"column-2\"> \t<a href=\"https:\/\/www.amtusedom.de\/bauplanung\/koserow\/F-Koserow-9aen.pdf\" target=\"_blank\" rel=\"noopener noreferrer\">F-Plan 9. \u00c4nderung<\/a><\/td>\n<\/tr>\n<tr class=\"row-20\">\n\t<td class=\"column-1\">1<\/td><td class=\"column-2\"><a target=\"_blank\" href=\"https:\/\/www.amtusedom.de\/wp-content\/uploads\/2025\/01\/10-Aender-FNP-Koserow.pdf\">F-Plan 10. \u00c4nderung<\/a><\/td>\n<\/tr>\n<tr class=\"row-21\">\n\t<td class=\"column-1\"><\/td><td class=\"column-2\"><a target=\"_blank\" href=\"https:\/\/www.amtusedom.de\/wp-content\/uploads\/2026\/03\/F-Plan-14.-Aenderung.pdf\">F-Plan 14. \u00c4nderung<\/a><\/td>\n<\/tr>\n<tr class=\"row-22\">\n\t<td class=\"column-1\">Bebauungspl\u00e4ne <\/td><td class=\"column-2\"> \t<a href=\"https:\/\/www.amtusedom.de\/bauplanung\/koserow\/B-Koserow-Nr1a.pdf\" target=\"_blank\" rel=\"noopener noreferrer\">B-Plan Nr. 1 \"Kreuzstra\u00dfe - Vinetastra\u00dfe - Meinholdstra\u00dfe\"<\/a><\/td>\n<\/tr>\n<tr class=\"row-23\">\n\t<td class=\"column-1\"><\/td><td class=\"column-2\"> \t<a href=\"https:\/\/www.amtusedom.de\/bauplanung\/koserow\/Koserow%20B-Plan%20Nr.%202.pdf\" target=\"_blank\" rel=\"noopener noreferrer\">B-Plan Nr. 2 \"Steinberg\"<\/a><\/td>\n<\/tr>\n<tr class=\"row-24\">\n\t<td class=\"column-1\"><\/td><td class=\"column-2\"> \t<a href=\"https:\/\/www.amtusedom.de\/bauplanung\/koserow\/B-Koserow-Nr3.pdf\" target=\"_blank\" rel=\"noopener noreferrer\">B \u2013 Plan Nr. 3 \"Wohnbebauung an den Kreutzen Bl\u00f6cken\"<\/a><\/td>\n<\/tr>\n<tr class=\"row-25\">\n\t<td class=\"column-1\"><\/td><td class=\"column-2\"> \t<a href=\"https:\/\/www.amtusedom.de\/bauplanung\/koserow\/B-Koserow-Nr4.pdf\" target=\"_blank\" rel=\"noopener noreferrer\">B \u2013 Plan Nr. 4 \"Ferienhausgebiet Forsthaus Damerow\"<\/a><\/td>\n<\/tr>\n<tr class=\"row-26\">\n\t<td class=\"column-1\"><\/td><td class=\"column-2\"> \t<a href=\"https:\/\/www.amtusedom.de\/bauplanung\/koserow\/B-PlanNetto.pdf\" target=\"_blank\" rel=\"noopener noreferrer\">B - Plan Nr. 5 \"Neubau Netto-Markt und Umnutzung des vorhandenen Marktes\"<\/a><\/td>\n<\/tr>\n<tr class=\"row-27\">\n\t<td class=\"column-1\"><\/td><td class=\"column-2\"> \t<a href=\"https:\/\/www.amtusedom.de\/bauplanung\/koserow\/Koserow%20B-Plan%20Nr.%206.pdf\" target=\"_blank\" rel=\"noopener noreferrer\">B - Plan Nr. 6 \"Wohnungsbebauung auf dem Grundst\u00fcck Ecke Vinetastr.\/Kreuzstr.\"<\/a><\/td>\n<\/tr>\n<tr class=\"row-28\">\n\t<td class=\"column-1\"><\/td><td class=\"column-2\"> \t<a href=\"https:\/\/www.amtusedom.de\/bauplanung\/koserow\/B-Koserow-Nr6Aend1.pdf\" target=\"_blank\" rel=\"noopener noreferrer\">B - Plan Nr. 6 \u00c4nderung 1 \"Wohnungsbebauung auf dem Grundst\u00fcck Ecke Vinetastr.\/Kreuzstr.\"<\/a><\/td>\n<\/tr>\n<tr class=\"row-29\">\n\t<td class=\"column-1\"><\/td><td class=\"column-2\"> \t<a href=\"https:\/\/www.amtusedom.de\/bauplanung\/koserow\/B-Koserow-Nr8-1aen.pdf\" target=\"_blank\" rel=\"noopener noreferrer\">B \u2013 Plan Nr. 8 \"Wohn \u2013und Ferienhausgebiet am K\u00f6lpinseer Weg\", 1. \u00c4nderung<\/a><\/td>\n<\/tr>\n<tr class=\"row-30\">\n\t<td class=\"column-1\"><\/td><td class=\"column-2\"> \t<a href=\"https:\/\/www.amtusedom.de\/bauplanung\/koserow\/Koserow%20B-Plan%20Nr.%209.pdf\" target=\"_blank\" rel=\"noopener noreferrer\">B - Plan Nr. 9 \"Waldschloss Parow\"<\/a><\/td>\n<\/tr>\n<tr class=\"row-31\">\n\t<td class=\"column-1\"><\/td><td class=\"column-2\"> \t<a href=\"https:\/\/www.amtusedom.de\/bauplanung\/koserow\/KoserowB-PlanNr.9Aend4.pdf\" target=\"_blank\" rel=\"noopener noreferrer\">B - Plan Nr. 9 \"Waldschloss Parow\", 4 \u00c4nderung<\/a><\/td>\n<\/tr>\n<tr class=\"row-32\">\n\t<td class=\"column-1\"><\/td><td class=\"column-2\"> \t<a href=\"https:\/\/www.amtusedom.de\/bauplanung\/koserow\/B-Koserow-Nr10-1aen.pdf\" target=\"_blank\" rel=\"noopener noreferrer\">B \u2013 Plan Nr. 10 \"Erweiterung Hotelanlage Hanse-Kogge am Strauchelfeld\", 1. \u00c4nderung<\/a><\/td>\n<\/tr>\n<tr class=\"row-33\">\n\t<td class=\"column-1\"><\/td><td class=\"column-2\"> \t<a href=\"https:\/\/www.amtusedom.de\/bauplanung\/koserow\/Koserow%20B-Plan%20Nr.%2011.pdf\" target=\"_blank\" rel=\"noopener noreferrer\">B - Plan Nr. 11 \"Wohnh\u00e4user auf dem Grundst\u00fcck Hauptstr. 4\"<\/a><\/td>\n<\/tr>\n<tr class=\"row-34\">\n\t<td class=\"column-1\"><\/td><td class=\"column-2\"> \t<a href=\"https:\/\/www.amtusedom.de\/bauplanung\/koserow\/B-Koserow-Nr12.pdf\" target=\"_blank\" rel=\"noopener noreferrer\">B - Plan Nr. 12 \"Ferienhausgebiet s\u00fcdlich des Steinberges\"<\/a><\/td>\n<\/tr>\n<tr class=\"row-35\">\n\t<td class=\"column-1\"><\/td><td class=\"column-2\"> \t<a href=\"https:\/\/www.amtusedom.de\/bauplanung\/koserow\/B-Koserow-Nr12Aend2.pdf\" target=\"_blank\" rel=\"noopener noreferrer\">B - Plan Nr. 12 \"Ferienhausgebiet s\u00fcdlich des Steinberges\", 2. \u00c4nderung<\/a><\/td>\n<\/tr>\n<tr class=\"row-36\">\n\t<td class=\"column-1\"><\/td><td class=\"column-2\"> \t<a href=\"https:\/\/www.amtusedom.de\/bauplanung\/koserow\/Koserow%20B-Plan%20Nr.%2013.pdf\" target=\"_blank\" rel=\"noopener noreferrer\">B - Plan Nr. 13 der Gemeinde Ostseebad Koserow \"Wohnbebauung auf dem Grundst\u00fcck Vinetastra\u00dfe\/ Ecke Friedrich - Ludwig - Jahnstra\u00dfe\"<\/a><\/td>\n<\/tr>\n<tr class=\"row-37\">\n\t<td class=\"column-1\"><\/td><td class=\"column-2\"> \t<a target=\"_blank\" href=\"https:\/\/www.amtusedom.de\/wp-content\/uploads\/2025\/11\/AUSGEFERTIGT-Begruendung-BP-Nr.-14_-Koserow.pdf\">Begr\u00fcndung B - Plan Nr. 14 \"Karls Erlebnis-Dorf Koserow\"<\/a><\/td>\n<\/tr>\n<tr class=\"row-38\">\n\t<td class=\"column-1\"><\/td><td class=\"column-2\"> \t<a href=\"https:\/\/www.amtusedom.de\/bauplanung\/koserow\/B-Koserow-Nr14Aend1.pdf\" target=\"_blank\" rel=\"noopener noreferrer\">B - Plan Nr. 14 \u201eKarls Erlebnis-Dorf Koserow\u201c, 1. \u00c4nderung<\/a><\/td>\n<\/tr>\n<tr class=\"row-39\">\n\t<td class=\"column-1\"><\/td><td class=\"column-2\"> \t<a href=\"https:\/\/www.amtusedom.de\/bauplanung\/koserow\/B-Koserow-Nr15.pdf\" target=\"_blank\" rel=\"noopener noreferrer\">B - Plan Nr. 15 \u201eWohnbebauung 2. Reihe zwischen Vinetastra\u00dfe und Waldstra\u00dfe, s\u00fcdlich der Kreuzstra\u00dfe\u201c<\/a><\/td>\n<\/tr>\n<tr class=\"row-40\">\n\t<td class=\"column-1\"><\/td><td class=\"column-2\"> \t<a href=\"https:\/\/www.amtusedom.de\/bauplanung\/koserow\/B-Koserow-Nr15Aend1.pdf\" target=\"_blank\" rel=\"noopener noreferrer\">1. \u00c4nderung B - Plan Nr. 15 \u201eWohnbebauung 2. Reihe zwischen Vinetastra\u00dfe und Waldstra\u00dfe, s\u00fcdlich der Kreuzstra\u00dfe\u201c<\/a><\/td>\n<\/tr>\n<tr class=\"row-41\">\n\t<td class=\"column-1\"><\/td><td class=\"column-2\"> \t<a href=\"https:\/\/www.amtusedom.de\/bauplanung\/koserow\/B-Koserow-Nr16.pdf\" target=\"_blank\" rel=\"noopener noreferrer\">Satzung \u00fcber den Bebauungsplan Nr. 16 der Gemeinde Ostseebad Koserow\u00b7 \"Hotel Nautic\"<\/a><\/td>\n<\/tr>\n<tr class=\"row-42\">\n\t<td class=\"column-1\"><\/td><td class=\"column-2\"> \t<a href=\"https:\/\/www.amtusedom.de\/bauplanung\/koserow\/VE-Koserow-Nr1.pdf\" target=\"_blank\" rel=\"noopener noreferrer\">V \u2013und E-Plan Nr. 1 \"Wohnanlage mit Pension\"<\/a><\/td>\n<\/tr>\n<tr class=\"row-43\">\n\t<td class=\"column-1\"><\/td><td class=\"column-2\"> \t<a href=\"https:\/\/www.amtusedom.de\/bauplanung\/koserow\/VE-Koserow-Nr3.pdf\" target=\"_blank\" rel=\"noopener noreferrer\">V \u2013und E-Plan Nr. 3 \"Ferienwohnanlage a. d. Hauptstra\u00dfe 6\"<\/a><\/td>\n<\/tr>\n<tr class=\"row-44\">\n\t<td class=\"column-1\"><\/td><td class=\"column-2\"> \t<a href=\"https:\/\/www.amtusedom.de\/bauplanung\/koserow\/Koserow%20B-Plan%20Nr.%201.pdf\" target=\"_blank\" rel=\"noopener noreferrer\">Vorhabenbezogener B \u2013 Plan Nr. 1 \"Erweiterung des Hotels Nautic auf dem Dorfplatz\"<\/a><\/td>\n<\/tr>\n<tr class=\"row-45\">\n\t<td class=\"column-1\"><\/td><td class=\"column-2\"> \t<a href=\"https:\/\/www.amtusedom.de\/bauplanung\/koserow\/Satz.fass. Plan vBP 2 Koserow.pdf\" target=\"_blank\" rel=\"noopener noreferrer\">Vorhabenbezogener B-Plan Nr. 2 = 1. \u00c4nderung V \u2013und E-Plan Nr. 1 \"Seeblick\" <\/a><\/td>\n<\/tr>\n<tr class=\"row-46\">\n\t<td class=\"column-1\"><\/td><td class=\"column-2\"><a target=\"_blank\" href=\"https:\/\/www.amtusedom.de\/wp-content\/uploads\/2023\/08\/Bekanntmachung-2.-Aenderung-BPlan-10-Gemeinde-Koserow.pdf\" rel=\"noopener\">2. \u00c4nderung und Erweiterung des Bebauungsplans Nr. 10 \u201eErweiterung Hotelanlage Hanse-Kogge am Strauchelfeld\"<\/a><\/td>\n<\/tr>\n<\/tbody>\n<\/table>\n<!-- #tablepress-85 from cache -->","protected":false},"excerpt":{"rendered":"","protected":false},"author":2,"featured_media":0,"parent":578,"menu_order":4,"comment_status":"closed","ping_status":"closed","template":"","meta":{"footnotes":""},"class_list":["post-599","page","type-page","status-publish","hentry"],"_links":{"self":[{"href":"https:\/\/www.amtusedom.de\/index.php?rest_route=\/wp\/v2\/pages\/599","targetHints":{"allow":["GET"]}}],"collection":[{"href":"https:\/\/www.amtusedom.de\/index.php?rest_route=\/wp\/v2\/pages"}],"about":[{"href":"https:\/\/www.amtusedom.de\/index.php?rest_route=\/wp\/v2\/types\/page"}],"author":[{"embeddable":true,"href":"https:\/\/www.amtusedom.de\/index.php?rest_route=\/wp\/v2\/users\/2"}],"replies":[{"embeddable":true,"href":"https:\/\/www.amtusedom.de\/index.php?rest_route=%2Fwp%2Fv2%2Fcomments&post=599"}],"version-history":[{"count":22,"href":"https:\/\/www.amtusedom.de\/index.php?rest_route=\/wp\/v2\/pages\/599\/revisions"}],"predecessor-version":[{"id":8030,"href":"https:\/\/www.amtusedom.de\/index.php?rest_route=\/wp\/v2\/pages\/599\/revisions\/8030"}],"up":[{"embeddable":true,"href":"https:\/\/www.amtusedom.de\/index.php?rest_route=\/wp\/v2\/pages\/578"}],"wp:attachment":[{"href":"https:\/\/www.amtusedom.de\/index.php?rest_route=%2Fwp%2Fv2%2Fmedia&parent=599"}],"curies":[{"name":"wp","href":"https:\/\/api.w.org\/{rel}","templated":true}]}}