{"id":623,"date":"2012-08-30T13:24:38","date_gmt":"2012-08-30T11:24:38","guid":{"rendered":"http:\/\/localhost\/wp\/?page_id=623"},"modified":"2023-08-02T10:37:40","modified_gmt":"2023-08-02T08:37:40","slug":"ortsrecht-gemeinde-loddin-allgemeines-recht-2","status":"publish","type":"page","link":"https:\/\/www.amtusedom.de\/?page_id=623","title":{"rendered":"Ortsrecht &#8211; Gemeinde Loddin: Sicherheits- und Ordnungsrecht"},"content":{"rendered":"\n<table id=\"tablepress-89\" class=\"tablepress tablepress-id-89\">\n<thead>\n<tr class=\"row-1\">\n\t<td class=\"column-1\"><\/td><td class=\"column-2\"><\/td>\n<\/tr>\n<\/thead>\n<tbody class=\"row-striping row-hover\">\n<tr class=\"row-2\">\n\t<td class=\"column-1\">Feuerwehr<\/td><td class=\"column-2\"> \t<a href=\"https:\/\/www.amtusedom.de\/ortsrecht\/or_loddin\/loddin05.pdf\" target=\"_blank\" rel=\"noopener noreferrer\">Satzung \u00fcber die Erhebung von Geb\u00fchren f\u00fcr die Leistungen der Freiwilligen Feuerwehr der Gemeinde Seebad Loddin<\/a><\/td>\n<\/tr>\n<tr class=\"row-3\">\n\t<td class=\"column-1\"><\/td><td class=\"column-2\"><\/td>\n<\/tr>\n<tr class=\"row-4\">\n\t<td class=\"column-1\">Friedhof<\/td><td class=\"column-2\"> \t<a href=\"https:\/\/www.amtusedom.de\/ortsrecht\/or_loddin\/loddin-friedhofsgebuehrensatzung.pdf\" target=\"_blank\" rel=\"noopener noreferrer\">Geb\u00fchrensatzung f\u00fcr den Friedhof der Gemeinde Loddin<\/a><\/td>\n<\/tr>\n<tr class=\"row-5\">\n\t<td class=\"column-1\"><\/td><td class=\"column-2\"> \t<a href=\"https:\/\/www.amtusedom.de\/ortsrecht\/or_loddin\/loddin-friedhofssatzung.pdf\" target=\"_blank\" rel=\"noopener noreferrer\">Friedhofssatzung f\u00fcr die Gemeinde Loddin<\/a><\/td>\n<\/tr>\n<tr class=\"row-6\">\n\t<td class=\"column-1\"><\/td><td class=\"column-2\"><\/td>\n<\/tr>\n<tr class=\"row-7\">\n\t<td class=\"column-1\">Marktordnung<\/td><td class=\"column-2\"><a href=\"https:\/\/www.amtusedom.de\/wp-content\/uploads\/2024\/06\/Loddin-Marktordnung-2024-VOe-BV.pdf\" rel=\"noopener\" target=\"_blank\">Satzung \u00fcber die Marktordnung und die Vergabe von Stellfl\u00e4chen f\u00fcr ambulante H\u00e4ndler und Gewerbetreibende in der Gemeinde Loddin<\/a><\/td>\n<\/tr>\n<tr class=\"row-8\">\n\t<td class=\"column-1\"><\/td><td class=\"column-2\"><\/td>\n<\/tr>\n<tr class=\"row-9\">\n\t<td class=\"column-1\">Parkgeb\u00fchren<\/td><td class=\"column-2\"> \t<a href=\"https:\/\/www.amtusedom.de\/ortsrecht\/or_loddin\/loddin-parkgebuehrenverordnung.pdf\" target=\"_blank\" rel=\"noopener noreferrer\">Verordnung der Gemeinde Loddin \u00fcber die Erhebung von Parkgeb\u00fchren auf \u00f6ffentliche Stra\u00dfen, Wegen und Pl\u00e4tzen (Parkgeb\u00fchrenverordnung)<\/a><\/td>\n<\/tr>\n<tr class=\"row-10\">\n\t<td class=\"column-1\"><\/td><td class=\"column-2\"> \t<a href=\"https:\/\/www.amtusedom.de\/ortsrecht\/or_loddin\/loddin-parkgebuehrenverordnung-1aend.pdf\" target=\"_blank\" rel=\"noopener noreferrer\">1. \u00c4nderung der Verordnung der Gemeinde Loddin \u00fcber die Erhebung von Parkgeb\u00fchren auf \u00f6ffentliche Stra\u00dfen, Wegen und Pl\u00e4tzen (Parkgeb\u00fchrenverordnung)<\/a><\/td>\n<\/tr>\n<tr class=\"row-11\">\n\t<td class=\"column-1\"><\/td><td class=\"column-2\"> \t<a href=\"https:\/\/www.amtusedom.de\/ortsrecht\/or_loddin\/loddin-parkgebuehrenverordnung-lesefassung.pdf\" target=\"_blank\" rel=\"noopener noreferrer\">Verordnung der Gemeinde Loddin \u00fcber die Erhebung von Parkgeb\u00fchren auf \u00f6ffentliche Stra\u00dfen, Wegen und Pl\u00e4tzen (Parkgeb\u00fchrenverordnung) - Lesefassung<\/a><\/td>\n<\/tr>\n<tr class=\"row-12\">\n\t<td class=\"column-1\"><\/td><td class=\"column-2\"><\/td>\n<\/tr>\n<tr class=\"row-13\">\n\t<td class=\"column-1\">Stra\u00dfenreinigung<\/td><td class=\"column-2\"> \t<a href=\"https:\/\/www.amtusedom.de\/ortsrecht\/or_loddin\/loddin-strassenreinigung.pdf\" target=\"_blank\" rel=\"noopener noreferrer\">Stra\u00dfenreinigungssatzung der Gemeinde Loddin<\/a><\/td>\n<\/tr>\n<tr class=\"row-14\">\n\t<td class=\"column-1\"><\/td><td class=\"column-2\"><\/td>\n<\/tr>\n<tr class=\"row-15\">\n\t<td class=\"column-1\">Sondernutzung Strand <\/td><td class=\"column-2\"> <a href=\"https:\/\/www.amtusedom.de\/ortsrecht\/or_loddin\/Entgeldordnungf\u00fcrdieSondernnutzungendOstseestrandesV.pdf\" target=\"_blank\" rel=\"noopener\">Entgeltordnung f\u00fcr die Sondernnutzungen des Ostseestrandes im Gebiet der Gemeinde Seebad Loddin<\/a><\/td>\n<\/tr>\n<tr class=\"row-16\">\n\t<td class=\"column-1\"><\/td><td class=\"column-2\"><\/td>\n<\/tr>\n<tr class=\"row-17\">\n\t<td class=\"column-1\">Strand- und Badeordnung <\/td><td class=\"column-2\"> <a href=\"https:\/\/www.amtusedom.de\/ortsrecht\/or_loddin\/SatzungueberdieStrand-undBadeordnungV.pdf\" target=\"_blank\" rel=\"noopener\">Satzung \u00fcber die Strand- und Badeordnung am Ostseestrand der Gemeinde Seebad Loddin (Strandordnung)<\/a><\/td>\n<\/tr>\n<\/tbody>\n<\/table>\n<!-- #tablepress-89 from cache -->","protected":false},"excerpt":{"rendered":"","protected":false},"author":2,"featured_media":0,"parent":608,"menu_order":2,"comment_status":"closed","ping_status":"closed","template":"","meta":{"footnotes":""},"class_list":["post-623","page","type-page","status-publish","hentry"],"_links":{"self":[{"href":"https:\/\/www.amtusedom.de\/index.php?rest_route=\/wp\/v2\/pages\/623","targetHints":{"allow":["GET"]}}],"collection":[{"href":"https:\/\/www.amtusedom.de\/index.php?rest_route=\/wp\/v2\/pages"}],"about":[{"href":"https:\/\/www.amtusedom.de\/index.php?rest_route=\/wp\/v2\/types\/page"}],"author":[{"embeddable":true,"href":"https:\/\/www.amtusedom.de\/index.php?rest_route=\/wp\/v2\/users\/2"}],"replies":[{"embeddable":true,"href":"https:\/\/www.amtusedom.de\/index.php?rest_route=%2Fwp%2Fv2%2Fcomments&post=623"}],"version-history":[{"count":18,"href":"https:\/\/www.amtusedom.de\/index.php?rest_route=\/wp\/v2\/pages\/623\/revisions"}],"predecessor-version":[{"id":8046,"href":"https:\/\/www.amtusedom.de\/index.php?rest_route=\/wp\/v2\/pages\/623\/revisions\/8046"}],"up":[{"embeddable":true,"href":"https:\/\/www.amtusedom.de\/index.php?rest_route=\/wp\/v2\/pages\/608"}],"wp:attachment":[{"href":"https:\/\/www.amtusedom.de\/index.php?rest_route=%2Fwp%2Fv2%2Fmedia&parent=623"}],"curies":[{"name":"wp","href":"https:\/\/api.w.org\/{rel}","templated":true}]}}