{"id":629,"date":"2012-08-30T13:30:22","date_gmt":"2012-08-30T11:30:22","guid":{"rendered":"http:\/\/localhost\/wp\/?page_id=629"},"modified":"2023-08-02T10:32:05","modified_gmt":"2023-08-02T08:32:05","slug":"ortsrecht-gemeinde-loddin-finanz-und-steuerrecht","status":"publish","type":"page","link":"https:\/\/www.amtusedom.de\/?page_id=629","title":{"rendered":"Ortsrecht &#8211; Gemeinde Loddin: Finanz- und Steuerrecht"},"content":{"rendered":"\n<table id=\"tablepress-88\" class=\"tablepress tablepress-id-88\">\n<thead>\n<tr class=\"row-1\">\n\t<td class=\"column-1\"><\/td>\n<\/tr>\n<\/thead>\n<tbody class=\"row-striping row-hover\">\n<tr class=\"row-2\">\n\t<td class=\"column-1\">\t<a href=\"https:\/\/www.amtusedom.de\/ortsrecht\/or_loddin\/loddin-hundesteuer-lf.pdf\" target=\"_blank\" rel=\"noopener noreferrer\">Satzung \u00fcber die Erhebung einer Hundesteuer<\/a><\/td>\n<\/tr>\n<tr class=\"row-3\">\n\t<td class=\"column-1\">\t<a href=\"https:\/\/www.amtusedom.de\/ortsrecht\/or_loddin\/loddin-stundung.pdf\" target=\"_blank\" rel=\"noopener noreferrer\">Satzung \u00fcber die Stundung, Niederschlagung und Erlass von Anspr\u00fcchen der Gemeinde Seebad Loddin<\/a><\/td>\n<\/tr>\n<tr class=\"row-4\">\n\t<td class=\"column-1\">\t<a href=\"https:\/\/www.amtusedom.de\/ortsrecht\/or_loddin\/loddin-vergnuegungssteuer.pdf\" target=\"_blank\" rel=\"noopener noreferrer\">Satzung \u00fcber die Erhebung einer Vergn\u00fcgungssteuer f\u00fcr das Halten von Spiel \u2013 und Geschicklichkeitsger\u00e4ten<\/a><\/td>\n<\/tr>\n<tr class=\"row-5\">\n\t<td class=\"column-1\"><a href=\"https:\/\/www.amtusedom.de\/ortsrecht\/or_loddin\/loddin-wabo.pdf\" target=\"_blank\" rel=\"noopener noreferrer\">Satzung der Gemeinde Loddin \u00fcber die Erhebung von Geb\u00fchren zur Deckung der Verbandsbeitr\u00e4ge des Wasser- und Bodenverbandes \u201eInsel Usedom-Peenestrom\" vom 23. November 2012<\/a><\/td>\n<\/tr>\n<tr class=\"row-6\">\n\t<td class=\"column-1\"><a href=\"https:\/\/www.amtusedom.de\/ortsrecht\/or_loddin\/loddin-wabo-aend1.pdf\" target=\"_blank\" rel=\"noopener noreferrer\">1. Satzung zur \u00c4nderung der Satzung der Gemeinde Loddin \u00fcber die Erhebung von Geb\u00fchren zur Deckung der Verbandsbeitr\u00e4ge des Wasser- und Bodenverbandes \u201eInsel Usedom-Peenestrom\" vom 23. November 2012<\/a><\/td>\n<\/tr>\n<tr class=\"row-7\">\n\t<td class=\"column-1\">\t<a href=\"https:\/\/www.amtusedom.de\/ortsrecht\/or_loddin\/loddin-wabo-aend2.pdf\" target=\"_blank\" rel=\"noopener noreferrer\">2. Satzung zur \u00c4nderung der Satzung der Gemeinde Loddin \u00fcber die Erhebung von Geb\u00fchren zur Deckung der Verbandsbeitr\u00e4ge des Wasser- und Bodenverbandes \u201eInsel Usedom-Peenestrom\" vom 23. November 2012<\/a><\/td>\n<\/tr>\n<tr class=\"row-8\">\n\t<td class=\"column-1\"><a href=\"https:\/\/www.amtusedom.de\/ortsrecht\/or_loddin\/loddin-wabo-aend3.pdf\" target=\"_blank\" rel=\"noopener noreferrer\">3. Satzung zur \u00c4nderung der Satzung der Gemeinde Loddin \u00fcber die Erhebung von Geb\u00fchren zur Deckung der Verbandsbeitr\u00e4ge des Wasser- und Bodenverbandes \u201eInsel Usedom-Peenestrom\" vom 22. November 2013<\/a><\/td>\n<\/tr>\n<tr class=\"row-9\">\n\t<td class=\"column-1\"><a href=\"https:\/\/www.amtusedom.de\/ortsrecht\/or_loddin\/loddin-wabo-aend4.pdf\" target=\"_blank\" rel=\"noopener noreferrer\">4. Satzung zur \u00c4nderung der Satzung der Gemeinde Loddin \u00fcber die Erhebung von Geb\u00fchren zur Deckung der Verbandsbeitr\u00e4ge des Wasser- und Bodenverbandes \u201eInsel Usedom-Peenestrom\" vom 15. April 2015<\/a><\/td>\n<\/tr>\n<tr class=\"row-10\">\n\t<td class=\"column-1\">\t<a href=\"https:\/\/www.amtusedom.de\/ortsrecht\/or_loddin\/loddin-wabo-lf.pdf\" target=\"_blank\" rel=\"noopener noreferrer\">Satzung der Gemeinde Loddin \u00fcber die Erhebung von Geb\u00fchren zur Deckung der Verbandsbeitr\u00e4ge des Wasser- und Bodenverbandes \u201eInsel Usedom-Peenestrom\u201c - Lesefassung<\/a><\/td>\n<\/tr>\n<tr class=\"row-11\">\n\t<td class=\"column-1\"><a href=\"https:\/\/www.amtusedom.de\/ortsrecht\/or_loddin\/loddin-zweitwohnsteuer.pdf\" target=\"_blank\" rel=\"noopener noreferrer\">Satzung der Gemeinde Loddin \u00fcber die Erhebung einer Zweitwohnungssteuer<\/a><\/td>\n<\/tr>\n<tr class=\"row-12\">\n\t<td class=\"column-1\"><a href=\"https:\/\/www.amtusedom.de\/ortsrecht\/or_loddin\/loddin-zweitwohnsteuer-aend1.pdf\" target=\"_blank\" rel=\"noopener noreferrer\">1. Satzung zur \u00c4nderung der Satzung der Gemeinde Loddin \u00fcber die Erhebung einer Zweitwohnungssteuer<\/a><\/td>\n<\/tr>\n<tr class=\"row-13\">\n\t<td class=\"column-1\">\t<a href=\"https:\/\/www.amtusedom.de\/ortsrecht\/or_loddin\/loddin-zweitwohnsteuer-lesefassung.pdf\" target=\"_blank\" rel=\"noopener noreferrer\">Satzung der Gemeinde Loddin \u00fcber die Erhebung einer Zweitwohnungssteuer - Lesefassung<\/a><\/td>\n<\/tr>\n<tr class=\"row-14\">\n\t<td class=\"column-1\"><a href=\"https:\/\/www.amtusedom.de\/ortsrecht\/or_loddin\/loddin-hebesatzung2021.pdf\" target=\"_blank\" rel=\"noopener noreferrer\">Satzung \u00fcber die Festsetzung der Hebes\u00e4tze f\u00fcr die Grundsteuer und Gewerbesteuer in der Gemeinde Loddin (Hebesatzsatzung 2021)<\/a><\/td>\n<\/tr>\n<tr class=\"row-15\">\n\t<td class=\"column-1\"><a target=\"_blank\" href=\"https:\/\/www.amtusedom.de\/wp-content\/uploads\/2025\/01\/08-Loddin-Satzung-ueber-die-Festsetzung-der-Hebesaetze-2025.pdf\">Satzung \u00fcber die Festsetzung der Hebes\u00e4tze  f\u00fcr die Grundsteuer und Gewerbesteuer in der Gemeinde Loddin  (Hebesatzsatzung 2025)<\/a><\/td>\n<\/tr>\n<\/tbody>\n<\/table>\n<!-- #tablepress-88 from cache -->","protected":false},"excerpt":{"rendered":"","protected":false},"author":2,"featured_media":0,"parent":608,"menu_order":3,"comment_status":"closed","ping_status":"closed","template":"","meta":{"footnotes":""},"class_list":["post-629","page","type-page","status-publish","hentry"],"_links":{"self":[{"href":"https:\/\/www.amtusedom.de\/index.php?rest_route=\/wp\/v2\/pages\/629","targetHints":{"allow":["GET"]}}],"collection":[{"href":"https:\/\/www.amtusedom.de\/index.php?rest_route=\/wp\/v2\/pages"}],"about":[{"href":"https:\/\/www.amtusedom.de\/index.php?rest_route=\/wp\/v2\/types\/page"}],"author":[{"embeddable":true,"href":"https:\/\/www.amtusedom.de\/index.php?rest_route=\/wp\/v2\/users\/2"}],"replies":[{"embeddable":true,"href":"https:\/\/www.amtusedom.de\/index.php?rest_route=%2Fwp%2Fv2%2Fcomments&post=629"}],"version-history":[{"count":28,"href":"https:\/\/www.amtusedom.de\/index.php?rest_route=\/wp\/v2\/pages\/629\/revisions"}],"predecessor-version":[{"id":8042,"href":"https:\/\/www.amtusedom.de\/index.php?rest_route=\/wp\/v2\/pages\/629\/revisions\/8042"}],"up":[{"embeddable":true,"href":"https:\/\/www.amtusedom.de\/index.php?rest_route=\/wp\/v2\/pages\/608"}],"wp:attachment":[{"href":"https:\/\/www.amtusedom.de\/index.php?rest_route=%2Fwp%2Fv2%2Fmedia&parent=629"}],"curies":[{"name":"wp","href":"https:\/\/api.w.org\/{rel}","templated":true}]}}