{"id":634,"date":"2012-08-30T13:32:45","date_gmt":"2012-08-30T11:32:45","guid":{"rendered":"http:\/\/localhost\/wp\/?page_id=634"},"modified":"2023-08-02T11:03:40","modified_gmt":"2023-08-02T09:03:40","slug":"ortsrecht-gemeinde-loddin-baurecht","status":"publish","type":"page","link":"https:\/\/www.amtusedom.de\/?page_id=634","title":{"rendered":"Ortsrecht &#8211; Gemeinde Loddin: Baurecht"},"content":{"rendered":"\n<table id=\"tablepress-90\" class=\"tablepress tablepress-id-90\">\n<thead>\n<tr class=\"row-1\">\n\t<td class=\"column-1\"><\/td>\n<\/tr>\n<\/thead>\n<tbody class=\"row-striping row-hover\">\n<tr class=\"row-2\">\n\t<td class=\"column-1\"><a href=\"https:\/\/www.amtusedom.de\/ortsrecht\/or_loddin\/loddin-erschliessungsbeitraege.pdf\" target=\"_blank\" rel=\"noopener noreferrer\">Satzung \u00fcber die Erhebung von Erschlie\u00dfungsbeitr\u00e4gen<\/a>;<\/td>\n<\/tr>\n<tr class=\"row-3\">\n\t<td class=\"column-1\"><a href=\"https:\/\/www.amtusedom.de\/ortsrecht\/or_loddin\/loddin-ausbaubeitraege.pdf\" target=\"_blank\" rel=\"noopener noreferrer\">Satzung der Gemeinde Seebad Loddin \u00fcber die Erhebung von Beitr\u00e4gen f\u00fcr den Ausbau von Stra\u00dfen, Wegen und Pl\u00e4tzen<\/a>;<\/td>\n<\/tr>\n<tr class=\"row-4\">\n\t<td class=\"column-1\"><a href=\"https:\/\/www.amtusedom.de\/ortsrecht\/or_loddin\/loddin-ausbaubeitraege-aend1.pdf\" target=\"_blank\" rel=\"noopener noreferrer\">1. Satzung zur \u00c4nderung der Satzung der Gemeinde Seebad Loddin \u00fcber die Erhebung von Beitr\u00e4gen f\u00fcr den Ausbau von Stra\u00dfen, Wegen und Pl\u00e4tzen<\/a>;<\/td>\n<\/tr>\n<tr class=\"row-5\">\n\t<td class=\"column-1\"><a href=\"https:\/\/www.amtusedom.de\/ortsrecht\/or_loddin\/loddin-ausbaubeitraege-aend2.pdf\" target=\"_blank\" rel=\"noopener noreferrer\">2. Satzung zur \u00c4nderung der Satzung der Gemeinde Seebad Loddin \u00fcber die Erhebung von Beitr\u00e4gen f\u00fcr den Ausbau von Stra\u00dfen, Wegen und Pl\u00e4tzen<\/a>;<\/td>\n<\/tr>\n<tr class=\"row-6\">\n\t<td class=\"column-1\"><a href=\"https:\/\/www.amtusedom.de\/ortsrecht\/or_loddin\/loddin-ausbaubeitraege-lf.pdf\" target=\"_blank\" rel=\"noopener noreferrer\">Satzung der Gemeinde Loddin \u00fcber die Erhebung von Beitr\u00e4gen f\u00fcr den Ausbau von Stra\u00dfen, Wegen und Pl\u00e4tzen - Lesefassung<\/a>;<\/td>\n<\/tr>\n<tr class=\"row-7\">\n\t<td class=\"column-1\"><a href=\"https:\/\/www.amtusedom.de\/ortsrecht\/or_loddin\/loddin17.pdf\" target=\"_blank\" rel=\"noopener noreferrer\">Satzung der Gemeinde Loddin \u00fcber die Herstellung notwendiger Stellpl\u00e4tze<\/a>;<\/td>\n<\/tr>\n<tr class=\"row-8\">\n\t<td class=\"column-1\"><a href=\"https:\/\/www.amtusedom.de\/ortsrecht\/or_loddin\/loddin19.pdf\" target=\"_blank\" rel=\"noopener noreferrer\">Satzung \u00fcber das Anbringen von Stra\u00dfenschildern und Hausnummern in der Gemeinde Loddin<\/a>;<\/td>\n<\/tr>\n<tr class=\"row-9\">\n\t<td class=\"column-1\"><a href=\"https:\/\/www.amtusedom.de\/bauplanung\/loddin\/B-Loddin-Nr1.pdf\" target=\"_blank\" rel=\"noopener noreferrer\">B-Plan Nr. 1 \"Wohngebiet an der Strandstra\u00dfe\"<\/a>;<\/td>\n<\/tr>\n<tr class=\"row-10\">\n\t<td class=\"column-1\"><a href=\"https:\/\/www.amtusedom.de\/bauplanung\/loddin\/B-Loddin-Nr1-1Aen.pdf\" target=\"_blank\" rel=\"noopener noreferrer\">B-Plan Nr. 1 \"Wohngebiet an der Strandstra\u00dfe\" 1. \u00c4nderung<\/a>;<\/td>\n<\/tr>\n<tr class=\"row-11\">\n\t<td class=\"column-1\"><a href=\"https:\/\/www.amtusedom.de\/bauplanung\/loddin\/B-Loddin-Nr1-2Aen.pdf\" target=\"_blank\" rel=\"noopener noreferrer\">B-Plan Nr. 1 \"Wohngebiet an der Strandstra\u00dfe\" 2. \u00c4nderung<\/a>;<\/td>\n<\/tr>\n<tr class=\"row-12\">\n\t<td class=\"column-1\"><a href=\"https:\/\/www.amtusedom.de\/bauplanung\/loddin\/B-Loddin-Nr1-3Aen.pdf\" target=\"_blank\" rel=\"noopener noreferrer\">B-Plan Nr. 1 \"Wohngebiet an der Strandstra\u00dfe\" 3. \u00c4nderung<\/a>;<\/td>\n<\/tr>\n<tr class=\"row-13\">\n\t<td class=\"column-1\"><a href=\"https:\/\/www.amtusedom.de\/bauplanung\/loddin\/VB-Loddin-Nr1.pdf\" target=\"_blank\" rel=\"noopener noreferrer\">Vorhabenbezogener B-Plan Nr. 1 \"Altersgerechtes Wohnen \u00f6stlich des Wohngebiet an der Strandstra\u00dfe\"<\/a>;<\/td>\n<\/tr>\n<tr class=\"row-14\">\n\t<td class=\"column-1\"><a href=\"https:\/\/www.amtusedom.de\/bauplanung\/loddin\/B-Loddin-Nr2.pdf\" target=\"_blank\" rel=\"noopener noreferrer\">B-Plan Nr. 2 \"Gewerbegebiet an der B 111\"<\/a>;<\/td>\n<\/tr>\n<tr class=\"row-15\">\n\t<td class=\"column-1\"><a href=\"https:\/\/www.amtusedom.de\/bauplanung\/loddin\/B-Loddin-Nr2-1Aend.pdf\" target=\"_blank\" rel=\"noopener noreferrer\">B-Plan Nr. 2 \"Gewerbegebiet an der B 111\", 1. \u00c4nderung<\/a>;<\/td>\n<\/tr>\n<tr class=\"row-16\">\n\t<td class=\"column-1\"><a href=\"https:\/\/www.amtusedom.de\/bauplanung\/loddin\/BPlan3-Loddin.pdf\" target=\"_blank\" rel=\"noopener noreferrer\">B-Plan Nr. 3 \"Wohngebiet am M\u00fchlenberg\"<\/a>;<\/td>\n<\/tr>\n<tr class=\"row-17\">\n\t<td class=\"column-1\"><a href=\"https:\/\/www.amtusedom.de\/bauplanung\/loddin\/B-Loddin-Nr4.pdf\" target=\"_blank\" rel=\"noopener noreferrer\">B-Plan Nr. 4 \"Hubertusferienparkresidenz\"<\/a>;<\/td>\n<\/tr>\n<tr class=\"row-18\">\n\t<td class=\"column-1\"><a href=\"https:\/\/www.amtusedom.de\/bauplanung\/loddin\/B-Loddin-Nr5.pdf\" target=\"_blank\" rel=\"noopener noreferrer\">B-Plan Nr. 5 \"Ehemaliges Diplomatendorf\"<\/a>;<\/td>\n<\/tr>\n<tr class=\"row-19\">\n\t<td class=\"column-1\"><a href=\"https:\/\/www.amtusedom.de\/bauplanung\/loddin\/B-Loddin-Nr5-Aend1.pdf\" target=\"_blank\" rel=\"noopener noreferrer\">1. \u00c4nderung B-Plan Nr. 5 \"Ehemaliges Diplomatendorf\"<\/a>;<\/td>\n<\/tr>\n<tr class=\"row-20\">\n\t<td class=\"column-1\"><a href=\"https:\/\/www.amtusedom.de\/bauplanung\/loddin\/B-Loddin-Nr6.pdf\" target=\"_blank\" rel=\"noopener noreferrer\">B-Plan Nr. 6 \"Promenadenplatz\"<\/a>;<\/td>\n<\/tr>\n<tr class=\"row-21\">\n\t<td class=\"column-1\"><a href=\"https:\/\/www.amtusedom.de\/bauplanung\/loddin\/B-Loddin-Nr8.pdf\" target=\"_blank\" rel=\"noopener noreferrer\">B-Plan Nr. 8 \"Wohnbebauung an der Feuerwehr\"<\/a>;<\/td>\n<\/tr>\n<tr class=\"row-22\">\n\t<td class=\"column-1\"><a href=\"https:\/\/www.amtusedom.de\/bauplanung\/loddin\/B-Loddin-Nr9A.pdf\" target=\"_blank\" rel=\"noopener noreferrer\">B-Plan Nr. 9 A \"Ferienwohnanlage im Walde - II\"<\/a>;<\/td>\n<\/tr>\n<tr class=\"row-23\">\n\t<td class=\"column-1\"><a href=\"https:\/\/www.amtusedom.de\/bauplanung\/loddin\/B-Loddin-Nr9B.pdf\" target=\"_blank\" rel=\"noopener noreferrer\">B-Plan Nr. 9 B \"Ferienwohnanlage im Walde\"<\/a>;<\/td>\n<\/tr>\n<tr class=\"row-24\">\n\t<td class=\"column-1\"><a href=\"https:\/\/www.amtusedom.de\/bauplanung\/loddin\/B-Loddin-Nr10A.pdf\" target=\"_blank\" rel=\"noopener noreferrer\">B-Plan Nr. 10 A \"FH auf dem mittleren Teilgebiet des ehemaligen Feriengel\u00e4ndes der TU Dresden am Dresdner Weg, Gemarkung Loddin, Flur 1\"<\/a>;<\/td>\n<\/tr>\n<tr class=\"row-25\">\n\t<td class=\"column-1\"><a href=\"https:\/\/www.amtusedom.de\/bauplanung\/loddin\/B-Loddin-Nr10B.pdf\" target=\"_blank\" rel=\"noopener noreferrer\">B-Plan Nr. 10 B \"FH auf dem westlichen Teilgebiet der TU Dresden\"<\/a>;<\/td>\n<\/tr>\n<tr class=\"row-26\">\n\t<td class=\"column-1\"><a target=\"_blank\" href=\"https:\/\/www.amtusedom.de\/wp-content\/uploads\/2024\/08\/Plan-1.-Erg.-BP-10B-Loddin.pdf\" rel=\"noopener\">B-Plan Nr. 10 B \"FH auf dem westlichen Teilgebiet der TU Dresden\", 1. Erg\u00e4nzung<\/a><\/td>\n<\/tr>\n<tr class=\"row-27\">\n\t<td class=\"column-1\"><a href=\"https:\/\/www.amtusedom.de\/bauplanung\/loddin\/B-Loddin-Nr11.pdf\" target=\"_blank\" rel=\"noopener noreferrer\">B-Plan Nr. 11 \"Ferienhausgebiet am Galgenberg\"<\/a>;<\/td>\n<\/tr>\n<tr class=\"row-28\">\n\t<td class=\"column-1\"><a href=\"https:\/\/www.amtusedom.de\/bauplanung\/loddin\/B-Loddin-Nr12.pdf\" target=\"_blank\" rel=\"noopener noreferrer\">B-Plan Nr. 12 \"Seerose\"<\/a>;<\/td>\n<\/tr>\n<tr class=\"row-29\">\n\t<td class=\"column-1\"><a href=\"https:\/\/www.amtusedom.de\/bauplanung\/loddin\/B-Loddin-Nr12-1Aend.pdf\" target=\"_blank\" rel=\"noopener noreferrer\">B-Plan Nr. 12 \"Seerose\", 1. \u00c4nderung<\/a>;<\/td>\n<\/tr>\n<tr class=\"row-30\">\n\t<td class=\"column-1\"><a href=\"https:\/\/www.amtusedom.de\/bauplanung\/loddin\/Satz.fass. Plan 2. \u00c4nd. BP 12 Loddin, OT K\u00f6lpinsee.pdf\" target=\"_blank\" rel=\"noopener noreferrer\">B-Plan Nr. 12 \"Seerose\", 2. \u00c4nderung<\/a>;<\/td>\n<\/tr>\n<tr class=\"row-31\">\n\t<td class=\"column-1\"><a href=\"https:\/\/www.amtusedom.de\/bauplanung\/loddin\/B-Loddin-Nr12-3Aend.pdf\" target=\"_blank\" rel=\"noopener noreferrer\">B-Plan Nr. 12 \"Seerose\", 3. \u00c4nderung<\/a>;<\/td>\n<\/tr>\n<tr class=\"row-32\">\n\t<td class=\"column-1\"><a href=\"https:\/\/www.amtusedom.de\/bauplanung\/loddin\/B-Loddin-Nr13.pdf\" target=\"_blank\" rel=\"noopener noreferrer\">B-Plan Nr. 13 \"Ferienh\u00e4user des Freitaler Sportvereins am Galgenberg\"<\/a>;<\/td>\n<\/tr>\n<tr class=\"row-33\">\n\t<td class=\"column-1\"><a href=\"https:\/\/www.amtusedom.de\/bauplanung\/loddin\/B-Loddin-Nr14.pdf\" target=\"_blank\" rel=\"noopener noreferrer\">B\u2013Plan Nr. 14 \"Ferienhausgebiet im Ortsteil Stubbenfelde am K\u00f6lpinsee\"<\/a>;<\/td>\n<\/tr>\n<tr class=\"row-34\">\n\t<td class=\"column-1\"><a href=\"https:\/\/www.amtusedom.de\/bauplanung\/loddin\/B-Loddin-Nr16.pdf\" target=\"_blank\" rel=\"noopener noreferrer\">B\u2013Plan Nr. 16 \u201eErweiterung des Ferienhausgebietes im Ortsteil Stubbenfelde am K\u00f6lpinsee\u201c<\/a>;<\/td>\n<\/tr>\n<tr class=\"row-35\">\n\t<td class=\"column-1\"><a href=\"https:\/\/www.amtusedom.de\/bauplanung\/loddin\/B-Loddin-Nr17.pdf\" target=\"_blank\" rel=\"noopener noreferrer\">B\u2013Plan Nr. 17 Sondergebiet \"Campingplatz Stubbenfelde\"<\/a>;<\/td>\n<\/tr>\n<tr class=\"row-36\">\n\t<td class=\"column-1\"><a href=\"https:\/\/www.amtusedom.de\/bauplanung\/loddin\/B-Loddin-Nr17-Aend1.pdf\" target=\"_blank\" rel=\"noopener noreferrer\">B\u2013Plan Nr. 17 Sondergebiet \"Campingplatz Stubbenfelde\", 1. \u00c4nderung<\/a>;<\/td>\n<\/tr>\n<tr class=\"row-37\">\n\t<td class=\"column-1\"><a href=\"https:\/\/www.amtusedom.de\/bauplanung\/loddin\/B-Loddin-Nr3.pdf\" target=\"_blank\" rel=\"noopener noreferrer\">V \u2013u. E-Plan Nr. 3 \"Kinder-Reha-Einrichtung Johannes Bad AG\"<\/a>;<\/td>\n<\/tr>\n<tr class=\"row-38\">\n\t<td class=\"column-1\"><a href=\"https:\/\/www.amtusedom.de\/bauplanung\/loddin\/B-Loddin-Nr19.pdf\" target=\"_blank\" rel=\"noopener noreferrer\">B-Plan Nr. 19 f\u00fcr die 2. \u00c4nderung des Vorhaben- und Erschlie\u00dfungsplanes Nr. 3 \u201eKinder-Reha-Einrichtung der Johannesbad AG auf Usedom\u201c mit Begr\u00fcndung<\/a>;<\/td>\n<\/tr>\n<tr class=\"row-39\">\n\t<td class=\"column-1\"><a href=\"https:\/\/www.amtusedom.de\/bauplanung\/loddin\/V-B-Loddin-Nr1.pdf\" target=\"_blank\" rel=\"noopener noreferrer\">Satzung der Gemeinde Loddin \u00fcber den vorhabenbezogenen Bebauungsplan Nr. 1 \"Altersgerechtes Wohnen \u00f6stlich des Wohngebietes im Ortsteil K\u00f6lninsee an der Strandstra\u00dfe\"<\/a>;<\/td>\n<\/tr>\n<tr class=\"row-40\">\n\t<td class=\"column-1\"><a href=\"https:\/\/www.amtusedom.de\/bauplanung\/loddin\/S-Loddin.pdf\" target=\"_blank\" rel=\"noopener noreferrer\">Klarstellungssatzung<\/a>;<\/td>\n<\/tr>\n<tr class=\"row-41\">\n\t<td class=\"column-1\"><a href=\"https:\/\/www.amtusedom.de\/bauplanung\/loddin\/S-Loddin-aend1.pdf\" target=\"_blank\" rel=\"noopener noreferrer\">1. \u00c4nderung Klarstellungssatzung<\/a>;<\/td>\n<\/tr>\n<tr class=\"row-42\">\n\t<td class=\"column-1\"><a href=\"https:\/\/www.amtusedom.de\/bauplanung\/loddin\/Flaechennutzungsplan_Loddin.pdf\" target=\"_blank\" rel=\"noopener noreferrer\">Fl\u00e4chennutzungsplan<\/a>;<\/td>\n<\/tr>\n<tr class=\"row-43\">\n\t<td class=\"column-1\">Dorferneuerung (OT Loddin und Stubbenfelde)<\/td>\n<\/tr>\n<tr class=\"row-44\">\n\t<td class=\"column-1\"><a href=\"https:\/\/www.amtusedom.de\/bauplanung\/loddin\/ABS-Stubbenfelde.pdf\" target=\"_blank\" rel=\"noopener noreferrer\">Au\u00dfenbereichssatzung der Gemeinde Loddin f\u00fcr die Siedlung am Teufelsberg im Ortsteil Stubbenfelde<\/a>;<\/td>\n<\/tr>\n<tr class=\"row-45\">\n\t<td class=\"column-1\"><a href=\"https:\/\/www.amtusedom.de\/bauplanung\/loddin\/ABS-Stubbenfelde1Aend.pdf\" target=\"_blank\" rel=\"noopener noreferrer\">1. \u00c4nderung Au\u00dfenbereichssatzung der Gemeinde Loddin f\u00fcr die Siedlung am Teufelsberg im Ortsteil Stubbenfelde<\/a>;<\/td>\n<\/tr>\n<tr class=\"row-46\">\n\t<td class=\"column-1\"><a href=\"https:\/\/www.amtusedom.de\/bauplanung\/loddin\/ABS-Stubbenfelde2Aend.pdf\" target=\"_blank\" rel=\"noopener noreferrer\">2. \u00c4nderung Au\u00dfenbereichssatzung der Gemeinde Loddin f\u00fcr die Siedlung am Teufelsberg im Ortsteil Stubbenfelde<\/a>;<\/td>\n<\/tr>\n<tr class=\"row-47\">\n\t<td class=\"column-1\"><a target=\"_blank\" href=\"https:\/\/www.amtusedom.de\/wp-content\/uploads\/2023\/09\/1.Ergaenzung-Klarstellungssatzung-der-Gemeinde-Seebad-Loddin.pdf\" rel=\"noopener\">1.Erg\u00e4nzung Klarstellungssatzung der Gemeinde Seebad Loddin<\/a><\/td>\n<\/tr>\n<tr class=\"row-48\">\n\t<td class=\"column-1\"><a target=\"_blank\" href=\"https:\/\/www.amtusedom.de\/wp-content\/uploads\/2023\/09\/3.-Aenderung-Aussenbereichssatzung-der-Gemeinde-Loddin-fuer-die-Siedlung-am-Teufelsberg-im-Ortsteil-Stubbenfelde.pdf\" rel=\"noopener\">3. \u00c4nderung Au\u00dfenbereichssatzung der Gemeinde Loddin f\u00fcr die Siedlung am Teufelsberg im Ortsteil Stubbenfelde<\/a><\/td>\n<\/tr>\n<tr class=\"row-49\">\n\t<td class=\"column-1\"><a target=\"_blank\" href=\"https:\/\/www.amtusedom.de\/wp-content\/uploads\/2025\/08\/ABS-Loddin-Waldsiedlung.pdf\">Au\u00dfenbereichssatzung der Gemeinde Loddin f\u00fcr die Waldsiedlung in der Gemeinde Loddin<\/a><\/td>\n<\/tr>\n<\/tbody>\n<\/table>\n<!-- #tablepress-90 from cache -->","protected":false},"excerpt":{"rendered":"","protected":false},"author":2,"featured_media":0,"parent":608,"menu_order":4,"comment_status":"closed","ping_status":"closed","template":"","meta":{"footnotes":""},"class_list":["post-634","page","type-page","status-publish","hentry"],"_links":{"self":[{"href":"https:\/\/www.amtusedom.de\/index.php?rest_route=\/wp\/v2\/pages\/634","targetHints":{"allow":["GET"]}}],"collection":[{"href":"https:\/\/www.amtusedom.de\/index.php?rest_route=\/wp\/v2\/pages"}],"about":[{"href":"https:\/\/www.amtusedom.de\/index.php?rest_route=\/wp\/v2\/types\/page"}],"author":[{"embeddable":true,"href":"https:\/\/www.amtusedom.de\/index.php?rest_route=\/wp\/v2\/users\/2"}],"replies":[{"embeddable":true,"href":"https:\/\/www.amtusedom.de\/index.php?rest_route=%2Fwp%2Fv2%2Fcomments&post=634"}],"version-history":[{"count":26,"href":"https:\/\/www.amtusedom.de\/index.php?rest_route=\/wp\/v2\/pages\/634\/revisions"}],"predecessor-version":[{"id":8052,"href":"https:\/\/www.amtusedom.de\/index.php?rest_route=\/wp\/v2\/pages\/634\/revisions\/8052"}],"up":[{"embeddable":true,"href":"https:\/\/www.amtusedom.de\/index.php?rest_route=\/wp\/v2\/pages\/608"}],"wp:attachment":[{"href":"https:\/\/www.amtusedom.de\/index.php?rest_route=%2Fwp%2Fv2%2Fmedia&parent=634"}],"curies":[{"name":"wp","href":"https:\/\/api.w.org\/{rel}","templated":true}]}}