{"id":648,"date":"2012-09-06T08:34:48","date_gmt":"2012-09-06T06:34:48","guid":{"rendered":"http:\/\/localhost\/wp\/?page_id=648"},"modified":"2020-09-02T10:12:01","modified_gmt":"2020-09-02T08:12:01","slug":"ortsrecht-gemeinde-mellenthin-offentliche-bekanntmachungen","status":"publish","type":"page","link":"https:\/\/www.amtusedom.de\/?page_id=648","title":{"rendered":"Ortsrecht \u2013 Gemeinde Mellenthin: \u00d6ffentliche Bekanntmachungen"},"content":{"rendered":"<p><strong>Gemeinde Mellenthin &#8211; \u00d6ffentliche Bekanntmachungen<\/strong><\/p>\n\n<table id=\"tablepress-10\" class=\"tablepress tablepress-id-10\">\n<thead>\n<tr class=\"row-1\">\n\t<th class=\"column-1\">Ver\u00f6ffentlicht am<\/th><th class=\"column-2\">Bekanntmachung<\/th>\n<\/tr>\n<\/thead>\n<tbody class=\"row-striping\">\n<tr class=\"row-2\">\n\t<td class=\"column-1\">07.01.2021<\/td><td class=\"column-2\"><a target=\"_blank\" href=\"ortsrecht\/bm_mellenthin\/bekanntmachung-20210107-mellenthin.pdf\" rel=\"noopener noreferrer\">Bekanntmachung der Gemeindevertretung Mellenthin \u00fcber die Aufstellung der 2. Erg\u00e4nzung der Klarstellungssatzung mit Erg\u00e4nzungen und Abrundungen f\u00fcr den im Zusammenhang bebauten Ortsteil Morgenitz der Gemeinde Mellenthin f\u00fcr eine Teilfl\u00e4che aus dem Flurst\u00fcck 20\/1, Flur 2, Gemarkung Morgenitz im Ortsteil Morgenitz<\/a><\/td>\n<\/tr>\n<tr class=\"row-3\">\n\t<td class=\"column-1\">23.02.2021<\/td><td class=\"column-2\"><a target=\"_blank\" href=\"ortsrecht\/bm_mellenthin\/bekanntmachung-20210223-1-mellenthin.pdf\" rel=\"noopener noreferrer\">Bekanntmachung der Gemeinde Mellenthin zum Beschluss Nr. GVMe-0250\/21 vom 22.02.2021 \u00fcber die Satzung zur 1. Erg\u00e4nzung der Klarstellungssatzung mit Erg\u00e4nzungen und Abrundungen f\u00fcr den im Zusammenhang bebauten Ortsteil Morgenitz der Gemeinde Mellenthin f\u00fcr eine Teilfl\u00e4che aus dem Flurst\u00fcck 39\/1, Flur 2, Gemarkung Morgenitz, im Ortsteil Morgenitz<\/a><\/td>\n<\/tr>\n<tr class=\"row-4\">\n\t<td class=\"column-1\">23.02.2021<\/td><td class=\"column-2\"><a target=\"_blank\" href=\"ortsrecht\/bm_mellenthin\/bekanntmachung-20210223-2-mellenthin.pdf\" rel=\"noopener noreferrer\">Bekanntmachung der Gemeinde Mellenthin zum Beschluss Nr. GVMe-0248\/21 vom 22.02.2021 \u00fcber die Aufhebung des Beschluss Nr. 0025\/08 vom 29.09.2008, \u00fcber die Aufstellung des Bebauungsplanes Nr. 3 \u201eSolarpark PV1 \u2013 Neppermin\u201c an der Deponie, der Gemeinde Mellenthin<\/a><\/td>\n<\/tr>\n<tr class=\"row-5\">\n\t<td class=\"column-1\">23.02.2021<\/td><td class=\"column-2\"><a target=\"_blank\" href=\"ortsrecht\/bm_mellenthin\/bekanntmachung-20210223-3-mellenthin.pdf\" rel=\"noopener noreferrer\">Bekanntmachung der Gemeinde Mellenthin \u00fcber den Beschluss Nr. GVMe-0247\/21 vom 22.02.2021 \u00fcber die \u00c4nderung und Aufteilung des Geltungsbereiches f\u00fcr die 2. Erg\u00e4nzung der Klarstellungssatzung mit Abrundungen und Erweiterungen f\u00fcr den im Zusammenhang bebauten Ortsteil Mellenthin der Gemeinde Mellenthin, in die Teilbereiche 1 und 2<\/a><\/td>\n<\/tr>\n<tr class=\"row-6\">\n\t<td class=\"column-1\">25.02.2021<\/td><td class=\"column-2\"><a target=\"_blank\" href=\"ortsrecht\/bm_mellenthin\/bekanntmachung-20210225-mellenthin.pdf\" rel=\"noopener noreferrer\">Bekanntmachung der Haushaltssatzung der Gemeinde Mellenthin f\u00fcr das Haushaltsjahr 2021<\/a><\/td>\n<\/tr>\n<tr class=\"row-7\">\n\t<td class=\"column-1\">07.09.2021<\/td><td class=\"column-2\"><a target=\"_blank\" href=\"ortsrecht\/bm_mellenthin\/bekanntmachung-20210907-mellenthin.pdf\" rel=\"noopener noreferrer\">Bekanntmachung der Gemeinde Mellenthin zum Beschluss Nr. GVMe-0263\/21 vom 16.08.2021 \u00fcber den Vorentwurf und die Auslegung der 3. \u00c4nderung des Fl\u00e4chennutzungsplanes der Gemeinde Mellenthin f\u00fcr eine Teilfl\u00e4che des Flurst\u00fcckes 284, Flur 1, Gemarkung Dewichow im Ortsteil Dewichow in der Fassung von 06-2021<\/a><\/td>\n<\/tr>\n<tr class=\"row-8\">\n\t<td class=\"column-1\">07.09.2021<\/td><td class=\"column-2\"><a target=\"_blank\" href=\"ortsrecht\/bm_mellenthin\/bekanntmachung-20210907-2-mellenthin.pdf\" rel=\"noopener noreferrer\">Bekanntmachung der Gemeinde Mellenthin zum Beschluss Nr. GVMe-0264\/21 vom 16.08.2021 \u00fcber den Entwurf und die Auslegung der 2. Erg\u00e4nzung und 1. \u00c4nderung der Klarstellungssatzung mit Erg\u00e4nzungen f\u00fcr den im Zusammenhang bebauten Ortsteil Dewichow der Gemeinde Mellenthin f\u00fcr Teilfl\u00e4chen der Flurst\u00fccke 284 und 285\/1, Flur 1, Gemarkung Dewichow im Ortsteil Dewichow<\/a><\/td>\n<\/tr>\n<tr class=\"row-9\">\n\t<td class=\"column-1\">09.09.2021<\/td><td class=\"column-2\"><a target=\"_blank\" href=\"ortsrecht\/bm_mellenthin\/bekanntmachung-20210909-mellenthin.pdf\" rel=\"noopener noreferrer\">Bekanntmachung der Gemeinde Mellenthin zum Beschluss Nr. GVMe-0267\/21 vom 16.08.2021 \u00fcber die Satzung zur 2. Erg\u00e4nzung der Klarstellungssatzung mit Abrundungen und Erweiterungen f\u00fcr den im Zusammenhang bebauten Ortsteil Mellenthin Teilbereich 1 - Wiesenweg der Gemeinde Mellenthin f\u00fcr Teilfl\u00e4chen aus den Flurst\u00fccken 31, 38, 114\/2, Flur 5, Gemarkung Mellenthin<\/a><\/td>\n<\/tr>\n<tr class=\"row-10\">\n\t<td class=\"column-1\">22.02.2022<\/td><td class=\"column-2\"><a target=\"_blank\" href=\"ortsrecht\/bm_mellenthin\/bekanntmachung-20220222-mellenthin.pdf\" rel=\"noopener noreferrer\">Bekanntmachung der Haushaltssatzung der Gemeinde Mellenthin f\u00fcr das Haushaltsjahr 2022<\/a><\/td>\n<\/tr>\n<tr class=\"row-11\">\n\t<td class=\"column-1\">03.03.2022<\/td><td class=\"column-2\"><a target=\"_blank\" href=\"ortsrecht\/bm_mellenthin\/bekanntmachung-20220303-mellenthin.pdf\" rel=\"noopener noreferrer\">Bekanntmachung der Gemeinde Mellenthin zum Beschluss Nr. GVMe- 0290\/22 vom 14.02.2022 \u00fcber den Entwurf und die Auslegung der 2. Erg\u00e4nzung der Klarstellungssatzung mit Erg\u00e4nzungen f\u00fcr den im Zusammenhang bebauten Ortsteil Morgenitz der Gemeinde Mellenthin in der Fassung 01-2022 f\u00fcr die Flurst\u00fccke 21\/1, 21\/3, 25\/1, 25\/5 und teilweise das Flurst\u00fcck 20\/1, Gemarkung Morgenitz im Ortsteil Morgenitz<\/a><\/td>\n<\/tr>\n<tr class=\"row-12\">\n\t<td class=\"column-1\">08.06.2022<\/td><td class=\"column-2\"><a target=\"_blank\" href=\"ortsrecht\/bm_mellenthin\/bekanntmachung-20220608-mellenthin.pdf\" rel=\"noopener noreferrer\">Bekanntmachung der Gemeinde Mellenthin zum Beschluss Nr. GVMe-0299\/22 vom 30.05.2022 \u00fcber den Entwurf und die Auslegung der 3. \u00c4nderung des Fl\u00e4chennutzungsplanes der Gemeinde Mellenthin f\u00fcr eine Teilfl\u00e4che des Flurst\u00fcckes 284, Flur 1, Gemarkung Dewichow im Ortsteil Dewichow in der Fassung von 01-2022<\/a><\/td>\n<\/tr>\n<tr class=\"row-13\">\n\t<td class=\"column-1\">28.02.2023<\/td><td class=\"column-2\"><a target=\"_blank\" href=\"ortsrecht\/bm_mellenthin\/MellenthinBekanntmachungderHaushaltssatzung2023V.pdf\" rel=\"noopener noreferrer\">Bekanntmachung der Haushaltssatzung der Gemeinde Mellenthin f\u00fcr das Haushaltsjahr 2023<\/a><\/td>\n<\/tr>\n<tr class=\"row-14\">\n\t<td class=\"column-1\">02.03.2023<\/td><td class=\"column-2\"><a target=\"_blank\" href=\"https:\/\/amtusedom.de\/bauplanung\/mellenthin\/Bekanntm. 3. \u00c4nd. FNP MellenthinV.pdf\" rel=\"noopener\">Bekanntmachung der Gemeinde Mellenthin \u00fcber die Genehmigung der 3. \u00c4nderung des Fl\u00e4chennutzungsplanes der Gemeinde Mellenthin i. V. m. der 2.\u00a0 Erg\u00e4nzung und 1. \u00c4nderung der Klarstellungssatzung mit Erg\u00e4nzungen f\u00fcr den im Zusammenhang bebauten Ortsteil Dewichow der Gemeinde Mellenthin<\/a><\/td>\n<\/tr>\n<tr class=\"row-15\">\n\t<td class=\"column-1\">26.09.2023<\/td><td class=\"column-2\"><a target=\"_blank\" href=\"https:\/\/www.amtusedom.de\/wp-content\/uploads\/2023\/09\/Bekanntmachung-der-Feststellung-des-Jahresabschlusses-2017-und-der-Entlastung-des-Buergermeisters-der-Gemeinde-Mellenthin.pdf\" rel=\"noopener\">Bekanntmachung der Feststellung des Jahresabschlusses 2017 und der Entlastung des B\u00fcrgermeisters der Gemeinde Mellenthin<\/a><\/td>\n<\/tr>\n<tr class=\"row-16\">\n\t<td class=\"column-1\">07.11.2023<\/td><td class=\"column-2\"><a target=\"_blank\" href=\"https:\/\/www.amtusedom.de\/wp-content\/uploads\/2023\/11\/Bek.-AG-HGW-Mellenthin.pdf\" rel=\"noopener\">Amtsgericht Greifswald - Terminsbestimmung im Wege der Zwangsvollstreckung<\/a><\/td>\n<\/tr>\n<tr class=\"row-17\">\n\t<td class=\"column-1\">28.11.2023<\/td><td class=\"column-2\"><a target=\"_blank\" href=\"https:\/\/www.amtusedom.de\/wp-content\/uploads\/2023\/11\/Bek.-HH-Mellenthin-2024.pdf\" rel=\"noopener\">Bekanntmachung der Haushaltssatzung der Gemeinde Mellenthin f\u00fcr das Haushaltsjahr 2024<\/a><\/td>\n<\/tr>\n<tr class=\"row-18\">\n\t<td class=\"column-1\">01.12.2023<\/td><td class=\"column-2\"><a target=\"_blank \"href=\"https:\/\/www.amtusedom.de\/wp-content\/uploads\/2023\/12\/Bek.-FNP-Mellenthin.pdf\">Bekanntmachung der 4. \u00c4nderung des Fl\u00e4chennutzungsplans der Gemeinde Mellent-hin des Aufstellungsbeschlusses vom 27.11.2023<\/a><\/td>\n<\/tr>\n<tr class=\"row-19\">\n\t<td class=\"column-1\">01.12.2023<\/td><td class=\"column-2\"><a target=\"_blank\" href=\"https:\/\/www.amtusedom.de\/wp-content\/uploads\/2023\/12\/Bek.-B-Plan-Nr.-4-Mellenthin.pdf\" rel=\"noopener\">Bekanntmachung zum Bebauungsplan Nr. 4 \u201eNatur-Caravanplatz am Chausseeberg\u201c der Gemeinde Mellenthin des Aufstellungsbeschlusses vom 27.11.2023<\/a><\/td>\n<\/tr>\n<tr class=\"row-20\">\n\t<td class=\"column-1\">22.01.2024<\/td><td class=\"column-2\"><a href=\"https:\/\/www.amtusedom.de\/wp-content\/uploads\/2024\/01\/Mellenthin2BekanntmachungHaushaltssatzung2024.pdf\" rel=\"noopener\" target=\"_blank\">2. Bekanntmachung der Haushaltssatzung der Gemeinde Mellenthin f\u00fcr das Haushaltsjahr 2024<\/a><\/td>\n<\/tr>\n<tr class=\"row-21\">\n\t<td class=\"column-1\">21.05.2024<\/td><td class=\"column-2\"><a target=\"_blank\" href=\"https:\/\/www.amtusedom.de\/wp-content\/uploads\/2024\/05\/Bek.-Entwurfs-und-Auslegungsbeschluss-Mellenthin.pdf\" rel=\"noopener\">Bekanntmachung der Gemeinde Mellenthin zum Beschluss  vom 13.05.2024 \u00fcber den Entwurf und die \u00f6ffentliche Beteiligung der 2. Erg\u00e4nzung der Klarstellungssatzung mit Erg\u00e4nzungen f\u00fcr den im Zusammenhang bebauten Ortsteil Morgenitz der Gemeinde Mellenthin f\u00fcr eine Teilfl\u00e4che aus dem Flurst\u00fcck 20\/1, Flur 2, Gemarkung Morgenitz im Ortsteil Morgenitz<\/a><\/td>\n<\/tr>\n<tr class=\"row-22\">\n\t<td class=\"column-1\">21.05.2024<\/td><td class=\"column-2\"><a target=\"_blank\" href=\"https:\/\/www.amtusedom.de\/wp-content\/uploads\/2024\/05\/Mellenthin-JAB-2018.pdf\" rel=\"noopener\">Bekanntmachung der Feststellung des Jahresabschlusses 2018 und der Entlastung des B\u00fcrgermeisters der Gemeinde Mellenthin<\/a><\/td>\n<\/tr>\n<tr class=\"row-23\">\n\t<td class=\"column-1\">25.06.2024<\/td><td class=\"column-2\"><a target=\"_blank\" href=\"https:\/\/www.amtusedom.de\/wp-content\/uploads\/2024\/06\/KES_Morgenitz_PZ_E_Mai24_.pdf\" rel=\"noopener\">Beteiligungsunterlagen der Gemeinde Mellenthin zum Beschluss GVMe-0379\/24 vom 13.05.2024 \u00fcber den Entwurf und die \u00f6ffentliche Beteiligung der 2. Erg\u00e4nzung der Klarstellungssatzung mit Erg\u00e4nzungen f\u00fcr den im Zusammenhang bebauten Ortsteil Morgenitz der Gemeinde Mellenthin in der Fassung 04-2024<\/a><\/td>\n<\/tr>\n<tr class=\"row-24\">\n\t<td class=\"column-1\">28.11.2024<\/td><td class=\"column-2\"><a target=\"_blank\" href=\"https:\/\/www.amtusedom.de\/wp-content\/uploads\/2024\/11\/00000-Mellenthin-JAB-2019.pdf\" rel=\"noopener\">Bekanntmachung der Feststellung des Jahresabschlusses 2019 und der Entlastung der B\u00fcrgermeisterin der Gemeinde Mellenthin<\/a><\/td>\n<\/tr>\n<tr class=\"row-25\">\n\t<td class=\"column-1\">28.01.2025<\/td><td class=\"column-2\"><a target=\"_blank\" href=\"https:\/\/www.amtusedom.de\/wp-content\/uploads\/2025\/01\/Bekanntmachung-der-Haushaltssatzung-der-Gemeinde-Mellenthin.pdf\">Bekanntmachung der Haushaltssatzung der Gemeinde Mellenthin f\u00fcr das Haushaltsjahr 2025<\/a><\/td>\n<\/tr>\n<tr class=\"row-26\">\n\t<td class=\"column-1\">11.03.2025<\/td><td class=\"column-2\"><a target=\"_blank\" href=\"https:\/\/www.amtusedom.de\/wp-content\/uploads\/2025\/03\/Oeffentliche-Bekanntmachung-Mellenthin-2025.pdf\">\u00d6ffentliche Bekanntmachung Aufkommensneutrale Hebes\u00e4tze der Gemeinde Mellenthin f\u00fcr die Grundsteuer A und B f\u00fcr das Jahr 2025<\/a><\/td>\n<\/tr>\n<tr class=\"row-27\">\n\t<td class=\"column-1\">23.04.2025<\/td><td class=\"column-2\"><a target=\"_blank\" href=\"https:\/\/www.amtusedom.de\/wp-content\/uploads\/2025\/04\/Amtsgericht-Greifswald-Terminsbestimmung-im-Wege-der-Zwangsvollstreckung.pdf\">Amtsgericht Greifswald - Terminsbestimmung im Wege der Zwangsvollstreckung<\/a><\/td>\n<\/tr>\n<tr class=\"row-28\">\n\t<td class=\"column-1\">02.06.2025<\/td><td class=\"column-2\"><a target=\"_blank\" href=\"https:\/\/www.amtusedom.de\/wp-content\/uploads\/2025\/06\/Bekanntmachung-der-Feststellung-des-Jahresabschlusses-2020-und-der-Entlastung-des-Buergermeisters-der-Gemeinde-Mellenthin.pdf\">Bekanntmachung der Feststellung des Jahresabschlusses 2020 und der Entlastung des B\u00fcrgermeisters der Gemeinde Mellenthin<\/a><\/td>\n<\/tr>\n<tr class=\"row-29\">\n\t<td class=\"column-1\">16.09.2025<\/td><td class=\"column-2\"><a target=\"_blank\" href=\"https:\/\/www.amtusedom.de\/wp-content\/uploads\/2025\/09\/Bek.-Offenlegung-Niederschrift-Grenztermin-Mellenthin.pdf\">Orts\u00fcbliche Bekanntmachung  der Offenlegung der Niederschrift \u00fcber einen Grenztermin<\/a><\/td>\n<\/tr>\n<tr class=\"row-30\">\n\t<td class=\"column-1\">16.09.2025<\/td><td class=\"column-2\"><a target=\"_blank\" href=\"https:\/\/www.amtusedom.de\/wp-content\/uploads\/2025\/09\/Bek.-Mitteilung-Grenztermin-Mellentin.pdf\">Mitteilung eines Grenztermins (Orts\u00fcbliche Bekanntmachung)<\/a><\/td>\n<\/tr>\n<tr class=\"row-31\">\n\t<td class=\"column-1\">17.09.2025<\/td><td class=\"column-2\"><a target=\"_blank\" href=\"https:\/\/www.amtusedom.de\/wp-content\/uploads\/2025\/09\/Bekanntmachung-der-Feststellung-des-Jahresabschlusses-2021-und-der-Entlastung-der-Buergermeisterin-der-Gemeinde-Mellenthin.pdf\">Bekanntmachung der Feststellung des Jahresabschlusses 2021 und der Entlastung der B\u00fcrgermeisterin der Gemeinde Mellenthin<\/a><\/td>\n<\/tr>\n<tr class=\"row-32\">\n\t<td class=\"column-1\">25.02.2026<\/td><td class=\"column-2\"><a target=\"_blank\" href=\"https:\/\/www.amtusedom.de\/wp-content\/uploads\/2026\/02\/Bekanntmachung-der-Haushaltssatzung-der-Gemeinde-Mellenthin-.pdf\">Bekanntmachung der Haushaltssatzung der Gemeinde Mellenthin  f\u00fcr das Haushaltsjahr 2026<\/a><\/td>\n<\/tr>\n<\/tbody>\n<\/table>\n\n<p><a href=\"?page_id=2639\" title=\"\u00d6ffentliche Bekanntmachungen Gemeinde Mellenthin - Archiv\">\u00c4ltere Bekanntmachungen&#8230;<\/a><\/p>","protected":false},"excerpt":{"rendered":"<p>Gemeinde Mellenthin &#8211; \u00d6ffentliche Bekanntmachungen \u00c4ltere Bekanntmachungen&#8230;<\/p>\n","protected":false},"author":2,"featured_media":0,"parent":645,"menu_order":0,"comment_status":"closed","ping_status":"closed","template":"","meta":{"footnotes":""},"class_list":["post-648","page","type-page","status-publish","hentry"],"_links":{"self":[{"href":"https:\/\/www.amtusedom.de\/index.php?rest_route=\/wp\/v2\/pages\/648","targetHints":{"allow":["GET"]}}],"collection":[{"href":"https:\/\/www.amtusedom.de\/index.php?rest_route=\/wp\/v2\/pages"}],"about":[{"href":"https:\/\/www.amtusedom.de\/index.php?rest_route=\/wp\/v2\/types\/page"}],"author":[{"embeddable":true,"href":"https:\/\/www.amtusedom.de\/index.php?rest_route=\/wp\/v2\/users\/2"}],"replies":[{"embeddable":true,"href":"https:\/\/www.amtusedom.de\/index.php?rest_route=%2Fwp%2Fv2%2Fcomments&post=648"}],"version-history":[{"count":20,"href":"https:\/\/www.amtusedom.de\/index.php?rest_route=\/wp\/v2\/pages\/648\/revisions"}],"predecessor-version":[{"id":5935,"href":"https:\/\/www.amtusedom.de\/index.php?rest_route=\/wp\/v2\/pages\/648\/revisions\/5935"}],"up":[{"embeddable":true,"href":"https:\/\/www.amtusedom.de\/index.php?rest_route=\/wp\/v2\/pages\/645"}],"wp:attachment":[{"href":"https:\/\/www.amtusedom.de\/index.php?rest_route=%2Fwp%2Fv2%2Fmedia&parent=648"}],"curies":[{"name":"wp","href":"https:\/\/api.w.org\/{rel}","templated":true}]}}