{"id":656,"date":"2012-09-06T08:55:27","date_gmt":"2012-09-06T06:55:27","guid":{"rendered":"http:\/\/localhost\/wp\/?page_id=656"},"modified":"2023-08-02T11:20:10","modified_gmt":"2023-08-02T09:20:10","slug":"ortsrecht-gemeinde-mellenthin-sicherheits-und-ordnungsrecht","status":"publish","type":"page","link":"https:\/\/www.amtusedom.de\/?page_id=656","title":{"rendered":"Ortsrecht \u2013 Gemeinde Mellenthin: Sicherheits- und Ordnungsrecht"},"content":{"rendered":"\n<table id=\"tablepress-94\" class=\"tablepress tablepress-id-94\">\n<thead>\n<tr class=\"row-1\">\n\t<td class=\"column-1\"><\/td><td class=\"column-2\"><\/td><td class=\"column-3\"><\/td>\n<\/tr>\n<\/thead>\n<tbody class=\"row-striping row-hover\">\n<tr class=\"row-2\">\n\t<td class=\"column-1\">Dorfgemeinschaftshaus <\/td><td class=\"column-2\"><\/td><td class=\"column-3\"><a href=\"https:\/\/www.amtusedom.de\/wp-content\/uploads\/2026\/03\/Mellenthin-Dorfgemeinschaftshaus-Benutzungsordnung.pdf\" target=\"_blank\">Benutzungsordnung Dorfgemeinschaftshaus <\/a><\/td>\n<\/tr>\n<tr class=\"row-3\">\n\t<td class=\"column-1\"><\/td><td class=\"column-2\"><\/td><td class=\"column-3\"><\/td>\n<\/tr>\n<tr class=\"row-4\">\n\t<td class=\"column-1\">Feuerwehr<\/td><td class=\"column-2\"><\/td><td class=\"column-3\"><a href=\"https:\/\/www.amtusedom.de\/ortsrecht\/or_mellenthin\/mellenthin-feuerwehrgebuehrensatzung.pdf\" target=\"_blank\" rel=\"noopener noreferrer\">Satzung der Gemeinde Mellenthin \u00fcber die Erhebung von Geb\u00fchren und Entgelte f\u00fcr Leistungen der \u00f6ffentlichen Feuerwehr (Feuerwehrgeb\u00fchrensatzung)<\/a><\/td>\n<\/tr>\n<tr class=\"row-5\">\n\t<td class=\"column-1\"><\/td><td class=\"column-2\"><\/td><td class=\"column-3\"><\/td>\n<\/tr>\n<tr class=\"row-6\">\n\t<td class=\"column-1\">Friedhof<\/td><td class=\"column-2\">Mellenthin <\/td><td class=\"column-3\">\t<a href=\"https:\/\/www.amtusedom.de\/ortsrecht\/or_mellenthin\/mellenthin08.pdf\" target=\"_blank\" rel=\"noopener noreferrer\">Friedhofsordnung der Pommerschen Evangelischen Kirche f\u00fcr den Friedhof der Ev. Kirchengemeinde Morgenitz in Mellenthin<\/a><\/td>\n<\/tr>\n<tr class=\"row-7\">\n\t<td class=\"column-1\"><\/td><td class=\"column-2\"><\/td><td class=\"column-3\">\t<a href=\"https:\/\/www.amtusedom.de\/ortsrecht\/or_mellenthin\/mellenthin09.pdf\" target=\"_blank\" rel=\"noopener noreferrer\">Anhang zur Friedhofsordnung Richtlinien \u00fcber die Gestaltung der Grabst\u00e4tten und Grabmale<\/a><\/td>\n<\/tr>\n<tr class=\"row-8\">\n\t<td class=\"column-1\"><\/td><td class=\"column-2\"><\/td><td class=\"column-3\">\t<a href=\"https:\/\/www.amtusedom.de\/ortsrecht\/or_mellenthin\/mellenthin10.pdf\" target=\"_blank\" rel=\"noopener noreferrer\">Friedhofsgeb\u00fchrenordnung f\u00fcr den Friedhof der Ev. Kirchengemeinde Morgenitz in Mellenthin<\/a><\/td>\n<\/tr>\n<tr class=\"row-9\">\n\t<td class=\"column-1\"><\/td><td class=\"column-2\"><\/td><td class=\"column-3\"><\/td>\n<\/tr>\n<tr class=\"row-10\">\n\t<td class=\"column-1\"><\/td><td class=\"column-2\">Morgenitz <\/td><td class=\"column-3\"><a target=\"_blank\" href=\"https:\/\/www.amtusedom.de\/wp-content\/uploads\/2024\/01\/Friedhofsordnung-Morgenitz.pdf\" rel=\"noopener\">Friedhofsordnung der Pommerschen Evangelischen Kirche f\u00fcr den Friedhof der Ev. Kirchengemeinde Morgenitz in Morgenitz<\/a><\/td>\n<\/tr>\n<tr class=\"row-11\">\n\t<td class=\"column-1\"><\/td><td class=\"column-2\"><\/td><td class=\"column-3\">\t<a href=\"https:\/\/www.amtusedom.de\/ortsrecht\/or_mellenthin\/mellenthin09.pdf\" target=\"_blank\" rel=\"noopener noreferrer\">Anhang zur Friedhofsordnung Richtlinien \u00fcber die Gestaltung der Grabst\u00e4tten und Grabmale<\/a><\/td>\n<\/tr>\n<tr class=\"row-12\">\n\t<td class=\"column-1\"><\/td><td class=\"column-2\"><\/td><td class=\"column-3\"><a target=\"_blank\" href=\"https:\/\/www.amtusedom.de\/wp-content\/uploads\/2024\/01\/Friedhofsgebuehrenordnung-Morgenitz.pdf\" rel=\"noopener\">Friedhofsgeb\u00fchrenordnung f\u00fcr den Friedhof der Ev. Kirchengemeinde Morgenitz in Morgenitz<\/a><\/td>\n<\/tr>\n<tr class=\"row-13\">\n\t<td class=\"column-1\"><\/td><td class=\"column-2\"><\/td><td class=\"column-3\"><\/td>\n<\/tr>\n<tr class=\"row-14\">\n\t<td class=\"column-1\"><\/td><td class=\"column-2\">Trauerhalle<\/td><td class=\"column-3\"><a href=\"https:\/\/www.amtusedom.de\/ortsrecht\/or_mellenthin\/mellenthin-gebuehrenordnung-trauerhalle.pdf\" target=\"_blank\" rel=\"noopener noreferrer\">Benutzungs- und Geb\u00fchrenordnung f\u00fcr die kommunalen Trauerhallen der Gemeinde Mellenthin<\/a><\/td>\n<\/tr>\n<tr class=\"row-15\">\n\t<td class=\"column-1\"><\/td><td class=\"column-2\"><\/td><td class=\"column-3\"><a target=\"_blank\" href=\"https:\/\/www.amtusedom.de\/wp-content\/uploads\/2023\/08\/1.-Aenderung-Benutzungs-und-Gebuehrenordnung-fuer-die-kommunalen-Trauerhallen-in-der-Gemeine-Mellenthin-2.pdf\" rel=\"noopener\">1. \u00c4nderung der Benutzungs- und Geb\u00fchrenordnung f\u00fcr die kommunalen Trauerhallen in der Gemeinde Mellenthin<\/a><\/td>\n<\/tr>\n<tr class=\"row-16\">\n\t<td class=\"column-1\"><\/td><td class=\"column-2\"><\/td><td class=\"column-3\"><a target=\"_blank\" href=\"https:\/\/www.amtusedom.de\/wp-content\/uploads\/2023\/08\/Lesefassung-Benutzungs-und-Gebuehrenordnung-Trauerhalle-m.1.Aend_.pdf\" rel=\"noopener\">Lesefassung Benutzungs- und Geb\u00fchrenordnung Trauerhalle m.1.\u00c4nd<\/a><\/td>\n<\/tr>\n<tr class=\"row-17\">\n\t<td class=\"column-1\"><\/td><td class=\"column-2\"><\/td><td class=\"column-3\"><\/td>\n<\/tr>\n<tr class=\"row-18\">\n\t<td class=\"column-1\">Stra\u00dfenreinigung<\/td><td class=\"column-2\"><\/td><td class=\"column-3\"><a target=\"_blank\" href=\"https:\/\/www.amtusedom.de\/wp-content\/uploads\/2024\/01\/Mellenthin-Strassenreinigungssatzung-VOe-Internet.pdf\" rel=\"noopener\">Satzung \u00fcber die Reinigung der \u00f6ffentlichen Stra\u00dfen, Wege und Pl\u00e4tze in der Gemeinde Mellenthin<\/a><\/td>\n<\/tr>\n<\/tbody>\n<\/table>\n<!-- #tablepress-94 from cache -->","protected":false},"excerpt":{"rendered":"","protected":false},"author":2,"featured_media":0,"parent":645,"menu_order":2,"comment_status":"closed","ping_status":"closed","template":"","meta":{"footnotes":""},"class_list":["post-656","page","type-page","status-publish","hentry"],"_links":{"self":[{"href":"https:\/\/www.amtusedom.de\/index.php?rest_route=\/wp\/v2\/pages\/656","targetHints":{"allow":["GET"]}}],"collection":[{"href":"https:\/\/www.amtusedom.de\/index.php?rest_route=\/wp\/v2\/pages"}],"about":[{"href":"https:\/\/www.amtusedom.de\/index.php?rest_route=\/wp\/v2\/types\/page"}],"author":[{"embeddable":true,"href":"https:\/\/www.amtusedom.de\/index.php?rest_route=\/wp\/v2\/users\/2"}],"replies":[{"embeddable":true,"href":"https:\/\/www.amtusedom.de\/index.php?rest_route=%2Fwp%2Fv2%2Fcomments&post=656"}],"version-history":[{"count":10,"href":"https:\/\/www.amtusedom.de\/index.php?rest_route=\/wp\/v2\/pages\/656\/revisions"}],"predecessor-version":[{"id":8069,"href":"https:\/\/www.amtusedom.de\/index.php?rest_route=\/wp\/v2\/pages\/656\/revisions\/8069"}],"up":[{"embeddable":true,"href":"https:\/\/www.amtusedom.de\/index.php?rest_route=\/wp\/v2\/pages\/645"}],"wp:attachment":[{"href":"https:\/\/www.amtusedom.de\/index.php?rest_route=%2Fwp%2Fv2%2Fmedia&parent=656"}],"curies":[{"name":"wp","href":"https:\/\/api.w.org\/{rel}","templated":true}]}}