{"id":674,"date":"2012-09-06T09:18:45","date_gmt":"2012-09-06T07:18:45","guid":{"rendered":"http:\/\/localhost\/wp\/?page_id=674"},"modified":"2020-09-02T10:54:43","modified_gmt":"2020-09-02T08:54:43","slug":"ortsrecht-gemeinde-pudagla-offentliche-bekanntmachungen","status":"publish","type":"page","link":"https:\/\/www.amtusedom.de\/?page_id=674","title":{"rendered":"Ortsrecht \u2013 Gemeinde Pudagla: \u00d6ffentliche Bekanntmachungen"},"content":{"rendered":"<p><strong>Gemeinde Pudagla &#8211; \u00d6ffentliche Bekanntmachungen<\/strong><\/p>\n\n<table id=\"tablepress-11\" class=\"tablepress tablepress-id-11\">\n<thead>\n<tr class=\"row-1\">\n\t<th class=\"column-1\">Ver\u00f6ffentlicht am<\/th><th class=\"column-2\">Bekanntmachung<\/th>\n<\/tr>\n<\/thead>\n<tbody class=\"row-striping\">\n<tr class=\"row-2\">\n\t<td class=\"column-1\">16.03.2021<\/td><td class=\"column-2\"><a target=\"_blank\" href=\"ortsrecht\/bm_pudagla\/bekanntmachung-20210316-pudagla.pdf\" rel=\"noopener noreferrer\">Bekanntmachung der Haushaltssatzung der Gemeinde Pudagla f\u00fcr das Haushaltsjahr 2021<\/a><\/td>\n<\/tr>\n<tr class=\"row-3\">\n\t<td class=\"column-1\">16.08.2021<\/td><td class=\"column-2\"><a target=\"_blank\" href=\"ortsrecht\/bm_pudagla\/bekanntmachung-20210816-pudagla.pdf\" rel=\"noopener noreferrer\">Bekanntmachung: Eintragung in das Grundbuch<\/a><\/td>\n<\/tr>\n<tr class=\"row-4\">\n\t<td class=\"column-1\">10.11.2021<\/td><td class=\"column-2\"><a target=\"_blank\" href=\"ortsrecht\/bm_pudagla\/bekanntmachung-20211110-pudagla.pdf\" rel=\"noopener noreferrer\">Bekanntmachung der Gemeinde Pudagla zum Beschluss Nr. GVPu-0212\/21 vom 08.11.2021 \u00fcber den Entwurf und die Auslegung des des Fl\u00e4chennutzungsplanes der Gemeinde Pudagla in der Fassung von 10-2021<\/a><\/td>\n<\/tr>\n<tr class=\"row-5\">\n\t<td class=\"column-1\">08.03.2022<\/td><td class=\"column-2\"><a target=\"_blank\" href=\"ortsrecht\/bm_pudagla\/bekanntmachung-20220308-pudagla.pdf\" rel=\"noopener noreferrer\">Bekanntmachung der Haushaltssatzung der Gemeinde Pudagla f\u00fcr das Haushaltsjahr 2022<\/a><\/td>\n<\/tr>\n<tr class=\"row-6\">\n\t<td class=\"column-1\">27.03.2023<\/td><td class=\"column-2\"><a target=\"_blank\" href=\"ortsrecht\/bm_pudagla\/PudaglaBekanntmachungHHSatzung2023V.pdf\" rel=\"noopener noreferrer\">Bekanntmachung der Haushaltssatzung der Gemeinde Pudagla f\u00fcr das Haushaltsjahr 2023<\/a><\/td>\n<\/tr>\n<tr class=\"row-7\">\n\t<td class=\"column-1\">05.07.2023<\/td><td class=\"column-2\"><a target=\"_blank\" href=\"https:\/\/www.amtusedom.de\/wp-content\/uploads\/2023\/07\/Pudagla-JR-2017-Bekanntmachung.pdf\" rel=\"noopener\">Bekanntmachung der Feststellung des Jahresabschlusses 2017 und der Entlastung des B\u00fcrgermeisters der Gemeinde Pudagla<\/a><\/td>\n<\/tr>\n<tr class=\"row-8\">\n\t<td class=\"column-1\">11.03.2024<\/td><td class=\"column-2\"><a target=\"_blank\" href=\"https:\/\/www.amtusedom.de\/wp-content\/uploads\/2024\/03\/Bekanntmachung-der-Haushaltssatzung-der-Gemeinde-Pudagla-fuer-das-Haushaltsjahr-2024.pdf\" rel=\"noopener\">Bekanntmachung der Haushaltssatzung der Gemeinde Pudagla f\u00fcr das Haushaltsjahr 2024<\/a><\/td>\n<\/tr>\n<tr class=\"row-9\">\n\t<td class=\"column-1\">18.07.2024<\/td><td class=\"column-2\"><a target=\"_blank\" href=\"https:\/\/www.amtusedom.de\/wp-content\/uploads\/2024\/07\/0001-Pudagla-JR-2018-Bekanntmachung.pdf\" rel=\"noopener\">Bekanntmachung der Feststellung des Jahresabschlusses 2018 und der Entlastung des B\u00fcrgermeisters der Gemeinde Pudagla <\/a><\/td>\n<\/tr>\n<tr class=\"row-10\">\n\t<td class=\"column-1\">07.10.2024<\/td><td class=\"column-2\"><a target=\"_blank\" href=\"https:\/\/www.amtusedom.de\/wp-content\/uploads\/2024\/10\/Bek.-AG-HGW-fuer-pudagla.pdf\" rel=\"noopener\">Bekanntmachung Amtsgericht Greifswald - Terminsbestimmung Zum Zwecke der Aufhebung der Gemeinschaft<\/a><\/td>\n<\/tr>\n<tr class=\"row-11\">\n\t<td class=\"column-1\">19.02.2025<\/td><td class=\"column-2\"><a target=\"_blank\" href=\"https:\/\/www.amtusedom.de\/wp-content\/uploads\/2025\/02\/00000-Pudagla-JAB-2019_.pdf\">Bekanntmachung der Feststellung des Jahresabschlusses 2019 und der Entlastung des B\u00fcrgermeisters der Gemeinde Pudagla <\/a><\/td>\n<\/tr>\n<tr class=\"row-12\">\n\t<td class=\"column-1\">11.03.2025<\/td><td class=\"column-2\"><a target=\"_blank\" href=\"https:\/\/www.amtusedom.de\/wp-content\/uploads\/2025\/03\/Oeffentliche-Bekanntmachung-Pudagla-2025.pdf\">\u00d6ffentliche Bekanntmachung Aufkommensneutrale Hebes\u00e4tze der Gemeinde Pudagla f\u00fcr die Grundsteuer A und B f\u00fcr das Jahr 2025<\/a><\/td>\n<\/tr>\n<tr class=\"row-13\">\n\t<td class=\"column-1\">12.03.2025<\/td><td class=\"column-2\"><a target=\"_blank\" href=\"https:\/\/www.amtusedom.de\/wp-content\/uploads\/2025\/03\/Pudagla-Bekanntmachung-HHSatzung-2025.pdf\">Bekanntmachung der Haushaltssatzung der Gemeinde Pudagla f\u00fcr das Haushaltsjahr 2025<\/a><\/td>\n<\/tr>\n<tr class=\"row-14\">\n\t<td class=\"column-1\">17.04.2025<\/td><td class=\"column-2\"><a target=\"_blank\" href=\"https:\/\/www.amtusedom.de\/wp-content\/uploads\/2025\/05\/Bekanntmachung-des-Beschluss-GVPu-030424-1-ueber-die-Satzung-zur-Erhaltung-der-Zusammensetzung-der-Wohnbevoelkerung-der-Gemeinde-Pudagla-.pdf\">Bekanntmachung des Beschluss GVPu-030424-1 \u00fcber die Satzung zur Erhaltung der Zusammensetzung der Wohnbev\u00f6lkerung der Gemeinde Pudagla<\/a><\/td>\n<\/tr>\n<tr class=\"row-15\">\n\t<td class=\"column-1\">28.05.2025<\/td><td class=\"column-2\"><a target=\"_blank\" href=\"https:\/\/www.amtusedom.de\/wp-content\/uploads\/2025\/05\/Bekanntmachung-der-Feststellung-des-Jahresabschlusses-2020-und-der-Entlastung-des-Buergermeisters-der-Gemeinde-Pudagla.pdf\">Bekanntmachung der Feststellung des Jahresabschlusses 2020 und der Entlastung des B\u00fcrgermeisters der Gemeinde Pudagla<\/a><\/td>\n<\/tr>\n<tr class=\"row-16\">\n\t<td class=\"column-1\">02.06.2025<\/td><td class=\"column-2\"><a target=\"_blank\" href=\"https:\/\/www.amtusedom.de\/wp-content\/uploads\/2025\/06\/Bek.-Ausleg.beschl.-FNP-Pudagla-geaend.-Entwurf-03-2025.pdf\">Bekanntmachung der Gemeinde Pudagla zum Beschluss Nr. 0026\/25 GVPu vom 19.05.2025 \u00fcber den Entwurf und die Auslegung des ge\u00e4nderten Entwurfes  des Fl\u00e4chennutzungsplanes der Gemeinde Pudagla  in der Fassung von 03-2025<\/a><\/td>\n<\/tr>\n<tr class=\"row-17\">\n\t<td class=\"column-1\">26.06.2025<\/td><td class=\"column-2\"><a target=\"_blank\" href=\"https:\/\/www.amtusedom.de\/wp-content\/uploads\/2025\/06\/Beteiligungsunterlagen-der-Gemeinde-Pudagla-zum-geaenderten-Entwurf-des-Flaechennutzungsplanes-der-Gemeinde-Pudagla-in-der-Fassung-von-03-2025.pdf\">Beteiligungsunterlagen der Gemeinde Pudagla zum ge\u00e4nderten Entwurf des Fl\u00e4chennutzungsplanes der Gemeinde Pudagla in der Fassung von 03-2025<\/a><\/td>\n<\/tr>\n<tr class=\"row-18\">\n\t<td class=\"column-1\">16.03.2026<\/td><td class=\"column-2\"><a target=\"_blank\" href=\"https:\/\/www.amtusedom.de\/wp-content\/uploads\/2026\/03\/0001-Pudagla-JR-2021-Bekanntmachung.pdf\">Bekanntmachung der Feststellung des Jahresabschlusses 2021 und der Entlastung des B\u00fcrgermeisters der Gemeinde Pudagla<\/a><\/td>\n<\/tr>\n<\/tbody>\n<\/table>\n<!-- #tablepress-11 from cache -->\n<p><a href=\"?page_id=2645\" title=\"\u00d6ffentliche Bekanntmachungen Gemeinde Pudagla - Archiv\">\u00c4ltere Bekanntmachungen&#8230;<\/a><\/p>","protected":false},"excerpt":{"rendered":"<p>Gemeinde Pudagla &#8211; \u00d6ffentliche Bekanntmachungen \u00c4ltere Bekanntmachungen&#8230;<\/p>\n","protected":false},"author":2,"featured_media":0,"parent":669,"menu_order":0,"comment_status":"closed","ping_status":"closed","template":"","meta":{"footnotes":""},"class_list":["post-674","page","type-page","status-publish","hentry"],"_links":{"self":[{"href":"https:\/\/www.amtusedom.de\/index.php?rest_route=\/wp\/v2\/pages\/674","targetHints":{"allow":["GET"]}}],"collection":[{"href":"https:\/\/www.amtusedom.de\/index.php?rest_route=\/wp\/v2\/pages"}],"about":[{"href":"https:\/\/www.amtusedom.de\/index.php?rest_route=\/wp\/v2\/types\/page"}],"author":[{"embeddable":true,"href":"https:\/\/www.amtusedom.de\/index.php?rest_route=\/wp\/v2\/users\/2"}],"replies":[{"embeddable":true,"href":"https:\/\/www.amtusedom.de\/index.php?rest_route=%2Fwp%2Fv2%2Fcomments&post=674"}],"version-history":[{"count":14,"href":"https:\/\/www.amtusedom.de\/index.php?rest_route=\/wp\/v2\/pages\/674\/revisions"}],"predecessor-version":[{"id":5940,"href":"https:\/\/www.amtusedom.de\/index.php?rest_route=\/wp\/v2\/pages\/674\/revisions\/5940"}],"up":[{"embeddable":true,"href":"https:\/\/www.amtusedom.de\/index.php?rest_route=\/wp\/v2\/pages\/669"}],"wp:attachment":[{"href":"https:\/\/www.amtusedom.de\/index.php?rest_route=%2Fwp%2Fv2%2Fmedia&parent=674"}],"curies":[{"name":"wp","href":"https:\/\/api.w.org\/{rel}","templated":true}]}}