{"id":691,"date":"2012-09-06T09:44:42","date_gmt":"2012-09-06T07:44:42","guid":{"rendered":"http:\/\/localhost\/wp\/?page_id=691"},"modified":"2023-08-01T09:07:07","modified_gmt":"2023-08-01T07:07:07","slug":"ortsrecht-gemeinde-pudagla-baurecht","status":"publish","type":"page","link":"https:\/\/www.amtusedom.de\/?page_id=691","title":{"rendered":"Ortsrecht \u2013 Gemeinde Pudagla: Baurecht"},"content":{"rendered":"\n<table id=\"tablepress-66\" class=\"tablepress tablepress-id-66\">\n<thead>\n<tr class=\"row-1\">\n\t<td class=\"column-1\"><\/td>\n<\/tr>\n<\/thead>\n<tbody class=\"row-striping row-hover\">\n<tr class=\"row-2\">\n\t<td class=\"column-1\">\t<a href=\"https:\/\/www.amtusedom.de\/ortsrecht\/or_pudagla\/pudagla02.pdf\" target=\"_blank\" rel=\"noopener noreferrer\">Satzung der Gemeinde Pudagla \u00fcber die Erhebung von Erschlie\u00dfungsbeitr\u00e4gen<\/a><\/td>\n<\/tr>\n<tr class=\"row-3\">\n\t<td class=\"column-1\">\t<a href=\"https:\/\/www.amtusedom.de\/ortsrecht\/or_pudagla\/pudagla03.pdf\" target=\"_blank\" rel=\"noopener noreferrer\">Satzung der Gemeinde Pudagla \u00fcber die Erhebung von Beitr\u00e4gen f\u00fcr den Ausbau von Stra\u00dfen, Wegen und Pl\u00e4tzen<\/a><\/td>\n<\/tr>\n<tr class=\"row-4\">\n\t<td class=\"column-1\">\t<a href=\"https:\/\/www.amtusedom.de\/ortsrecht\/or_pudagla\/pudagla09.pdf\" target=\"_blank\" rel=\"noopener noreferrer\">Satzung \u00fcber das Anbringen von Stra\u00dfenschildern und Hausnummern in der Gemeinde Pudagla<\/a><\/td>\n<\/tr>\n<tr class=\"row-5\">\n\t<td class=\"column-1\">\t<a href=\"https:\/\/www.amtusedom.de\/bauplanung\/pudagla\/VE-Pudagla-Nr1.pdf\" target=\"_blank\" rel=\"noopener noreferrer\">V\u2013 und E-Plan Nr. 1 \u201ePudagla West\u201c<\/a><\/td>\n<\/tr>\n<tr class=\"row-6\">\n\t<td class=\"column-1\">\t<a href=\"https:\/\/www.amtusedom.de\/bauplanung\/pudagla\/pudagla-bplan_nr2.pdf\" target=\"_blank\" rel=\"noopener noreferrer\">Bebauungsplan Nr. 2 \u201eZum Achterwasser\u201c<\/a><\/td>\n<\/tr>\n<tr class=\"row-7\">\n\t<td class=\"column-1\"><a href=\"https:\/\/www.amtusedom.de\/bauplanung\/pudagla\/pudagla-bplan_nr2_erg1.pdf\" target=\"_blank\" rel=\"noopener noreferrer\">Satzung der Gemeinde Pudagla zur 1. Erg\u00e4nzung des Bebauungsplanes Nr. 2 f\u00fcr das \u201eWohngebiet zum Achterwasser'<\/a><\/td>\n<\/tr>\n<tr class=\"row-8\">\n\t<td class=\"column-1\">\t<a href=\"https:\/\/www.amtusedom.de\/bauplanung\/pudagla\/pudagla-bplan_nr3.pdf\" target=\"_blank\" rel=\"noopener noreferrer\">Bebauungsplan Nr. 3 \u201eWohngebiet \u00f6stlich der Wiesenstra\u00dfe an den Angelteichen\u201c<\/a><\/td>\n<\/tr>\n<tr class=\"row-9\">\n\t<td class=\"column-1\">\t<a href=\"https:\/\/www.amtusedom.de\/bauplanung\/pudagla\/innenbereichssatzung-pudagla.pdf\" target=\"_blank\" rel=\"noopener noreferrer\">Klarstellungssatzung<\/a><\/td>\n<\/tr>\n<tr class=\"row-10\">\n\t<td class=\"column-1\"><a href=\"https:\/\/www.amtusedom.de\/bauplanung\/pudagla\/erg1-innenbereichssatzung-pudagla.pdf\" target=\"_blank\" rel=\"noopener noreferrer\">1. Erg\u00e4nzung der Klarstellungssatzung mit Abrundungen und Erweiterungen f\u00fcr den im Zusammenhang bebauten Ortsteil Pudagla der Gemeinde Pudagla<\/a><\/td>\n<\/tr>\n<tr class=\"row-11\">\n\t<td class=\"column-1\"><a target=\"_blank\" href=\"https:\/\/www.amtusedom.de\/wp-content\/uploads\/2025\/04\/Satzung-zur-Erhaltung-der-Zusammensetzung-der-Wohnbevoelkerung-der-Gemeinde-Pudagla.pdf\">Satzung zur Erhaltung der Zusammensetzung der Wohnbev\u00f6lkerung der Gemeinde Pudagla<\/a><\/td>\n<\/tr>\n<\/tbody>\n<\/table>\n<!-- #tablepress-66 from cache -->","protected":false},"excerpt":{"rendered":"","protected":false},"author":2,"featured_media":0,"parent":669,"menu_order":4,"comment_status":"closed","ping_status":"closed","template":"","meta":{"footnotes":""},"class_list":["post-691","page","type-page","status-publish","hentry"],"_links":{"self":[{"href":"https:\/\/www.amtusedom.de\/index.php?rest_route=\/wp\/v2\/pages\/691","targetHints":{"allow":["GET"]}}],"collection":[{"href":"https:\/\/www.amtusedom.de\/index.php?rest_route=\/wp\/v2\/pages"}],"about":[{"href":"https:\/\/www.amtusedom.de\/index.php?rest_route=\/wp\/v2\/types\/page"}],"author":[{"embeddable":true,"href":"https:\/\/www.amtusedom.de\/index.php?rest_route=\/wp\/v2\/users\/2"}],"replies":[{"embeddable":true,"href":"https:\/\/www.amtusedom.de\/index.php?rest_route=%2Fwp%2Fv2%2Fcomments&post=691"}],"version-history":[{"count":7,"href":"https:\/\/www.amtusedom.de\/index.php?rest_route=\/wp\/v2\/pages\/691\/revisions"}],"predecessor-version":[{"id":7945,"href":"https:\/\/www.amtusedom.de\/index.php?rest_route=\/wp\/v2\/pages\/691\/revisions\/7945"}],"up":[{"embeddable":true,"href":"https:\/\/www.amtusedom.de\/index.php?rest_route=\/wp\/v2\/pages\/669"}],"wp:attachment":[{"href":"https:\/\/www.amtusedom.de\/index.php?rest_route=%2Fwp%2Fv2%2Fmedia&parent=691"}],"curies":[{"name":"wp","href":"https:\/\/api.w.org\/{rel}","templated":true}]}}