{"id":696,"date":"2012-09-06T10:00:43","date_gmt":"2012-09-06T08:00:43","guid":{"rendered":"http:\/\/localhost\/wp\/?page_id=696"},"modified":"2020-09-02T11:01:27","modified_gmt":"2020-09-02T09:01:27","slug":"ortsrecht-gemeinde-rankwitz-offentliche-bekanntmachungen","status":"publish","type":"page","link":"https:\/\/www.amtusedom.de\/?page_id=696","title":{"rendered":"Ortsrecht \u2013 Gemeinde Rankwitz: \u00d6ffentliche Bekanntmachungen"},"content":{"rendered":"<p><strong>Gemeinde Rankwitz &#8211; \u00d6ffentliche Bekanntmachungen<\/strong><\/p>\n\n<table id=\"tablepress-12\" class=\"tablepress tablepress-id-12\">\n<thead>\n<tr class=\"row-1\">\n\t<th class=\"column-1\">Ver\u00f6ffentlicht am<\/th><th class=\"column-2\">Bekanntmachung<\/th>\n<\/tr>\n<\/thead>\n<tbody class=\"row-striping\">\n<tr class=\"row-2\">\n\t<td class=\"column-1\">02.03.2021<\/td><td class=\"column-2\"><a target=\"_blank\" href=\"ortsrecht\/bm_rankwitz\/bekanntmachung-20210302-rankwitz.pdf\" rel=\"noopener noreferrer\">Bekanntmachung der Haushaltssatzung der Gemeinde Rankwitz f\u00fcr das Haushaltsjahr 2021<\/a><\/td>\n<\/tr>\n<tr class=\"row-3\">\n\t<td class=\"column-1\">23.04.2021<\/td><td class=\"column-2\"><a target=\"_blank\" href=\"ortsrecht\/bm_rankwitz\/bekanntmachung-20210423-rankwitz.pdf\" rel=\"noopener noreferrer\">Bekanntmachung der Gemeinde Rankwitz zum Beschluss Nr. GVRa-0325\/21 vom 19.04.2021 \u00fcber den Entwurf und die Auslegung der 3. \u00c4nderung des Bebauungsplanes Nr. 3 \u201eHafen Rankwitz\u201c in der Fassung von 03-2021<\/a><\/td>\n<\/tr>\n<tr class=\"row-4\">\n\t<td class=\"column-1\">12.05.2021<\/td><td class=\"column-2\"><a target=\"_blank\" href=\"ortsrecht\/bm_rankwitz\/bekanntmachung-20210512-rankwitz.pdf\" rel=\"noopener noreferrer\">Bekanntmachung: Freiwilliger Landtausch \"Liepe II\"<\/a><\/td>\n<\/tr>\n<tr class=\"row-5\">\n\t<td class=\"column-1\">07.09.2021<\/td><td class=\"column-2\"><a target=\"_blank\" href=\"ortsrecht\/bm_rankwitz\/bekanntmachung-20210907-rankwitz.pdf\" rel=\"noopener noreferrer\">Bekanntmachung der Gemeinde Rankwitz zum Beschluss Nr. GVRa-0358\/21 vom 13.09.2021 \u00fcber die Satzung zur 3. \u00c4nderung des Bebauungsplanes Nr. 3 \u201eHafen Rankwitz\u201c der Gemeinde Rankwitz<\/a><\/td>\n<\/tr>\n<tr class=\"row-6\">\n\t<td class=\"column-1\">15.11.2021<\/td><td class=\"column-2\"><a target=\"_blank\" href=\"ortsrecht\/bm_rankwitz\/bekanntmachung-20211115-rankwitz.pdf\" rel=\"noopener noreferrer\">Bekanntmachung der Gemeinde Rankwitz zum Beschluss Nr. GVRa-0358\/21 vom 13.09.2021 \u00fcber die Satzung zur 3. \u00c4nderung des Bebauungsplanes Nr. 3 \u201eHafen Rankwitz\u201c der Gemeinde Rankwitz<\/a><\/td>\n<\/tr>\n<tr class=\"row-7\">\n\t<td class=\"column-1\">03.03.2022<\/td><td class=\"column-2\"><a target=\"_blank\" href=\"ortsrecht\/bm_rankwitz\/bekanntmachung-20220303-rankwitz.pdf\" rel=\"noopener noreferrer\">Bekanntmachung: Eintragung Grundbuch<\/a><\/td>\n<\/tr>\n<tr class=\"row-8\">\n\t<td class=\"column-1\">17.03.2022<\/td><td class=\"column-2\"><a target=\"_blank\" href=\"ortsrecht\/bm_rankwitz\/bekanntmachung-20220317-1-rankwitz.pdf\" rel=\"noopener noreferrer\">Bekanntmachung: Eintragung Grundbuch<\/a><\/td>\n<\/tr>\n<tr class=\"row-9\">\n\t<td class=\"column-1\">17.03.2022<\/td><td class=\"column-2\"><a target=\"_blank\" href=\"ortsrecht\/bm_rankwitz\/bekanntmachung-20220317-2-rankwitz.pdf\" rel=\"noopener noreferrer\">Bekanntmachung: Eintragung Grundbuch<\/a><\/td>\n<\/tr>\n<tr class=\"row-10\">\n\t<td class=\"column-1\">17.03.2022<\/td><td class=\"column-2\"><a target=\"_blank\" href=\"ortsrecht\/bm_rankwitz\/bekanntmachung-20220317-3-rankwitz.pdf\" rel=\"noopener noreferrer\">\tBekanntmachung der Haushaltssatzung der Gemeinde Rankwitz f\u00fcr das Haushaltsjahr 2022<\/a><\/td>\n<\/tr>\n<tr class=\"row-11\">\n\t<td class=\"column-1\">16.06.2022<\/td><td class=\"column-2\"><a target=\"_blank\" href=\"ortsrecht\/bm_rankwitz\/bekanntmachung-20220616-rankwitz.pdf\" rel=\"noopener noreferrer\">Bekanntmachung: Terminbestimmung \u00d6ffentliche Versteigerung<\/a><\/td>\n<\/tr>\n<tr class=\"row-12\">\n\t<td class=\"column-1\">07.07.2022<\/td><td class=\"column-2\"><a target=\"_blank\" href=\"ortsrecht\/bm_rankwitz\/bekanntmachung-20220707-rankwitz.pdf\" rel=\"noopener noreferrer\">Bekanntmachung: Eintragung ins Grundbuch<\/a><\/td>\n<\/tr>\n<tr class=\"row-13\">\n\t<td class=\"column-1\">13.09.2022<\/td><td class=\"column-2\"><a target=\"_blank\" href=\"ortsrecht\/bm_rankwitz\/bekanntmachung-20220913-rankwitz.pdf\" rel=\"noopener noreferrer\">Bekanntmachung: Eintragung ins Grundbuch<\/a><\/td>\n<\/tr>\n<tr class=\"row-14\">\n\t<td class=\"column-1\">17.03.2023<\/td><td class=\"column-2\"><a target=\"_blank\" href=\"https:\/\/www.amtusedom.de\/wp-content\/uploads\/2023\/03\/EinladungJagdgenossenschaftsversammlungLieperWinkel.pdf\" rel=\"noopener noreferrer\">Bekanntmachung: Einladung zur n\u00e4chsten nicht\u00f6ffentlichen Jagdgenossenschaftsversammlung Lieper Winkel<\/a><\/td>\n<\/tr>\n<tr class=\"row-15\">\n\t<td class=\"column-1\">23.03.2023<\/td><td class=\"column-2\"><a href=\"https:\/\/www.amtusedom.de\/wp-content\/uploads\/2023\/03\/Bek.-LK-Offenlegung-Niederschrift-RankwitzV.pdf\">Bekanntmachung der Offenlegung der Niederschrift \u00fcber den Grenztermin<\/a><\/td>\n<\/tr>\n<tr class=\"row-16\">\n\t<td class=\"column-1\">29.03.2023<\/td><td class=\"column-2\"><a target=\"_blank\" href=\"https:\/\/www.amtusedom.de\/wp-content\/uploads\/2023\/03\/02b-Bekanntmachung-Haushaltsvorbericht-Rankwitz-2023.pdf\" rel=\"noopener\">Bekanntmachung der Haushaltssatzung der Gemeinde Rankwitz f\u00fcr das Haushaltsjahr 2023<\/a><\/td>\n<\/tr>\n<tr class=\"row-17\">\n\t<td class=\"column-1\">14.12.2023<\/td><td class=\"column-2\"><a target=\"_blank\" href=\"https:\/\/www.amtusedom.de\/wp-content\/uploads\/2023\/12\/Bek.-AG-HGW-Rankwitz.pdf\" rel=\"noopener\">Bekanntmachung Amtsgericht Rankwitz<\/a><\/td>\n<\/tr>\n<tr class=\"row-18\">\n\t<td class=\"column-1\">15.12.2023<\/td><td class=\"column-2\"><a target=\"_blank\" href=\"https:\/\/www.amtusedom.de\/wp-content\/uploads\/2023\/12\/Bek.-AG-HGW-Rankwitz-II.pdf\" rel=\"noopener\">Bekanntmachung Amtsgericht Rankwitz II<\/a><\/td>\n<\/tr>\n<tr class=\"row-19\">\n\t<td class=\"column-1\">04.01.2023<\/td><td class=\"column-2\"><a target=\"_blank\" href=\"https:\/\/www.amtusedom.de\/wp-content\/uploads\/2024\/01\/Bek.-AG-HGW-Rankwitz.pdf\" rel=\"noopener\">Amtsgericht Greifswald - Bekanntmachunq Gesch\u00e4ftsnummer: RANK-3251-1<\/a><\/td>\n<\/tr>\n<tr class=\"row-20\">\n\t<td class=\"column-1\">04.01.2023<\/td><td class=\"column-2\"><a target=\"_blank\" href=\"https:\/\/www.amtusedom.de\/wp-content\/uploads\/2024\/01\/Bek.-AG-HGW-Rankwitz-II.pdf\" rel=\"noopener\">Amtsgericht Greifswald - Bekanntmachung Gesch\u00e4ftsnummer: RANK-3255-1<\/a><\/td>\n<\/tr>\n<tr class=\"row-21\">\n\t<td class=\"column-1\">04.01.2023<\/td><td class=\"column-2\"><a target=\"_blank\" href=\"https:\/\/www.amtusedom.de\/wp-content\/uploads\/2024\/01\/Bek.-AG-HGW-Rankwitz-III.pdf\" rel=\"noopener\">Amtsgericht Greifswald - Bekanntmachunq Gesch\u00e4ftsnummer: RANK-40278-1<\/a><\/td>\n<\/tr>\n<tr class=\"row-22\">\n\t<td class=\"column-1\">01.02.2024<\/td><td class=\"column-2\"><a target=\"_blank\" href=\"https:\/\/www.amtusedom.de\/wp-content\/uploads\/2024\/02\/02b-Bekanntmachung-Haushaltsvorbericht-Rankwitz-2024.pdf\" rel=\"noopener\">Bekanntmachung der Haushaltssatzung der Gemeinde Rankwitz f\u00fcr das Haushaltsjahr 2024<\/a><\/td>\n<\/tr>\n<tr class=\"row-23\">\n\t<td class=\"column-1\">14.05.2024<\/td><td class=\"column-2\"><a href=\"https:\/\/www.amtusedom.de\/wp-content\/uploads\/2024\/05\/Rankwitz_bekanntmachung_05-2024.pdf\" rel=\"noopener\" target=\"_blank\">Bekanntmachung der Offenlegung der Niederschrift \u00fcber den Grenztermin<\/a><\/td>\n<\/tr>\n<tr class=\"row-24\">\n\t<td class=\"column-1\">21.05.2024<\/td><td class=\"column-2\"><a target=_blank\" href=\"https:\/\/www.amtusedom.de\/wp-content\/uploads\/2024\/05\/Rankwitz-JAB-2017.pdf\">Bekanntmachung der Feststellung des Jahresabschlusses 2017 und der Entlastung des B\u00fcrgermeisters der Gemeinde Rankwitz<\/a><\/td>\n<\/tr>\n<tr class=\"row-25\">\n\t<td class=\"column-1\">21.05.2024<\/td><td class=\"column-2\"><a target=\"_blank\" href=\"https:\/\/www.amtusedom.de\/wp-content\/uploads\/2024\/05\/Rankwitz-JAB-2018.pdf\" rel=\"noopener\">Bekanntmachung der Feststellung des Jahresabschlusses 2018 und der Entlastung des B\u00fcrgermeisters der Gemeinde Rankwitz<\/a><\/td>\n<\/tr>\n<tr class=\"row-26\">\n\t<td class=\"column-1\">19.06.2024<\/td><td class=\"column-2\"><a target=\"_blank\" href=\"https:\/\/www.amtusedom.de\/wp-content\/uploads\/2024\/06\/Bek.-Vermessungsbuero-Grenztermin-Offenlegung-Niederschrift-fuer-Rankwitz.pdf\" rel=\"noopener\">Mitteilung eines Grenztermins<\/a><\/td>\n<\/tr>\n<tr class=\"row-27\">\n\t<td class=\"column-1\">02.10.2024<\/td><td class=\"column-2\"><a target=\"_blank\" href=\"https:\/\/www.amtusedom.de\/wp-content\/uploads\/2024\/10\/Ortsuebliche-Bekanntmachung-Rankwitz.pdf\" rel=\"noopener\">Orts\u00fcbliche Bekanntmachung der Offenlegung der Niederschrift \u00fcber den Grenztermin<\/a><\/td>\n<\/tr>\n<tr class=\"row-28\">\n\t<td class=\"column-1\">28.11.2024<\/td><td class=\"column-2\"><a target=\"_blank\" href=\"https:\/\/www.amtusedom.de\/wp-content\/uploads\/2024\/11\/00000-Rankwitz-JAB-2019.pdf\" rel=\"noopener\">Bekanntmachung der Feststellung des Jahresabschlusses 2019 und der Entlastung des B\u00fcrgermeisters der Gemeinde Rankwitz<\/a><\/td>\n<\/tr>\n<tr class=\"row-29\">\n\t<td class=\"column-1\">05.02.2025<\/td><td class=\"column-2\"><a target=\"_blank\" href=\"https:\/\/www.amtusedom.de\/wp-content\/uploads\/2025\/02\/01-Bekanntmachung-HHSatzung-2025-Rankwitz.pdf\">Bekanntmachung der Haushaltssatzung der Gemeinde Rankwitz f\u00fcr das Haushaltsjahr 2025<\/a><\/td>\n<\/tr>\n<tr class=\"row-30\">\n\t<td class=\"column-1\">11.03.2025<\/td><td class=\"column-2\"><a target=\"_blank\" href=\"https:\/\/www.amtusedom.de\/wp-content\/uploads\/2025\/03\/Oeffentliche-Bekanntmachung-Rankwitz-2025.pdf\">\u00d6ffentliche Bekanntmachung Aufkommensneutrale Hebes\u00e4tze der Gemeinde Rankwitz f\u00fcr die Grundsteuer A und B f\u00fcr das Jahr 2025<\/a><\/td>\n<\/tr>\n<tr class=\"row-31\">\n\t<td class=\"column-1\">01.04.2025<\/td><td class=\"column-2\"><a target=\"_blank\" href=\"https:\/\/www.amtusedom.de\/wp-content\/uploads\/2025\/04\/Amtsgericht-Greifswald-Bekanntmachunq-Geschaeftsnummer-RANK-3112-1.pdf\">Amtsgericht Greifswald - Bekanntmachunq Gesch\u00e4ftsnummer RANK-3112-1<\/a><\/td>\n<\/tr>\n<tr class=\"row-32\">\n\t<td class=\"column-1\">01.04.2025<\/td><td class=\"column-2\"><a target=\"_blank\" href=\"https:\/\/www.amtusedom.de\/wp-content\/uploads\/2025\/04\/Amtsgericht-Greifswald-Bekanntmachunq-Geschaeftsnummer-RANK-3260-1.pdf\">Amtsgericht Greifswald - Bekanntmachunq Gesch\u00e4ftsnummer RANK-3260-1<\/a><\/td>\n<\/tr>\n<tr class=\"row-33\">\n\t<td class=\"column-1\">16.05.2025<\/td><td class=\"column-2\"><a target=\"_blank\" href=\"https:\/\/www.amtusedom.de\/wp-content\/uploads\/2025\/05\/Bekanntmachung-der-Feststellung-des-Jahresabschlusses-2020-und-Entlastung-des-Buergermeisters-der-Gemeinde-Rankwitz.pdf\">Bekanntmachung der Feststellung des Jahresabschlusses 2020 und Entlastung des B\u00fcrgermeisters der Gemeinde Rankwitz<\/a><\/td>\n<\/tr>\n<tr class=\"row-34\">\n\t<td class=\"column-1\">21.05.2025<\/td><td class=\"column-2\"><a target=\"_blank\" href=\"https:\/\/www.amtusedom.de\/wp-content\/uploads\/2025\/05\/202300424_Ortsueblich_Bekanntmachung_Offenlegung.pdf\">Orts\u00fcbliche Bekanntmachung  der Offenlegung der Niederschrift \u00fcber den Grenztermin<\/a><\/td>\n<\/tr>\n<tr class=\"row-35\">\n\t<td class=\"column-1\">17.09.2025<\/td><td class=\"column-2\"><a target=\"_blank\" href=\"https:\/\/www.amtusedom.de\/wp-content\/uploads\/2025\/09\/Bekanntmachung-der-Feststellung-des-Jahresabschlusses-2021-und-der-Entlastung-des-Buergermeisters-der-Gemeinde-Rankwitz.pdf\">Bekanntmachung der Feststellung des Jahresabschlusses 2021 und der Entlastung des B\u00fcrgermeisters der Gemeinde Rankwitz<\/a><\/td>\n<\/tr>\n<tr class=\"row-36\">\n\t<td class=\"column-1\">27.03.2026<\/td><td class=\"column-2\"><a target=\"_blank\" href=\"https:\/\/www.amtusedom.de\/wp-content\/uploads\/2026\/03\/01-Bekanntmachung-HHSatzung-2026-Rankwitz.pdf\">Bekanntmachung der Haushaltssatzung der Gemeinde Rankwitz f\u00fcr das Haushaltsjahr 2026 <\/a><\/td>\n<\/tr>\n<tr class=\"row-37\">\n\t<td class=\"column-1\">09.04.2026<\/td><td class=\"column-2\"><a target=\"_blank \"href=\"https:\/\/www.amtusedom.de\/wp-content\/uploads\/2026\/04\/Bek.-WaBo_Rankwitz.pdf\">5. Satzung zur \u00c4nderung der Satzung der Gemeinde Rankwitz \u00fcber die Erhebung von Geb\u00fchren zur Deckung der Verbandsbeitr\u00e4ge des Wasser- und Bodenverbandes\u201e Insel Usedom-Peenestrom\"<\/a><\/td>\n<\/tr>\n<\/tbody>\n<\/table>\n<!-- #tablepress-12 from cache -->\n<p><a href=\"?page_id=2655\" title=\"\u00d6ffentliche Bekanntmachungen Gemeinde Rankwitz - Archiv\">\u00c4ltere Bekanntmachungen&#8230;<\/a><\/p>","protected":false},"excerpt":{"rendered":"<p>Gemeinde Rankwitz &#8211; \u00d6ffentliche Bekanntmachungen \u00c4ltere Bekanntmachungen&#8230;<\/p>\n","protected":false},"author":2,"featured_media":0,"parent":701,"menu_order":0,"comment_status":"closed","ping_status":"closed","template":"","meta":{"footnotes":""},"class_list":["post-696","page","type-page","status-publish","hentry"],"_links":{"self":[{"href":"https:\/\/www.amtusedom.de\/index.php?rest_route=\/wp\/v2\/pages\/696","targetHints":{"allow":["GET"]}}],"collection":[{"href":"https:\/\/www.amtusedom.de\/index.php?rest_route=\/wp\/v2\/pages"}],"about":[{"href":"https:\/\/www.amtusedom.de\/index.php?rest_route=\/wp\/v2\/types\/page"}],"author":[{"embeddable":true,"href":"https:\/\/www.amtusedom.de\/index.php?rest_route=\/wp\/v2\/users\/2"}],"replies":[{"embeddable":true,"href":"https:\/\/www.amtusedom.de\/index.php?rest_route=%2Fwp%2Fv2%2Fcomments&post=696"}],"version-history":[{"count":8,"href":"https:\/\/www.amtusedom.de\/index.php?rest_route=\/wp\/v2\/pages\/696\/revisions"}],"predecessor-version":[{"id":5945,"href":"https:\/\/www.amtusedom.de\/index.php?rest_route=\/wp\/v2\/pages\/696\/revisions\/5945"}],"up":[{"embeddable":true,"href":"https:\/\/www.amtusedom.de\/index.php?rest_route=\/wp\/v2\/pages\/701"}],"wp:attachment":[{"href":"https:\/\/www.amtusedom.de\/index.php?rest_route=%2Fwp%2Fv2%2Fmedia&parent=696"}],"curies":[{"name":"wp","href":"https:\/\/api.w.org\/{rel}","templated":true}]}}