{"id":709,"date":"2012-09-06T10:16:39","date_gmt":"2012-09-06T08:16:39","guid":{"rendered":"http:\/\/localhost\/wp\/?page_id=709"},"modified":"2023-08-03T08:21:37","modified_gmt":"2023-08-03T06:21:37","slug":"ortsrecht-gemeinde-rankwitz-sicherheits-und-ordnungsrecht","status":"publish","type":"page","link":"https:\/\/www.amtusedom.de\/?page_id=709","title":{"rendered":"Ortsrecht \u2013 Gemeinde Rankwitz: Sicherheits- und Ordnungsrecht"},"content":{"rendered":"\n<table id=\"tablepress-101\" class=\"tablepress tablepress-id-101\">\n<thead>\n<tr class=\"row-1\">\n\t<td class=\"column-1\"><\/td>\n<\/tr>\n<\/thead>\n<tbody class=\"row-striping row-hover\">\n<tr class=\"row-2\">\n\t<td class=\"column-1\"> \t<a href=\"https:\/\/www.amtusedom.de\/ortsrecht\/or_rankwitz\/rankwitz-strassenreinigung.pdf\" target=\"_blank\" rel=\"noopener noreferrer\">Stra\u00dfenreinigungssatzung der Gemeinde Rankwitz<\/a><\/td>\n<\/tr>\n<tr class=\"row-3\">\n\t<td class=\"column-1\"> \t<a href=\"https:\/\/www.amtusedom.de\/ortsrecht\/or_rankwitz\/rankwitz08.pdf\" target=\"_blank\" rel=\"noopener noreferrer\">Friedhofsordnung der Pommerschen Evangelischen Kirche f\u00fcr den Friedhof der Ev. Kirchengemeinde Morgenitz in Liepe<\/a><\/td>\n<\/tr>\n<tr class=\"row-4\">\n\t<td class=\"column-1\"> \t<a href=\"https:\/\/www.amtusedom.de\/ortsrecht\/or_rankwitz\/rankwitz09.pdf\" target=\"_blank\" rel=\"noopener noreferrer\">Anhang zur Friedhofsordnung Richtlinien \u00fcber die Gestaltung der Grabst\u00e4tten und Grabmale<\/a><\/td>\n<\/tr>\n<tr class=\"row-5\">\n\t<td class=\"column-1\"> \t<a href=\"https:\/\/www.amtusedom.de\/ortsrecht\/or_rankwitz\/rankwitz10.pdf\" target=\"_blank\" rel=\"noopener noreferrer\">Friedhofsgeb\u00fchrenordnung f\u00fcr den Friedhof der Ev. Kirchengemeinde Morgenitz in Liepe<\/a><\/td>\n<\/tr>\n<tr class=\"row-6\">\n\t<td class=\"column-1\"> \t<a href=\"https:\/\/www.amtusedom.de\/ortsrecht\/or_rankwitz\/rankwitz-feuerwehrgebuehrensatzung.pdf\" target=\"_blank\" rel=\"noopener noreferrer\">Satzung der Gemeinde Rankwitz \u00fcber die Erhebung von Geb\u00fchren und Entgelte f\u00fcr Leistungen der \u00f6ffentlichen Feuerwehr (Feuerwehrgeb\u00fchrensatzung)<\/a><\/td>\n<\/tr>\n<\/tbody>\n<\/table>\n<!-- #tablepress-101 from cache -->","protected":false},"excerpt":{"rendered":"","protected":false},"author":2,"featured_media":0,"parent":701,"menu_order":2,"comment_status":"closed","ping_status":"closed","template":"","meta":{"footnotes":""},"class_list":["post-709","page","type-page","status-publish","hentry"],"_links":{"self":[{"href":"https:\/\/www.amtusedom.de\/index.php?rest_route=\/wp\/v2\/pages\/709","targetHints":{"allow":["GET"]}}],"collection":[{"href":"https:\/\/www.amtusedom.de\/index.php?rest_route=\/wp\/v2\/pages"}],"about":[{"href":"https:\/\/www.amtusedom.de\/index.php?rest_route=\/wp\/v2\/types\/page"}],"author":[{"embeddable":true,"href":"https:\/\/www.amtusedom.de\/index.php?rest_route=\/wp\/v2\/users\/2"}],"replies":[{"embeddable":true,"href":"https:\/\/www.amtusedom.de\/index.php?rest_route=%2Fwp%2Fv2%2Fcomments&post=709"}],"version-history":[{"count":9,"href":"https:\/\/www.amtusedom.de\/index.php?rest_route=\/wp\/v2\/pages\/709\/revisions"}],"predecessor-version":[{"id":8100,"href":"https:\/\/www.amtusedom.de\/index.php?rest_route=\/wp\/v2\/pages\/709\/revisions\/8100"}],"up":[{"embeddable":true,"href":"https:\/\/www.amtusedom.de\/index.php?rest_route=\/wp\/v2\/pages\/701"}],"wp:attachment":[{"href":"https:\/\/www.amtusedom.de\/index.php?rest_route=%2Fwp%2Fv2%2Fmedia&parent=709"}],"curies":[{"name":"wp","href":"https:\/\/api.w.org\/{rel}","templated":true}]}}