{"id":71,"date":"2012-08-13T13:23:02","date_gmt":"2012-08-13T11:23:02","guid":{"rendered":"http:\/\/localhost\/wp\/?page_id=71"},"modified":"2025-10-20T11:39:43","modified_gmt":"2025-10-20T09:39:43","slug":"gemeinde-kamminke","status":"publish","type":"page","link":"https:\/\/www.amtusedom.de\/?page_id=71","title":{"rendered":"Gemeinde Kamminke"},"content":{"rendered":"<p>Die Gemeinde Kamminke wurde 1253 erstmals urkundlich erw\u00e4hnt, liegt direkt am Haff im \u00f6stlichen Teil des Achterlandes der Insel Usedom. Nahe dem Dorf Kamminke unmittelbar an der deutsch-polnischen Grenze befindet sich der Golm. Der Golm ist mit einer H\u00f6he von 71 m die h\u00f6chste Erhebung auf der Insel Usedom. Die Fl\u00e4che der Gemeinde Kamminke betr\u00e4gt 2,96 km\u00b2.<\/p>\n<p>Einwohnerzahl (Stand 07\/2024):<br \/>\nGemeinde Kamminke insgesamt 245<\/p>\n<p>B\u00fcrgermeister der Gemeinde Kamminke ist Herr Olaf Gringmann.<br \/>\nTermine mit dem B\u00fcrgermeister k\u00f6nnen \u00fcber das Amt Usedom-S\u00fcd abgestimmt werden.<br \/>\nE-Mail:\u00a0<a href=\"mailto:info@amtusedom-sued.de\">info@amtusedom-sued.de<\/a><br \/>\nTelefon: 038372 7500<br \/>\n<a href=\"https:\/\/www.e-rechnung-bund.de\/faq\/leitweg-id\/\" target=\"_blank\" rel=\"noopener\">Leitweg-ID<\/a>: 13 0 75 056-K000-66<\/p>\n<h2 id=\"tablepress-145-name\" class=\"tablepress-table-name tablepress-table-name-id-145\">Die Mitglieder der Gemeindevertretung Kamminke haben sich am 03.07.2024 konstituiert<\/h2>\n\n<table id=\"tablepress-145\" class=\"tablepress tablepress-id-145\" aria-labelledby=\"tablepress-145-name\">\n<thead>\n<tr class=\"row-1\">\n\t<th class=\"column-1\">Name<\/th><th class=\"column-2\">Position<\/th>\n<\/tr>\n<\/thead>\n<tbody class=\"row-striping row-hover\">\n<tr class=\"row-2\">\n\t<td class=\"column-1\">Herr Olaf Gringmann<\/td><td class=\"column-2\">B\u00fcrgermeister<\/td>\n<\/tr>\n<tr class=\"row-3\">\n\t<td class=\"column-1\">Herr Matthias Joachimsthaler<\/td><td class=\"column-2\">1. stellvertretender B\u00fcrgermeister<\/td>\n<\/tr>\n<tr class=\"row-4\">\n\t<td class=\"column-1\">Herr Mario Gehm<\/td><td class=\"column-2\">2. stellvertretender B\u00fcrgermeister<\/td>\n<\/tr>\n<tr class=\"row-5\">\n\t<td class=\"column-1\">Herr Matthias Theelke<\/td><td class=\"column-2\">Gemeindevertreter<\/td>\n<\/tr>\n<tr class=\"row-6\">\n\t<td class=\"column-1\">Herr J\u00fcrgen Theelke<\/td><td class=\"column-2\">Gemeindevertreter<\/td>\n<\/tr>\n<tr class=\"row-7\">\n\t<td class=\"column-1\">Frau Sylvia Schreiber<\/td><td class=\"column-2\">Gemeindevertreterin<\/td>\n<\/tr>\n<\/tbody>\n<\/table>\n<!-- #tablepress-145 from cache -->\n<p style=\"text-align: center;\"><strong>Gemeindevertretung Kamminke<\/strong><\/p>\n<div id=\"attachment_10909\" style=\"width: 2570px\" class=\"wp-caption aligncenter\"><a href=\"https:\/\/www.amtusedom.de\/wp-content\/uploads\/2025\/10\/2025_Kamminke-scaled.jpg\" target=\"_blank\" rel=\"noopener\"><img loading=\"lazy\" decoding=\"async\" aria-describedby=\"caption-attachment-10909\" class=\"wp-image-10909 size-full\" src=\"https:\/\/www.amtusedom.de\/wp-content\/uploads\/2025\/10\/2025_Kamminke-scaled.jpg\" alt=\"\" width=\"2560\" height=\"1451\" srcset=\"https:\/\/www.amtusedom.de\/wp-content\/uploads\/2025\/10\/2025_Kamminke-scaled.jpg 2560w, https:\/\/www.amtusedom.de\/wp-content\/uploads\/2025\/10\/2025_Kamminke-300x170.jpg 300w, https:\/\/www.amtusedom.de\/wp-content\/uploads\/2025\/10\/2025_Kamminke-1024x581.jpg 1024w, https:\/\/www.amtusedom.de\/wp-content\/uploads\/2025\/10\/2025_Kamminke-768x435.jpg 768w, https:\/\/www.amtusedom.de\/wp-content\/uploads\/2025\/10\/2025_Kamminke-1536x871.jpg 1536w, https:\/\/www.amtusedom.de\/wp-content\/uploads\/2025\/10\/2025_Kamminke-2048x1161.jpg 2048w\" sizes=\"auto, (max-width: 2560px) 100vw, 2560px\" \/><\/a><p id=\"caption-attachment-10909\" class=\"wp-caption-text\">Bild v.l.n.r. J\u00fcrgen Theelke, Matthias Joachimsthaler, Olaf Gringmann, Sylvia Schreiber, Matthias Theelke, Mario Gehm, aufgenommen am 16.10.2025<\/p><\/div>\n<p>&nbsp;<\/p>\n<p>&nbsp;<\/p>\n<p>&nbsp;<\/p>\n<p><strong>Zu den Sehensw\u00fcrdigkeiten:<\/strong><\/p>\n<p>Kamminke z\u00e4hlt zu den \u00e4ltesten Fischerd\u00f6rfern der Insel Usedom. Der besondere Charme des Ortes zeigt sich in den historischen Fischerh\u00e4usern, den steilen Stra\u00dfen, den verwinkelten Gassen und den typischen reetgedeckten D\u00e4chern.<\/p>\n<p>Zu den Sehensw\u00fcrdigkeiten der Gemeinde geh\u00f6ren die M\u00fchle am Kleinen Haff sowie der idyllisch gelegene Hafen mit rund 30 Liegepl\u00e4tzen. Von hier aus k\u00f6nnen Fahrten mit dem Ausflugsschiff unternommen werden \u2013 sei es in Richtung Ueckerm\u00fcnde oder \u00fcber die Grenze ins benachbarte Polen.<\/p>\n<p>Unweit des Ortes erhebt sich der Golm \u2013 mit 71 Metern die h\u00f6chste Erhebung der Insel Usedom. Heute ist er ein Ort der Erinnerung: Am dortigen Ehrenfriedhof ruhen mehr als 23.000 Opfer des Zweiten Weltkriegs. Die Gedenkst\u00e4tte erinnert an die Schrecken des Krieges und mahnt zum Frieden. Der Golm bietet zugleich einen weiten Ausblick \u00fcber das Stettiner Haff bis nach Swinem\u00fcnde.<\/p>\n<div id=\"attachment_1073\" style=\"width: 260px\" class=\"wp-caption alignleft\"><img loading=\"lazy\" decoding=\"async\" aria-describedby=\"caption-attachment-1073\" class=\"size-full wp-image-1073\" title=\"Kamminke Hafen\" src=\"wp-content\/uploads\/2012\/09\/kamminke01.jpg\" alt=\"\" width=\"250\" height=\"167\" \/><p id=\"caption-attachment-1073\" class=\"wp-caption-text\">Kamminke Hafen<\/p><\/div>\n<div id=\"attachment_1074\" style=\"width: 260px\" class=\"wp-caption alignleft\"><img loading=\"lazy\" decoding=\"async\" aria-describedby=\"caption-attachment-1074\" class=\"size-full wp-image-1074\" title=\"Kamminke Badestrand\" src=\"wp-content\/uploads\/2012\/09\/kamminke02.jpg\" alt=\"\" width=\"250\" height=\"167\" \/><p id=\"caption-attachment-1074\" class=\"wp-caption-text\">Kamminke Badestrand<\/p><\/div>\n<div id=\"attachment_1075\" style=\"width: 260px\" class=\"wp-caption alignleft\"><img loading=\"lazy\" decoding=\"async\" aria-describedby=\"caption-attachment-1075\" class=\"size-full wp-image-1075\" title=\"Kamminke Hafen\" src=\"wp-content\/uploads\/2012\/09\/kamminke03.jpg\" alt=\"Kamminke Hafen\" width=\"250\" height=\"167\" \/><p id=\"caption-attachment-1075\" class=\"wp-caption-text\">Kamminke Hafen<\/p><\/div>","protected":false},"excerpt":{"rendered":"<p>Die Gemeinde Kamminke wurde 1253 erstmals urkundlich erw\u00e4hnt, liegt direkt am Haff im \u00f6stlichen Teil des Achterlandes der Insel Usedom. Nahe dem Dorf Kamminke unmittelbar an der deutsch-polnischen Grenze befindet sich der Golm. Der Golm ist mit einer H\u00f6he von 71 m die h\u00f6chste Erhebung auf der Insel Usedom. Die Fl\u00e4che der Gemeinde Kamminke betr\u00e4gt 2,96 km\u00b2. Einwohnerzahl (Stand 07\/2024):<\/p>\n","protected":false},"author":2,"featured_media":0,"parent":10,"menu_order":1,"comment_status":"closed","ping_status":"closed","template":"","meta":{"footnotes":""},"class_list":["post-71","page","type-page","status-publish","hentry"],"_links":{"self":[{"href":"https:\/\/www.amtusedom.de\/index.php?rest_route=\/wp\/v2\/pages\/71","targetHints":{"allow":["GET"]}}],"collection":[{"href":"https:\/\/www.amtusedom.de\/index.php?rest_route=\/wp\/v2\/pages"}],"about":[{"href":"https:\/\/www.amtusedom.de\/index.php?rest_route=\/wp\/v2\/types\/page"}],"author":[{"embeddable":true,"href":"https:\/\/www.amtusedom.de\/index.php?rest_route=\/wp\/v2\/users\/2"}],"replies":[{"embeddable":true,"href":"https:\/\/www.amtusedom.de\/index.php?rest_route=%2Fwp%2Fv2%2Fcomments&post=71"}],"version-history":[{"count":37,"href":"https:\/\/www.amtusedom.de\/index.php?rest_route=\/wp\/v2\/pages\/71\/revisions"}],"predecessor-version":[{"id":10912,"href":"https:\/\/www.amtusedom.de\/index.php?rest_route=\/wp\/v2\/pages\/71\/revisions\/10912"}],"up":[{"embeddable":true,"href":"https:\/\/www.amtusedom.de\/index.php?rest_route=\/wp\/v2\/pages\/10"}],"wp:attachment":[{"href":"https:\/\/www.amtusedom.de\/index.php?rest_route=%2Fwp%2Fv2%2Fmedia&parent=71"}],"curies":[{"name":"wp","href":"https:\/\/api.w.org\/{rel}","templated":true}]}}