{"id":717,"date":"2012-09-06T10:23:05","date_gmt":"2012-09-06T08:23:05","guid":{"rendered":"http:\/\/localhost\/wp\/?page_id=717"},"modified":"2023-08-03T08:30:14","modified_gmt":"2023-08-03T06:30:14","slug":"ortsrecht-gemeinde-rankwitz-baurecht","status":"publish","type":"page","link":"https:\/\/www.amtusedom.de\/?page_id=717","title":{"rendered":"Ortsrecht \u2013 Gemeinde Rankwitz: Baurecht"},"content":{"rendered":"\n<table id=\"tablepress-102\" class=\"tablepress tablepress-id-102\">\n<thead>\n<tr class=\"row-1\">\n\t<td class=\"column-1\"><\/td>\n<\/tr>\n<\/thead>\n<tbody class=\"row-striping row-hover\">\n<tr class=\"row-2\">\n\t<td class=\"column-1\"><a href=\"https:\/\/www.amtusedom.de\/ortsrecht\/or_rankwitz\/rankwitz-strassenausbaubeitragssatzung.pdf\" target=\"_blank\" rel=\"noopener noreferrer\">Satzung der Gemeinde Rankwitz \u00fcber die Erhebung von Beitr\u00e4gen f\u00fcr den Ausbau von Stra\u00dfen, Wegen und Pl\u00e4tzen<\/a>;<\/td>\n<\/tr>\n<tr class=\"row-3\">\n\t<td class=\"column-1\"><a href=\"https:\/\/www.amtusedom.de\/ortsrecht\/or_rankwitz\/rankwitz-hausnummernsatzung.pdf\" target=\"_blank\" rel=\"noopener noreferrer\">Satzung \u00fcber das Anbringen von Stra\u00dfenschildern und Hausnummern in der Gemeinde Rankwitz<\/a>;<\/td>\n<\/tr>\n<tr class=\"row-4\">\n\t<td class=\"column-1\"><a href=\"https:\/\/www.amtusedom.de\/bauplanung\/rankwitz\/gestaltungssatzung.pdf\" target=\"_blank\" rel=\"noopener noreferrer\">Gestaltungssatzung der Gemeinde Rankwitz<\/a>;<\/td>\n<\/tr>\n<tr class=\"row-5\">\n\t<td class=\"column-1\"><a href=\"https:\/\/www.amtusedom.de\/bauplanung\/rankwitz\/F-Rankwitz.pdf\" target=\"_blank\" rel=\"noopener noreferrer\">Fl\u00e4chennutzungsplan Rankwitz<\/a>;<\/td>\n<\/tr>\n<tr class=\"row-6\">\n\t<td class=\"column-1\"><a href=\"https:\/\/www.amtusedom.de\/bauplanung\/rankwitz\/F-Rankwitz-Aend1.pdf\" target=\"_blank\" rel=\"noopener noreferrer\">Fl\u00e4chennutzungsplan Rankwitz 1. \u00c4nderung<\/a>;<\/td>\n<\/tr>\n<tr class=\"row-7\">\n\t<td class=\"column-1\"><a href=\"https:\/\/www.amtusedom.de\/bauplanung\/rankwitz\/Satz.fass Plan BP 1 Am Seefeldberg - Rankwitz.pdf\" target=\"_blank\" rel=\"noopener\">B-Plan Nr. 1 \"Am Seefeldberg\"<\/a>;<\/td>\n<\/tr>\n<tr class=\"row-8\">\n\t<td class=\"column-1\"><a href=\"https:\/\/www.amtusedom.de\/bauplanung\/rankwitz\/B-Rankwitz-Nr3.pdf\" target=\"_blank\" rel=\"noopener noreferrer\">B-Plan Nr. 3 \"Hafen\"<\/a>;<\/td>\n<\/tr>\n<tr class=\"row-9\">\n\t<td class=\"column-1\"><a href=\"https:\/\/www.amtusedom.de\/bauplanung\/rankwitz\/B-Rankwitz-Nr3-1Aen.pdf\" target=\"_blank\" rel=\"noopener noreferrer\">B-Plan Nr. 3 \"Hafen\", 1. \u00c4nderung<\/a>;<\/td>\n<\/tr>\n<tr class=\"row-10\">\n\t<td class=\"column-1\"><a href=\"https:\/\/www.amtusedom.de\/bauplanung\/rankwitz\/B-Rankwitz-Nr3-2Aen.pdf\" target=\"_blank\" rel=\"noopener noreferrer\">B-Plan Nr. 3 \"Hafen\", 2. \u00c4nderung<\/a>;<\/td>\n<\/tr>\n<tr class=\"row-11\">\n\t<td class=\"column-1\"><a href=\"https:\/\/www.amtusedom.de\/bauplanung\/rankwitz\/B-Rankwitz-Nr3-3Aen.pdf\" target=\"_blank\" rel=\"noopener noreferrer\">B-Plan Nr. 3 \"Hafen\", 3. \u00c4nderung<\/a>;<\/td>\n<\/tr>\n<tr class=\"row-12\">\n\t<td class=\"column-1\"><a href=\"https:\/\/www.amtusedom.de\/bauplanung\/rankwitz\/B-PlanQuilitz.pdf\" target=\"_blank\" rel=\"noopener noreferrer\">B-Plan Nr. 4 Ferienhausgebiet \"Am Peenestrom\" im Ortsteil Quilitz, Gemeinde Rankwitz<\/a>;<\/td>\n<\/tr>\n<tr class=\"row-13\">\n\t<td class=\"column-1\"><a href=\"https:\/\/www.amtusedom.de\/bauplanung\/rankwitz\/B-%20Plan4-Aend1-Quilitz.pdf\" target=\"_blank\" rel=\"noopener noreferrer\">B-Plan Nr. 4 Ferienhausgebiet \"Am Peenestrom\", 1. \u00c4nderung<\/a>;<\/td>\n<\/tr>\n<tr class=\"row-14\">\n\t<td class=\"column-1\"><a href=\"https:\/\/www.amtusedom.de\/bauplanung\/rankwitz\/b-plan4-aend2-quilitz.pdf\" target=\"_blank\" rel=\"noopener noreferrer\">B-Plan Nr. 4 Ferienhausgebiet \"Am Peenestrom\", 2. \u00c4nderung<\/a>;<\/td>\n<\/tr>\n<tr class=\"row-15\">\n\t<td class=\"column-1\"><a href=\"https:\/\/www.amtusedom.de\/bauplanung\/rankwitz\/B-Rankwitz-Nr5.pdf\" target=\"_blank\" rel=\"noopener noreferrer\">B-Plan Nr. 5 \"Swin - Golf - Anlage\" im Ortsteil Reestow<\/a>;<\/td>\n<\/tr>\n<tr class=\"row-16\">\n\t<td class=\"column-1\"><a href=\"https:\/\/www.amtusedom.de\/bauplanung\/rankwitz\/b-plan6-quilitz.pdf\" target=\"_blank\" rel=\"noopener noreferrer\">B-Plan Nr. 6, Ferienhausgebiet \"Peeneblick\"<\/a>;<\/td>\n<\/tr>\n<tr class=\"row-17\">\n\t<td class=\"column-1\"><a href=\"https:\/\/www.amtusedom.de\/bauplanung\/rankwitz\/B-Rankwitz-Nr8.pdf\" target=\"_blank\" rel=\"noopener noreferrer\">B-Plan Nr. 8 \u201eWohngebiet im Park Krienke\u201c<\/a>;<\/td>\n<\/tr>\n<tr class=\"row-18\">\n\t<td class=\"column-1\">V- und E - Plan Nr. 1 \"Gastst\u00e4tte am Achterwasser\"<\/td>\n<\/tr>\n<tr class=\"row-19\">\n\t<td class=\"column-1\"><a href=\"https:\/\/www.amtusedom.de\/bauplanung\/rankwitz\/S-Rankwitz-Suckow.pdf\" target=\"_blank\" rel=\"noopener noreferrer\">Klarstellungssatzung Suckow<\/a>;<\/td>\n<\/tr>\n<tr class=\"row-20\">\n\t<td class=\"column-1\"><a href=\"https:\/\/www.amtusedom.de\/bauplanung\/rankwitz\/S-Rankwitz.pdf\" target=\"_blank\" rel=\"noopener noreferrer\">Klarstellungssatzung Rankwitz<\/a>;<\/td>\n<\/tr>\n<tr class=\"row-21\">\n\t<td class=\"column-1\"><a href=\"https:\/\/www.amtusedom.de\/bauplanung\/rankwitz\/S-Rankwitz-Quilitz.pdf\" target=\"_blank\" rel=\"noopener noreferrer\">Klarstellungssatzung Quilitz<\/a>;<\/td>\n<\/tr>\n<tr class=\"row-22\">\n\t<td class=\"column-1\"><a href=\"https:\/\/www.amtusedom.de\/bauplanung\/rankwitz\/S-Rankwitz-Liepe.pdf\" target=\"_blank\" rel=\"noopener noreferrer\">Klarstellungssatzung Liepe<\/a>;<\/td>\n<\/tr>\n<tr class=\"row-23\">\n\t<td class=\"column-1\"><a href=\"https:\/\/www.amtusedom.de\/bauplanung\/rankwitz\/S-Rankwitz-Liepe1Erg.pdf\" target=\"_blank\" rel=\"noopener noreferrer\">Klarstellungssatzung Liepe, 1. Erg\u00e4nzung<\/a>;<\/td>\n<\/tr>\n<tr class=\"row-24\">\n\t<td class=\"column-1\"><a href=\"https:\/\/www.amtusedom.de\/bauplanung\/rankwitz\/S-Rankwitz-Gruessow.pdf\" target=\"_blank\" rel=\"noopener noreferrer\">Klarstellungssatzung Gr\u00fcssow<\/a>;<\/td>\n<\/tr>\n<tr class=\"row-25\">\n\t<td class=\"column-1\"><a href=\"https:\/\/www.amtusedom.de\/bauplanung\/rankwitz\/S-Rankwitz-Reestow.pdf\" target=\"_blank\" rel=\"noopener noreferrer\">Klarstellungssatzung Reestow<\/a>;<\/td>\n<\/tr>\n<tr class=\"row-26\">\n\t<td class=\"column-1\"><a href=\"https:\/\/www.amtusedom.de\/bauplanung\/rankwitz\/S-Rankwitz-Warthe.pdf\" target=\"_blank\" rel=\"noopener noreferrer\">Klarstellungssatzung Warthe<\/a>;<\/td>\n<\/tr>\n<tr class=\"row-27\">\n\t<td class=\"column-1\"><a href=\"https:\/\/www.amtusedom.de\/bauplanung\/rankwitz\/S-Rankwitz-Warthe-Ausb.pdf\" target=\"_blank\" rel=\"noopener noreferrer\">Klarstellungssatzung Warthe-Ausbau<\/a>;<\/td>\n<\/tr>\n<tr class=\"row-28\">\n\t<td class=\"column-1\"><a href=\"https:\/\/www.amtusedom.de\/bauplanung\/rankwitz\/ibs-krienke.pdf\" target=\"_blank\" rel=\"noopener noreferrer\">Klarstellungssatzung Krienke<\/a>;<\/td>\n<\/tr>\n<\/tbody>\n<\/table>\n<!-- #tablepress-102 from cache -->","protected":false},"excerpt":{"rendered":"","protected":false},"author":2,"featured_media":0,"parent":701,"menu_order":4,"comment_status":"closed","ping_status":"closed","template":"","meta":{"footnotes":""},"class_list":["post-717","page","type-page","status-publish","hentry"],"_links":{"self":[{"href":"https:\/\/www.amtusedom.de\/index.php?rest_route=\/wp\/v2\/pages\/717","targetHints":{"allow":["GET"]}}],"collection":[{"href":"https:\/\/www.amtusedom.de\/index.php?rest_route=\/wp\/v2\/pages"}],"about":[{"href":"https:\/\/www.amtusedom.de\/index.php?rest_route=\/wp\/v2\/types\/page"}],"author":[{"embeddable":true,"href":"https:\/\/www.amtusedom.de\/index.php?rest_route=\/wp\/v2\/users\/2"}],"replies":[{"embeddable":true,"href":"https:\/\/www.amtusedom.de\/index.php?rest_route=%2Fwp%2Fv2%2Fcomments&post=717"}],"version-history":[{"count":13,"href":"https:\/\/www.amtusedom.de\/index.php?rest_route=\/wp\/v2\/pages\/717\/revisions"}],"predecessor-version":[{"id":8105,"href":"https:\/\/www.amtusedom.de\/index.php?rest_route=\/wp\/v2\/pages\/717\/revisions\/8105"}],"up":[{"embeddable":true,"href":"https:\/\/www.amtusedom.de\/index.php?rest_route=\/wp\/v2\/pages\/701"}],"wp:attachment":[{"href":"https:\/\/www.amtusedom.de\/index.php?rest_route=%2Fwp%2Fv2%2Fmedia&parent=717"}],"curies":[{"name":"wp","href":"https:\/\/api.w.org\/{rel}","templated":true}]}}